{"id":5346,"date":"2019-02-18T11:30:02","date_gmt":"2019-02-18T10:30:02","guid":{"rendered":"https:\/\/www.cortecarezzabella.com\/?post_type=product&#038;p=5346"},"modified":"2020-10-27T12:16:37","modified_gmt":"2020-10-27T11:16:37","slug":"kit-per-piccole-e-grandi-pasticceri","status":"publish","type":"product","link":"https:\/\/www.cortecarezzabella.com\/nl\/shop\/kit-per-piccole-e-grandi-pasticceri\/","title":{"rendered":"KIT per piccoli e grandi Pasticceri"},"content":{"rendered":"<p>Il cofanetto contiene:<\/p>\n<p>1 kg di farina di grano tenero semi-integrale macinata a pietra<\/p>\n<p>3 confetture extra di frutta extra da 220 gr<\/p>\n<p>Ricettario con 3 golose ricette casalinghe<\/p>\n","protected":false},"excerpt":{"rendered":"<p>Hai voglia di un dolce fatto in casa con materie prime di qualit\u00e0?<\/p>\n<p>Allora il kit: &#8220;Facciamo una torta insieme&#8221;, \u00e8 quello che cercavi. Corte Carezzabella ha pensato alla soluzione perfetta per te che ami avere le mani in pasta e apprezzi i prodotti genuini.<\/p>\n<p>Nel nostro cofanetto troverai la farina semi-integrale macinata a pietra, ottenuta con il grano di nostra produzione. Essendo integrale &nbsp;ti permetter\u00e0 di non trovare difficolt\u00e0 nell&#8217;impasto senza per\u00f2 rinunciare al sapore e alle propriet\u00e0 nutritive che sono preservate dalla macinazione a pietra, una vera rarit\u00e0 ai tempi d&#8217;oggi.<\/p>\n<p>Non mancano le nostre confetture extra di frutta, con cui potrai farcire il tuo dolce. Si chiamano cos\u00ec perch\u00e9 contengono un&#8217;alta percentuale di frutta fresca e poco zucchero aggiunto.<\/p>\n<p>Ora non ti resta che farti ispirare dal nostro ricettario e divertirti.<\/p>\n<p>Buon appetito!<\/p>\n","protected":false},"featured_media":6214,"comment_status":"closed","ping_status":"closed","template":"","meta":{"_acf_changed":false,"ngg_post_thumbnail":0},"product_brand":[],"product_cat":[64],"product_tag":[57,63,58,59,61,56,62,60],"class_list":{"0":"post-5346","1":"product","2":"type-product","3":"status-publish","4":"has-post-thumbnail","6":"product_cat-regalistica-2","7":"product_tag-cofanetto-pasticceri","8":"product_tag-cofanetto-regalo","9":"product_tag-confettura-extra","10":"product_tag-farina-semi-integrale","11":"product_tag-idea-regalo","12":"product_tag-kit-pasticceri","13":"product_tag-kit-regalo","14":"product_tag-kit-torta","16":"first","17":"outofstock","18":"taxable","19":"shipping-taxable","20":"purchasable","21":"product-type-simple"},"acf":[],"yoast_head":"<!-- This site is optimized with the Yoast SEO plugin v27.3 - https:\/\/yoast.com\/product\/yoast-seo-wordpress\/ -->\n<title>KIT per piccoli e grandi Pasticceri &#187; Corte Carezzabella<\/title>\n<meta name=\"robots\" content=\"index, follow, max-snippet:-1, max-image-preview:large, max-video-preview:-1\" \/>\n<link rel=\"canonical\" href=\"https:\/\/www.cortecarezzabella.com\/nl\/shop\/kit-per-piccole-e-grandi-pasticceri\/\" \/>\n<meta property=\"og:locale\" content=\"nl_NL\" \/>\n<meta property=\"og:type\" content=\"article\" \/>\n<meta property=\"og:title\" content=\"KIT per piccoli e grandi Pasticceri &#187; Corte Carezzabella\" \/>\n<meta property=\"og:description\" content=\"Hai voglia di un dolce fatto in casa con materie prime di qualit\u00e0?  Allora il kit: &quot;Facciamo una torta insieme&quot;, \u00e8 quello che cercavi. Corte Carezzabella ha pensato alla soluzione perfetta per te che ami avere le mani in pasta e apprezzi i prodotti genuini.  Nel nostro cofanetto troverai la farina semi-integrale macinata a pietra, ottenuta con il grano di nostra produzione. Essendo integrale &nbsp;ti permetter\u00e0 di non trovare difficolt\u00e0 nell&#039;impasto senza per\u00f2 rinunciare al sapore e alle propriet\u00e0 nutritive che sono preservate dalla macinazione a pietra, una vera rarit\u00e0 ai tempi d&#039;oggi.  Non mancano le nostre confetture extra di frutta, con cui potrai farcire il tuo dolce. Si chiamano cos\u00ec perch\u00e9 contengono un&#039;alta percentuale di frutta fresca e poco zucchero aggiunto.  Ora non ti resta che farti ispirare dal nostro ricettario e divertirti.  Buon appetito!\" \/>\n<meta property=\"og:url\" content=\"https:\/\/www.cortecarezzabella.com\/nl\/shop\/kit-per-piccole-e-grandi-pasticceri\/\" \/>\n<meta property=\"og:site_name\" content=\"Corte Carezzabella\" \/>\n<meta property=\"article:modified_time\" content=\"2020-10-27T11:16:37+00:00\" \/>\n<meta property=\"og:image\" content=\"https:\/\/www.cortecarezzabella.com\/wp-content\/uploads\/2019\/02\/Web-19.jpg\" \/>\n\t<meta property=\"og:image:width\" content=\"855\" \/>\n\t<meta property=\"og:image:height\" content=\"1280\" \/>\n\t<meta property=\"og:image:type\" content=\"image\/jpeg\" \/>\n<meta name=\"twitter:card\" content=\"summary_large_image\" \/>\n<script type=\"application\/ld+json\" class=\"yoast-schema-graph\">{\"@context\":\"https:\\\/\\\/schema.org\",\"@graph\":[{\"@type\":\"WebPage\",\"@id\":\"https:\\\/\\\/www.cortecarezzabella.com\\\/nl\\\/shop\\\/kit-per-piccole-e-grandi-pasticceri\\\/\",\"url\":\"https:\\\/\\\/www.cortecarezzabella.com\\\/nl\\\/shop\\\/kit-per-piccole-e-grandi-pasticceri\\\/\",\"name\":\"KIT per piccoli e grandi Pasticceri &#187; Corte Carezzabella\",\"isPartOf\":{\"@id\":\"https:\\\/\\\/www.cortecarezzabella.com\\\/nl\\\/#website\"},\"primaryImageOfPage\":{\"@id\":\"https:\\\/\\\/www.cortecarezzabella.com\\\/nl\\\/shop\\\/kit-per-piccole-e-grandi-pasticceri\\\/#primaryimage\"},\"image\":{\"@id\":\"https:\\\/\\\/www.cortecarezzabella.com\\\/nl\\\/shop\\\/kit-per-piccole-e-grandi-pasticceri\\\/#primaryimage\"},\"thumbnailUrl\":\"https:\\\/\\\/www.cortecarezzabella.com\\\/wp-content\\\/uploads\\\/2019\\\/02\\\/Web-19.jpg\",\"datePublished\":\"2019-02-18T10:30:02+00:00\",\"dateModified\":\"2020-10-27T11:16:37+00:00\",\"breadcrumb\":{\"@id\":\"https:\\\/\\\/www.cortecarezzabella.com\\\/nl\\\/shop\\\/kit-per-piccole-e-grandi-pasticceri\\\/#breadcrumb\"},\"inLanguage\":\"nl-NL\",\"potentialAction\":[{\"@type\":\"ReadAction\",\"target\":[\"https:\\\/\\\/www.cortecarezzabella.com\\\/nl\\\/shop\\\/kit-per-piccole-e-grandi-pasticceri\\\/\"]}]},{\"@type\":\"ImageObject\",\"inLanguage\":\"nl-NL\",\"@id\":\"https:\\\/\\\/www.cortecarezzabella.com\\\/nl\\\/shop\\\/kit-per-piccole-e-grandi-pasticceri\\\/#primaryimage\",\"url\":\"https:\\\/\\\/www.cortecarezzabella.com\\\/wp-content\\\/uploads\\\/2019\\\/02\\\/Web-19.jpg\",\"contentUrl\":\"https:\\\/\\\/www.cortecarezzabella.com\\\/wp-content\\\/uploads\\\/2019\\\/02\\\/Web-19.jpg\",\"width\":855,\"height\":1280},{\"@type\":\"BreadcrumbList\",\"@id\":\"https:\\\/\\\/www.cortecarezzabella.com\\\/nl\\\/shop\\\/kit-per-piccole-e-grandi-pasticceri\\\/#breadcrumb\",\"itemListElement\":[{\"@type\":\"ListItem\",\"position\":1,\"name\":\"Home\",\"item\":\"https:\\\/\\\/www.cortecarezzabella.com\\\/nl\\\/\"},{\"@type\":\"ListItem\",\"position\":2,\"name\":\"Shop online\",\"item\":\"https:\\\/\\\/www.cortecarezzabella.com\\\/nl\\\/shop-online\\\/\"},{\"@type\":\"ListItem\",\"position\":3,\"name\":\"Regalistica\",\"item\":\"https:\\\/\\\/www.cortecarezzabella.com\\\/nl\\\/categoria\\\/regalistica-2\\\/\"},{\"@type\":\"ListItem\",\"position\":4,\"name\":\"KIT per piccoli e grandi Pasticceri\"}]},{\"@type\":\"WebSite\",\"@id\":\"https:\\\/\\\/www.cortecarezzabella.com\\\/nl\\\/#website\",\"url\":\"https:\\\/\\\/www.cortecarezzabella.com\\\/nl\\\/\",\"name\":\"Corte Carezzabella\",\"description\":\"Agriturismo Corte Carezzabella\",\"publisher\":{\"@id\":\"https:\\\/\\\/www.cortecarezzabella.com\\\/nl\\\/#organization\"},\"potentialAction\":[{\"@type\":\"SearchAction\",\"target\":{\"@type\":\"EntryPoint\",\"urlTemplate\":\"https:\\\/\\\/www.cortecarezzabella.com\\\/nl\\\/?s={search_term_string}\"},\"query-input\":{\"@type\":\"PropertyValueSpecification\",\"valueRequired\":true,\"valueName\":\"search_term_string\"}}],\"inLanguage\":\"nl-NL\"},{\"@type\":\"Organization\",\"@id\":\"https:\\\/\\\/www.cortecarezzabella.com\\\/nl\\\/#organization\",\"name\":\"IL FRUTTETO DI SAN MARTINO S.S.\",\"url\":\"https:\\\/\\\/www.cortecarezzabella.com\\\/nl\\\/\",\"logo\":{\"@type\":\"ImageObject\",\"inLanguage\":\"nl-NL\",\"@id\":\"https:\\\/\\\/www.cortecarezzabella.com\\\/nl\\\/#\\\/schema\\\/logo\\\/image\\\/\",\"url\":\"https:\\\/\\\/www.cortecarezzabella.com\\\/wp-content\\\/uploads\\\/2020\\\/03\\\/LOGO_laBottega-posta-elttr-piccola.jpg\",\"contentUrl\":\"https:\\\/\\\/www.cortecarezzabella.com\\\/wp-content\\\/uploads\\\/2020\\\/03\\\/LOGO_laBottega-posta-elttr-piccola.jpg\",\"width\":160,\"height\":115,\"caption\":\"IL FRUTTETO DI SAN MARTINO S.S.\"},\"image\":{\"@id\":\"https:\\\/\\\/www.cortecarezzabella.com\\\/nl\\\/#\\\/schema\\\/logo\\\/image\\\/\"}}]}<\/script>\n<!-- \/ Yoast SEO plugin. -->","yoast_head_json":{"title":"KIT per piccoli e grandi Pasticceri &#187; Corte Carezzabella","robots":{"index":"index","follow":"follow","max-snippet":"max-snippet:-1","max-image-preview":"max-image-preview:large","max-video-preview":"max-video-preview:-1"},"canonical":"https:\/\/www.cortecarezzabella.com\/nl\/shop\/kit-per-piccole-e-grandi-pasticceri\/","og_locale":"nl_NL","og_type":"article","og_title":"KIT per piccoli e grandi Pasticceri &#187; Corte Carezzabella","og_description":"Hai voglia di un dolce fatto in casa con materie prime di qualit\u00e0?  Allora il kit: \"Facciamo una torta insieme\", \u00e8 quello che cercavi. Corte Carezzabella ha pensato alla soluzione perfetta per te che ami avere le mani in pasta e apprezzi i prodotti genuini.  Nel nostro cofanetto troverai la farina semi-integrale macinata a pietra, ottenuta con il grano di nostra produzione. Essendo integrale &nbsp;ti permetter\u00e0 di non trovare difficolt\u00e0 nell'impasto senza per\u00f2 rinunciare al sapore e alle propriet\u00e0 nutritive che sono preservate dalla macinazione a pietra, una vera rarit\u00e0 ai tempi d'oggi.  Non mancano le nostre confetture extra di frutta, con cui potrai farcire il tuo dolce. Si chiamano cos\u00ec perch\u00e9 contengono un'alta percentuale di frutta fresca e poco zucchero aggiunto.  Ora non ti resta che farti ispirare dal nostro ricettario e divertirti.  Buon appetito!","og_url":"https:\/\/www.cortecarezzabella.com\/nl\/shop\/kit-per-piccole-e-grandi-pasticceri\/","og_site_name":"Corte Carezzabella","article_modified_time":"2020-10-27T11:16:37+00:00","og_image":[{"width":855,"height":1280,"url":"https:\/\/www.cortecarezzabella.com\/wp-content\/uploads\/2019\/02\/Web-19.jpg","type":"image\/jpeg"}],"twitter_card":"summary_large_image","schema":{"@context":"https:\/\/schema.org","@graph":[{"@type":"WebPage","@id":"https:\/\/www.cortecarezzabella.com\/nl\/shop\/kit-per-piccole-e-grandi-pasticceri\/","url":"https:\/\/www.cortecarezzabella.com\/nl\/shop\/kit-per-piccole-e-grandi-pasticceri\/","name":"KIT per piccoli e grandi Pasticceri &#187; Corte Carezzabella","isPartOf":{"@id":"https:\/\/www.cortecarezzabella.com\/nl\/#website"},"primaryImageOfPage":{"@id":"https:\/\/www.cortecarezzabella.com\/nl\/shop\/kit-per-piccole-e-grandi-pasticceri\/#primaryimage"},"image":{"@id":"https:\/\/www.cortecarezzabella.com\/nl\/shop\/kit-per-piccole-e-grandi-pasticceri\/#primaryimage"},"thumbnailUrl":"https:\/\/www.cortecarezzabella.com\/wp-content\/uploads\/2019\/02\/Web-19.jpg","datePublished":"2019-02-18T10:30:02+00:00","dateModified":"2020-10-27T11:16:37+00:00","breadcrumb":{"@id":"https:\/\/www.cortecarezzabella.com\/nl\/shop\/kit-per-piccole-e-grandi-pasticceri\/#breadcrumb"},"inLanguage":"nl-NL","potentialAction":[{"@type":"ReadAction","target":["https:\/\/www.cortecarezzabella.com\/nl\/shop\/kit-per-piccole-e-grandi-pasticceri\/"]}]},{"@type":"ImageObject","inLanguage":"nl-NL","@id":"https:\/\/www.cortecarezzabella.com\/nl\/shop\/kit-per-piccole-e-grandi-pasticceri\/#primaryimage","url":"https:\/\/www.cortecarezzabella.com\/wp-content\/uploads\/2019\/02\/Web-19.jpg","contentUrl":"https:\/\/www.cortecarezzabella.com\/wp-content\/uploads\/2019\/02\/Web-19.jpg","width":855,"height":1280},{"@type":"BreadcrumbList","@id":"https:\/\/www.cortecarezzabella.com\/nl\/shop\/kit-per-piccole-e-grandi-pasticceri\/#breadcrumb","itemListElement":[{"@type":"ListItem","position":1,"name":"Home","item":"https:\/\/www.cortecarezzabella.com\/nl\/"},{"@type":"ListItem","position":2,"name":"Shop online","item":"https:\/\/www.cortecarezzabella.com\/nl\/shop-online\/"},{"@type":"ListItem","position":3,"name":"Regalistica","item":"https:\/\/www.cortecarezzabella.com\/nl\/categoria\/regalistica-2\/"},{"@type":"ListItem","position":4,"name":"KIT per piccoli e grandi Pasticceri"}]},{"@type":"WebSite","@id":"https:\/\/www.cortecarezzabella.com\/nl\/#website","url":"https:\/\/www.cortecarezzabella.com\/nl\/","name":"Corte Carezzabella","description":"Agriturismo Corte Carezzabella","publisher":{"@id":"https:\/\/www.cortecarezzabella.com\/nl\/#organization"},"potentialAction":[{"@type":"SearchAction","target":{"@type":"EntryPoint","urlTemplate":"https:\/\/www.cortecarezzabella.com\/nl\/?s={search_term_string}"},"query-input":{"@type":"PropertyValueSpecification","valueRequired":true,"valueName":"search_term_string"}}],"inLanguage":"nl-NL"},{"@type":"Organization","@id":"https:\/\/www.cortecarezzabella.com\/nl\/#organization","name":"IL FRUTTETO DI SAN MARTINO S.S.","url":"https:\/\/www.cortecarezzabella.com\/nl\/","logo":{"@type":"ImageObject","inLanguage":"nl-NL","@id":"https:\/\/www.cortecarezzabella.com\/nl\/#\/schema\/logo\/image\/","url":"https:\/\/www.cortecarezzabella.com\/wp-content\/uploads\/2020\/03\/LOGO_laBottega-posta-elttr-piccola.jpg","contentUrl":"https:\/\/www.cortecarezzabella.com\/wp-content\/uploads\/2020\/03\/LOGO_laBottega-posta-elttr-piccola.jpg","width":160,"height":115,"caption":"IL FRUTTETO DI SAN MARTINO S.S."},"image":{"@id":"https:\/\/www.cortecarezzabella.com\/nl\/#\/schema\/logo\/image\/"}}]}},"_links":{"self":[{"href":"https:\/\/www.cortecarezzabella.com\/nl\/wp-json\/wp\/v2\/product\/5346","targetHints":{"allow":["GET"]}}],"collection":[{"href":"https:\/\/www.cortecarezzabella.com\/nl\/wp-json\/wp\/v2\/product"}],"about":[{"href":"https:\/\/www.cortecarezzabella.com\/nl\/wp-json\/wp\/v2\/types\/product"}],"replies":[{"embeddable":true,"href":"https:\/\/www.cortecarezzabella.com\/nl\/wp-json\/wp\/v2\/comments?post=5346"}],"wp:featuredmedia":[{"embeddable":true,"href":"https:\/\/www.cortecarezzabella.com\/nl\/wp-json\/wp\/v2\/media\/6214"}],"wp:attachment":[{"href":"https:\/\/www.cortecarezzabella.com\/nl\/wp-json\/wp\/v2\/media?parent=5346"}],"wp:term":[{"taxonomy":"product_brand","embeddable":true,"href":"https:\/\/www.cortecarezzabella.com\/nl\/wp-json\/wp\/v2\/product_brand?post=5346"},{"taxonomy":"product_cat","embeddable":true,"href":"https:\/\/www.cortecarezzabella.com\/nl\/wp-json\/wp\/v2\/product_cat?post=5346"},{"taxonomy":"product_tag","embeddable":true,"href":"https:\/\/www.cortecarezzabella.com\/nl\/wp-json\/wp\/v2\/product_tag?post=5346"}],"curies":[{"name":"wp","href":"https:\/\/api.w.org\/{rel}","templated":true}]}}