{"id":120,"date":"2017-05-04T11:32:41","date_gmt":"2017-05-04T09:32:41","guid":{"rendered":"https:\/\/www.cortecarezzabella.com\/?page_id=120"},"modified":"2021-03-15T12:30:00","modified_gmt":"2021-03-15T11:30:00","slug":"boerderijvakanties","status":"publish","type":"page","link":"https:\/\/www.cortecarezzabella.com\/nl\/boerderijvakanties\/","title":{"rendered":"Boerderijvakanties"},"content":{"rendered":"<h1>Welkom te Corte Carezzabella<\/h1>\n<p>Aan de voet van de berg, Agriturismo Corte Carezzabella zit in Veneto, tussen Veneti\u00eb, Padua, Verona, Ferrara en Rovigo. De kamers en de appartements blijven op \u00e9\u00e9n facet van de oude boerderij, die opgericht werd in de vroege jaren van de 19e eeuw.<\/p>\n<p>Vandaag, groenten en fruit zijn nog steeds geproduceerd. In de voormalige schuur zijn er&nbsp; nu de kamers en appartementen, de bibliotheek is in de oude kamer van de timmerman, terwijl de workshop van de smid is vandaag de keuken van de Agriturismo. De eetkamer en een gezellige lounge liggen op de begane grond, tussen de park met zwembad en het hof.<\/p>\n<p>Aan de \u201cCorte\u201d&nbsp; bestaat de mogelijkheid om onze wijnen, traditionele gerechten en lokale ingredi\u00ebnten&nbsp; te proberen.<\/p>\n<p>Agriturismo Corte Carezzabella is ideaal voor gasten die van vrede en rust houden, op een ideaal uitgangspunt voor excursies naar de mooiste steden en plekken van Veneto, Polesine, Emilia Romagna en de Po-delta.<\/p>\n<p>Komt U, de waarde van de tijd te ontdekken? Bij ons wilt U de schoonheid van elk seizoen genieten!<\/p>\n<p>&nbsp;<\/p>\n\n\n<figure class=\"wp-block-gallery columns-3 is-cropped wp-block-gallery-1 is-layout-flex wp-block-gallery-is-layout-flex\"><ul class=\"blocks-gallery-grid\"><li class=\"blocks-gallery-item\"><figure><img loading=\"lazy\" decoding=\"async\" width=\"934\" height=\"700\" src=\"https:\/\/www.cortecarezzabella.com\/wp-content\/uploads\/2021\/03\/Dji-0007-2-1-934x700.jpg\" alt=\"\" data-id=\"10357\" data-full-url=\"https:\/\/www.cortecarezzabella.com\/wp-content\/uploads\/2021\/03\/Dji-0007-2-1-scaled.jpg\" data-link=\"https:\/\/www.cortecarezzabella.com\/nl\/boerderijvakanties\/dji-0007-2-1-2\/\" class=\"wp-image-10357\" srcset=\"https:\/\/www.cortecarezzabella.com\/wp-content\/uploads\/2021\/03\/Dji-0007-2-1-934x700.jpg 934w, https:\/\/www.cortecarezzabella.com\/wp-content\/uploads\/2021\/03\/Dji-0007-2-1-641x480.jpg 641w, https:\/\/www.cortecarezzabella.com\/wp-content\/uploads\/2021\/03\/Dji-0007-2-1-768x575.jpg 768w, https:\/\/www.cortecarezzabella.com\/wp-content\/uploads\/2021\/03\/Dji-0007-2-1-1536x1151.jpg 1536w, https:\/\/www.cortecarezzabella.com\/wp-content\/uploads\/2021\/03\/Dji-0007-2-1-2048x1535.jpg 2048w, https:\/\/www.cortecarezzabella.com\/wp-content\/uploads\/2021\/03\/Dji-0007-2-1-300x225.jpg 300w, https:\/\/www.cortecarezzabella.com\/wp-content\/uploads\/2021\/03\/Dji-0007-2-1-450x337.jpg 450w, https:\/\/www.cortecarezzabella.com\/wp-content\/uploads\/2021\/03\/Dji-0007-2-1-500x375.jpg 500w, https:\/\/www.cortecarezzabella.com\/wp-content\/uploads\/2021\/03\/Dji-0007-2-1-80x60.jpg 80w, https:\/\/www.cortecarezzabella.com\/wp-content\/uploads\/2021\/03\/Dji-0007-2-1-120x90.jpg 120w\" sizes=\"auto, (max-width: 934px) 100vw, 934px\" \/><\/figure><\/li><li class=\"blocks-gallery-item\"><figure><img loading=\"lazy\" decoding=\"async\" width=\"1024\" height=\"575\" src=\"https:\/\/www.cortecarezzabella.com\/wp-content\/uploads\/2021\/03\/DJI_0776-1-1024x575.jpg\" alt=\"\" data-id=\"10351\" data-full-url=\"https:\/\/www.cortecarezzabella.com\/wp-content\/uploads\/2021\/03\/DJI_0776-1-scaled.jpg\" data-link=\"https:\/\/www.cortecarezzabella.com\/nl\/boerderijvakanties\/dji_0776-1-2\/\" class=\"wp-image-10351\" srcset=\"https:\/\/www.cortecarezzabella.com\/wp-content\/uploads\/2021\/03\/DJI_0776-1-1024x575.jpg 1024w, https:\/\/www.cortecarezzabella.com\/wp-content\/uploads\/2021\/03\/DJI_0776-1-700x393.jpg 700w, https:\/\/www.cortecarezzabella.com\/wp-content\/uploads\/2021\/03\/DJI_0776-1-768x432.jpg 768w, https:\/\/www.cortecarezzabella.com\/wp-content\/uploads\/2021\/03\/DJI_0776-1-1536x863.jpg 1536w, https:\/\/www.cortecarezzabella.com\/wp-content\/uploads\/2021\/03\/DJI_0776-1-2048x1151.jpg 2048w, https:\/\/www.cortecarezzabella.com\/wp-content\/uploads\/2021\/03\/DJI_0776-1-300x169.jpg 300w, https:\/\/www.cortecarezzabella.com\/wp-content\/uploads\/2021\/03\/DJI_0776-1-450x253.jpg 450w, https:\/\/www.cortecarezzabella.com\/wp-content\/uploads\/2021\/03\/DJI_0776-1-500x281.jpg 500w, https:\/\/www.cortecarezzabella.com\/wp-content\/uploads\/2021\/03\/DJI_0776-1-107x60.jpg 107w, https:\/\/www.cortecarezzabella.com\/wp-content\/uploads\/2021\/03\/DJI_0776-1-160x90.jpg 160w\" sizes=\"auto, (max-width: 1024px) 100vw, 1024px\" \/><\/figure><\/li><li class=\"blocks-gallery-item\"><figure><img loading=\"lazy\" decoding=\"async\" width=\"934\" height=\"700\" src=\"https:\/\/www.cortecarezzabella.com\/wp-content\/uploads\/2021\/03\/Dji-00013-934x700.jpg\" alt=\"\" data-id=\"10346\" data-full-url=\"https:\/\/www.cortecarezzabella.com\/wp-content\/uploads\/2021\/03\/Dji-00013-scaled.jpg\" data-link=\"https:\/\/www.cortecarezzabella.com\/nl\/boerderijvakanties\/dji-00013-3\/\" class=\"wp-image-10346\" srcset=\"https:\/\/www.cortecarezzabella.com\/wp-content\/uploads\/2021\/03\/Dji-00013-934x700.jpg 934w, https:\/\/www.cortecarezzabella.com\/wp-content\/uploads\/2021\/03\/Dji-00013-640x480.jpg 640w, https:\/\/www.cortecarezzabella.com\/wp-content\/uploads\/2021\/03\/Dji-00013-768x576.jpg 768w, https:\/\/www.cortecarezzabella.com\/wp-content\/uploads\/2021\/03\/Dji-00013-1536x1151.jpg 1536w, https:\/\/www.cortecarezzabella.com\/wp-content\/uploads\/2021\/03\/Dji-00013-2048x1535.jpg 2048w, https:\/\/www.cortecarezzabella.com\/wp-content\/uploads\/2021\/03\/Dji-00013-300x225.jpg 300w, https:\/\/www.cortecarezzabella.com\/wp-content\/uploads\/2021\/03\/Dji-00013-450x337.jpg 450w, https:\/\/www.cortecarezzabella.com\/wp-content\/uploads\/2021\/03\/Dji-00013-500x375.jpg 500w, https:\/\/www.cortecarezzabella.com\/wp-content\/uploads\/2021\/03\/Dji-00013-80x60.jpg 80w, https:\/\/www.cortecarezzabella.com\/wp-content\/uploads\/2021\/03\/Dji-00013-120x90.jpg 120w\" sizes=\"auto, (max-width: 934px) 100vw, 934px\" \/><\/figure><\/li><\/ul><\/figure>\n","protected":false},"excerpt":{"rendered":"<p>Welkom te Corte Carezzabella Aan de voet van de berg, Agriturismo Corte Carezzabella zit in Veneto, tussen Veneti\u00eb, Padua, Verona, Ferrara en Rovigo. De kamers en de appartements blijven op \u00e9\u00e9n facet van de oude boerderij, die opgericht werd in de vroege jaren van de 19e eeuw. Vandaag, groenten en fruit zijn nog steeds geproduceerd. [&hellip;]<\/p>\n","protected":false},"author":2,"featured_media":0,"parent":0,"menu_order":0,"comment_status":"closed","ping_status":"closed","template":"","meta":{"_acf_changed":false,"ngg_post_thumbnail":0,"footnotes":""},"class_list":["post-120","page","type-page","status-publish","hentry"],"acf":[],"yoast_head":"<!-- This site is optimized with the Yoast SEO plugin v27.3 - https:\/\/yoast.com\/product\/yoast-seo-wordpress\/ -->\n<title>Boerderijvakanties<\/title>\n<meta name=\"robots\" content=\"index, follow, max-snippet:-1, max-image-preview:large, max-video-preview:-1\" \/>\n<link rel=\"canonical\" href=\"https:\/\/www.cortecarezzabella.com\/nl\/boerderijvakanties\/\" \/>\n<meta property=\"og:locale\" content=\"nl_NL\" \/>\n<meta property=\"og:type\" content=\"article\" \/>\n<meta property=\"og:title\" content=\"Boerderijvakanties\" \/>\n<meta property=\"og:description\" content=\"Welkom te Corte Carezzabella Aan de voet van de berg, Agriturismo Corte Carezzabella zit in Veneto, tussen Veneti\u00eb, Padua, Verona, Ferrara en Rovigo. De kamers en de appartements blijven op \u00e9\u00e9n facet van de oude boerderij, die opgericht werd in de vroege jaren van de 19e eeuw. Vandaag, groenten en fruit zijn nog steeds geproduceerd. [&hellip;]\" \/>\n<meta property=\"og:url\" content=\"https:\/\/www.cortecarezzabella.com\/nl\/boerderijvakanties\/\" \/>\n<meta property=\"og:site_name\" content=\"Corte Carezzabella\" \/>\n<meta property=\"article:modified_time\" content=\"2021-03-15T11:30:00+00:00\" \/>\n<meta property=\"og:image\" content=\"https:\/\/www.cortecarezzabella.com\/wp-content\/uploads\/2021\/03\/Dji-0007-2-1-934x700.jpg\" \/>\n<meta name=\"twitter:card\" content=\"summary_large_image\" \/>\n<meta name=\"twitter:label1\" content=\"Est. reading time\" \/>\n\t<meta name=\"twitter:data1\" content=\"2 minutes\" \/>\n<script type=\"application\/ld+json\" class=\"yoast-schema-graph\">{\"@context\":\"https:\\\/\\\/schema.org\",\"@graph\":[{\"@type\":\"WebPage\",\"@id\":\"https:\\\/\\\/www.cortecarezzabella.com\\\/nl\\\/boerderijvakanties\\\/\",\"url\":\"https:\\\/\\\/www.cortecarezzabella.com\\\/nl\\\/boerderijvakanties\\\/\",\"name\":\"Boerderijvakanties\",\"isPartOf\":{\"@id\":\"https:\\\/\\\/www.cortecarezzabella.com\\\/nl\\\/#website\"},\"primaryImageOfPage\":{\"@id\":\"https:\\\/\\\/www.cortecarezzabella.com\\\/nl\\\/boerderijvakanties\\\/#primaryimage\"},\"image\":{\"@id\":\"https:\\\/\\\/www.cortecarezzabella.com\\\/nl\\\/boerderijvakanties\\\/#primaryimage\"},\"thumbnailUrl\":\"https:\\\/\\\/www.cortecarezzabella.com\\\/wp-content\\\/uploads\\\/2021\\\/03\\\/Dji-0007-2-1-934x700.jpg\",\"datePublished\":\"2017-05-04T09:32:41+00:00\",\"dateModified\":\"2021-03-15T11:30:00+00:00\",\"breadcrumb\":{\"@id\":\"https:\\\/\\\/www.cortecarezzabella.com\\\/nl\\\/boerderijvakanties\\\/#breadcrumb\"},\"inLanguage\":\"nl-NL\",\"potentialAction\":[{\"@type\":\"ReadAction\",\"target\":[\"https:\\\/\\\/www.cortecarezzabella.com\\\/nl\\\/boerderijvakanties\\\/\"]}]},{\"@type\":\"ImageObject\",\"inLanguage\":\"nl-NL\",\"@id\":\"https:\\\/\\\/www.cortecarezzabella.com\\\/nl\\\/boerderijvakanties\\\/#primaryimage\",\"url\":\"https:\\\/\\\/www.cortecarezzabella.com\\\/wp-content\\\/uploads\\\/2021\\\/03\\\/Dji-0007-2-1-934x700.jpg\",\"contentUrl\":\"https:\\\/\\\/www.cortecarezzabella.com\\\/wp-content\\\/uploads\\\/2021\\\/03\\\/Dji-0007-2-1-934x700.jpg\"},{\"@type\":\"BreadcrumbList\",\"@id\":\"https:\\\/\\\/www.cortecarezzabella.com\\\/nl\\\/boerderijvakanties\\\/#breadcrumb\",\"itemListElement\":[{\"@type\":\"ListItem\",\"position\":1,\"name\":\"Home\",\"item\":\"https:\\\/\\\/www.cortecarezzabella.com\\\/nl\\\/\"},{\"@type\":\"ListItem\",\"position\":2,\"name\":\"Boerderijvakanties\"}]},{\"@type\":\"WebSite\",\"@id\":\"https:\\\/\\\/www.cortecarezzabella.com\\\/nl\\\/#website\",\"url\":\"https:\\\/\\\/www.cortecarezzabella.com\\\/nl\\\/\",\"name\":\"Corte Carezzabella\",\"description\":\"Agriturismo Corte Carezzabella\",\"publisher\":{\"@id\":\"https:\\\/\\\/www.cortecarezzabella.com\\\/nl\\\/#organization\"},\"potentialAction\":[{\"@type\":\"SearchAction\",\"target\":{\"@type\":\"EntryPoint\",\"urlTemplate\":\"https:\\\/\\\/www.cortecarezzabella.com\\\/nl\\\/?s={search_term_string}\"},\"query-input\":{\"@type\":\"PropertyValueSpecification\",\"valueRequired\":true,\"valueName\":\"search_term_string\"}}],\"inLanguage\":\"nl-NL\"},{\"@type\":\"Organization\",\"@id\":\"https:\\\/\\\/www.cortecarezzabella.com\\\/nl\\\/#organization\",\"name\":\"IL FRUTTETO DI SAN MARTINO S.S.\",\"url\":\"https:\\\/\\\/www.cortecarezzabella.com\\\/nl\\\/\",\"logo\":{\"@type\":\"ImageObject\",\"inLanguage\":\"nl-NL\",\"@id\":\"https:\\\/\\\/www.cortecarezzabella.com\\\/nl\\\/#\\\/schema\\\/logo\\\/image\\\/\",\"url\":\"https:\\\/\\\/www.cortecarezzabella.com\\\/wp-content\\\/uploads\\\/2020\\\/03\\\/LOGO_laBottega-posta-elttr-piccola.jpg\",\"contentUrl\":\"https:\\\/\\\/www.cortecarezzabella.com\\\/wp-content\\\/uploads\\\/2020\\\/03\\\/LOGO_laBottega-posta-elttr-piccola.jpg\",\"width\":160,\"height\":115,\"caption\":\"IL FRUTTETO DI SAN MARTINO S.S.\"},\"image\":{\"@id\":\"https:\\\/\\\/www.cortecarezzabella.com\\\/nl\\\/#\\\/schema\\\/logo\\\/image\\\/\"}}]}<\/script>\n<!-- \/ Yoast SEO plugin. -->","yoast_head_json":{"title":"Boerderijvakanties","robots":{"index":"index","follow":"follow","max-snippet":"max-snippet:-1","max-image-preview":"max-image-preview:large","max-video-preview":"max-video-preview:-1"},"canonical":"https:\/\/www.cortecarezzabella.com\/nl\/boerderijvakanties\/","og_locale":"nl_NL","og_type":"article","og_title":"Boerderijvakanties","og_description":"Welkom te Corte Carezzabella Aan de voet van de berg, Agriturismo Corte Carezzabella zit in Veneto, tussen Veneti\u00eb, Padua, Verona, Ferrara en Rovigo. De kamers en de appartements blijven op \u00e9\u00e9n facet van de oude boerderij, die opgericht werd in de vroege jaren van de 19e eeuw. Vandaag, groenten en fruit zijn nog steeds geproduceerd. [&hellip;]","og_url":"https:\/\/www.cortecarezzabella.com\/nl\/boerderijvakanties\/","og_site_name":"Corte Carezzabella","article_modified_time":"2021-03-15T11:30:00+00:00","og_image":[{"url":"https:\/\/www.cortecarezzabella.com\/wp-content\/uploads\/2021\/03\/Dji-0007-2-1-934x700.jpg","type":"","width":"","height":""}],"twitter_card":"summary_large_image","twitter_misc":{"Est. reading time":"2 minutes"},"schema":{"@context":"https:\/\/schema.org","@graph":[{"@type":"WebPage","@id":"https:\/\/www.cortecarezzabella.com\/nl\/boerderijvakanties\/","url":"https:\/\/www.cortecarezzabella.com\/nl\/boerderijvakanties\/","name":"Boerderijvakanties","isPartOf":{"@id":"https:\/\/www.cortecarezzabella.com\/nl\/#website"},"primaryImageOfPage":{"@id":"https:\/\/www.cortecarezzabella.com\/nl\/boerderijvakanties\/#primaryimage"},"image":{"@id":"https:\/\/www.cortecarezzabella.com\/nl\/boerderijvakanties\/#primaryimage"},"thumbnailUrl":"https:\/\/www.cortecarezzabella.com\/wp-content\/uploads\/2021\/03\/Dji-0007-2-1-934x700.jpg","datePublished":"2017-05-04T09:32:41+00:00","dateModified":"2021-03-15T11:30:00+00:00","breadcrumb":{"@id":"https:\/\/www.cortecarezzabella.com\/nl\/boerderijvakanties\/#breadcrumb"},"inLanguage":"nl-NL","potentialAction":[{"@type":"ReadAction","target":["https:\/\/www.cortecarezzabella.com\/nl\/boerderijvakanties\/"]}]},{"@type":"ImageObject","inLanguage":"nl-NL","@id":"https:\/\/www.cortecarezzabella.com\/nl\/boerderijvakanties\/#primaryimage","url":"https:\/\/www.cortecarezzabella.com\/wp-content\/uploads\/2021\/03\/Dji-0007-2-1-934x700.jpg","contentUrl":"https:\/\/www.cortecarezzabella.com\/wp-content\/uploads\/2021\/03\/Dji-0007-2-1-934x700.jpg"},{"@type":"BreadcrumbList","@id":"https:\/\/www.cortecarezzabella.com\/nl\/boerderijvakanties\/#breadcrumb","itemListElement":[{"@type":"ListItem","position":1,"name":"Home","item":"https:\/\/www.cortecarezzabella.com\/nl\/"},{"@type":"ListItem","position":2,"name":"Boerderijvakanties"}]},{"@type":"WebSite","@id":"https:\/\/www.cortecarezzabella.com\/nl\/#website","url":"https:\/\/www.cortecarezzabella.com\/nl\/","name":"Corte Carezzabella","description":"Agriturismo Corte Carezzabella","publisher":{"@id":"https:\/\/www.cortecarezzabella.com\/nl\/#organization"},"potentialAction":[{"@type":"SearchAction","target":{"@type":"EntryPoint","urlTemplate":"https:\/\/www.cortecarezzabella.com\/nl\/?s={search_term_string}"},"query-input":{"@type":"PropertyValueSpecification","valueRequired":true,"valueName":"search_term_string"}}],"inLanguage":"nl-NL"},{"@type":"Organization","@id":"https:\/\/www.cortecarezzabella.com\/nl\/#organization","name":"IL FRUTTETO DI SAN MARTINO S.S.","url":"https:\/\/www.cortecarezzabella.com\/nl\/","logo":{"@type":"ImageObject","inLanguage":"nl-NL","@id":"https:\/\/www.cortecarezzabella.com\/nl\/#\/schema\/logo\/image\/","url":"https:\/\/www.cortecarezzabella.com\/wp-content\/uploads\/2020\/03\/LOGO_laBottega-posta-elttr-piccola.jpg","contentUrl":"https:\/\/www.cortecarezzabella.com\/wp-content\/uploads\/2020\/03\/LOGO_laBottega-posta-elttr-piccola.jpg","width":160,"height":115,"caption":"IL FRUTTETO DI SAN MARTINO S.S."},"image":{"@id":"https:\/\/www.cortecarezzabella.com\/nl\/#\/schema\/logo\/image\/"}}]}},"_links":{"self":[{"href":"https:\/\/www.cortecarezzabella.com\/nl\/wp-json\/wp\/v2\/pages\/120","targetHints":{"allow":["GET"]}}],"collection":[{"href":"https:\/\/www.cortecarezzabella.com\/nl\/wp-json\/wp\/v2\/pages"}],"about":[{"href":"https:\/\/www.cortecarezzabella.com\/nl\/wp-json\/wp\/v2\/types\/page"}],"author":[{"embeddable":true,"href":"https:\/\/www.cortecarezzabella.com\/nl\/wp-json\/wp\/v2\/users\/2"}],"replies":[{"embeddable":true,"href":"https:\/\/www.cortecarezzabella.com\/nl\/wp-json\/wp\/v2\/comments?post=120"}],"version-history":[{"count":5,"href":"https:\/\/www.cortecarezzabella.com\/nl\/wp-json\/wp\/v2\/pages\/120\/revisions"}],"predecessor-version":[{"id":10404,"href":"https:\/\/www.cortecarezzabella.com\/nl\/wp-json\/wp\/v2\/pages\/120\/revisions\/10404"}],"wp:attachment":[{"href":"https:\/\/www.cortecarezzabella.com\/nl\/wp-json\/wp\/v2\/media?parent=120"}],"curies":[{"name":"wp","href":"https:\/\/api.w.org\/{rel}","templated":true}]}}