{"id":8067,"date":"2020-06-15T13:33:50","date_gmt":"2020-06-15T11:33:50","guid":{"rendered":"https:\/\/www.cortecarezzabella.com\/?post_type=product&#038;p=8067"},"modified":"2026-02-22T10:10:54","modified_gmt":"2026-02-22T09:10:54","slug":"burro-di-mela","status":"publish","type":"product","link":"https:\/\/www.cortecarezzabella.com\/it\/shop\/burro-di-mela\/","title":{"rendered":"Apple Butter"},"content":{"rendered":"<p>Vaso di Apple Butter &#8211; burro di mela da 370 gr<\/p>\n<p>crema spalmabile<\/p>\n<p>Scarica le <a href=\"https:\/\/www.cortecarezzabella.com\/wp-content\/uploads\/2021\/05\/Ricette-al-Burro-di-mela-Corte-Carezzabella.pdf\">Ricette al Burro di Mela &#8211; Corte Carezzabella<\/a> in PDF &gt;<\/p>\n<p>&nbsp;<\/p>\n","protected":false},"excerpt":{"rendered":"<p>Le mele della nostra campagna, ingredienti sani e genuini, pi\u00f9 quindici ore di cottura lenta.<\/p>\n<p>Cos\u00ec si ottiene l&#8217;Apple Butter a di Corte Carezzabella.<\/p>\n<p>La nostra crema spalmabile<em> non contiene burro:<\/em>&nbsp;il termine burro si riferisce solo alla<strong>&nbsp;consistenza densa e morbida<\/strong>&nbsp;simile al burro.<\/p>\n<p>Come risultato del suo lungo tempo di cottura, il burro di mele ha un colore marrone caramello molto scuro.&nbsp; La sua consistenza&nbsp; \u00e8 <strong>pi\u00f9 densa e pi\u00f9 spalmabile di una salsa di mele o confettura.<\/strong><\/p>\n<p>Una golosa crema&nbsp; che potete spalmare direttamente su una fetta di pane, stendere sui pancake o waffles ma anche utilizzare nella farcitura di biscotti.<\/p>\n<p>Il nostro Apple Butter <strong>non contiene zuccheri aggiunti<\/strong>, ma solo zuccheri contenuti nella frutta. Inoltre, il sapiente bilanciamento degli ingredienti tra cui 3 differenti spezie, aceto di mele e succo di limone, gli conferiscono<strong> un equilibrato aroma caratteristico che vi conquister\u00e0!&nbsp;<\/strong><\/p>\n<p>La cosa straordinaria \u00e8 che \u00e8 perfetto per essere utilizzato come sostituto del burro o delle uova nella preparazione di prodotti da forno dolci come ciambelle, crostate o banana bread.<\/p>\n<p>Inquadra con la fotocamera del cellulare il <strong>Qr code<\/strong> che trovi all&#8217;acquisto di ogni vaso e accedi al nostro ricettario virtuale!<\/p>\n<p>&nbsp;<\/p>\n<p>Nel frattempo se te li sei persi, puoi assaggiare i nostri biscotti a base di Burro di Mela, i <a href=\"https:\/\/www.cortecarezzabella.com\/it\/shop\/baci-di-carezzabella-200g\/\">Baci di Carezzabella<\/a>.<\/p>\n<p>&nbsp;<\/p>\n","protected":false},"featured_media":14751,"comment_status":"closed","ping_status":"closed","template":"","meta":{"_acf_changed":false,"ngg_post_thumbnail":0},"product_brand":[],"product_cat":[176],"product_tag":[],"class_list":{"0":"post-8067","1":"product","2":"type-product","3":"status-publish","4":"has-post-thumbnail","6":"product_cat-crema-spalmabile","8":"first","9":"instock","10":"taxable","11":"shipping-taxable","12":"purchasable","13":"product-type-simple"},"acf":[],"yoast_head":"<!-- This site is optimized with the Yoast SEO plugin v27.5 - https:\/\/yoast.com\/product\/yoast-seo-wordpress\/ -->\n<title>Apple Butter &#187; Corte Carezzabella<\/title>\n<meta name=\"robots\" content=\"index, follow, max-snippet:-1, max-image-preview:large, max-video-preview:-1\" \/>\n<link rel=\"canonical\" href=\"https:\/\/www.cortecarezzabella.com\/it\/shop\/burro-di-mela\/\" \/>\n<meta property=\"og:locale\" content=\"it_IT\" \/>\n<meta property=\"og:type\" content=\"article\" \/>\n<meta property=\"og:title\" content=\"Apple Butter &#187; Corte Carezzabella\" \/>\n<meta property=\"og:description\" content=\"Le mele della nostra campagna, ingredienti sani e genuini, pi\u00f9 quindici ore di cottura lenta.  Cos\u00ec si ottiene l&#039;Apple Butter a di Corte Carezzabella.  La nostra crema spalmabile non contiene burro:&nbsp;il termine burro si riferisce solo alla&nbsp;consistenza densa e morbida&nbsp;simile al burro.  Come risultato del suo lungo tempo di cottura, il burro di mele ha un colore marrone caramello molto scuro.&nbsp; La sua consistenza&nbsp; \u00e8 pi\u00f9 densa e pi\u00f9 spalmabile di una salsa di mele o confettura.  Una golosa crema&nbsp; che potete spalmare direttamente su una fetta di pane, stendere sui pancake o waffles ma anche utilizzare nella farcitura di biscotti.  Il nostro Apple Butter non contiene zuccheri aggiunti, ma solo zuccheri contenuti nella frutta. Inoltre, il sapiente bilanciamento degli ingredienti tra cui 3 differenti spezie, aceto di mele e succo di limone, gli conferiscono un equilibrato aroma caratteristico che vi conquister\u00e0!&nbsp;  La cosa straordinaria \u00e8 che \u00e8 perfetto per essere utilizzato come sostituto del burro o delle uova nella preparazione di prodotti da forno dolci come ciambelle, crostate o banana bread.  Inquadra con la fotocamera del cellulare il Qr code che trovi all&#039;acquisto di ogni vaso e accedi al nostro ricettario virtuale!  &nbsp;  Nel frattempo se te li sei persi, puoi assaggiare i nostri biscotti a base di Burro di Mela, i Baci di Carezzabella.  &nbsp;\" \/>\n<meta property=\"og:url\" content=\"https:\/\/www.cortecarezzabella.com\/it\/shop\/burro-di-mela\/\" \/>\n<meta property=\"og:site_name\" content=\"Corte Carezzabella\" \/>\n<meta property=\"article:modified_time\" content=\"2026-02-22T09:10:54+00:00\" \/>\n<meta property=\"og:image\" content=\"https:\/\/www.cortecarezzabella.com\/wp-content\/uploads\/2020\/06\/Apple-butter-scaled.jpg\" \/>\n\t<meta property=\"og:image:width\" content=\"2560\" \/>\n\t<meta property=\"og:image:height\" content=\"2560\" \/>\n\t<meta property=\"og:image:type\" content=\"image\/jpeg\" \/>\n<meta name=\"twitter:card\" content=\"summary_large_image\" \/>\n<meta name=\"twitter:label1\" content=\"Tempo di lettura stimato\" \/>\n\t<meta name=\"twitter:data1\" content=\"1 minuto\" \/>\n<script type=\"application\/ld+json\" class=\"yoast-schema-graph\">{\"@context\":\"https:\\\/\\\/schema.org\",\"@graph\":[{\"@type\":\"WebPage\",\"@id\":\"https:\\\/\\\/www.cortecarezzabella.com\\\/it\\\/shop\\\/burro-di-mela\\\/\",\"url\":\"https:\\\/\\\/www.cortecarezzabella.com\\\/it\\\/shop\\\/burro-di-mela\\\/\",\"name\":\"Apple Butter &#187; Corte Carezzabella\",\"isPartOf\":{\"@id\":\"https:\\\/\\\/www.cortecarezzabella.com\\\/it\\\/#website\"},\"primaryImageOfPage\":{\"@id\":\"https:\\\/\\\/www.cortecarezzabella.com\\\/it\\\/shop\\\/burro-di-mela\\\/#primaryimage\"},\"image\":{\"@id\":\"https:\\\/\\\/www.cortecarezzabella.com\\\/it\\\/shop\\\/burro-di-mela\\\/#primaryimage\"},\"thumbnailUrl\":\"https:\\\/\\\/www.cortecarezzabella.com\\\/wp-content\\\/uploads\\\/2020\\\/06\\\/Apple-butter-scaled.jpg\",\"datePublished\":\"2020-06-15T11:33:50+00:00\",\"dateModified\":\"2026-02-22T09:10:54+00:00\",\"breadcrumb\":{\"@id\":\"https:\\\/\\\/www.cortecarezzabella.com\\\/it\\\/shop\\\/burro-di-mela\\\/#breadcrumb\"},\"inLanguage\":\"it-IT\",\"potentialAction\":[{\"@type\":\"ReadAction\",\"target\":[\"https:\\\/\\\/www.cortecarezzabella.com\\\/it\\\/shop\\\/burro-di-mela\\\/\"]}]},{\"@type\":\"ImageObject\",\"inLanguage\":\"it-IT\",\"@id\":\"https:\\\/\\\/www.cortecarezzabella.com\\\/it\\\/shop\\\/burro-di-mela\\\/#primaryimage\",\"url\":\"https:\\\/\\\/www.cortecarezzabella.com\\\/wp-content\\\/uploads\\\/2020\\\/06\\\/Apple-butter-scaled.jpg\",\"contentUrl\":\"https:\\\/\\\/www.cortecarezzabella.com\\\/wp-content\\\/uploads\\\/2020\\\/06\\\/Apple-butter-scaled.jpg\",\"width\":2560,\"height\":2560},{\"@type\":\"BreadcrumbList\",\"@id\":\"https:\\\/\\\/www.cortecarezzabella.com\\\/it\\\/shop\\\/burro-di-mela\\\/#breadcrumb\",\"itemListElement\":[{\"@type\":\"ListItem\",\"position\":1,\"name\":\"Home\",\"item\":\"https:\\\/\\\/www.cortecarezzabella.com\\\/it\\\/\"},{\"@type\":\"ListItem\",\"position\":2,\"name\":\"Shop online\",\"item\":\"https:\\\/\\\/www.cortecarezzabella.com\\\/it\\\/negozio\\\/\"},{\"@type\":\"ListItem\",\"position\":3,\"name\":\"Apple Butter -Crema spalmabile\",\"item\":\"https:\\\/\\\/www.cortecarezzabella.com\\\/it\\\/categoria\\\/crema-spalmabile\\\/\"},{\"@type\":\"ListItem\",\"position\":4,\"name\":\"Apple Butter\"}]},{\"@type\":\"WebSite\",\"@id\":\"https:\\\/\\\/www.cortecarezzabella.com\\\/it\\\/#website\",\"url\":\"https:\\\/\\\/www.cortecarezzabella.com\\\/it\\\/\",\"name\":\"Corte Carezzabella\",\"description\":\"Agriturismo Corte Carezzabella\",\"publisher\":{\"@id\":\"https:\\\/\\\/www.cortecarezzabella.com\\\/it\\\/#organization\"},\"potentialAction\":[{\"@type\":\"SearchAction\",\"target\":{\"@type\":\"EntryPoint\",\"urlTemplate\":\"https:\\\/\\\/www.cortecarezzabella.com\\\/it\\\/?s={search_term_string}\"},\"query-input\":{\"@type\":\"PropertyValueSpecification\",\"valueRequired\":true,\"valueName\":\"search_term_string\"}}],\"inLanguage\":\"it-IT\"},{\"@type\":\"Organization\",\"@id\":\"https:\\\/\\\/www.cortecarezzabella.com\\\/it\\\/#organization\",\"name\":\"IL FRUTTETO DI SAN MARTINO S.S.\",\"url\":\"https:\\\/\\\/www.cortecarezzabella.com\\\/it\\\/\",\"logo\":{\"@type\":\"ImageObject\",\"inLanguage\":\"it-IT\",\"@id\":\"https:\\\/\\\/www.cortecarezzabella.com\\\/it\\\/#\\\/schema\\\/logo\\\/image\\\/\",\"url\":\"https:\\\/\\\/www.cortecarezzabella.com\\\/wp-content\\\/uploads\\\/2020\\\/03\\\/LOGO_laBottega-posta-elttr-piccola.jpg\",\"contentUrl\":\"https:\\\/\\\/www.cortecarezzabella.com\\\/wp-content\\\/uploads\\\/2020\\\/03\\\/LOGO_laBottega-posta-elttr-piccola.jpg\",\"width\":160,\"height\":115,\"caption\":\"IL FRUTTETO DI SAN MARTINO S.S.\"},\"image\":{\"@id\":\"https:\\\/\\\/www.cortecarezzabella.com\\\/it\\\/#\\\/schema\\\/logo\\\/image\\\/\"}}]}<\/script>\n<!-- \/ Yoast SEO plugin. -->","yoast_head_json":{"title":"Apple Butter &#187; Corte Carezzabella","robots":{"index":"index","follow":"follow","max-snippet":"max-snippet:-1","max-image-preview":"max-image-preview:large","max-video-preview":"max-video-preview:-1"},"canonical":"https:\/\/www.cortecarezzabella.com\/it\/shop\/burro-di-mela\/","og_locale":"it_IT","og_type":"article","og_title":"Apple Butter &#187; Corte Carezzabella","og_description":"Le mele della nostra campagna, ingredienti sani e genuini, pi\u00f9 quindici ore di cottura lenta.  Cos\u00ec si ottiene l'Apple Butter a di Corte Carezzabella.  La nostra crema spalmabile non contiene burro:&nbsp;il termine burro si riferisce solo alla&nbsp;consistenza densa e morbida&nbsp;simile al burro.  Come risultato del suo lungo tempo di cottura, il burro di mele ha un colore marrone caramello molto scuro.&nbsp; La sua consistenza&nbsp; \u00e8 pi\u00f9 densa e pi\u00f9 spalmabile di una salsa di mele o confettura.  Una golosa crema&nbsp; che potete spalmare direttamente su una fetta di pane, stendere sui pancake o waffles ma anche utilizzare nella farcitura di biscotti.  Il nostro Apple Butter non contiene zuccheri aggiunti, ma solo zuccheri contenuti nella frutta. Inoltre, il sapiente bilanciamento degli ingredienti tra cui 3 differenti spezie, aceto di mele e succo di limone, gli conferiscono un equilibrato aroma caratteristico che vi conquister\u00e0!&nbsp;  La cosa straordinaria \u00e8 che \u00e8 perfetto per essere utilizzato come sostituto del burro o delle uova nella preparazione di prodotti da forno dolci come ciambelle, crostate o banana bread.  Inquadra con la fotocamera del cellulare il Qr code che trovi all'acquisto di ogni vaso e accedi al nostro ricettario virtuale!  &nbsp;  Nel frattempo se te li sei persi, puoi assaggiare i nostri biscotti a base di Burro di Mela, i Baci di Carezzabella.  &nbsp;","og_url":"https:\/\/www.cortecarezzabella.com\/it\/shop\/burro-di-mela\/","og_site_name":"Corte Carezzabella","article_modified_time":"2026-02-22T09:10:54+00:00","og_image":[{"width":2560,"height":2560,"url":"https:\/\/www.cortecarezzabella.com\/wp-content\/uploads\/2020\/06\/Apple-butter-scaled.jpg","type":"image\/jpeg"}],"twitter_card":"summary_large_image","twitter_misc":{"Tempo di lettura stimato":"1 minuto"},"schema":{"@context":"https:\/\/schema.org","@graph":[{"@type":"WebPage","@id":"https:\/\/www.cortecarezzabella.com\/it\/shop\/burro-di-mela\/","url":"https:\/\/www.cortecarezzabella.com\/it\/shop\/burro-di-mela\/","name":"Apple Butter &#187; Corte Carezzabella","isPartOf":{"@id":"https:\/\/www.cortecarezzabella.com\/it\/#website"},"primaryImageOfPage":{"@id":"https:\/\/www.cortecarezzabella.com\/it\/shop\/burro-di-mela\/#primaryimage"},"image":{"@id":"https:\/\/www.cortecarezzabella.com\/it\/shop\/burro-di-mela\/#primaryimage"},"thumbnailUrl":"https:\/\/www.cortecarezzabella.com\/wp-content\/uploads\/2020\/06\/Apple-butter-scaled.jpg","datePublished":"2020-06-15T11:33:50+00:00","dateModified":"2026-02-22T09:10:54+00:00","breadcrumb":{"@id":"https:\/\/www.cortecarezzabella.com\/it\/shop\/burro-di-mela\/#breadcrumb"},"inLanguage":"it-IT","potentialAction":[{"@type":"ReadAction","target":["https:\/\/www.cortecarezzabella.com\/it\/shop\/burro-di-mela\/"]}]},{"@type":"ImageObject","inLanguage":"it-IT","@id":"https:\/\/www.cortecarezzabella.com\/it\/shop\/burro-di-mela\/#primaryimage","url":"https:\/\/www.cortecarezzabella.com\/wp-content\/uploads\/2020\/06\/Apple-butter-scaled.jpg","contentUrl":"https:\/\/www.cortecarezzabella.com\/wp-content\/uploads\/2020\/06\/Apple-butter-scaled.jpg","width":2560,"height":2560},{"@type":"BreadcrumbList","@id":"https:\/\/www.cortecarezzabella.com\/it\/shop\/burro-di-mela\/#breadcrumb","itemListElement":[{"@type":"ListItem","position":1,"name":"Home","item":"https:\/\/www.cortecarezzabella.com\/it\/"},{"@type":"ListItem","position":2,"name":"Shop online","item":"https:\/\/www.cortecarezzabella.com\/it\/negozio\/"},{"@type":"ListItem","position":3,"name":"Apple Butter -Crema spalmabile","item":"https:\/\/www.cortecarezzabella.com\/it\/categoria\/crema-spalmabile\/"},{"@type":"ListItem","position":4,"name":"Apple Butter"}]},{"@type":"WebSite","@id":"https:\/\/www.cortecarezzabella.com\/it\/#website","url":"https:\/\/www.cortecarezzabella.com\/it\/","name":"Corte Carezzabella","description":"Agriturismo Corte Carezzabella","publisher":{"@id":"https:\/\/www.cortecarezzabella.com\/it\/#organization"},"potentialAction":[{"@type":"SearchAction","target":{"@type":"EntryPoint","urlTemplate":"https:\/\/www.cortecarezzabella.com\/it\/?s={search_term_string}"},"query-input":{"@type":"PropertyValueSpecification","valueRequired":true,"valueName":"search_term_string"}}],"inLanguage":"it-IT"},{"@type":"Organization","@id":"https:\/\/www.cortecarezzabella.com\/it\/#organization","name":"IL FRUTTETO DI SAN MARTINO S.S.","url":"https:\/\/www.cortecarezzabella.com\/it\/","logo":{"@type":"ImageObject","inLanguage":"it-IT","@id":"https:\/\/www.cortecarezzabella.com\/it\/#\/schema\/logo\/image\/","url":"https:\/\/www.cortecarezzabella.com\/wp-content\/uploads\/2020\/03\/LOGO_laBottega-posta-elttr-piccola.jpg","contentUrl":"https:\/\/www.cortecarezzabella.com\/wp-content\/uploads\/2020\/03\/LOGO_laBottega-posta-elttr-piccola.jpg","width":160,"height":115,"caption":"IL FRUTTETO DI SAN MARTINO S.S."},"image":{"@id":"https:\/\/www.cortecarezzabella.com\/it\/#\/schema\/logo\/image\/"}}]}},"_links":{"self":[{"href":"https:\/\/www.cortecarezzabella.com\/it\/wp-json\/wp\/v2\/product\/8067","targetHints":{"allow":["GET"]}}],"collection":[{"href":"https:\/\/www.cortecarezzabella.com\/it\/wp-json\/wp\/v2\/product"}],"about":[{"href":"https:\/\/www.cortecarezzabella.com\/it\/wp-json\/wp\/v2\/types\/product"}],"replies":[{"embeddable":true,"href":"https:\/\/www.cortecarezzabella.com\/it\/wp-json\/wp\/v2\/comments?post=8067"}],"wp:featuredmedia":[{"embeddable":true,"href":"https:\/\/www.cortecarezzabella.com\/it\/wp-json\/wp\/v2\/media\/14751"}],"wp:attachment":[{"href":"https:\/\/www.cortecarezzabella.com\/it\/wp-json\/wp\/v2\/media?parent=8067"}],"wp:term":[{"taxonomy":"product_brand","embeddable":true,"href":"https:\/\/www.cortecarezzabella.com\/it\/wp-json\/wp\/v2\/product_brand?post=8067"},{"taxonomy":"product_cat","embeddable":true,"href":"https:\/\/www.cortecarezzabella.com\/it\/wp-json\/wp\/v2\/product_cat?post=8067"},{"taxonomy":"product_tag","embeddable":true,"href":"https:\/\/www.cortecarezzabella.com\/it\/wp-json\/wp\/v2\/product_tag?post=8067"}],"curies":[{"name":"wp","href":"https:\/\/api.w.org\/{rel}","templated":true}]}}