{"id":5501,"date":"2019-02-25T09:15:45","date_gmt":"2019-02-25T08:15:45","guid":{"rendered":"https:\/\/www.cortecarezzabella.com\/?post_type=product&#038;p=5501"},"modified":"2024-11-21T08:49:09","modified_gmt":"2024-11-21T07:49:09","slug":"farina-bio-di-grano-tenero-tipo-1","status":"publish","type":"product","link":"https:\/\/www.cortecarezzabella.com\/it\/shop\/farina-bio-di-grano-tenero-tipo-1\/","title":{"rendered":"Farina di grano tenero tipo 1 Macinata a pietra &#8211; BIOLOGICA"},"content":{"rendered":"<p>Confezione di Farina di grano tenero tipo 1 da 1 kg<\/p>\n<p>Tenere in luogo fresco e asciutto, lontana da fonti di luce e calore.<\/p>\n<p>scadenza : Agosto 2024<\/p>\n","protected":false},"excerpt":{"rendered":"<p>Il nostro \u00e8 un prodotto &nbsp;<em>trasformato&nbsp;<\/em>cio\u00e8 il grano di nostra produzione viene macinato in farina. Tutte le trasformazioni esterne sono fatte da &nbsp;aziende agricole o artigiane dalle dimensioni piccole e da processi artigianali, per restituirci un prodotto di qualit\u00e0.<\/p>\n<p>La macina a pietra permette di ottenere una farina <strong>pi\u00f9 ricca, saporita e digeribile<\/strong>. Essendo una macinazione lenta il chicco non viene surriscaldato e mantiene le <strong>propriet\u00e0 organolettiche&nbsp;<\/strong>ed il <strong>gusto<\/strong>&nbsp;e l&#8217;impasto resta comunque facilmente lavorabile.<\/p>\n<ul>\n<li>vista la grande richiesta di prodotti di prima necessit\u00e0 in questo periodo abbiamo provveduto ad aggiungere alle disponibilit\u00e0 altra farina in formato da 1 kg ma sottovuoto con scadenza :&nbsp;<\/li>\n<li>gennaio 2024<\/li>\n<\/ul>\n<p>&nbsp;<\/p>\n<p>&nbsp;<\/p>\n","protected":false},"featured_media":13686,"comment_status":"closed","ping_status":"closed","template":"","meta":{"_acf_changed":false,"ngg_post_thumbnail":0},"product_brand":[],"product_cat":[25],"product_tag":[94,93,59,61],"class_list":{"0":"post-5501","1":"product","2":"type-product","3":"status-publish","4":"has-post-thumbnail","6":"product_cat-farine-macinate-a-pietra","7":"product_tag-farina-biologica","8":"product_tag-farina-di-grano-tenero-tipo-1","9":"product_tag-farina-semi-integrale","10":"product_tag-idea-regalo","12":"first","13":"outofstock","14":"taxable","15":"shipping-taxable","16":"purchasable","17":"product-type-simple"},"acf":[],"yoast_head":"<!-- This site is optimized with the Yoast SEO plugin v27.4 - https:\/\/yoast.com\/product\/yoast-seo-wordpress\/ -->\n<title>Farina di grano tenero tipo 1 Macinata a pietra - BIOLOGICA &#187; Corte Carezzabella<\/title>\n<meta name=\"robots\" content=\"index, follow, max-snippet:-1, max-image-preview:large, max-video-preview:-1\" \/>\n<link rel=\"canonical\" href=\"https:\/\/www.cortecarezzabella.com\/it\/shop\/farina-bio-di-grano-tenero-tipo-1\/\" \/>\n<meta property=\"og:locale\" content=\"it_IT\" \/>\n<meta property=\"og:type\" content=\"article\" \/>\n<meta property=\"og:title\" content=\"Farina di grano tenero tipo 1 Macinata a pietra - BIOLOGICA &#187; Corte Carezzabella\" \/>\n<meta property=\"og:description\" content=\"Il nostro \u00e8 un prodotto &nbsp;trasformato&nbsp;cio\u00e8 il grano di nostra produzione viene macinato in farina. Tutte le trasformazioni esterne sono fatte da &nbsp;aziende agricole o artigiane dalle dimensioni piccole e da processi artigianali, per restituirci un prodotto di qualit\u00e0.  La macina a pietra permette di ottenere una farina pi\u00f9 ricca, saporita e digeribile. Essendo una macinazione lenta il chicco non viene surriscaldato e mantiene le propriet\u00e0 organolettiche&nbsp;ed il gusto&nbsp;e l&#039;impasto resta comunque facilmente lavorabile.   vista la grande richiesta di prodotti di prima necessit\u00e0 in questo periodo abbiamo provveduto ad aggiungere alle disponibilit\u00e0 altra farina in formato da 1 kg ma sottovuoto con scadenza :&nbsp;  gennaio 2024  &nbsp;  &nbsp;\" \/>\n<meta property=\"og:url\" content=\"https:\/\/www.cortecarezzabella.com\/it\/shop\/farina-bio-di-grano-tenero-tipo-1\/\" \/>\n<meta property=\"og:site_name\" content=\"Corte Carezzabella\" \/>\n<meta property=\"article:modified_time\" content=\"2024-11-21T07:49:09+00:00\" \/>\n<meta property=\"og:image\" content=\"https:\/\/www.cortecarezzabella.com\/wp-content\/uploads\/2019\/02\/farina-1-scaled.jpg\" \/>\n\t<meta property=\"og:image:width\" content=\"1920\" \/>\n\t<meta property=\"og:image:height\" content=\"2560\" \/>\n\t<meta property=\"og:image:type\" content=\"image\/jpeg\" \/>\n<meta name=\"twitter:card\" content=\"summary_large_image\" \/>\n<meta name=\"twitter:label1\" content=\"Tempo di lettura stimato\" \/>\n\t<meta name=\"twitter:data1\" content=\"1 minuto\" \/>\n<script type=\"application\/ld+json\" class=\"yoast-schema-graph\">{\"@context\":\"https:\\\/\\\/schema.org\",\"@graph\":[{\"@type\":\"WebPage\",\"@id\":\"https:\\\/\\\/www.cortecarezzabella.com\\\/it\\\/shop\\\/farina-bio-di-grano-tenero-tipo-1\\\/\",\"url\":\"https:\\\/\\\/www.cortecarezzabella.com\\\/it\\\/shop\\\/farina-bio-di-grano-tenero-tipo-1\\\/\",\"name\":\"Farina di grano tenero tipo 1 Macinata a pietra - BIOLOGICA &#187; Corte Carezzabella\",\"isPartOf\":{\"@id\":\"https:\\\/\\\/www.cortecarezzabella.com\\\/it\\\/#website\"},\"primaryImageOfPage\":{\"@id\":\"https:\\\/\\\/www.cortecarezzabella.com\\\/it\\\/shop\\\/farina-bio-di-grano-tenero-tipo-1\\\/#primaryimage\"},\"image\":{\"@id\":\"https:\\\/\\\/www.cortecarezzabella.com\\\/it\\\/shop\\\/farina-bio-di-grano-tenero-tipo-1\\\/#primaryimage\"},\"thumbnailUrl\":\"https:\\\/\\\/www.cortecarezzabella.com\\\/wp-content\\\/uploads\\\/2019\\\/02\\\/farina-1-scaled.jpg\",\"datePublished\":\"2019-02-25T08:15:45+00:00\",\"dateModified\":\"2024-11-21T07:49:09+00:00\",\"breadcrumb\":{\"@id\":\"https:\\\/\\\/www.cortecarezzabella.com\\\/it\\\/shop\\\/farina-bio-di-grano-tenero-tipo-1\\\/#breadcrumb\"},\"inLanguage\":\"it-IT\",\"potentialAction\":[{\"@type\":\"ReadAction\",\"target\":[\"https:\\\/\\\/www.cortecarezzabella.com\\\/it\\\/shop\\\/farina-bio-di-grano-tenero-tipo-1\\\/\"]}]},{\"@type\":\"ImageObject\",\"inLanguage\":\"it-IT\",\"@id\":\"https:\\\/\\\/www.cortecarezzabella.com\\\/it\\\/shop\\\/farina-bio-di-grano-tenero-tipo-1\\\/#primaryimage\",\"url\":\"https:\\\/\\\/www.cortecarezzabella.com\\\/wp-content\\\/uploads\\\/2019\\\/02\\\/farina-1-scaled.jpg\",\"contentUrl\":\"https:\\\/\\\/www.cortecarezzabella.com\\\/wp-content\\\/uploads\\\/2019\\\/02\\\/farina-1-scaled.jpg\",\"width\":1920,\"height\":2560},{\"@type\":\"BreadcrumbList\",\"@id\":\"https:\\\/\\\/www.cortecarezzabella.com\\\/it\\\/shop\\\/farina-bio-di-grano-tenero-tipo-1\\\/#breadcrumb\",\"itemListElement\":[{\"@type\":\"ListItem\",\"position\":1,\"name\":\"Home\",\"item\":\"https:\\\/\\\/www.cortecarezzabella.com\\\/it\\\/\"},{\"@type\":\"ListItem\",\"position\":2,\"name\":\"Shop online\",\"item\":\"https:\\\/\\\/www.cortecarezzabella.com\\\/it\\\/negozio\\\/\"},{\"@type\":\"ListItem\",\"position\":3,\"name\":\"Farine macinate a pietra\",\"item\":\"https:\\\/\\\/www.cortecarezzabella.com\\\/it\\\/categoria\\\/farine-macinate-a-pietra\\\/\"},{\"@type\":\"ListItem\",\"position\":4,\"name\":\"Farina di grano tenero tipo 1 Macinata a pietra &#8211; BIOLOGICA\"}]},{\"@type\":\"WebSite\",\"@id\":\"https:\\\/\\\/www.cortecarezzabella.com\\\/it\\\/#website\",\"url\":\"https:\\\/\\\/www.cortecarezzabella.com\\\/it\\\/\",\"name\":\"Corte Carezzabella\",\"description\":\"Agriturismo Corte Carezzabella\",\"publisher\":{\"@id\":\"https:\\\/\\\/www.cortecarezzabella.com\\\/it\\\/#organization\"},\"potentialAction\":[{\"@type\":\"SearchAction\",\"target\":{\"@type\":\"EntryPoint\",\"urlTemplate\":\"https:\\\/\\\/www.cortecarezzabella.com\\\/it\\\/?s={search_term_string}\"},\"query-input\":{\"@type\":\"PropertyValueSpecification\",\"valueRequired\":true,\"valueName\":\"search_term_string\"}}],\"inLanguage\":\"it-IT\"},{\"@type\":\"Organization\",\"@id\":\"https:\\\/\\\/www.cortecarezzabella.com\\\/it\\\/#organization\",\"name\":\"IL FRUTTETO DI SAN MARTINO S.S.\",\"url\":\"https:\\\/\\\/www.cortecarezzabella.com\\\/it\\\/\",\"logo\":{\"@type\":\"ImageObject\",\"inLanguage\":\"it-IT\",\"@id\":\"https:\\\/\\\/www.cortecarezzabella.com\\\/it\\\/#\\\/schema\\\/logo\\\/image\\\/\",\"url\":\"https:\\\/\\\/www.cortecarezzabella.com\\\/wp-content\\\/uploads\\\/2020\\\/03\\\/LOGO_laBottega-posta-elttr-piccola.jpg\",\"contentUrl\":\"https:\\\/\\\/www.cortecarezzabella.com\\\/wp-content\\\/uploads\\\/2020\\\/03\\\/LOGO_laBottega-posta-elttr-piccola.jpg\",\"width\":160,\"height\":115,\"caption\":\"IL FRUTTETO DI SAN MARTINO S.S.\"},\"image\":{\"@id\":\"https:\\\/\\\/www.cortecarezzabella.com\\\/it\\\/#\\\/schema\\\/logo\\\/image\\\/\"}}]}<\/script>\n<!-- \/ Yoast SEO plugin. -->","yoast_head_json":{"title":"Farina di grano tenero tipo 1 Macinata a pietra - BIOLOGICA &#187; Corte Carezzabella","robots":{"index":"index","follow":"follow","max-snippet":"max-snippet:-1","max-image-preview":"max-image-preview:large","max-video-preview":"max-video-preview:-1"},"canonical":"https:\/\/www.cortecarezzabella.com\/it\/shop\/farina-bio-di-grano-tenero-tipo-1\/","og_locale":"it_IT","og_type":"article","og_title":"Farina di grano tenero tipo 1 Macinata a pietra - BIOLOGICA &#187; Corte Carezzabella","og_description":"Il nostro \u00e8 un prodotto &nbsp;trasformato&nbsp;cio\u00e8 il grano di nostra produzione viene macinato in farina. Tutte le trasformazioni esterne sono fatte da &nbsp;aziende agricole o artigiane dalle dimensioni piccole e da processi artigianali, per restituirci un prodotto di qualit\u00e0.  La macina a pietra permette di ottenere una farina pi\u00f9 ricca, saporita e digeribile. Essendo una macinazione lenta il chicco non viene surriscaldato e mantiene le propriet\u00e0 organolettiche&nbsp;ed il gusto&nbsp;e l'impasto resta comunque facilmente lavorabile.   vista la grande richiesta di prodotti di prima necessit\u00e0 in questo periodo abbiamo provveduto ad aggiungere alle disponibilit\u00e0 altra farina in formato da 1 kg ma sottovuoto con scadenza :&nbsp;  gennaio 2024  &nbsp;  &nbsp;","og_url":"https:\/\/www.cortecarezzabella.com\/it\/shop\/farina-bio-di-grano-tenero-tipo-1\/","og_site_name":"Corte Carezzabella","article_modified_time":"2024-11-21T07:49:09+00:00","og_image":[{"width":1920,"height":2560,"url":"https:\/\/www.cortecarezzabella.com\/wp-content\/uploads\/2019\/02\/farina-1-scaled.jpg","type":"image\/jpeg"}],"twitter_card":"summary_large_image","twitter_misc":{"Tempo di lettura stimato":"1 minuto"},"schema":{"@context":"https:\/\/schema.org","@graph":[{"@type":"WebPage","@id":"https:\/\/www.cortecarezzabella.com\/it\/shop\/farina-bio-di-grano-tenero-tipo-1\/","url":"https:\/\/www.cortecarezzabella.com\/it\/shop\/farina-bio-di-grano-tenero-tipo-1\/","name":"Farina di grano tenero tipo 1 Macinata a pietra - BIOLOGICA &#187; Corte Carezzabella","isPartOf":{"@id":"https:\/\/www.cortecarezzabella.com\/it\/#website"},"primaryImageOfPage":{"@id":"https:\/\/www.cortecarezzabella.com\/it\/shop\/farina-bio-di-grano-tenero-tipo-1\/#primaryimage"},"image":{"@id":"https:\/\/www.cortecarezzabella.com\/it\/shop\/farina-bio-di-grano-tenero-tipo-1\/#primaryimage"},"thumbnailUrl":"https:\/\/www.cortecarezzabella.com\/wp-content\/uploads\/2019\/02\/farina-1-scaled.jpg","datePublished":"2019-02-25T08:15:45+00:00","dateModified":"2024-11-21T07:49:09+00:00","breadcrumb":{"@id":"https:\/\/www.cortecarezzabella.com\/it\/shop\/farina-bio-di-grano-tenero-tipo-1\/#breadcrumb"},"inLanguage":"it-IT","potentialAction":[{"@type":"ReadAction","target":["https:\/\/www.cortecarezzabella.com\/it\/shop\/farina-bio-di-grano-tenero-tipo-1\/"]}]},{"@type":"ImageObject","inLanguage":"it-IT","@id":"https:\/\/www.cortecarezzabella.com\/it\/shop\/farina-bio-di-grano-tenero-tipo-1\/#primaryimage","url":"https:\/\/www.cortecarezzabella.com\/wp-content\/uploads\/2019\/02\/farina-1-scaled.jpg","contentUrl":"https:\/\/www.cortecarezzabella.com\/wp-content\/uploads\/2019\/02\/farina-1-scaled.jpg","width":1920,"height":2560},{"@type":"BreadcrumbList","@id":"https:\/\/www.cortecarezzabella.com\/it\/shop\/farina-bio-di-grano-tenero-tipo-1\/#breadcrumb","itemListElement":[{"@type":"ListItem","position":1,"name":"Home","item":"https:\/\/www.cortecarezzabella.com\/it\/"},{"@type":"ListItem","position":2,"name":"Shop online","item":"https:\/\/www.cortecarezzabella.com\/it\/negozio\/"},{"@type":"ListItem","position":3,"name":"Farine macinate a pietra","item":"https:\/\/www.cortecarezzabella.com\/it\/categoria\/farine-macinate-a-pietra\/"},{"@type":"ListItem","position":4,"name":"Farina di grano tenero tipo 1 Macinata a pietra &#8211; BIOLOGICA"}]},{"@type":"WebSite","@id":"https:\/\/www.cortecarezzabella.com\/it\/#website","url":"https:\/\/www.cortecarezzabella.com\/it\/","name":"Corte Carezzabella","description":"Agriturismo Corte Carezzabella","publisher":{"@id":"https:\/\/www.cortecarezzabella.com\/it\/#organization"},"potentialAction":[{"@type":"SearchAction","target":{"@type":"EntryPoint","urlTemplate":"https:\/\/www.cortecarezzabella.com\/it\/?s={search_term_string}"},"query-input":{"@type":"PropertyValueSpecification","valueRequired":true,"valueName":"search_term_string"}}],"inLanguage":"it-IT"},{"@type":"Organization","@id":"https:\/\/www.cortecarezzabella.com\/it\/#organization","name":"IL FRUTTETO DI SAN MARTINO S.S.","url":"https:\/\/www.cortecarezzabella.com\/it\/","logo":{"@type":"ImageObject","inLanguage":"it-IT","@id":"https:\/\/www.cortecarezzabella.com\/it\/#\/schema\/logo\/image\/","url":"https:\/\/www.cortecarezzabella.com\/wp-content\/uploads\/2020\/03\/LOGO_laBottega-posta-elttr-piccola.jpg","contentUrl":"https:\/\/www.cortecarezzabella.com\/wp-content\/uploads\/2020\/03\/LOGO_laBottega-posta-elttr-piccola.jpg","width":160,"height":115,"caption":"IL FRUTTETO DI SAN MARTINO S.S."},"image":{"@id":"https:\/\/www.cortecarezzabella.com\/it\/#\/schema\/logo\/image\/"}}]}},"_links":{"self":[{"href":"https:\/\/www.cortecarezzabella.com\/it\/wp-json\/wp\/v2\/product\/5501","targetHints":{"allow":["GET"]}}],"collection":[{"href":"https:\/\/www.cortecarezzabella.com\/it\/wp-json\/wp\/v2\/product"}],"about":[{"href":"https:\/\/www.cortecarezzabella.com\/it\/wp-json\/wp\/v2\/types\/product"}],"replies":[{"embeddable":true,"href":"https:\/\/www.cortecarezzabella.com\/it\/wp-json\/wp\/v2\/comments?post=5501"}],"wp:featuredmedia":[{"embeddable":true,"href":"https:\/\/www.cortecarezzabella.com\/it\/wp-json\/wp\/v2\/media\/13686"}],"wp:attachment":[{"href":"https:\/\/www.cortecarezzabella.com\/it\/wp-json\/wp\/v2\/media?parent=5501"}],"wp:term":[{"taxonomy":"product_brand","embeddable":true,"href":"https:\/\/www.cortecarezzabella.com\/it\/wp-json\/wp\/v2\/product_brand?post=5501"},{"taxonomy":"product_cat","embeddable":true,"href":"https:\/\/www.cortecarezzabella.com\/it\/wp-json\/wp\/v2\/product_cat?post=5501"},{"taxonomy":"product_tag","embeddable":true,"href":"https:\/\/www.cortecarezzabella.com\/it\/wp-json\/wp\/v2\/product_tag?post=5501"}],"curies":[{"name":"wp","href":"https:\/\/api.w.org\/{rel}","templated":true}]}}