{"id":3612,"date":"2018-01-06T12:00:13","date_gmt":"2018-01-06T11:00:13","guid":{"rendered":"https:\/\/www.cortecarezzabella.com\/?post_type=product&#038;p=3612\/"},"modified":"2025-05-13T09:40:02","modified_gmt":"2025-05-13T07:40:02","slug":"succo-mela-100-bag-box-3l","status":"publish","type":"product","link":"https:\/\/www.cortecarezzabella.com\/it\/shop\/succo-mela-100-bag-box-3l\/","title":{"rendered":"Succo di Mela 100% &#8211; 2l"},"content":{"rendered":"<p>&nbsp;<\/p>\n<p>Dalla frutta coltivata in regime biologico nella nostra azienda agricola, otteniamo la gamma dei <strong>succhi di frutta.<\/strong><\/p>\n<p><strong>I nostri succhi sono frutta da bere<\/strong>, naturali nel colore e nel gusto. Per la loro genuinit\u00e0 e la dolcezza naturale che deriva da lavorazioni artigianali che preservano la dolcezza della frutta,&nbsp;piacciono ai grandi come ai bambini e si prestano anche alla creativit\u00e0 per ottimi e freschi aperitivi.<\/p>\n<p>&nbsp;<\/p>\n<p>Scopri nello shop tutti i gusti che produciamo nei diversi formati!<\/p>\n","protected":false},"excerpt":{"rendered":"<p>&nbsp;<\/p>\n<p>Il <strong>Succo di Mela<\/strong> \u00e8 ottenuto dalla lavorazione delle nostre mele di variet\u00e0 miste, coltivate con <strong>metodo biologico<\/strong> nella nostra azienda agricola a San Martino di Venezze.<\/p>\n<p>Si presenta come un<strong> succo limpido<\/strong> dalla spiccata dolcezza tutta naturale, poich\u00e9 non vi \u00e8 alcuna aggiunta n\u00e8 di zucchero, n\u00e8 di acqua o conservanti: <strong>solo ottime e genuine mele<\/strong>! Per questo \u00e8 adatto anche per chi presta attenzione a non assumere zuccheri raffinati e a nutrirsi con prodotti sani e naturali e ovviamente per i bambini.<\/p>\n<p>Il nostro Succo di mela \u00e8 ottimo fresco, perfetto anche per cocktail alcolici e analcolici. In inverno si consiglia si assaggiarlo anche brul\u00e9, cio\u00e8 riscaldato insieme a spezie quali cannella, chiodi di garofano e scorza di limone.<\/p>\n<p>Il<strong> formato Bag-in-Box<\/strong> consente di spillarlo un po&#8217; alla volta garantendone la conservazione per un mese, anche fuori dal frigorifero. Una volta terminata la bag \u00e8 possibile anche ricaricarla conservando la scatola. Per questo lo abbiamo scelto come confezionamento del nostro succo; perch\u00e8 <strong>pratico<\/strong> ed <strong>ecologico<\/strong>!<\/p>\n<p>&nbsp;<\/p>\n<p>Succo di mela &#8211; Bag-In-Box da 2l<\/p>\n<p>Senza zuccheri aggiunti<\/p>\n","protected":false},"featured_media":7216,"comment_status":"closed","ping_status":"closed","template":"","meta":{"_acf_changed":false,"ngg_post_thumbnail":0},"product_brand":[],"product_cat":[22],"product_tag":[],"class_list":{"0":"post-3612","1":"product","2":"type-product","3":"status-publish","4":"has-post-thumbnail","6":"product_cat-succhi-di-frutta-biologici","8":"first","9":"outofstock","10":"sale","11":"taxable","12":"shipping-taxable","13":"purchasable","14":"product-type-simple"},"acf":[],"yoast_head":"<!-- This site is optimized with the Yoast SEO plugin v27.3 - https:\/\/yoast.com\/product\/yoast-seo-wordpress\/ -->\n<title>Succo di Mela 100% - 2l &#187; Corte Carezzabella<\/title>\n<meta name=\"robots\" content=\"index, follow, max-snippet:-1, max-image-preview:large, max-video-preview:-1\" \/>\n<link rel=\"canonical\" href=\"https:\/\/www.cortecarezzabella.com\/it\/shop\/succo-mela-100-bag-box-3l\/\" \/>\n<meta property=\"og:locale\" content=\"it_IT\" \/>\n<meta property=\"og:type\" content=\"article\" \/>\n<meta property=\"og:title\" content=\"Succo di Mela 100% - 2l &#187; Corte Carezzabella\" \/>\n<meta property=\"og:description\" content=\"&nbsp;  Il Succo di Mela \u00e8 ottenuto dalla lavorazione delle nostre mele di variet\u00e0 miste, coltivate con metodo biologico nella nostra azienda agricola a San Martino di Venezze.  Si presenta come un succo limpido dalla spiccata dolcezza tutta naturale, poich\u00e9 non vi \u00e8 alcuna aggiunta n\u00e8 di zucchero, n\u00e8 di acqua o conservanti: solo ottime e genuine mele! Per questo \u00e8 adatto anche per chi presta attenzione a non assumere zuccheri raffinati e a nutrirsi con prodotti sani e naturali e ovviamente per i bambini.  Il nostro Succo di mela \u00e8 ottimo fresco, perfetto anche per cocktail alcolici e analcolici. In inverno si consiglia si assaggiarlo anche brul\u00e9, cio\u00e8 riscaldato insieme a spezie quali cannella, chiodi di garofano e scorza di limone.  Il formato Bag-in-Box consente di spillarlo un po&#039; alla volta garantendone la conservazione per un mese, anche fuori dal frigorifero. Una volta terminata la bag \u00e8 possibile anche ricaricarla conservando la scatola. Per questo lo abbiamo scelto come confezionamento del nostro succo; perch\u00e8 pratico ed ecologico!  &nbsp;  Succo di mela - Bag-In-Box da 2l  Senza zuccheri aggiunti\" \/>\n<meta property=\"og:url\" content=\"https:\/\/www.cortecarezzabella.com\/it\/shop\/succo-mela-100-bag-box-3l\/\" \/>\n<meta property=\"og:site_name\" content=\"Corte Carezzabella\" \/>\n<meta property=\"article:modified_time\" content=\"2025-05-13T07:40:02+00:00\" \/>\n<meta property=\"og:image\" content=\"https:\/\/www.cortecarezzabella.com\/wp-content\/uploads\/2018\/01\/750_4233-scaled.jpg\" \/>\n\t<meta property=\"og:image:width\" content=\"1709\" \/>\n\t<meta property=\"og:image:height\" content=\"2560\" \/>\n\t<meta property=\"og:image:type\" content=\"image\/jpeg\" \/>\n<meta name=\"twitter:card\" content=\"summary_large_image\" \/>\n<meta name=\"twitter:label1\" content=\"Tempo di lettura stimato\" \/>\n\t<meta name=\"twitter:data1\" content=\"1 minuto\" \/>\n<script type=\"application\/ld+json\" class=\"yoast-schema-graph\">{\"@context\":\"https:\\\/\\\/schema.org\",\"@graph\":[{\"@type\":\"WebPage\",\"@id\":\"https:\\\/\\\/www.cortecarezzabella.com\\\/it\\\/shop\\\/succo-mela-100-bag-box-3l\\\/\",\"url\":\"https:\\\/\\\/www.cortecarezzabella.com\\\/it\\\/shop\\\/succo-mela-100-bag-box-3l\\\/\",\"name\":\"Succo di Mela 100% - 2l &#187; Corte Carezzabella\",\"isPartOf\":{\"@id\":\"https:\\\/\\\/www.cortecarezzabella.com\\\/it\\\/#website\"},\"primaryImageOfPage\":{\"@id\":\"https:\\\/\\\/www.cortecarezzabella.com\\\/it\\\/shop\\\/succo-mela-100-bag-box-3l\\\/#primaryimage\"},\"image\":{\"@id\":\"https:\\\/\\\/www.cortecarezzabella.com\\\/it\\\/shop\\\/succo-mela-100-bag-box-3l\\\/#primaryimage\"},\"thumbnailUrl\":\"https:\\\/\\\/www.cortecarezzabella.com\\\/wp-content\\\/uploads\\\/2018\\\/01\\\/750_4233-scaled.jpg\",\"datePublished\":\"2018-01-06T11:00:13+00:00\",\"dateModified\":\"2025-05-13T07:40:02+00:00\",\"breadcrumb\":{\"@id\":\"https:\\\/\\\/www.cortecarezzabella.com\\\/it\\\/shop\\\/succo-mela-100-bag-box-3l\\\/#breadcrumb\"},\"inLanguage\":\"it-IT\",\"potentialAction\":[{\"@type\":\"ReadAction\",\"target\":[\"https:\\\/\\\/www.cortecarezzabella.com\\\/it\\\/shop\\\/succo-mela-100-bag-box-3l\\\/\"]}]},{\"@type\":\"ImageObject\",\"inLanguage\":\"it-IT\",\"@id\":\"https:\\\/\\\/www.cortecarezzabella.com\\\/it\\\/shop\\\/succo-mela-100-bag-box-3l\\\/#primaryimage\",\"url\":\"https:\\\/\\\/www.cortecarezzabella.com\\\/wp-content\\\/uploads\\\/2018\\\/01\\\/750_4233-scaled.jpg\",\"contentUrl\":\"https:\\\/\\\/www.cortecarezzabella.com\\\/wp-content\\\/uploads\\\/2018\\\/01\\\/750_4233-scaled.jpg\",\"width\":1709,\"height\":2560},{\"@type\":\"BreadcrumbList\",\"@id\":\"https:\\\/\\\/www.cortecarezzabella.com\\\/it\\\/shop\\\/succo-mela-100-bag-box-3l\\\/#breadcrumb\",\"itemListElement\":[{\"@type\":\"ListItem\",\"position\":1,\"name\":\"Home\",\"item\":\"https:\\\/\\\/www.cortecarezzabella.com\\\/it\\\/\"},{\"@type\":\"ListItem\",\"position\":2,\"name\":\"Shop online\",\"item\":\"https:\\\/\\\/www.cortecarezzabella.com\\\/it\\\/negozio\\\/\"},{\"@type\":\"ListItem\",\"position\":3,\"name\":\"Succhi di frutta\",\"item\":\"https:\\\/\\\/www.cortecarezzabella.com\\\/it\\\/categoria\\\/succhi-di-frutta-biologici\\\/\"},{\"@type\":\"ListItem\",\"position\":4,\"name\":\"Succo di Mela 100% &#8211; 2l\"}]},{\"@type\":\"WebSite\",\"@id\":\"https:\\\/\\\/www.cortecarezzabella.com\\\/it\\\/#website\",\"url\":\"https:\\\/\\\/www.cortecarezzabella.com\\\/it\\\/\",\"name\":\"Corte Carezzabella\",\"description\":\"Agriturismo Corte Carezzabella\",\"publisher\":{\"@id\":\"https:\\\/\\\/www.cortecarezzabella.com\\\/it\\\/#organization\"},\"potentialAction\":[{\"@type\":\"SearchAction\",\"target\":{\"@type\":\"EntryPoint\",\"urlTemplate\":\"https:\\\/\\\/www.cortecarezzabella.com\\\/it\\\/?s={search_term_string}\"},\"query-input\":{\"@type\":\"PropertyValueSpecification\",\"valueRequired\":true,\"valueName\":\"search_term_string\"}}],\"inLanguage\":\"it-IT\"},{\"@type\":\"Organization\",\"@id\":\"https:\\\/\\\/www.cortecarezzabella.com\\\/it\\\/#organization\",\"name\":\"IL FRUTTETO DI SAN MARTINO S.S.\",\"url\":\"https:\\\/\\\/www.cortecarezzabella.com\\\/it\\\/\",\"logo\":{\"@type\":\"ImageObject\",\"inLanguage\":\"it-IT\",\"@id\":\"https:\\\/\\\/www.cortecarezzabella.com\\\/it\\\/#\\\/schema\\\/logo\\\/image\\\/\",\"url\":\"https:\\\/\\\/www.cortecarezzabella.com\\\/wp-content\\\/uploads\\\/2020\\\/03\\\/LOGO_laBottega-posta-elttr-piccola.jpg\",\"contentUrl\":\"https:\\\/\\\/www.cortecarezzabella.com\\\/wp-content\\\/uploads\\\/2020\\\/03\\\/LOGO_laBottega-posta-elttr-piccola.jpg\",\"width\":160,\"height\":115,\"caption\":\"IL FRUTTETO DI SAN MARTINO S.S.\"},\"image\":{\"@id\":\"https:\\\/\\\/www.cortecarezzabella.com\\\/it\\\/#\\\/schema\\\/logo\\\/image\\\/\"}}]}<\/script>\n<!-- \/ Yoast SEO plugin. -->","yoast_head_json":{"title":"Succo di Mela 100% - 2l &#187; Corte Carezzabella","robots":{"index":"index","follow":"follow","max-snippet":"max-snippet:-1","max-image-preview":"max-image-preview:large","max-video-preview":"max-video-preview:-1"},"canonical":"https:\/\/www.cortecarezzabella.com\/it\/shop\/succo-mela-100-bag-box-3l\/","og_locale":"it_IT","og_type":"article","og_title":"Succo di Mela 100% - 2l &#187; Corte Carezzabella","og_description":"&nbsp;  Il Succo di Mela \u00e8 ottenuto dalla lavorazione delle nostre mele di variet\u00e0 miste, coltivate con metodo biologico nella nostra azienda agricola a San Martino di Venezze.  Si presenta come un succo limpido dalla spiccata dolcezza tutta naturale, poich\u00e9 non vi \u00e8 alcuna aggiunta n\u00e8 di zucchero, n\u00e8 di acqua o conservanti: solo ottime e genuine mele! Per questo \u00e8 adatto anche per chi presta attenzione a non assumere zuccheri raffinati e a nutrirsi con prodotti sani e naturali e ovviamente per i bambini.  Il nostro Succo di mela \u00e8 ottimo fresco, perfetto anche per cocktail alcolici e analcolici. In inverno si consiglia si assaggiarlo anche brul\u00e9, cio\u00e8 riscaldato insieme a spezie quali cannella, chiodi di garofano e scorza di limone.  Il formato Bag-in-Box consente di spillarlo un po' alla volta garantendone la conservazione per un mese, anche fuori dal frigorifero. Una volta terminata la bag \u00e8 possibile anche ricaricarla conservando la scatola. Per questo lo abbiamo scelto come confezionamento del nostro succo; perch\u00e8 pratico ed ecologico!  &nbsp;  Succo di mela - Bag-In-Box da 2l  Senza zuccheri aggiunti","og_url":"https:\/\/www.cortecarezzabella.com\/it\/shop\/succo-mela-100-bag-box-3l\/","og_site_name":"Corte Carezzabella","article_modified_time":"2025-05-13T07:40:02+00:00","og_image":[{"width":1709,"height":2560,"url":"https:\/\/www.cortecarezzabella.com\/wp-content\/uploads\/2018\/01\/750_4233-scaled.jpg","type":"image\/jpeg"}],"twitter_card":"summary_large_image","twitter_misc":{"Tempo di lettura stimato":"1 minuto"},"schema":{"@context":"https:\/\/schema.org","@graph":[{"@type":"WebPage","@id":"https:\/\/www.cortecarezzabella.com\/it\/shop\/succo-mela-100-bag-box-3l\/","url":"https:\/\/www.cortecarezzabella.com\/it\/shop\/succo-mela-100-bag-box-3l\/","name":"Succo di Mela 100% - 2l &#187; Corte Carezzabella","isPartOf":{"@id":"https:\/\/www.cortecarezzabella.com\/it\/#website"},"primaryImageOfPage":{"@id":"https:\/\/www.cortecarezzabella.com\/it\/shop\/succo-mela-100-bag-box-3l\/#primaryimage"},"image":{"@id":"https:\/\/www.cortecarezzabella.com\/it\/shop\/succo-mela-100-bag-box-3l\/#primaryimage"},"thumbnailUrl":"https:\/\/www.cortecarezzabella.com\/wp-content\/uploads\/2018\/01\/750_4233-scaled.jpg","datePublished":"2018-01-06T11:00:13+00:00","dateModified":"2025-05-13T07:40:02+00:00","breadcrumb":{"@id":"https:\/\/www.cortecarezzabella.com\/it\/shop\/succo-mela-100-bag-box-3l\/#breadcrumb"},"inLanguage":"it-IT","potentialAction":[{"@type":"ReadAction","target":["https:\/\/www.cortecarezzabella.com\/it\/shop\/succo-mela-100-bag-box-3l\/"]}]},{"@type":"ImageObject","inLanguage":"it-IT","@id":"https:\/\/www.cortecarezzabella.com\/it\/shop\/succo-mela-100-bag-box-3l\/#primaryimage","url":"https:\/\/www.cortecarezzabella.com\/wp-content\/uploads\/2018\/01\/750_4233-scaled.jpg","contentUrl":"https:\/\/www.cortecarezzabella.com\/wp-content\/uploads\/2018\/01\/750_4233-scaled.jpg","width":1709,"height":2560},{"@type":"BreadcrumbList","@id":"https:\/\/www.cortecarezzabella.com\/it\/shop\/succo-mela-100-bag-box-3l\/#breadcrumb","itemListElement":[{"@type":"ListItem","position":1,"name":"Home","item":"https:\/\/www.cortecarezzabella.com\/it\/"},{"@type":"ListItem","position":2,"name":"Shop online","item":"https:\/\/www.cortecarezzabella.com\/it\/negozio\/"},{"@type":"ListItem","position":3,"name":"Succhi di frutta","item":"https:\/\/www.cortecarezzabella.com\/it\/categoria\/succhi-di-frutta-biologici\/"},{"@type":"ListItem","position":4,"name":"Succo di Mela 100% &#8211; 2l"}]},{"@type":"WebSite","@id":"https:\/\/www.cortecarezzabella.com\/it\/#website","url":"https:\/\/www.cortecarezzabella.com\/it\/","name":"Corte Carezzabella","description":"Agriturismo Corte Carezzabella","publisher":{"@id":"https:\/\/www.cortecarezzabella.com\/it\/#organization"},"potentialAction":[{"@type":"SearchAction","target":{"@type":"EntryPoint","urlTemplate":"https:\/\/www.cortecarezzabella.com\/it\/?s={search_term_string}"},"query-input":{"@type":"PropertyValueSpecification","valueRequired":true,"valueName":"search_term_string"}}],"inLanguage":"it-IT"},{"@type":"Organization","@id":"https:\/\/www.cortecarezzabella.com\/it\/#organization","name":"IL FRUTTETO DI SAN MARTINO S.S.","url":"https:\/\/www.cortecarezzabella.com\/it\/","logo":{"@type":"ImageObject","inLanguage":"it-IT","@id":"https:\/\/www.cortecarezzabella.com\/it\/#\/schema\/logo\/image\/","url":"https:\/\/www.cortecarezzabella.com\/wp-content\/uploads\/2020\/03\/LOGO_laBottega-posta-elttr-piccola.jpg","contentUrl":"https:\/\/www.cortecarezzabella.com\/wp-content\/uploads\/2020\/03\/LOGO_laBottega-posta-elttr-piccola.jpg","width":160,"height":115,"caption":"IL FRUTTETO DI SAN MARTINO S.S."},"image":{"@id":"https:\/\/www.cortecarezzabella.com\/it\/#\/schema\/logo\/image\/"}}]}},"_links":{"self":[{"href":"https:\/\/www.cortecarezzabella.com\/it\/wp-json\/wp\/v2\/product\/3612","targetHints":{"allow":["GET"]}}],"collection":[{"href":"https:\/\/www.cortecarezzabella.com\/it\/wp-json\/wp\/v2\/product"}],"about":[{"href":"https:\/\/www.cortecarezzabella.com\/it\/wp-json\/wp\/v2\/types\/product"}],"replies":[{"embeddable":true,"href":"https:\/\/www.cortecarezzabella.com\/it\/wp-json\/wp\/v2\/comments?post=3612"}],"wp:featuredmedia":[{"embeddable":true,"href":"https:\/\/www.cortecarezzabella.com\/it\/wp-json\/wp\/v2\/media\/7216"}],"wp:attachment":[{"href":"https:\/\/www.cortecarezzabella.com\/it\/wp-json\/wp\/v2\/media?parent=3612"}],"wp:term":[{"taxonomy":"product_brand","embeddable":true,"href":"https:\/\/www.cortecarezzabella.com\/it\/wp-json\/wp\/v2\/product_brand?post=3612"},{"taxonomy":"product_cat","embeddable":true,"href":"https:\/\/www.cortecarezzabella.com\/it\/wp-json\/wp\/v2\/product_cat?post=3612"},{"taxonomy":"product_tag","embeddable":true,"href":"https:\/\/www.cortecarezzabella.com\/it\/wp-json\/wp\/v2\/product_tag?post=3612"}],"curies":[{"name":"wp","href":"https:\/\/api.w.org\/{rel}","templated":true}]}}