{"id":9183,"date":"2020-10-07T16:35:03","date_gmt":"2020-10-07T14:35:03","guid":{"rendered":"https:\/\/www.cortecarezzabella.com\/?page_id=9183"},"modified":"2020-10-07T16:39:46","modified_gmt":"2020-10-07T14:39:46","slug":"gift-item-package-booking-form","status":"publish","type":"page","link":"https:\/\/www.cortecarezzabella.com\/it\/gift-item-package-booking-form\/","title":{"rendered":"Gift Item\/Package Booking Form (test)"},"content":{"rendered":"<style type=\"text\/css\">\n        .wpgv_preview-box .cardDiv,\n        .wpgv-item .wpgv-buy button,\n        .buying-options div.selected,\n        .shipping-options div.selected,\n        .wpgv-buttons .next-button,\n        .wpgv-buttons #paynowbtn {\n            background-color: #bcc932!important;\n        }\n        .wpgv_preview-box .cardDiv .voucherBottomDiv label, \n        .wpgv-item .wpgv-buy button,\n        .wpgv-buttons .next-button, \n        .wpgv-buttons #paynowbtn,\n        .buying-options div.selected, \n        .shipping-options div.selected,\n        .wpgv_preview-box .cardDiv .voucherBottomDiv .itemtitle,\n        .wpgv_preview-box .cardDiv .voucherBottomDiv .itemdescription,\n        .wpgv_preview-box .cardDiv .voucherBottomDiv .termsCard,\n        .wpgv_preview-box .cardDiv .voucherBottomDiv .voucherSiteInfo a {\n            color:  #555555!important;\n        }\n        #wpgv-giftitems.loading:after {\n            content: url(https:\/\/www.cortecarezzabella.com\/wp-content\/plugins\/gift-voucher-pro\/assets\/img\/loader.gif) !important;\n        }\n    <\/style><div class=\"wpgv-giftitem-wrapper\"><form id=\"wpgv-giftitems\" name=\"wpgv_giftitems\" method=\"post\" action=\"https:\/\/www.cortecarezzabella.com\/it\/wp-json\/wp\/v2\/pages\/9183\/\" enctype=\"multipart\/form-data\">\n        <input type=\"hidden\" name=\"wpgv_giftitems_form_verify\" value=\"a7cc9b7fc8\">\n        <input type=\"hidden\" name=\"wpgv_category_id\" id=\"category_id\">\n        <input type=\"hidden\" name=\"wpgv_item_id\" id=\"item_id\">\n        <input type=\"hidden\" name=\"wpgv_total_price\" id=\"total_price\">\n        <input type=\"hidden\" name=\"item_pdf_price\" id=\"item_pdf_price\">\n        <input type=\"hidden\" name=\"wpgv_website_commission_price\" id=\"website_commission_price\" data-price=\"0\">\n        <div class=\"wpgv-giftitemimage\"><img decoding=\"async\" src=\"https:\/\/www.cortecarezzabella.com\/wp-content\/uploads\/2020\/10\/1000x1500px.jpg\"><\/div><div id=\"wpgv-giftitems-step1\" class=\"wpgv-items-wrap\">\n                <div class=\"wpgv-according-categories\"><div class=\"wpgv-according-category\" id=\"itemcat177\">\n                        <div class=\"wpgv-according-title\" data-cat-id=\"177\"><h2>Shop Online Voucher<span>Demo Category Description\n<\/span><\/h2><\/div><div class=\"wpgv-items\"><div class=\"wpgv-item\">\n                            <div class=\"wpgv-content\"><h4>&#8220;Una spesa esagerata!&#8221;<\/h4><p>Regala con questo Voucher la possibilit\u00e0 di fare una scorta ricca e varia dei nostri prodotti, perch\u00e8 la dispensa sia bella piena di cose buone e il piacere del regalo duri ancora pi\u00f9 a lungo! <\/p><\/div>\n                            <div class=\"wpgv-price\"><span>\u20ac 100.00<\/span><\/div>\n                            <div class=\"wpgv-buy\"><button type=\"button\" data-item-id=\"9180\" data-cat-id=\"177\" data-item-price=\"100\" data-item-price-pdf=\"100\">Buy<\/button><\/div>\n                        <\/div><div class=\"wpgv-item\">\n                            <div class=\"wpgv-content\"><h4>&#8220;Buono ricco mi ci ficco!&#8221;<\/h4><p>Sorprendi con questo Voucher chiunque sia amante delle cose buone, curioso verso le realt\u00e0 artigianali del territorio, attendo a ci\u00f2 che sceglie per nutrirsi. Regala a chi vuoi bene un dono genuino e goloso!<\/p><\/div>\n                            <div class=\"wpgv-price\"><span>\u20ac 50.00<\/span><\/div>\n                            <div class=\"wpgv-buy\"><button type=\"button\" data-item-id=\"9179\" data-cat-id=\"177\" data-item-price=\"50\" data-item-price-pdf=\"50\">Buy<\/button><\/div>\n                        <\/div><div class=\"wpgv-item\">\n                            <div class=\"wpgv-content\"><h4>&#8220;Ma che bont\u00e0!&#8221;<\/h4><p>Regala un Voucher valido per l'acquisto di una selezione dei nostri prodotti, dando la possibilit\u00e0 di scoprire e gustare le nostre bont\u00e0 Bio e 100% Locali!<\/p><\/div>\n                            <div class=\"wpgv-price\"><span>\u20ac 30.00<\/span><\/div>\n                            <div class=\"wpgv-buy\"><button type=\"button\" data-item-id=\"9173\" data-cat-id=\"177\" data-item-price=\"30\" data-item-price-pdf=\"30\">Buy<\/button><\/div>\n                        <\/div><\/div><\/div><\/div><\/div><div id=\"wpgv-giftitems-step2\" class=\"wpgv-items-wrap\">\n                <div class=\"wpgv-gifttitle\">\n                    <h3><\/h3>\n                    <span><\/span>\n                <\/div>                \n                <div class=\"wpgv-form-fields\">\n                    <select name=\"chooseStyle\" id=\"chooseStyle\" class=\"form-field\"><option value=\"0\">Style 1<\/option><option value=\"1\">Style 2<\/option><option value=\"2\">Style 3<\/option><\/select>\n                <\/div>\n                <input type=\"hidden\" name=\"buying_for\" id=\"buying_for\" value=\"someone_else\">\n                <div class=\"wpgv-form-fields\" id=\"wpgv-your_name\">\n                    <label for=\"your_name\">Il tuo nome<\/label>\n                    <span class=\"error\">Il tuo nome \u00e8 obbligatorio<\/span>\n                    <input type=\"text\" name=\"your_name\" id=\"your_name\" class=\"form-field\">\n                <\/div>\n                <div class=\"wpgv-form-fields\" id=\"wpgv-recipient_name\">\n                    <label for=\"receipt_email\">Nome del destinatario<\/label>\n                    <span class=\"error\">Il nome del destinatario \u00e8 obbligatorio<\/span>\n                    <input type=\"text\" name=\"recipient_name\" id=\"recipient_name\" class=\"form-field\" \/>\n                <\/div>\n                <div class=\"wpgv-form-fields\" id=\"wpgv-message\">\n                    <label for=\"message\">Messaggio personale (facoltativo) (Max 250 caratteri)<\/label>\n                    <span class=\"error\">Please enter no more than 250 characters.<\/span>\n                    <textarea name=\"message\" id=\"message\" class=\"form-field\" maxlength=\"250\"><\/textarea>\n                    <div class=\"maxchar\"><\/div>\n                <\/div>\n                <div class=\"wpgv-buttons\">\n                    <button type=\"button\" data-next=\"step3\" class=\"next-button\">Avanti<\/button>\n                    <span class=\"back-button\" data-prev=\"step1\">Indietro<\/span>\n                <\/div>\n            <\/div><div id=\"wpgv-giftitems-step3\" class=\"wpgv-items-wrap\">\n                <input type=\"hidden\" name=\"shipping\" id=\"shipping\" value=\"shipping_as_email\">\n                <div class=\"wpgv-form-fields\" id=\"wpgv-shipping_email\">\n                    <label>Invia il Voucher all'email del destinatario qui<\/label>\n                    <span class=\"error\">Richiesto<\/span>\n                    <input type=\"email\" name=\"shipping_email\" id=\"shipping_email\" class=\"form-field\">\n                <\/div>\n                <div class=\"wpgv-form-fields\" id=\"wpgv-receipt_email\">\n                    <label>Il tuo indirizzo e-mail ( per la ricevuta)<\/label>\n                    <span class=\"error\">Your email address is required<\/span>\n                    <input type=\"email\" name=\"receipt_email\" id=\"receipt_email\" class=\"form-field\">\n                <\/div><div class=\"order_details_preview\">\n                    <h3>Il tuo ordine<\/h3>\n                    <div class=\"wpgv_preview_box\">\n                        <div>\n                            <h4 class=\"wpgv-itemtitle\">-<\/h4>\n                            <span>Il tuo nome: <i id=\"autoyourname\"><\/i><\/span>\n                        <\/div>\n                        <div id=\"itemprice\">\u20ac <span><\/span> <\/div>\n                    <\/div><div class=\"preview-box\"><button type=\"button\" id=\"itempreview\" data-url=\"https:\/\/www.cortecarezzabella.com\/gift-item-pdf-preview\/?action=preview&nonce=a7cc9b7fc8\">Show Preview as PDF<\/button><\/div><\/div>\n                <div class=\"wpgv-form-fields paymentcount2\" id=\"wpgv_payment_gateway\">\n                    <label>Metodo di pagamento<\/label>\n                    <select name=\"payemnt_gateway\" id=\"payemnt_gateway\" class=\"form-field\"><option value=\"Paypal\">Paga col tuo conto PayPal o con una carta di credito (VISA - MASTERCARD)<\/option><option value=\"Stripe\">Paga tramite carta di credito<\/option><\/select>\n                <\/div>\n                <div class=\"acceptVoucherTerms\">\n                    <label><input type=\"checkbox\" class=\"required\" name=\"acceptVoucherTerms\"> Ho letto la Privacy Policy e accetto il trattamento dei miei dati personali.<\/label>\n                <\/div>\n                <div class=\"voucherNote\"><\/div>\n                <div class=\"wpgv-buttons\">\n                    <button type=\"button\" data-next=\"step4\" id=\"paynowbtn\" data-url=\"action=wpgv_doajax_item_pdf_save_func&nonce=a7cc9b7fc8\">Paga ora<\/button>\n                    <span data-prev=\"step2\" class=\"back-button\">Indietro<\/span>\n                <\/div>\n            <\/div><\/form><div class=\"wpgv_preview-box wpgvstyle1\">\n                <div class=\"cardDiv\">\n                    <div class=\"cardImgTop\">\n                        <img decoding=\"async\" class=\"uk-thumbnail\" src=\"https:\/\/www.cortecarezzabella.com\/wp-content\/uploads\/2020\/10\/1000x1500px.jpg\">\n                    <\/div>\n                    <div class=\"voucherBottomDiv\">\n                        <h2 class=\"itemtitle\"><\/h2>\n                        <p class=\"itemdescription\"><\/p>\n                        <div class=\"uk-form-row\">\n                            <div class=\"nameFormLeft\">\n                                <label>Il tuo nome<\/label>\n                                <input type=\"text\" name=\"forNameCard\" class=\"forNameCard\" readonly>\n                            <\/div>\n                            <div class=\"nameFormRight\">\n                                <label>Nome del destinatario<\/label>\n                                <input type=\"text\" name=\"fromNameCard\" class=\"fromNameCard\" readonly>\n                            <\/div>\n                            <div class=\"voucherValueForm\">\n                        <label>Valore del Voucher<\/label>\n                        <span class=\"currencySymbol\"> \u20ac <\/span>\n                        <input type=\"text\" name=\"voucherValueCard\" class=\"voucherValueCard\" readonly>\n                    <\/div>\n                            <div class=\"messageForm\">\n                                <label>Messaggio personale:<\/label>\n                                <textarea name=\"personalMessageCard\" class=\"personalMessageCard\" readonly><\/textarea>\n                            <\/div>\n                            <div class=\"expiryFormLeft\">\n                                <label>Data di scadenza<\/label>\n                                <input type=\"text\" name=\"expiryCard\" class=\"expiryCard\" value=\"04.11.2026\n\" readonly>\n                            <\/div>\n                            <div class=\"codeFormRight\">\n                                <label>Codice Coupon<\/label>\n                                <input type=\"text\" name=\"codeCard\" class=\"codeCard\" readonly value=\"6234256841004311\">\n                            <\/div>\n                            <div class=\"clearfix\"><\/div>\n                            <div class=\"voucherSiteInfo\"><a href=\"https:\/\/www.cortecarezzabella.com\">https:\/\/www.cortecarezzabella.com<\/a> | <a href=\"mailto:info@cortecarezzabella.com\">info@cortecarezzabella.com<\/a><\/div>\n                            <div class=\"termsCard\">* Il pagamento in contanti non \u00e8 abilitato.<\/div>\n                        <\/div>\n                    <\/div>\n                    <h3>Voucher Preview<\/h3>\n                <\/div>\n        <\/div><div class=\"wpgv_preview-box wpgvstyle2\">\n                <div class=\"cardDiv\">\n                    <div class=\"voucherBottomDiv\">\n                        <div class=\"cardImgTop\">\n                            <img decoding=\"async\" class=\"uk-thumbnail\" src=\"https:\/\/www.cortecarezzabella.com\/wp-content\/uploads\/2020\/10\/1000x1500px.jpg\">\n                        <\/div>\n                        <div class=\"sidedetails\">\n                            <h2 class=\"itemtitle\"><\/h2>\n                            <p class=\"itemdescription\"><\/p>\n                            <div class=\"nameFormLeft\">\n                                <label>Il tuo nome<\/label>\n                                <input type=\"text\" name=\"forNameCard\" class=\"forNameCard\" readonly>\n                            <\/div>\n                            <div class=\"nameFormRight\">\n                                <label>Nome del destinatario<\/label>\n                                <input type=\"text\" name=\"fromNameCard\" class=\"fromNameCard\" readonly>\n                            <\/div>\n                            <div class=\"voucherValueForm\">\n                        <label>Valore del Voucher<\/label>\n                        <span class=\"currencySymbol\"> \u20ac <\/span>\n                        <input type=\"text\" name=\"voucherValueCard\" class=\"voucherValueCard\" readonly>\n                    <\/div>\n                        <\/div>\n                        <div class=\"uk-form-row\">\n                            <div class=\"messageForm\">\n                                <label>Messaggio personale:<\/label>\n                                <textarea name=\"personalMessageCard\" class=\"personalMessageCard\" readonly><\/textarea>\n                            <\/div>\n                            <div class=\"expiryFormLeft\">\n                                <label>Data di scadenza<\/label>\n                                <input type=\"text\" name=\"expiryCard\" class=\"expiryCard\" value=\"04.11.2026\n\" readonly>\n                            <\/div>\n                            <div class=\"codeFormRight\">\n                                <label>Codice Coupon<\/label>\n                                <input type=\"text\" name=\"codeCard\" class=\"codeCard\" readonly value=\"6234256815004311\">\n                            <\/div>\n                            <div class=\"clearfix\"><\/div>\n                            <div class=\"voucherSiteInfo\"><a href=\"https:\/\/www.cortecarezzabella.com\">https:\/\/www.cortecarezzabella.com<\/a> | <a href=\"mailto:info@cortecarezzabella.com\">info@cortecarezzabella.com<\/a><\/div>\n                            <div class=\"termsCard\">* Il pagamento in contanti non \u00e8 abilitato.<\/div>\n                        <\/div>\n                    <\/div>\n                    <h3>Voucher Preview<\/h3>\n                <\/div>\n        <\/div><div class=\"wpgv_preview-box wpgvstyle3\">\n                <div class=\"cardDiv\">\n                    <div class=\"voucherBottomDiv\">\n                        <h2 class=\"itemtitle\"><\/h2>\n                        <p class=\"itemdescription\"><\/p>\n                        <div class=\"cardImgTop\">\n                            <img decoding=\"async\" class=\"uk-thumbnail\" src=\"https:\/\/www.cortecarezzabella.com\/wp-content\/uploads\/2020\/10\/1000x1500px.jpg\">\n                        <\/div>\n                        <div class=\"sidedetails\">\n                            <div class=\"nameFormLeft\">\n                                <label>Il tuo nome<\/label>\n                                <input type=\"text\" name=\"forNameCard\" class=\"forNameCard\" readonly>\n                            <\/div>\n                            <div class=\"nameFormRight\">\n                                <label>Nome del destinatario<\/label>\n                                <input type=\"text\" name=\"fromNameCard\" class=\"fromNameCard\" readonly>\n                            <\/div>\n                            <div class=\"voucherValueForm\">\n                        <label>Valore del Voucher<\/label>\n                        <span class=\"currencySymbol\"> \u20ac <\/span>\n                        <input type=\"text\" name=\"voucherValueCard\" class=\"voucherValueCard\" readonly>\n                    <\/div>\n                        <\/div>\n                        <div class=\"uk-form-row\">\n                            <div class=\"messageForm\">\n                                <label>Messaggio personale:<\/label>\n                                <textarea name=\"personalMessageCard\" class=\"personalMessageCard\" readonly><\/textarea>\n                            <\/div>\n                            <div class=\"expiryFormLeft\">\n                                <label>Data di scadenza<\/label>\n                                <input type=\"text\" name=\"expiryCard\" class=\"expiryCard\" value=\"04.11.2026\n\" readonly>\n                            <\/div>\n                            <div class=\"codeFormRight\">\n                                <label>Codice Coupon<\/label>\n                                <input type=\"text\" name=\"codeCard\" class=\"codeCard\" readonly value=\"6234255681004311\">\n                            <\/div>\n                            <div class=\"clearfix\"><\/div>\n                            <div class=\"voucherSiteInfo\"><a href=\"https:\/\/www.cortecarezzabella.com\">https:\/\/www.cortecarezzabella.com<\/a> | <a href=\"mailto:info@cortecarezzabella.com\">info@cortecarezzabella.com<\/a><\/div>\n                            <div class=\"termsCard\">* Il pagamento in contanti non \u00e8 abilitato.<\/div>\n                        <\/div>\n                    <\/div>\n                    <h3>Voucher Preview<\/h3>\n                <\/div>\n        <\/div><\/div><style><\/style>\n","protected":false},"excerpt":{"rendered":"","protected":false},"author":1,"featured_media":0,"parent":0,"menu_order":0,"comment_status":"closed","ping_status":"closed","template":"","meta":{"_acf_changed":false,"ngg_post_thumbnail":0,"footnotes":""},"class_list":["post-9183","page","type-page","status-publish","hentry"],"acf":[],"yoast_head":"<!-- This site is optimized with the Yoast SEO plugin v27.5 - https:\/\/yoast.com\/product\/yoast-seo-wordpress\/ -->\n<title>Gift Item\/Package Booking Form (test)<\/title>\n<meta name=\"robots\" content=\"index, follow, max-snippet:-1, max-image-preview:large, max-video-preview:-1\" \/>\n<link rel=\"canonical\" href=\"https:\/\/www.cortecarezzabella.com\/it\/gift-item-package-booking-form\/\" \/>\n<meta property=\"og:locale\" content=\"it_IT\" \/>\n<meta property=\"og:type\" content=\"article\" \/>\n<meta property=\"og:title\" content=\"Gift Item\/Package Booking Form (test)\" \/>\n<meta property=\"og:url\" content=\"https:\/\/www.cortecarezzabella.com\/it\/gift-item-package-booking-form\/\" \/>\n<meta property=\"og:site_name\" content=\"Corte Carezzabella\" \/>\n<meta property=\"article:modified_time\" content=\"2020-10-07T14:39:46+00:00\" \/>\n<meta name=\"twitter:card\" content=\"summary_large_image\" \/>\n<script type=\"application\/ld+json\" class=\"yoast-schema-graph\">{\"@context\":\"https:\\\/\\\/schema.org\",\"@graph\":[{\"@type\":\"WebPage\",\"@id\":\"https:\\\/\\\/www.cortecarezzabella.com\\\/it\\\/gift-item-package-booking-form\\\/\",\"url\":\"https:\\\/\\\/www.cortecarezzabella.com\\\/it\\\/gift-item-package-booking-form\\\/\",\"name\":\"Gift Item\\\/Package Booking Form (test)\",\"isPartOf\":{\"@id\":\"https:\\\/\\\/www.cortecarezzabella.com\\\/it\\\/#website\"},\"datePublished\":\"2020-10-07T14:35:03+00:00\",\"dateModified\":\"2020-10-07T14:39:46+00:00\",\"breadcrumb\":{\"@id\":\"https:\\\/\\\/www.cortecarezzabella.com\\\/it\\\/gift-item-package-booking-form\\\/#breadcrumb\"},\"inLanguage\":\"it-IT\",\"potentialAction\":[{\"@type\":\"ReadAction\",\"target\":[\"https:\\\/\\\/www.cortecarezzabella.com\\\/it\\\/gift-item-package-booking-form\\\/\"]}]},{\"@type\":\"BreadcrumbList\",\"@id\":\"https:\\\/\\\/www.cortecarezzabella.com\\\/it\\\/gift-item-package-booking-form\\\/#breadcrumb\",\"itemListElement\":[{\"@type\":\"ListItem\",\"position\":1,\"name\":\"Home\",\"item\":\"https:\\\/\\\/www.cortecarezzabella.com\\\/it\\\/\"},{\"@type\":\"ListItem\",\"position\":2,\"name\":\"Gift Item\\\/Package Booking Form (test)\"}]},{\"@type\":\"WebSite\",\"@id\":\"https:\\\/\\\/www.cortecarezzabella.com\\\/it\\\/#website\",\"url\":\"https:\\\/\\\/www.cortecarezzabella.com\\\/it\\\/\",\"name\":\"Corte Carezzabella\",\"description\":\"Agriturismo Corte Carezzabella\",\"publisher\":{\"@id\":\"https:\\\/\\\/www.cortecarezzabella.com\\\/it\\\/#organization\"},\"potentialAction\":[{\"@type\":\"SearchAction\",\"target\":{\"@type\":\"EntryPoint\",\"urlTemplate\":\"https:\\\/\\\/www.cortecarezzabella.com\\\/it\\\/?s={search_term_string}\"},\"query-input\":{\"@type\":\"PropertyValueSpecification\",\"valueRequired\":true,\"valueName\":\"search_term_string\"}}],\"inLanguage\":\"it-IT\"},{\"@type\":\"Organization\",\"@id\":\"https:\\\/\\\/www.cortecarezzabella.com\\\/it\\\/#organization\",\"name\":\"IL FRUTTETO DI SAN MARTINO S.S.\",\"url\":\"https:\\\/\\\/www.cortecarezzabella.com\\\/it\\\/\",\"logo\":{\"@type\":\"ImageObject\",\"inLanguage\":\"it-IT\",\"@id\":\"https:\\\/\\\/www.cortecarezzabella.com\\\/it\\\/#\\\/schema\\\/logo\\\/image\\\/\",\"url\":\"https:\\\/\\\/www.cortecarezzabella.com\\\/wp-content\\\/uploads\\\/2020\\\/03\\\/LOGO_laBottega-posta-elttr-piccola.jpg\",\"contentUrl\":\"https:\\\/\\\/www.cortecarezzabella.com\\\/wp-content\\\/uploads\\\/2020\\\/03\\\/LOGO_laBottega-posta-elttr-piccola.jpg\",\"width\":160,\"height\":115,\"caption\":\"IL FRUTTETO DI SAN MARTINO S.S.\"},\"image\":{\"@id\":\"https:\\\/\\\/www.cortecarezzabella.com\\\/it\\\/#\\\/schema\\\/logo\\\/image\\\/\"}}]}<\/script>\n<!-- \/ Yoast SEO plugin. -->","yoast_head_json":{"title":"Gift Item\/Package Booking Form (test)","robots":{"index":"index","follow":"follow","max-snippet":"max-snippet:-1","max-image-preview":"max-image-preview:large","max-video-preview":"max-video-preview:-1"},"canonical":"https:\/\/www.cortecarezzabella.com\/it\/gift-item-package-booking-form\/","og_locale":"it_IT","og_type":"article","og_title":"Gift Item\/Package Booking Form (test)","og_url":"https:\/\/www.cortecarezzabella.com\/it\/gift-item-package-booking-form\/","og_site_name":"Corte Carezzabella","article_modified_time":"2020-10-07T14:39:46+00:00","twitter_card":"summary_large_image","schema":{"@context":"https:\/\/schema.org","@graph":[{"@type":"WebPage","@id":"https:\/\/www.cortecarezzabella.com\/it\/gift-item-package-booking-form\/","url":"https:\/\/www.cortecarezzabella.com\/it\/gift-item-package-booking-form\/","name":"Gift Item\/Package Booking Form (test)","isPartOf":{"@id":"https:\/\/www.cortecarezzabella.com\/it\/#website"},"datePublished":"2020-10-07T14:35:03+00:00","dateModified":"2020-10-07T14:39:46+00:00","breadcrumb":{"@id":"https:\/\/www.cortecarezzabella.com\/it\/gift-item-package-booking-form\/#breadcrumb"},"inLanguage":"it-IT","potentialAction":[{"@type":"ReadAction","target":["https:\/\/www.cortecarezzabella.com\/it\/gift-item-package-booking-form\/"]}]},{"@type":"BreadcrumbList","@id":"https:\/\/www.cortecarezzabella.com\/it\/gift-item-package-booking-form\/#breadcrumb","itemListElement":[{"@type":"ListItem","position":1,"name":"Home","item":"https:\/\/www.cortecarezzabella.com\/it\/"},{"@type":"ListItem","position":2,"name":"Gift Item\/Package Booking Form (test)"}]},{"@type":"WebSite","@id":"https:\/\/www.cortecarezzabella.com\/it\/#website","url":"https:\/\/www.cortecarezzabella.com\/it\/","name":"Corte Carezzabella","description":"Agriturismo Corte Carezzabella","publisher":{"@id":"https:\/\/www.cortecarezzabella.com\/it\/#organization"},"potentialAction":[{"@type":"SearchAction","target":{"@type":"EntryPoint","urlTemplate":"https:\/\/www.cortecarezzabella.com\/it\/?s={search_term_string}"},"query-input":{"@type":"PropertyValueSpecification","valueRequired":true,"valueName":"search_term_string"}}],"inLanguage":"it-IT"},{"@type":"Organization","@id":"https:\/\/www.cortecarezzabella.com\/it\/#organization","name":"IL FRUTTETO DI SAN MARTINO S.S.","url":"https:\/\/www.cortecarezzabella.com\/it\/","logo":{"@type":"ImageObject","inLanguage":"it-IT","@id":"https:\/\/www.cortecarezzabella.com\/it\/#\/schema\/logo\/image\/","url":"https:\/\/www.cortecarezzabella.com\/wp-content\/uploads\/2020\/03\/LOGO_laBottega-posta-elttr-piccola.jpg","contentUrl":"https:\/\/www.cortecarezzabella.com\/wp-content\/uploads\/2020\/03\/LOGO_laBottega-posta-elttr-piccola.jpg","width":160,"height":115,"caption":"IL FRUTTETO DI SAN MARTINO S.S."},"image":{"@id":"https:\/\/www.cortecarezzabella.com\/it\/#\/schema\/logo\/image\/"}}]}},"_links":{"self":[{"href":"https:\/\/www.cortecarezzabella.com\/it\/wp-json\/wp\/v2\/pages\/9183","targetHints":{"allow":["GET"]}}],"collection":[{"href":"https:\/\/www.cortecarezzabella.com\/it\/wp-json\/wp\/v2\/pages"}],"about":[{"href":"https:\/\/www.cortecarezzabella.com\/it\/wp-json\/wp\/v2\/types\/page"}],"author":[{"embeddable":true,"href":"https:\/\/www.cortecarezzabella.com\/it\/wp-json\/wp\/v2\/users\/1"}],"replies":[{"embeddable":true,"href":"https:\/\/www.cortecarezzabella.com\/it\/wp-json\/wp\/v2\/comments?post=9183"}],"version-history":[{"count":2,"href":"https:\/\/www.cortecarezzabella.com\/it\/wp-json\/wp\/v2\/pages\/9183\/revisions"}],"predecessor-version":[{"id":9185,"href":"https:\/\/www.cortecarezzabella.com\/it\/wp-json\/wp\/v2\/pages\/9183\/revisions\/9185"}],"wp:attachment":[{"href":"https:\/\/www.cortecarezzabella.com\/it\/wp-json\/wp\/v2\/media?parent=9183"}],"curies":[{"name":"wp","href":"https:\/\/api.w.org\/{rel}","templated":true}]}}