{"id":791,"date":"2017-06-01T11:42:27","date_gmt":"2017-06-01T09:42:27","guid":{"rendered":"https:\/\/www.cortecarezzabella.com\/?page_id=791\/"},"modified":"2023-02-01T17:28:11","modified_gmt":"2023-02-01T16:28:11","slug":"sala-lettura","status":"publish","type":"page","link":"https:\/\/www.cortecarezzabella.com\/it\/attivita-in-corte\/sala-lettura\/","title":{"rendered":"Sala lettura"},"content":{"rendered":"<h1 style=\"text-align: center;\">&#8211; Sala lettura &#8211;<\/h1>\n<p>La biblioteca \u00e8 un ambiente raccolto ed elegante dove lavorare in completa tranquillit\u00e0, per un massimo di <strong>25-30 persone ed \u00e8 situata al piano terra dell&#8217;agriturismo, con accesso esclusivamente del portico.<\/strong><\/p>\n<p>La Biblioteca era una volta la stanza del fabbro dell\u2019azienda agricola; oggi dell\u2019antico ambiente si \u00e8 mantenuto il vecchio pavimento in trachite e il soffitto con travi in legno. Conserva cos\u00ec&nbsp;<strong>un\u2019atmosfera calda e accogliente<\/strong> e grazie all&#8217;ingresso indipendente direttamente dal portico, garantisce tranquillit\u00e0 e riservatezza. La Biblioteca \u00e8 attrezzata con videoproiettore mobile per proiezione a muro, lavagna a fogli mobili, tende per oscuramento in modo da essere messa a disposizione anche per riunioni private.<\/p>\n<p>Naturalmente \u00e8 anche a disposizione degli ospiti durante il giorno per i momenti di tranquillit\u00e0 in compagnia di un buon libro.<\/p>\n<p>I volumi nella libreria raccontano il nostro territorio, le sue bellezze artistiche ed enogastronomiche e offrono qualche spunto di lettura interessante.<\/p>\n<p>&nbsp;<\/p>\nngg_shortcode_0_placeholder\n","protected":false},"excerpt":{"rendered":"<p>&#8211; Sala lettura &#8211; La biblioteca \u00e8 un ambiente raccolto ed elegante dove lavorare in completa tranquillit\u00e0, per un massimo di 25-30 persone ed \u00e8 situata al piano terra dell&#8217;agriturismo, con accesso esclusivamente del portico. La Biblioteca era una volta la stanza del fabbro dell\u2019azienda agricola; oggi dell\u2019antico ambiente si \u00e8 mantenuto il vecchio pavimento [&hellip;]<\/p>\n","protected":false},"author":1,"featured_media":0,"parent":731,"menu_order":0,"comment_status":"closed","ping_status":"closed","template":"","meta":{"_acf_changed":false,"ngg_post_thumbnail":0,"footnotes":""},"class_list":["post-791","page","type-page","status-publish","hentry"],"acf":[],"yoast_head":"<!-- This site is optimized with the Yoast SEO plugin v27.6 - https:\/\/yoast.com\/product\/yoast-seo-wordpress\/ -->\n<title>Sala lettura<\/title>\n<meta name=\"robots\" content=\"index, follow, max-snippet:-1, max-image-preview:large, max-video-preview:-1\" \/>\n<link rel=\"canonical\" href=\"https:\/\/www.cortecarezzabella.com\/it\/attivita-in-corte\/sala-lettura\/\" \/>\n<meta property=\"og:locale\" content=\"it_IT\" \/>\n<meta property=\"og:type\" content=\"article\" \/>\n<meta property=\"og:title\" content=\"Sala lettura\" \/>\n<meta property=\"og:description\" content=\"&#8211; Sala lettura &#8211; La biblioteca \u00e8 un ambiente raccolto ed elegante dove lavorare in completa tranquillit\u00e0, per un massimo di 25-30 persone ed \u00e8 situata al piano terra dell&#8217;agriturismo, con accesso esclusivamente del portico. La Biblioteca era una volta la stanza del fabbro dell\u2019azienda agricola; oggi dell\u2019antico ambiente si \u00e8 mantenuto il vecchio pavimento [&hellip;]\" \/>\n<meta property=\"og:url\" content=\"https:\/\/www.cortecarezzabella.com\/it\/attivita-in-corte\/sala-lettura\/\" \/>\n<meta property=\"og:site_name\" content=\"Corte Carezzabella\" \/>\n<meta property=\"article:modified_time\" content=\"2023-02-01T16:28:11+00:00\" \/>\n<meta name=\"twitter:card\" content=\"summary_large_image\" \/>\n<meta name=\"twitter:label1\" content=\"Tempo di lettura stimato\" \/>\n\t<meta name=\"twitter:data1\" content=\"1 minuto\" \/>\n<script type=\"application\/ld+json\" class=\"yoast-schema-graph\">{\"@context\":\"https:\\\/\\\/schema.org\",\"@graph\":[{\"@type\":\"WebPage\",\"@id\":\"https:\\\/\\\/www.cortecarezzabella.com\\\/it\\\/attivita-in-corte\\\/sala-lettura\\\/\",\"url\":\"https:\\\/\\\/www.cortecarezzabella.com\\\/it\\\/attivita-in-corte\\\/sala-lettura\\\/\",\"name\":\"Sala lettura\",\"isPartOf\":{\"@id\":\"https:\\\/\\\/www.cortecarezzabella.com\\\/it\\\/#website\"},\"datePublished\":\"2017-06-01T09:42:27+00:00\",\"dateModified\":\"2023-02-01T16:28:11+00:00\",\"breadcrumb\":{\"@id\":\"https:\\\/\\\/www.cortecarezzabella.com\\\/it\\\/attivita-in-corte\\\/sala-lettura\\\/#breadcrumb\"},\"inLanguage\":\"it-IT\",\"potentialAction\":[{\"@type\":\"ReadAction\",\"target\":[\"https:\\\/\\\/www.cortecarezzabella.com\\\/it\\\/attivita-in-corte\\\/sala-lettura\\\/\"]}]},{\"@type\":\"BreadcrumbList\",\"@id\":\"https:\\\/\\\/www.cortecarezzabella.com\\\/it\\\/attivita-in-corte\\\/sala-lettura\\\/#breadcrumb\",\"itemListElement\":[{\"@type\":\"ListItem\",\"position\":1,\"name\":\"Home\",\"item\":\"https:\\\/\\\/www.cortecarezzabella.com\\\/it\\\/\"},{\"@type\":\"ListItem\",\"position\":2,\"name\":\"Attivit\u00e0 in corte\",\"item\":\"https:\\\/\\\/www.cortecarezzabella.com\\\/it\\\/attivita-in-corte\\\/\"},{\"@type\":\"ListItem\",\"position\":3,\"name\":\"Sala lettura\"}]},{\"@type\":\"WebSite\",\"@id\":\"https:\\\/\\\/www.cortecarezzabella.com\\\/it\\\/#website\",\"url\":\"https:\\\/\\\/www.cortecarezzabella.com\\\/it\\\/\",\"name\":\"Corte Carezzabella\",\"description\":\"Agriturismo Corte Carezzabella\",\"publisher\":{\"@id\":\"https:\\\/\\\/www.cortecarezzabella.com\\\/it\\\/#organization\"},\"potentialAction\":[{\"@type\":\"SearchAction\",\"target\":{\"@type\":\"EntryPoint\",\"urlTemplate\":\"https:\\\/\\\/www.cortecarezzabella.com\\\/it\\\/?s={search_term_string}\"},\"query-input\":{\"@type\":\"PropertyValueSpecification\",\"valueRequired\":true,\"valueName\":\"search_term_string\"}}],\"inLanguage\":\"it-IT\"},{\"@type\":\"Organization\",\"@id\":\"https:\\\/\\\/www.cortecarezzabella.com\\\/it\\\/#organization\",\"name\":\"IL FRUTTETO DI SAN MARTINO S.S.\",\"url\":\"https:\\\/\\\/www.cortecarezzabella.com\\\/it\\\/\",\"logo\":{\"@type\":\"ImageObject\",\"inLanguage\":\"it-IT\",\"@id\":\"https:\\\/\\\/www.cortecarezzabella.com\\\/it\\\/#\\\/schema\\\/logo\\\/image\\\/\",\"url\":\"https:\\\/\\\/www.cortecarezzabella.com\\\/wp-content\\\/uploads\\\/2020\\\/03\\\/LOGO_laBottega-posta-elttr-piccola.jpg\",\"contentUrl\":\"https:\\\/\\\/www.cortecarezzabella.com\\\/wp-content\\\/uploads\\\/2020\\\/03\\\/LOGO_laBottega-posta-elttr-piccola.jpg\",\"width\":160,\"height\":115,\"caption\":\"IL FRUTTETO DI SAN MARTINO S.S.\"},\"image\":{\"@id\":\"https:\\\/\\\/www.cortecarezzabella.com\\\/it\\\/#\\\/schema\\\/logo\\\/image\\\/\"}}]}<\/script>\n<!-- \/ Yoast SEO plugin. -->","yoast_head_json":{"title":"Sala lettura","robots":{"index":"index","follow":"follow","max-snippet":"max-snippet:-1","max-image-preview":"max-image-preview:large","max-video-preview":"max-video-preview:-1"},"canonical":"https:\/\/www.cortecarezzabella.com\/it\/attivita-in-corte\/sala-lettura\/","og_locale":"it_IT","og_type":"article","og_title":"Sala lettura","og_description":"&#8211; Sala lettura &#8211; La biblioteca \u00e8 un ambiente raccolto ed elegante dove lavorare in completa tranquillit\u00e0, per un massimo di 25-30 persone ed \u00e8 situata al piano terra dell&#8217;agriturismo, con accesso esclusivamente del portico. La Biblioteca era una volta la stanza del fabbro dell\u2019azienda agricola; oggi dell\u2019antico ambiente si \u00e8 mantenuto il vecchio pavimento [&hellip;]","og_url":"https:\/\/www.cortecarezzabella.com\/it\/attivita-in-corte\/sala-lettura\/","og_site_name":"Corte Carezzabella","article_modified_time":"2023-02-01T16:28:11+00:00","twitter_card":"summary_large_image","twitter_misc":{"Tempo di lettura stimato":"1 minuto"},"schema":{"@context":"https:\/\/schema.org","@graph":[{"@type":"WebPage","@id":"https:\/\/www.cortecarezzabella.com\/it\/attivita-in-corte\/sala-lettura\/","url":"https:\/\/www.cortecarezzabella.com\/it\/attivita-in-corte\/sala-lettura\/","name":"Sala lettura","isPartOf":{"@id":"https:\/\/www.cortecarezzabella.com\/it\/#website"},"datePublished":"2017-06-01T09:42:27+00:00","dateModified":"2023-02-01T16:28:11+00:00","breadcrumb":{"@id":"https:\/\/www.cortecarezzabella.com\/it\/attivita-in-corte\/sala-lettura\/#breadcrumb"},"inLanguage":"it-IT","potentialAction":[{"@type":"ReadAction","target":["https:\/\/www.cortecarezzabella.com\/it\/attivita-in-corte\/sala-lettura\/"]}]},{"@type":"BreadcrumbList","@id":"https:\/\/www.cortecarezzabella.com\/it\/attivita-in-corte\/sala-lettura\/#breadcrumb","itemListElement":[{"@type":"ListItem","position":1,"name":"Home","item":"https:\/\/www.cortecarezzabella.com\/it\/"},{"@type":"ListItem","position":2,"name":"Attivit\u00e0 in corte","item":"https:\/\/www.cortecarezzabella.com\/it\/attivita-in-corte\/"},{"@type":"ListItem","position":3,"name":"Sala lettura"}]},{"@type":"WebSite","@id":"https:\/\/www.cortecarezzabella.com\/it\/#website","url":"https:\/\/www.cortecarezzabella.com\/it\/","name":"Corte Carezzabella","description":"Agriturismo Corte Carezzabella","publisher":{"@id":"https:\/\/www.cortecarezzabella.com\/it\/#organization"},"potentialAction":[{"@type":"SearchAction","target":{"@type":"EntryPoint","urlTemplate":"https:\/\/www.cortecarezzabella.com\/it\/?s={search_term_string}"},"query-input":{"@type":"PropertyValueSpecification","valueRequired":true,"valueName":"search_term_string"}}],"inLanguage":"it-IT"},{"@type":"Organization","@id":"https:\/\/www.cortecarezzabella.com\/it\/#organization","name":"IL FRUTTETO DI SAN MARTINO S.S.","url":"https:\/\/www.cortecarezzabella.com\/it\/","logo":{"@type":"ImageObject","inLanguage":"it-IT","@id":"https:\/\/www.cortecarezzabella.com\/it\/#\/schema\/logo\/image\/","url":"https:\/\/www.cortecarezzabella.com\/wp-content\/uploads\/2020\/03\/LOGO_laBottega-posta-elttr-piccola.jpg","contentUrl":"https:\/\/www.cortecarezzabella.com\/wp-content\/uploads\/2020\/03\/LOGO_laBottega-posta-elttr-piccola.jpg","width":160,"height":115,"caption":"IL FRUTTETO DI SAN MARTINO S.S."},"image":{"@id":"https:\/\/www.cortecarezzabella.com\/it\/#\/schema\/logo\/image\/"}}]}},"_links":{"self":[{"href":"https:\/\/www.cortecarezzabella.com\/it\/wp-json\/wp\/v2\/pages\/791","targetHints":{"allow":["GET"]}}],"collection":[{"href":"https:\/\/www.cortecarezzabella.com\/it\/wp-json\/wp\/v2\/pages"}],"about":[{"href":"https:\/\/www.cortecarezzabella.com\/it\/wp-json\/wp\/v2\/types\/page"}],"author":[{"embeddable":true,"href":"https:\/\/www.cortecarezzabella.com\/it\/wp-json\/wp\/v2\/users\/1"}],"replies":[{"embeddable":true,"href":"https:\/\/www.cortecarezzabella.com\/it\/wp-json\/wp\/v2\/comments?post=791"}],"version-history":[{"count":3,"href":"https:\/\/www.cortecarezzabella.com\/it\/wp-json\/wp\/v2\/pages\/791\/revisions"}],"predecessor-version":[{"id":13137,"href":"https:\/\/www.cortecarezzabella.com\/it\/wp-json\/wp\/v2\/pages\/791\/revisions\/13137"}],"up":[{"embeddable":true,"href":"https:\/\/www.cortecarezzabella.com\/it\/wp-json\/wp\/v2\/pages\/731"}],"wp:attachment":[{"href":"https:\/\/www.cortecarezzabella.com\/it\/wp-json\/wp\/v2\/media?parent=791"}],"curies":[{"name":"wp","href":"https:\/\/api.w.org\/{rel}","templated":true}]}}