{"id":780,"date":"2017-06-01T11:39:57","date_gmt":"2017-06-01T09:39:57","guid":{"rendered":"https:\/\/www.cortecarezzabella.com\/?page_id=780\/"},"modified":"2023-02-01T17:24:05","modified_gmt":"2023-02-01T16:24:05","slug":"sala-meeting","status":"publish","type":"page","link":"https:\/\/www.cortecarezzabella.com\/it\/attivita-in-corte\/sala-meeting\/","title":{"rendered":"Sala meeting"},"content":{"rendered":"\n<h4 class=\"wp-block-heading\"><strong>SALONE GRANAIO<\/strong><\/h4>\n\n\n\n<p>218mq \u2013 un grande spazio meeting con&nbsp;<strong>capienza fino a 100 persone<\/strong>.<\/p>\n\n\n\n<p>Si tratta di un&nbsp;<strong>vecchio granaio con travi a vista e pavimento in legno<\/strong>, al secondo piano del caseggiato. L\u2019ambiente \u00e8 davvero polifunzionale poich\u00e9 si hanno a disposizione pi\u00f9 di&nbsp;200mq di spazio&nbsp;per attivit\u00e0 ed&nbsp;allestimenti di vario genere: &nbsp;seggiole a platea e tavolo centrale per&nbsp;convegni; gruppi di tavoli per workshop o differenti attivit\u00e0; open space con tappetini per&nbsp;corsi di yoga o rilassamento. Il Salone Granaio \u00e8 attrezzato con impianto audio in diffusione, microfono, videoproiettore fisso per proiezione su telo a scomparsa di misure 220 x 165cm, lettore dvd. Servizi igienici al piano<\/p>\n\n\n<h1 style=\"text-align: center;\">&#8211; Sala meeting &#8211;<\/h1>\nngg_shortcode_0_placeholder","protected":false},"excerpt":{"rendered":"<p>SALONE GRANAIO 218mq \u2013 un grande spazio meeting con&nbsp;capienza fino a 100 persone. Si tratta di un&nbsp;vecchio granaio con travi a vista e pavimento in legno, al secondo piano del caseggiato. L\u2019ambiente \u00e8 davvero polifunzionale poich\u00e9 si hanno a disposizione pi\u00f9 di&nbsp;200mq di spazio&nbsp;per attivit\u00e0 ed&nbsp;allestimenti di vario genere: &nbsp;seggiole a platea e tavolo centrale [&hellip;]<\/p>\n","protected":false},"author":1,"featured_media":0,"parent":731,"menu_order":0,"comment_status":"closed","ping_status":"closed","template":"","meta":{"_acf_changed":false,"ngg_post_thumbnail":0,"footnotes":""},"class_list":["post-780","page","type-page","status-publish","hentry"],"acf":[],"yoast_head":"<!-- This site is optimized with the Yoast SEO plugin v27.3 - https:\/\/yoast.com\/product\/yoast-seo-wordpress\/ -->\n<title>Sala meeting<\/title>\n<meta name=\"robots\" content=\"index, follow, max-snippet:-1, max-image-preview:large, max-video-preview:-1\" \/>\n<link rel=\"canonical\" href=\"https:\/\/www.cortecarezzabella.com\/it\/attivita-in-corte\/sala-meeting\/\" \/>\n<meta property=\"og:locale\" content=\"it_IT\" \/>\n<meta property=\"og:type\" content=\"article\" \/>\n<meta property=\"og:title\" content=\"Sala meeting\" \/>\n<meta property=\"og:description\" content=\"SALONE GRANAIO 218mq \u2013 un grande spazio meeting con&nbsp;capienza fino a 100 persone. Si tratta di un&nbsp;vecchio granaio con travi a vista e pavimento in legno, al secondo piano del caseggiato. L\u2019ambiente \u00e8 davvero polifunzionale poich\u00e9 si hanno a disposizione pi\u00f9 di&nbsp;200mq di spazio&nbsp;per attivit\u00e0 ed&nbsp;allestimenti di vario genere: &nbsp;seggiole a platea e tavolo centrale [&hellip;]\" \/>\n<meta property=\"og:url\" content=\"https:\/\/www.cortecarezzabella.com\/it\/attivita-in-corte\/sala-meeting\/\" \/>\n<meta property=\"og:site_name\" content=\"Corte Carezzabella\" \/>\n<meta property=\"article:modified_time\" content=\"2023-02-01T16:24:05+00:00\" \/>\n<meta name=\"twitter:card\" content=\"summary_large_image\" \/>\n<meta name=\"twitter:label1\" content=\"Tempo di lettura stimato\" \/>\n\t<meta name=\"twitter:data1\" content=\"1 minuto\" \/>\n<script type=\"application\/ld+json\" class=\"yoast-schema-graph\">{\"@context\":\"https:\\\/\\\/schema.org\",\"@graph\":[{\"@type\":\"WebPage\",\"@id\":\"https:\\\/\\\/www.cortecarezzabella.com\\\/it\\\/attivita-in-corte\\\/sala-meeting\\\/\",\"url\":\"https:\\\/\\\/www.cortecarezzabella.com\\\/it\\\/attivita-in-corte\\\/sala-meeting\\\/\",\"name\":\"Sala meeting\",\"isPartOf\":{\"@id\":\"https:\\\/\\\/www.cortecarezzabella.com\\\/it\\\/#website\"},\"datePublished\":\"2017-06-01T09:39:57+00:00\",\"dateModified\":\"2023-02-01T16:24:05+00:00\",\"breadcrumb\":{\"@id\":\"https:\\\/\\\/www.cortecarezzabella.com\\\/it\\\/attivita-in-corte\\\/sala-meeting\\\/#breadcrumb\"},\"inLanguage\":\"it-IT\",\"potentialAction\":[{\"@type\":\"ReadAction\",\"target\":[\"https:\\\/\\\/www.cortecarezzabella.com\\\/it\\\/attivita-in-corte\\\/sala-meeting\\\/\"]}]},{\"@type\":\"BreadcrumbList\",\"@id\":\"https:\\\/\\\/www.cortecarezzabella.com\\\/it\\\/attivita-in-corte\\\/sala-meeting\\\/#breadcrumb\",\"itemListElement\":[{\"@type\":\"ListItem\",\"position\":1,\"name\":\"Home\",\"item\":\"https:\\\/\\\/www.cortecarezzabella.com\\\/it\\\/\"},{\"@type\":\"ListItem\",\"position\":2,\"name\":\"Attivit\u00e0 in corte\",\"item\":\"https:\\\/\\\/www.cortecarezzabella.com\\\/it\\\/attivita-in-corte\\\/\"},{\"@type\":\"ListItem\",\"position\":3,\"name\":\"Sala meeting\"}]},{\"@type\":\"WebSite\",\"@id\":\"https:\\\/\\\/www.cortecarezzabella.com\\\/it\\\/#website\",\"url\":\"https:\\\/\\\/www.cortecarezzabella.com\\\/it\\\/\",\"name\":\"Corte Carezzabella\",\"description\":\"Agriturismo Corte Carezzabella\",\"publisher\":{\"@id\":\"https:\\\/\\\/www.cortecarezzabella.com\\\/it\\\/#organization\"},\"potentialAction\":[{\"@type\":\"SearchAction\",\"target\":{\"@type\":\"EntryPoint\",\"urlTemplate\":\"https:\\\/\\\/www.cortecarezzabella.com\\\/it\\\/?s={search_term_string}\"},\"query-input\":{\"@type\":\"PropertyValueSpecification\",\"valueRequired\":true,\"valueName\":\"search_term_string\"}}],\"inLanguage\":\"it-IT\"},{\"@type\":\"Organization\",\"@id\":\"https:\\\/\\\/www.cortecarezzabella.com\\\/it\\\/#organization\",\"name\":\"IL FRUTTETO DI SAN MARTINO S.S.\",\"url\":\"https:\\\/\\\/www.cortecarezzabella.com\\\/it\\\/\",\"logo\":{\"@type\":\"ImageObject\",\"inLanguage\":\"it-IT\",\"@id\":\"https:\\\/\\\/www.cortecarezzabella.com\\\/it\\\/#\\\/schema\\\/logo\\\/image\\\/\",\"url\":\"https:\\\/\\\/www.cortecarezzabella.com\\\/wp-content\\\/uploads\\\/2020\\\/03\\\/LOGO_laBottega-posta-elttr-piccola.jpg\",\"contentUrl\":\"https:\\\/\\\/www.cortecarezzabella.com\\\/wp-content\\\/uploads\\\/2020\\\/03\\\/LOGO_laBottega-posta-elttr-piccola.jpg\",\"width\":160,\"height\":115,\"caption\":\"IL FRUTTETO DI SAN MARTINO S.S.\"},\"image\":{\"@id\":\"https:\\\/\\\/www.cortecarezzabella.com\\\/it\\\/#\\\/schema\\\/logo\\\/image\\\/\"}}]}<\/script>\n<!-- \/ Yoast SEO plugin. -->","yoast_head_json":{"title":"Sala meeting","robots":{"index":"index","follow":"follow","max-snippet":"max-snippet:-1","max-image-preview":"max-image-preview:large","max-video-preview":"max-video-preview:-1"},"canonical":"https:\/\/www.cortecarezzabella.com\/it\/attivita-in-corte\/sala-meeting\/","og_locale":"it_IT","og_type":"article","og_title":"Sala meeting","og_description":"SALONE GRANAIO 218mq \u2013 un grande spazio meeting con&nbsp;capienza fino a 100 persone. Si tratta di un&nbsp;vecchio granaio con travi a vista e pavimento in legno, al secondo piano del caseggiato. L\u2019ambiente \u00e8 davvero polifunzionale poich\u00e9 si hanno a disposizione pi\u00f9 di&nbsp;200mq di spazio&nbsp;per attivit\u00e0 ed&nbsp;allestimenti di vario genere: &nbsp;seggiole a platea e tavolo centrale [&hellip;]","og_url":"https:\/\/www.cortecarezzabella.com\/it\/attivita-in-corte\/sala-meeting\/","og_site_name":"Corte Carezzabella","article_modified_time":"2023-02-01T16:24:05+00:00","twitter_card":"summary_large_image","twitter_misc":{"Tempo di lettura stimato":"1 minuto"},"schema":{"@context":"https:\/\/schema.org","@graph":[{"@type":"WebPage","@id":"https:\/\/www.cortecarezzabella.com\/it\/attivita-in-corte\/sala-meeting\/","url":"https:\/\/www.cortecarezzabella.com\/it\/attivita-in-corte\/sala-meeting\/","name":"Sala meeting","isPartOf":{"@id":"https:\/\/www.cortecarezzabella.com\/it\/#website"},"datePublished":"2017-06-01T09:39:57+00:00","dateModified":"2023-02-01T16:24:05+00:00","breadcrumb":{"@id":"https:\/\/www.cortecarezzabella.com\/it\/attivita-in-corte\/sala-meeting\/#breadcrumb"},"inLanguage":"it-IT","potentialAction":[{"@type":"ReadAction","target":["https:\/\/www.cortecarezzabella.com\/it\/attivita-in-corte\/sala-meeting\/"]}]},{"@type":"BreadcrumbList","@id":"https:\/\/www.cortecarezzabella.com\/it\/attivita-in-corte\/sala-meeting\/#breadcrumb","itemListElement":[{"@type":"ListItem","position":1,"name":"Home","item":"https:\/\/www.cortecarezzabella.com\/it\/"},{"@type":"ListItem","position":2,"name":"Attivit\u00e0 in corte","item":"https:\/\/www.cortecarezzabella.com\/it\/attivita-in-corte\/"},{"@type":"ListItem","position":3,"name":"Sala meeting"}]},{"@type":"WebSite","@id":"https:\/\/www.cortecarezzabella.com\/it\/#website","url":"https:\/\/www.cortecarezzabella.com\/it\/","name":"Corte Carezzabella","description":"Agriturismo Corte Carezzabella","publisher":{"@id":"https:\/\/www.cortecarezzabella.com\/it\/#organization"},"potentialAction":[{"@type":"SearchAction","target":{"@type":"EntryPoint","urlTemplate":"https:\/\/www.cortecarezzabella.com\/it\/?s={search_term_string}"},"query-input":{"@type":"PropertyValueSpecification","valueRequired":true,"valueName":"search_term_string"}}],"inLanguage":"it-IT"},{"@type":"Organization","@id":"https:\/\/www.cortecarezzabella.com\/it\/#organization","name":"IL FRUTTETO DI SAN MARTINO S.S.","url":"https:\/\/www.cortecarezzabella.com\/it\/","logo":{"@type":"ImageObject","inLanguage":"it-IT","@id":"https:\/\/www.cortecarezzabella.com\/it\/#\/schema\/logo\/image\/","url":"https:\/\/www.cortecarezzabella.com\/wp-content\/uploads\/2020\/03\/LOGO_laBottega-posta-elttr-piccola.jpg","contentUrl":"https:\/\/www.cortecarezzabella.com\/wp-content\/uploads\/2020\/03\/LOGO_laBottega-posta-elttr-piccola.jpg","width":160,"height":115,"caption":"IL FRUTTETO DI SAN MARTINO S.S."},"image":{"@id":"https:\/\/www.cortecarezzabella.com\/it\/#\/schema\/logo\/image\/"}}]}},"_links":{"self":[{"href":"https:\/\/www.cortecarezzabella.com\/it\/wp-json\/wp\/v2\/pages\/780","targetHints":{"allow":["GET"]}}],"collection":[{"href":"https:\/\/www.cortecarezzabella.com\/it\/wp-json\/wp\/v2\/pages"}],"about":[{"href":"https:\/\/www.cortecarezzabella.com\/it\/wp-json\/wp\/v2\/types\/page"}],"author":[{"embeddable":true,"href":"https:\/\/www.cortecarezzabella.com\/it\/wp-json\/wp\/v2\/users\/1"}],"replies":[{"embeddable":true,"href":"https:\/\/www.cortecarezzabella.com\/it\/wp-json\/wp\/v2\/comments?post=780"}],"version-history":[{"count":5,"href":"https:\/\/www.cortecarezzabella.com\/it\/wp-json\/wp\/v2\/pages\/780\/revisions"}],"predecessor-version":[{"id":13135,"href":"https:\/\/www.cortecarezzabella.com\/it\/wp-json\/wp\/v2\/pages\/780\/revisions\/13135"}],"up":[{"embeddable":true,"href":"https:\/\/www.cortecarezzabella.com\/it\/wp-json\/wp\/v2\/pages\/731"}],"wp:attachment":[{"href":"https:\/\/www.cortecarezzabella.com\/it\/wp-json\/wp\/v2\/media?parent=780"}],"curies":[{"name":"wp","href":"https:\/\/api.w.org\/{rel}","templated":true}]}}