{"id":369,"date":"2017-05-18T11:26:09","date_gmt":"2017-05-18T09:26:09","guid":{"rendered":"https:\/\/www.cortecarezzabella.com\/?page_id=369\/"},"modified":"2020-11-01T08:29:00","modified_gmt":"2020-11-01T07:29:00","slug":"prezzi-e-prenotazioni","status":"publish","type":"page","link":"https:\/\/www.cortecarezzabella.com\/it\/prezzi-e-prenotazioni\/","title":{"rendered":"Tariffe camere Suite o Standard"},"content":{"rendered":"<h1>&#8211; Prezzi e prenotazioni &#8211;<\/h1>\n<h2 class=\"text-center\">Camere Suite e Standard<\/h2>\n<h4><strong>Bassa Stagione &#8211;&nbsp;<\/strong><strong>Da Ottobre&nbsp; a&nbsp; Marzo&nbsp;<\/strong><\/h4>\n<h4>Camera Suite o Standard doppia per due persone&nbsp;<\/h4>\n<ul>\n<li>Trattamento B&amp;B<\/li>\n<li>A partire da <strong>74,00\u20ac\/<\/strong>notte<\/li>\n<\/ul>\n<h4>Camera Suite o Standard doppia uso singolo&nbsp;<\/h4>\n<ul>\n<li>Trattamento B&amp;B<\/li>\n<li>A partire da <strong>54,00\u20ac\/<\/strong>notte<\/li>\n<\/ul>\n<h4><strong>Media Stagione &#8211; Dal met\u00e0 Marzo al fine giugno Giugno e dal&nbsp; Settembre a met\u00e0 Ottobre<\/strong><\/h4>\n<h4>Camera Suite o Standard doppia per due persone&nbsp;<\/h4>\n<ul>\n<li>Trattamento B&amp;B con riassetto quotidiano<\/li>\n<li>Dagli <strong>80,00\u20ac ai 90,00\u20ac\/<\/strong>notte<\/li>\n<\/ul>\n<h4>Camera Suite o Standard doppia uso singolo&nbsp;<\/h4>\n<ul>\n<li>Trattamento B&amp;B con riassetto quotidiano<\/li>\n<li>A partire da <strong>\u20ac60,00<\/strong>\/notte<\/li>\n<\/ul>\n<h4><strong>Alta Stagione &#8211; Da fine Giugno a Settembre&nbsp;<\/strong><\/h4>\n<h4>Camera Suite o Standard doppia per due persone&nbsp;<\/h4>\n<ul>\n<li>Trattamento B&amp;B con riassetto quotidiano<\/li>\n<li>A partire da <strong>\u20ac90,00<\/strong>\/notte<\/li>\n<\/ul>\n<h4>Camera Suite o Standard doppia uso singolo&nbsp;<\/h4>\n<ul>\n<li>Trattamento B&amp;B con riassetto quotidiano<\/li>\n<li>A partire da <strong>\u20ac65,00<\/strong>\/notte<\/li>\n<\/ul>\n<h2>Condizioni generali<\/h2>\n<ul>\n<li>Lettino\/Culla 0-3 anni: <strong>Gratis<\/strong><\/li>\n<li>Letto singolo bambini 4-12 anni: <strong>\u20ac15,00\/notte<\/strong><\/li>\n<li>Letto singolo over 12 \/adulto: <strong>\u20ac25,00\/notte&nbsp;<\/strong><\/li>\n<\/ul>\n<p><strong>Per prenotare potete cliccare direttamente su questo link https:\/\/wubook.net\/wbkd\/wbk\/?lcode=1580209506&amp;dfrom=&amp;dto=&amp;occupancies=&amp;dcode=<\/strong><\/p>\n<hr>\n<p><small>Le tariffe elencate sono modulabili a seconda del riempimento della struttura, a discrezione del gestore. Consultando le offerte in home page si potranno trovare sconti e promozioni nei diversi periodi dell&#8217;anno.<\/small><\/p>\n<p>Il trattamento B&amp;B comprende:<br \/>\n&#8211; la prima colazione a buffet servita nelle sale comuni, con prodotti artigianali e fatti in casa a partire dalle materie prime dell&#8217;azienda agricola<\/p>\n<p>Per riassetto quotidiano si intende:<br \/>\n&#8211; il riassetto quotidiano della camera con pulizia generale. Il cambio asciugamani \u00e8 garantito ogni 3\/4 giorni a seconda della durata del soggiorno, mentre il cambio lenzuola avviene ogni 7 giorni, salvo richiesta esplicita soggetta a supplemento.&nbsp;<\/p>\n<p>Tutte le tariffe comprendono:&nbsp;<\/p>\n<ul>\n<li style=\"list-style-type: none;\">\n<ul>\n<li>la connessione wifi<\/li>\n<li>l&#8217;uso della piscina esterna aperta da maggio a settembre.<\/li>\n<li>l&#8217;uso degli ambienti comuni interni ed esterni&nbsp;<\/li>\n<\/ul>\n<\/li>\n<\/ul>\n<hr>\n<p style=\"text-align: left;\"><span style=\"font-size: 14px;\"><strong>Alloggio gruppi:<\/strong><\/span><\/p>\n<p style=\"text-align: left;\"><span style=\"font-size: 12px;\">Per la sistemazione di un numero elevato di persone appartenenti ad un unico gruppo, \u00e8 possibile concedere l&#8217;uso degli appartamenti con lo stesso trattamento delle camere ( soggiorno di breve durata, colazione e riassetto quotidiano). Si consideri allora che gli appartamenti bilocali possono costituire due unit\u00e0 d&#8217;alloggio separate, poich\u00e8 viene chiusa la porta di comunicazione. Con questa tipologia di utilizzo, la struttura \u00e8 in grado di offrire 16 unit\u00e0 d&#8217;alloggio.<\/span><\/p>\n<p style=\"text-align: left;\"><span style=\"font-size: 12px;\">I preventivi per i gruppi numerosi vengono sempre personalizzati a seconda del tipo di trattamento e di servizi richiesti. Si invita a contattare direttamente la struttura per ricevere un&#8217;offerta economica.<\/span><\/p>\n<p style=\"text-align: left;\"><span style=\"font-size: 14px;\"><strong>Alloggio animali domestici:<\/strong><\/span><\/p>\n<p style=\"text-align: left;\"><span style=\"font-size: 12px;\">Gli animali domestici sono ammessi e benvenuti in agriturismo. Chiediamo ai proprietari di dotarsi sempre di una cuccia o cuscino per l&#8217;alloggio e di sentirsi responsabili del buon comportamento e del rispetto verso cose e persone del proprio animale. E&#8217; richiesto un contributo per le pulizie supplementari di \u20ac5,00 a notte per camere e appartamenti monolocali; \u20ac10,00 a notte per gli appartamenti bilocale.&nbsp;<\/span><span style=\"font-size: 12px;\">Gli amici animali non sono ammessi nella sala ristorazione.<\/span><\/p>\n<p style=\"text-align: left;\"><span style=\"font-size: 12px;\">Il gestore si riserva tuttavia di decidere in modo arbitrario se accogliere o meno gli animali nella struttura.<\/span><\/p>\n<p style=\"text-align: left;\"><span style=\"font-size: 14px;\"><strong>Condizioni di prenotazione:<\/strong><\/span><br \/>\n<span style=\"font-size: 12px;\">Per tutte le tipologie di alloggio, al momento della prenotazione \u00e8 richiesta la compilazione di una rapida scheda anagrafica ed il pagamento di un acconto pari al 30% del totale che potr\u00e0 essere saldato tramite bonifico o prelievo da carta di credito. Il pagamento dell&#8217;acconto confirmatorio \u00e8 obbligatorio per garantire la prenotazione e generalmente non rimborsabile.<\/span><\/p>\n<p style=\"text-align: left;\"><span style=\"font-size: 12px;\">Il saldo avviene a fine soggiorno tramite pagamento in contanti o bancomat \/ carta di credito ( non accettiamo American Express).<\/span><\/p>\n<p><span style=\"font-size: 12px;\">Consulta la nostra <a href=\"https:\/\/www.cortecarezzabella.com\/wp-content\/uploads\/2017\/05\/POLITICA-DI-CANCELLAZIONE.pdf\">POLITICA DI CANCELLAZIONE<\/a><\/span><\/p>\n","protected":false},"excerpt":{"rendered":"<p>&#8211; Prezzi e prenotazioni &#8211; Camere Suite e Standard Bassa Stagione &#8211;&nbsp;Da Ottobre&nbsp; a&nbsp; Marzo&nbsp; Camera Suite o Standard doppia per due persone&nbsp; Trattamento B&amp;B A partire da 74,00\u20ac\/notte Camera Suite o Standard doppia uso singolo&nbsp; Trattamento B&amp;B A partire da 54,00\u20ac\/notte Media Stagione &#8211; Dal met\u00e0 Marzo al fine giugno Giugno e dal&nbsp; Settembre [&hellip;]<\/p>\n","protected":false},"author":1,"featured_media":0,"parent":0,"menu_order":0,"comment_status":"closed","ping_status":"closed","template":"","meta":{"_acf_changed":false,"ngg_post_thumbnail":0,"footnotes":""},"class_list":["post-369","page","type-page","status-publish","hentry"],"acf":[],"yoast_head":"<!-- This site is optimized with the Yoast SEO plugin v27.5 - https:\/\/yoast.com\/product\/yoast-seo-wordpress\/ -->\n<title>Tariffe camere Suite o Standard<\/title>\n<meta name=\"robots\" content=\"index, follow, max-snippet:-1, max-image-preview:large, max-video-preview:-1\" \/>\n<link rel=\"canonical\" href=\"https:\/\/www.cortecarezzabella.com\/it\/prezzi-e-prenotazioni\/\" \/>\n<meta property=\"og:locale\" content=\"it_IT\" \/>\n<meta property=\"og:type\" content=\"article\" \/>\n<meta property=\"og:title\" content=\"Tariffe camere Suite o Standard\" \/>\n<meta property=\"og:description\" content=\"&#8211; Prezzi e prenotazioni &#8211; Camere Suite e Standard Bassa Stagione &#8211;&nbsp;Da Ottobre&nbsp; a&nbsp; Marzo&nbsp; Camera Suite o Standard doppia per due persone&nbsp; Trattamento B&amp;B A partire da 74,00\u20ac\/notte Camera Suite o Standard doppia uso singolo&nbsp; Trattamento B&amp;B A partire da 54,00\u20ac\/notte Media Stagione &#8211; Dal met\u00e0 Marzo al fine giugno Giugno e dal&nbsp; Settembre [&hellip;]\" \/>\n<meta property=\"og:url\" content=\"https:\/\/www.cortecarezzabella.com\/it\/prezzi-e-prenotazioni\/\" \/>\n<meta property=\"og:site_name\" content=\"Corte Carezzabella\" \/>\n<meta property=\"article:modified_time\" content=\"2020-11-01T07:29:00+00:00\" \/>\n<meta name=\"twitter:card\" content=\"summary_large_image\" \/>\n<meta name=\"twitter:label1\" content=\"Tempo di lettura stimato\" \/>\n\t<meta name=\"twitter:data1\" content=\"3 minuti\" \/>\n<script type=\"application\/ld+json\" class=\"yoast-schema-graph\">{\"@context\":\"https:\\\/\\\/schema.org\",\"@graph\":[{\"@type\":\"WebPage\",\"@id\":\"https:\\\/\\\/www.cortecarezzabella.com\\\/it\\\/prezzi-e-prenotazioni\\\/\",\"url\":\"https:\\\/\\\/www.cortecarezzabella.com\\\/it\\\/prezzi-e-prenotazioni\\\/\",\"name\":\"Tariffe camere Suite o Standard\",\"isPartOf\":{\"@id\":\"https:\\\/\\\/www.cortecarezzabella.com\\\/it\\\/#website\"},\"datePublished\":\"2017-05-18T09:26:09+00:00\",\"dateModified\":\"2020-11-01T07:29:00+00:00\",\"breadcrumb\":{\"@id\":\"https:\\\/\\\/www.cortecarezzabella.com\\\/it\\\/prezzi-e-prenotazioni\\\/#breadcrumb\"},\"inLanguage\":\"it-IT\",\"potentialAction\":[{\"@type\":\"ReadAction\",\"target\":[\"https:\\\/\\\/www.cortecarezzabella.com\\\/it\\\/prezzi-e-prenotazioni\\\/\"]}]},{\"@type\":\"BreadcrumbList\",\"@id\":\"https:\\\/\\\/www.cortecarezzabella.com\\\/it\\\/prezzi-e-prenotazioni\\\/#breadcrumb\",\"itemListElement\":[{\"@type\":\"ListItem\",\"position\":1,\"name\":\"Home\",\"item\":\"https:\\\/\\\/www.cortecarezzabella.com\\\/it\\\/\"},{\"@type\":\"ListItem\",\"position\":2,\"name\":\"Tariffe camere Suite o Standard\"}]},{\"@type\":\"WebSite\",\"@id\":\"https:\\\/\\\/www.cortecarezzabella.com\\\/it\\\/#website\",\"url\":\"https:\\\/\\\/www.cortecarezzabella.com\\\/it\\\/\",\"name\":\"Corte Carezzabella\",\"description\":\"Agriturismo Corte Carezzabella\",\"publisher\":{\"@id\":\"https:\\\/\\\/www.cortecarezzabella.com\\\/it\\\/#organization\"},\"potentialAction\":[{\"@type\":\"SearchAction\",\"target\":{\"@type\":\"EntryPoint\",\"urlTemplate\":\"https:\\\/\\\/www.cortecarezzabella.com\\\/it\\\/?s={search_term_string}\"},\"query-input\":{\"@type\":\"PropertyValueSpecification\",\"valueRequired\":true,\"valueName\":\"search_term_string\"}}],\"inLanguage\":\"it-IT\"},{\"@type\":\"Organization\",\"@id\":\"https:\\\/\\\/www.cortecarezzabella.com\\\/it\\\/#organization\",\"name\":\"IL FRUTTETO DI SAN MARTINO S.S.\",\"url\":\"https:\\\/\\\/www.cortecarezzabella.com\\\/it\\\/\",\"logo\":{\"@type\":\"ImageObject\",\"inLanguage\":\"it-IT\",\"@id\":\"https:\\\/\\\/www.cortecarezzabella.com\\\/it\\\/#\\\/schema\\\/logo\\\/image\\\/\",\"url\":\"https:\\\/\\\/www.cortecarezzabella.com\\\/wp-content\\\/uploads\\\/2020\\\/03\\\/LOGO_laBottega-posta-elttr-piccola.jpg\",\"contentUrl\":\"https:\\\/\\\/www.cortecarezzabella.com\\\/wp-content\\\/uploads\\\/2020\\\/03\\\/LOGO_laBottega-posta-elttr-piccola.jpg\",\"width\":160,\"height\":115,\"caption\":\"IL FRUTTETO DI SAN MARTINO S.S.\"},\"image\":{\"@id\":\"https:\\\/\\\/www.cortecarezzabella.com\\\/it\\\/#\\\/schema\\\/logo\\\/image\\\/\"}}]}<\/script>\n<!-- \/ Yoast SEO plugin. -->","yoast_head_json":{"title":"Tariffe camere Suite o Standard","robots":{"index":"index","follow":"follow","max-snippet":"max-snippet:-1","max-image-preview":"max-image-preview:large","max-video-preview":"max-video-preview:-1"},"canonical":"https:\/\/www.cortecarezzabella.com\/it\/prezzi-e-prenotazioni\/","og_locale":"it_IT","og_type":"article","og_title":"Tariffe camere Suite o Standard","og_description":"&#8211; Prezzi e prenotazioni &#8211; Camere Suite e Standard Bassa Stagione &#8211;&nbsp;Da Ottobre&nbsp; a&nbsp; Marzo&nbsp; Camera Suite o Standard doppia per due persone&nbsp; Trattamento B&amp;B A partire da 74,00\u20ac\/notte Camera Suite o Standard doppia uso singolo&nbsp; Trattamento B&amp;B A partire da 54,00\u20ac\/notte Media Stagione &#8211; Dal met\u00e0 Marzo al fine giugno Giugno e dal&nbsp; Settembre [&hellip;]","og_url":"https:\/\/www.cortecarezzabella.com\/it\/prezzi-e-prenotazioni\/","og_site_name":"Corte Carezzabella","article_modified_time":"2020-11-01T07:29:00+00:00","twitter_card":"summary_large_image","twitter_misc":{"Tempo di lettura stimato":"3 minuti"},"schema":{"@context":"https:\/\/schema.org","@graph":[{"@type":"WebPage","@id":"https:\/\/www.cortecarezzabella.com\/it\/prezzi-e-prenotazioni\/","url":"https:\/\/www.cortecarezzabella.com\/it\/prezzi-e-prenotazioni\/","name":"Tariffe camere Suite o Standard","isPartOf":{"@id":"https:\/\/www.cortecarezzabella.com\/it\/#website"},"datePublished":"2017-05-18T09:26:09+00:00","dateModified":"2020-11-01T07:29:00+00:00","breadcrumb":{"@id":"https:\/\/www.cortecarezzabella.com\/it\/prezzi-e-prenotazioni\/#breadcrumb"},"inLanguage":"it-IT","potentialAction":[{"@type":"ReadAction","target":["https:\/\/www.cortecarezzabella.com\/it\/prezzi-e-prenotazioni\/"]}]},{"@type":"BreadcrumbList","@id":"https:\/\/www.cortecarezzabella.com\/it\/prezzi-e-prenotazioni\/#breadcrumb","itemListElement":[{"@type":"ListItem","position":1,"name":"Home","item":"https:\/\/www.cortecarezzabella.com\/it\/"},{"@type":"ListItem","position":2,"name":"Tariffe camere Suite o Standard"}]},{"@type":"WebSite","@id":"https:\/\/www.cortecarezzabella.com\/it\/#website","url":"https:\/\/www.cortecarezzabella.com\/it\/","name":"Corte Carezzabella","description":"Agriturismo Corte Carezzabella","publisher":{"@id":"https:\/\/www.cortecarezzabella.com\/it\/#organization"},"potentialAction":[{"@type":"SearchAction","target":{"@type":"EntryPoint","urlTemplate":"https:\/\/www.cortecarezzabella.com\/it\/?s={search_term_string}"},"query-input":{"@type":"PropertyValueSpecification","valueRequired":true,"valueName":"search_term_string"}}],"inLanguage":"it-IT"},{"@type":"Organization","@id":"https:\/\/www.cortecarezzabella.com\/it\/#organization","name":"IL FRUTTETO DI SAN MARTINO S.S.","url":"https:\/\/www.cortecarezzabella.com\/it\/","logo":{"@type":"ImageObject","inLanguage":"it-IT","@id":"https:\/\/www.cortecarezzabella.com\/it\/#\/schema\/logo\/image\/","url":"https:\/\/www.cortecarezzabella.com\/wp-content\/uploads\/2020\/03\/LOGO_laBottega-posta-elttr-piccola.jpg","contentUrl":"https:\/\/www.cortecarezzabella.com\/wp-content\/uploads\/2020\/03\/LOGO_laBottega-posta-elttr-piccola.jpg","width":160,"height":115,"caption":"IL FRUTTETO DI SAN MARTINO S.S."},"image":{"@id":"https:\/\/www.cortecarezzabella.com\/it\/#\/schema\/logo\/image\/"}}]}},"_links":{"self":[{"href":"https:\/\/www.cortecarezzabella.com\/it\/wp-json\/wp\/v2\/pages\/369","targetHints":{"allow":["GET"]}}],"collection":[{"href":"https:\/\/www.cortecarezzabella.com\/it\/wp-json\/wp\/v2\/pages"}],"about":[{"href":"https:\/\/www.cortecarezzabella.com\/it\/wp-json\/wp\/v2\/types\/page"}],"author":[{"embeddable":true,"href":"https:\/\/www.cortecarezzabella.com\/it\/wp-json\/wp\/v2\/users\/1"}],"replies":[{"embeddable":true,"href":"https:\/\/www.cortecarezzabella.com\/it\/wp-json\/wp\/v2\/comments?post=369"}],"version-history":[{"count":33,"href":"https:\/\/www.cortecarezzabella.com\/it\/wp-json\/wp\/v2\/pages\/369\/revisions"}],"predecessor-version":[{"id":9419,"href":"https:\/\/www.cortecarezzabella.com\/it\/wp-json\/wp\/v2\/pages\/369\/revisions\/9419"}],"wp:attachment":[{"href":"https:\/\/www.cortecarezzabella.com\/it\/wp-json\/wp\/v2\/media?parent=369"}],"curies":[{"name":"wp","href":"https:\/\/api.w.org\/{rel}","templated":true}]}}