{"id":3397,"date":"2017-12-20T12:54:13","date_gmt":"2017-12-20T11:54:13","guid":{"rendered":"https:\/\/www.cortecarezzabella.com\/?page_id=3397\/"},"modified":"2021-03-05T12:34:54","modified_gmt":"2021-03-05T11:34:54","slug":"camere-suite","status":"publish","type":"page","link":"https:\/\/www.cortecarezzabella.com\/it\/camere-suite\/","title":{"rendered":"Camere Suite"},"content":{"rendered":"<h1 style=\"text-align: center;\">&#8211; Le nostre Camere &#8211;<\/h1>\n<p style=\"text-align: left;\"><span style=\"font-size: 24px;\"><strong>Camera Suite&nbsp;<\/strong><\/span><\/p>\n<p>Pi\u00f9 che una semplice camera, si tratta di un <strong>monolocale<\/strong> in cui lo spazio \u00e8 suddiviso in altezza da un soppalco mansardato, dove si trova la zona notte. La zona giorno al piano di ingresso \u00e8 arredato con cura, con divanetto o poltrone, tavolo, televisione ed un ampio bagno privato con doccia.<\/p>\n<p>Per questo le suite sono adatte per una <strong>fuga romantica<\/strong> di un solo weekend come per un <strong>soggiorno prolungato per<\/strong>&nbsp;<strong>tutta la famiglia<\/strong>.<\/p>\n<p>Abbiamo infatti previsto che in alcune suite sia possibile l&#8217;aggiunta di uno o due letti singoli nella zona giorno, al posto del divano, per poter alloggiare insieme tutta la famiglia o un gruppo di amici.&nbsp;<\/p>\n<p><span style=\"text-decoration: underline;\"> Dotazioni di servizio:&nbsp;<\/span><\/p>\n<p>Bagno con doccia e asciugacapelli<br \/>\nAria condizionata e riscaldamento autonomi<br \/>\nWi-Fi<br \/>\nTelevisione lcd<br \/>\nTelefono per chiamate interne<br \/>\nPiccolo frigorifero e bollitore<br \/>\n&nbsp;<\/p>\n<h2>PREZZI<\/h2>\n<p>Per conoscere i <strong>prezzi<\/strong> aggiornati puoi cliccare direttamente in questo link da cui sar\u00e0 possibile prenotare al miglior prezzo.<\/p>\n<p><strong>Clicca su questo link&nbsp;<a href=\"https:\/\/wubook.net\/wbkd\/wbk\/?lcode=1580209506&amp;dfrom=&amp;dto=&amp;occupancies=&amp;dcode=\">https:\/\/wubook.net\/wbkd\/wbk\/?lcode=1580209506&amp;dfrom=&amp;dto=&amp;occupancies=&amp;dcode=<\/a><\/strong><\/p>\n<p>&nbsp;<\/p>\n<hr>\n<p><span style=\"font-size: 14px;\">Consulta le <a href=\"https:\/\/www.cortecarezzabella.com\/wp-content\/uploads\/2017\/12\/CONDIZIONI-GENERALI.pdf\">CONDIZIONI GENERALI<\/a> e la <a href=\"https:\/\/www.cortecarezzabella.com\/wp-content\/uploads\/2017\/05\/POLITICA-DI-CANCELLAZIONE.pdf\">POLITICA DI CANCELLAZIONE<\/a>.&nbsp;<\/span><\/p>\nngg_shortcode_0_placeholder\n","protected":false},"excerpt":{"rendered":"<p>&#8211; Le nostre Camere &#8211; Camera Suite&nbsp; Pi\u00f9 che una semplice camera, si tratta di un monolocale in cui lo spazio \u00e8 suddiviso in altezza da un soppalco mansardato, dove si trova la zona notte. La zona giorno al piano di ingresso \u00e8 arredato con cura, con divanetto o poltrone, tavolo, televisione ed un ampio [&hellip;]<\/p>\n","protected":false},"author":2,"featured_media":4584,"parent":0,"menu_order":0,"comment_status":"closed","ping_status":"closed","template":"page-camere.php","meta":{"_acf_changed":false,"ngg_post_thumbnail":0,"footnotes":""},"class_list":["post-3397","page","type-page","status-publish","has-post-thumbnail","hentry"],"acf":[],"yoast_head":"<!-- This site is optimized with the Yoast SEO plugin v27.5 - https:\/\/yoast.com\/product\/yoast-seo-wordpress\/ -->\n<title>Camere Suite<\/title>\n<meta name=\"robots\" content=\"index, follow, max-snippet:-1, max-image-preview:large, max-video-preview:-1\" \/>\n<link rel=\"canonical\" href=\"https:\/\/www.cortecarezzabella.com\/it\/camere-suite\/\" \/>\n<meta property=\"og:locale\" content=\"it_IT\" \/>\n<meta property=\"og:type\" content=\"article\" \/>\n<meta property=\"og:title\" content=\"Camere Suite\" \/>\n<meta property=\"og:description\" content=\"&#8211; Le nostre Camere &#8211; Camera Suite&nbsp; Pi\u00f9 che una semplice camera, si tratta di un monolocale in cui lo spazio \u00e8 suddiviso in altezza da un soppalco mansardato, dove si trova la zona notte. La zona giorno al piano di ingresso \u00e8 arredato con cura, con divanetto o poltrone, tavolo, televisione ed un ampio [&hellip;]\" \/>\n<meta property=\"og:url\" content=\"https:\/\/www.cortecarezzabella.com\/it\/camere-suite\/\" \/>\n<meta property=\"og:site_name\" content=\"Corte Carezzabella\" \/>\n<meta property=\"article:modified_time\" content=\"2021-03-05T11:34:54+00:00\" \/>\n<meta property=\"og:image\" content=\"https:\/\/www.cortecarezzabella.com\/wp-content\/uploads\/2018\/05\/IMG_4155-copy.jpg\" \/>\n\t<meta property=\"og:image:width\" content=\"1600\" \/>\n\t<meta property=\"og:image:height\" content=\"1067\" \/>\n\t<meta property=\"og:image:type\" content=\"image\/jpeg\" \/>\n<meta name=\"twitter:card\" content=\"summary_large_image\" \/>\n<meta name=\"twitter:label1\" content=\"Tempo di lettura stimato\" \/>\n\t<meta name=\"twitter:data1\" content=\"1 minuto\" \/>\n<script type=\"application\/ld+json\" class=\"yoast-schema-graph\">{\"@context\":\"https:\\\/\\\/schema.org\",\"@graph\":[{\"@type\":\"WebPage\",\"@id\":\"https:\\\/\\\/www.cortecarezzabella.com\\\/it\\\/camere-suite\\\/\",\"url\":\"https:\\\/\\\/www.cortecarezzabella.com\\\/it\\\/camere-suite\\\/\",\"name\":\"Camere Suite\",\"isPartOf\":{\"@id\":\"https:\\\/\\\/www.cortecarezzabella.com\\\/it\\\/#website\"},\"primaryImageOfPage\":{\"@id\":\"https:\\\/\\\/www.cortecarezzabella.com\\\/it\\\/camere-suite\\\/#primaryimage\"},\"image\":{\"@id\":\"https:\\\/\\\/www.cortecarezzabella.com\\\/it\\\/camere-suite\\\/#primaryimage\"},\"thumbnailUrl\":\"https:\\\/\\\/www.cortecarezzabella.com\\\/wp-content\\\/uploads\\\/2018\\\/05\\\/IMG_4155-copy.jpg\",\"datePublished\":\"2017-12-20T11:54:13+00:00\",\"dateModified\":\"2021-03-05T11:34:54+00:00\",\"breadcrumb\":{\"@id\":\"https:\\\/\\\/www.cortecarezzabella.com\\\/it\\\/camere-suite\\\/#breadcrumb\"},\"inLanguage\":\"it-IT\",\"potentialAction\":[{\"@type\":\"ReadAction\",\"target\":[\"https:\\\/\\\/www.cortecarezzabella.com\\\/it\\\/camere-suite\\\/\"]}]},{\"@type\":\"ImageObject\",\"inLanguage\":\"it-IT\",\"@id\":\"https:\\\/\\\/www.cortecarezzabella.com\\\/it\\\/camere-suite\\\/#primaryimage\",\"url\":\"https:\\\/\\\/www.cortecarezzabella.com\\\/wp-content\\\/uploads\\\/2018\\\/05\\\/IMG_4155-copy.jpg\",\"contentUrl\":\"https:\\\/\\\/www.cortecarezzabella.com\\\/wp-content\\\/uploads\\\/2018\\\/05\\\/IMG_4155-copy.jpg\",\"width\":1600,\"height\":1067},{\"@type\":\"BreadcrumbList\",\"@id\":\"https:\\\/\\\/www.cortecarezzabella.com\\\/it\\\/camere-suite\\\/#breadcrumb\",\"itemListElement\":[{\"@type\":\"ListItem\",\"position\":1,\"name\":\"Home\",\"item\":\"https:\\\/\\\/www.cortecarezzabella.com\\\/it\\\/\"},{\"@type\":\"ListItem\",\"position\":2,\"name\":\"Camere Suite\"}]},{\"@type\":\"WebSite\",\"@id\":\"https:\\\/\\\/www.cortecarezzabella.com\\\/it\\\/#website\",\"url\":\"https:\\\/\\\/www.cortecarezzabella.com\\\/it\\\/\",\"name\":\"Corte Carezzabella\",\"description\":\"Agriturismo Corte Carezzabella\",\"publisher\":{\"@id\":\"https:\\\/\\\/www.cortecarezzabella.com\\\/it\\\/#organization\"},\"potentialAction\":[{\"@type\":\"SearchAction\",\"target\":{\"@type\":\"EntryPoint\",\"urlTemplate\":\"https:\\\/\\\/www.cortecarezzabella.com\\\/it\\\/?s={search_term_string}\"},\"query-input\":{\"@type\":\"PropertyValueSpecification\",\"valueRequired\":true,\"valueName\":\"search_term_string\"}}],\"inLanguage\":\"it-IT\"},{\"@type\":\"Organization\",\"@id\":\"https:\\\/\\\/www.cortecarezzabella.com\\\/it\\\/#organization\",\"name\":\"IL FRUTTETO DI SAN MARTINO S.S.\",\"url\":\"https:\\\/\\\/www.cortecarezzabella.com\\\/it\\\/\",\"logo\":{\"@type\":\"ImageObject\",\"inLanguage\":\"it-IT\",\"@id\":\"https:\\\/\\\/www.cortecarezzabella.com\\\/it\\\/#\\\/schema\\\/logo\\\/image\\\/\",\"url\":\"https:\\\/\\\/www.cortecarezzabella.com\\\/wp-content\\\/uploads\\\/2020\\\/03\\\/LOGO_laBottega-posta-elttr-piccola.jpg\",\"contentUrl\":\"https:\\\/\\\/www.cortecarezzabella.com\\\/wp-content\\\/uploads\\\/2020\\\/03\\\/LOGO_laBottega-posta-elttr-piccola.jpg\",\"width\":160,\"height\":115,\"caption\":\"IL FRUTTETO DI SAN MARTINO S.S.\"},\"image\":{\"@id\":\"https:\\\/\\\/www.cortecarezzabella.com\\\/it\\\/#\\\/schema\\\/logo\\\/image\\\/\"}}]}<\/script>\n<!-- \/ Yoast SEO plugin. -->","yoast_head_json":{"title":"Camere Suite","robots":{"index":"index","follow":"follow","max-snippet":"max-snippet:-1","max-image-preview":"max-image-preview:large","max-video-preview":"max-video-preview:-1"},"canonical":"https:\/\/www.cortecarezzabella.com\/it\/camere-suite\/","og_locale":"it_IT","og_type":"article","og_title":"Camere Suite","og_description":"&#8211; Le nostre Camere &#8211; Camera Suite&nbsp; Pi\u00f9 che una semplice camera, si tratta di un monolocale in cui lo spazio \u00e8 suddiviso in altezza da un soppalco mansardato, dove si trova la zona notte. La zona giorno al piano di ingresso \u00e8 arredato con cura, con divanetto o poltrone, tavolo, televisione ed un ampio [&hellip;]","og_url":"https:\/\/www.cortecarezzabella.com\/it\/camere-suite\/","og_site_name":"Corte Carezzabella","article_modified_time":"2021-03-05T11:34:54+00:00","og_image":[{"width":1600,"height":1067,"url":"https:\/\/www.cortecarezzabella.com\/wp-content\/uploads\/2018\/05\/IMG_4155-copy.jpg","type":"image\/jpeg"}],"twitter_card":"summary_large_image","twitter_misc":{"Tempo di lettura stimato":"1 minuto"},"schema":{"@context":"https:\/\/schema.org","@graph":[{"@type":"WebPage","@id":"https:\/\/www.cortecarezzabella.com\/it\/camere-suite\/","url":"https:\/\/www.cortecarezzabella.com\/it\/camere-suite\/","name":"Camere Suite","isPartOf":{"@id":"https:\/\/www.cortecarezzabella.com\/it\/#website"},"primaryImageOfPage":{"@id":"https:\/\/www.cortecarezzabella.com\/it\/camere-suite\/#primaryimage"},"image":{"@id":"https:\/\/www.cortecarezzabella.com\/it\/camere-suite\/#primaryimage"},"thumbnailUrl":"https:\/\/www.cortecarezzabella.com\/wp-content\/uploads\/2018\/05\/IMG_4155-copy.jpg","datePublished":"2017-12-20T11:54:13+00:00","dateModified":"2021-03-05T11:34:54+00:00","breadcrumb":{"@id":"https:\/\/www.cortecarezzabella.com\/it\/camere-suite\/#breadcrumb"},"inLanguage":"it-IT","potentialAction":[{"@type":"ReadAction","target":["https:\/\/www.cortecarezzabella.com\/it\/camere-suite\/"]}]},{"@type":"ImageObject","inLanguage":"it-IT","@id":"https:\/\/www.cortecarezzabella.com\/it\/camere-suite\/#primaryimage","url":"https:\/\/www.cortecarezzabella.com\/wp-content\/uploads\/2018\/05\/IMG_4155-copy.jpg","contentUrl":"https:\/\/www.cortecarezzabella.com\/wp-content\/uploads\/2018\/05\/IMG_4155-copy.jpg","width":1600,"height":1067},{"@type":"BreadcrumbList","@id":"https:\/\/www.cortecarezzabella.com\/it\/camere-suite\/#breadcrumb","itemListElement":[{"@type":"ListItem","position":1,"name":"Home","item":"https:\/\/www.cortecarezzabella.com\/it\/"},{"@type":"ListItem","position":2,"name":"Camere Suite"}]},{"@type":"WebSite","@id":"https:\/\/www.cortecarezzabella.com\/it\/#website","url":"https:\/\/www.cortecarezzabella.com\/it\/","name":"Corte Carezzabella","description":"Agriturismo Corte Carezzabella","publisher":{"@id":"https:\/\/www.cortecarezzabella.com\/it\/#organization"},"potentialAction":[{"@type":"SearchAction","target":{"@type":"EntryPoint","urlTemplate":"https:\/\/www.cortecarezzabella.com\/it\/?s={search_term_string}"},"query-input":{"@type":"PropertyValueSpecification","valueRequired":true,"valueName":"search_term_string"}}],"inLanguage":"it-IT"},{"@type":"Organization","@id":"https:\/\/www.cortecarezzabella.com\/it\/#organization","name":"IL FRUTTETO DI SAN MARTINO S.S.","url":"https:\/\/www.cortecarezzabella.com\/it\/","logo":{"@type":"ImageObject","inLanguage":"it-IT","@id":"https:\/\/www.cortecarezzabella.com\/it\/#\/schema\/logo\/image\/","url":"https:\/\/www.cortecarezzabella.com\/wp-content\/uploads\/2020\/03\/LOGO_laBottega-posta-elttr-piccola.jpg","contentUrl":"https:\/\/www.cortecarezzabella.com\/wp-content\/uploads\/2020\/03\/LOGO_laBottega-posta-elttr-piccola.jpg","width":160,"height":115,"caption":"IL FRUTTETO DI SAN MARTINO S.S."},"image":{"@id":"https:\/\/www.cortecarezzabella.com\/it\/#\/schema\/logo\/image\/"}}]}},"_links":{"self":[{"href":"https:\/\/www.cortecarezzabella.com\/it\/wp-json\/wp\/v2\/pages\/3397","targetHints":{"allow":["GET"]}}],"collection":[{"href":"https:\/\/www.cortecarezzabella.com\/it\/wp-json\/wp\/v2\/pages"}],"about":[{"href":"https:\/\/www.cortecarezzabella.com\/it\/wp-json\/wp\/v2\/types\/page"}],"author":[{"embeddable":true,"href":"https:\/\/www.cortecarezzabella.com\/it\/wp-json\/wp\/v2\/users\/2"}],"replies":[{"embeddable":true,"href":"https:\/\/www.cortecarezzabella.com\/it\/wp-json\/wp\/v2\/comments?post=3397"}],"version-history":[{"count":45,"href":"https:\/\/www.cortecarezzabella.com\/it\/wp-json\/wp\/v2\/pages\/3397\/revisions"}],"predecessor-version":[{"id":10235,"href":"https:\/\/www.cortecarezzabella.com\/it\/wp-json\/wp\/v2\/pages\/3397\/revisions\/10235"}],"wp:featuredmedia":[{"embeddable":true,"href":"https:\/\/www.cortecarezzabella.com\/it\/wp-json\/wp\/v2\/media\/4584"}],"wp:attachment":[{"href":"https:\/\/www.cortecarezzabella.com\/it\/wp-json\/wp\/v2\/media?parent=3397"}],"curies":[{"name":"wp","href":"https:\/\/api.w.org\/{rel}","templated":true}]}}