{"id":294,"date":"2017-05-10T16:53:22","date_gmt":"2017-05-10T14:53:22","guid":{"rendered":"https:\/\/www.cortecarezzabella.com\/?page_id=294"},"modified":"2021-03-15T11:41:54","modified_gmt":"2021-03-15T10:41:54","slug":"citta-darte","status":"publish","type":"page","link":"https:\/\/www.cortecarezzabella.com\/it\/territorio\/citta-darte\/","title":{"rendered":"Citt\u00e0 d&#8217;arte"},"content":{"rendered":"<h1>-Citt\u00e0 d&#8217;arte-<\/h1>\n\n\n<p>Oltre alla splendida Venezia, dal nostro agriturismo \u00e8 possibile raggiungere altre Citt\u00e0 d&#8217;arte come:<\/p>\n\n\n\n<ul class=\"wp-block-list\"><li><strong>CHIOGGIA  <\/strong>che \u00e8 l&#8217;isola con uno dei porti pi\u00f9 trafficati della Laguna Veneta. Nel cuore del centro storico c&#8217;\u00e8 una via pedonale sulla quale si affacciano negozi, bar e ristoranti di pesce. Se visitate Chioggia non potete assolutamente perdervi le sue spiagge e le passeggiate lungo la costa. il mercato ittico, la Chiesa di San Domenico e il Corso del Popolo.<\/li><li><strong>FERRARA <\/strong>dove potrete visitare il Palazzo dei Diamanti che spesso organizza mostre d&#8217;arte, il castello Estense, il Museo archeologico nazionale e Via delle Volte. Ferrara \u00e8 facilmente raggiungibile con il treno partendo dalla stazione ferroviaria di Rovigo, con un treno ogni ora e il tragitto dura circa 20 minuti. Oppure \u00e8 raggiungibile in auto in 40 minuti e l&#8217;auto si pu\u00f2 depositare al Parcheggio Centro Storico (Piazzale Kennedy).<\/li><li><strong>VERONA<\/strong> \u00e8 conosciuta come la citt\u00e0 degli innamorati, patria di Romeo e Giulietta. In questa citt\u00e0 potrete ammirare l&#8217;Arena di Verona, il balcone di Romeo e Giulietta, Piazza Br\u00e0 e Piazza delle Erbe. <\/li><li><strong>PADOVA<\/strong> dove potrete ammirare Prato della Valle, una delle pi\u00f9 grandi piazze d&#8217;Europa. Potrete visitare la Cattedrale di San Giustino e poi naturalmenete la Basilica di Sant&#8217;Antonio. Vicino alla Basilica \u00e8 raggiungibile il Giardino Botanico che \u00e8 patrimonio dell&#8217;UNESCO. Palazzo Zabarella ospita spesso mostre d&#8217;arte e Palazzo della Ragione sono da vedere! Dopo Palazzo della Ragione potete ammirare Palazzo del B\u00f2, antica sede dell&#8217;Universit\u00e0, e ora sede della facolt\u00e0 di Legge. Potete gustare il caff\u00e8 pi\u00f9 famoso di Padovo al Caff\u00e8 Pedrocchi. La Cappella degli Scrovegni, a Padova, \u00e8 un&#8217;opera d&#8217;arte nella storia della pittura in Italia e in Europa nel 14esimo secolo. E&#8217; un&#8217;opera realizzata da Giotto ed \u00e8 imperdibile.<\/li><li><strong>ROVIGO <\/strong>dove \u00e8 possibile visitare Piazza Matteotti, il Duomo di santo Stefano e Palazzo Roverella che ospita spesso mostre d&#8217;arte.<\/li><\/ul>\n\n\n\n<figure class=\"wp-block-gallery columns-3 is-cropped wp-block-gallery-1 is-layout-flex wp-block-gallery-is-layout-flex\"><ul class=\"blocks-gallery-grid\"><li class=\"blocks-gallery-item\"><figure><img loading=\"lazy\" decoding=\"async\" width=\"279\" height=\"181\" src=\"https:\/\/www.cortecarezzabella.com\/wp-content\/uploads\/2021\/03\/chioggia.jpg\" alt=\"\" data-id=\"10286\" data-link=\"https:\/\/www.cortecarezzabella.com\/territorio\/citta-darte\/chioggia\/\" class=\"wp-image-10286\" srcset=\"https:\/\/www.cortecarezzabella.com\/wp-content\/uploads\/2021\/03\/chioggia.jpg 279w, https:\/\/www.cortecarezzabella.com\/wp-content\/uploads\/2021\/03\/chioggia-92x60.jpg 92w, https:\/\/www.cortecarezzabella.com\/wp-content\/uploads\/2021\/03\/chioggia-139x90.jpg 139w\" sizes=\"auto, (max-width: 279px) 100vw, 279px\" \/><\/figure><\/li><li class=\"blocks-gallery-item\"><figure><img loading=\"lazy\" decoding=\"async\" width=\"1024\" height=\"682\" src=\"https:\/\/www.cortecarezzabella.com\/wp-content\/uploads\/2021\/03\/ferrara-1-1024x682.jpg\" alt=\"\" data-id=\"10291\" data-link=\"https:\/\/www.cortecarezzabella.com\/territorio\/citta-darte\/ferrara-1\/\" class=\"wp-image-10291\" srcset=\"https:\/\/www.cortecarezzabella.com\/wp-content\/uploads\/2021\/03\/ferrara-1-1024x682.jpg 1024w, https:\/\/www.cortecarezzabella.com\/wp-content\/uploads\/2021\/03\/ferrara-1-700x466.jpg 700w, https:\/\/www.cortecarezzabella.com\/wp-content\/uploads\/2021\/03\/ferrara-1-768x512.jpg 768w, https:\/\/www.cortecarezzabella.com\/wp-content\/uploads\/2021\/03\/ferrara-1-1536x1023.jpg 1536w, https:\/\/www.cortecarezzabella.com\/wp-content\/uploads\/2021\/03\/ferrara-1-300x200.jpg 300w, https:\/\/www.cortecarezzabella.com\/wp-content\/uploads\/2021\/03\/ferrara-1-450x300.jpg 450w, https:\/\/www.cortecarezzabella.com\/wp-content\/uploads\/2021\/03\/ferrara-1-500x333.jpg 500w, https:\/\/www.cortecarezzabella.com\/wp-content\/uploads\/2021\/03\/ferrara-1-90x60.jpg 90w, https:\/\/www.cortecarezzabella.com\/wp-content\/uploads\/2021\/03\/ferrara-1-135x90.jpg 135w, https:\/\/www.cortecarezzabella.com\/wp-content\/uploads\/2021\/03\/ferrara-1.jpg 1600w\" sizes=\"auto, (max-width: 1024px) 100vw, 1024px\" \/><\/figure><\/li><li class=\"blocks-gallery-item\"><figure><img loading=\"lazy\" decoding=\"async\" width=\"327\" height=\"154\" src=\"https:\/\/www.cortecarezzabella.com\/wp-content\/uploads\/2021\/03\/verona.jpg\" alt=\"\" data-id=\"10296\" data-link=\"https:\/\/www.cortecarezzabella.com\/territorio\/citta-darte\/verona\/\" class=\"wp-image-10296\" srcset=\"https:\/\/www.cortecarezzabella.com\/wp-content\/uploads\/2021\/03\/verona.jpg 327w, https:\/\/www.cortecarezzabella.com\/wp-content\/uploads\/2021\/03\/verona-300x141.jpg 300w, https:\/\/www.cortecarezzabella.com\/wp-content\/uploads\/2021\/03\/verona-127x60.jpg 127w, https:\/\/www.cortecarezzabella.com\/wp-content\/uploads\/2021\/03\/verona-191x90.jpg 191w\" sizes=\"auto, (max-width: 327px) 100vw, 327px\" \/><\/figure><\/li><li class=\"blocks-gallery-item\"><figure><img loading=\"lazy\" decoding=\"async\" width=\"300\" height=\"168\" src=\"https:\/\/www.cortecarezzabella.com\/wp-content\/uploads\/2021\/03\/padova.jpg\" alt=\"\" data-id=\"10301\" data-link=\"https:\/\/www.cortecarezzabella.com\/territorio\/citta-darte\/padova\/\" class=\"wp-image-10301\" srcset=\"https:\/\/www.cortecarezzabella.com\/wp-content\/uploads\/2021\/03\/padova.jpg 300w, https:\/\/www.cortecarezzabella.com\/wp-content\/uploads\/2021\/03\/padova-107x60.jpg 107w, https:\/\/www.cortecarezzabella.com\/wp-content\/uploads\/2021\/03\/padova-161x90.jpg 161w\" sizes=\"auto, (max-width: 300px) 100vw, 300px\" \/><\/figure><\/li><li class=\"blocks-gallery-item\"><figure><img loading=\"lazy\" decoding=\"async\" width=\"291\" height=\"173\" src=\"https:\/\/www.cortecarezzabella.com\/wp-content\/uploads\/2021\/03\/rovigo.jpg\" alt=\"\" data-id=\"10306\" data-full-url=\"https:\/\/www.cortecarezzabella.com\/wp-content\/uploads\/2021\/03\/rovigo.jpg\" data-link=\"https:\/\/www.cortecarezzabella.com\/territorio\/citta-darte\/rovigo\/\" class=\"wp-image-10306\" srcset=\"https:\/\/www.cortecarezzabella.com\/wp-content\/uploads\/2021\/03\/rovigo.jpg 291w, https:\/\/www.cortecarezzabella.com\/wp-content\/uploads\/2021\/03\/rovigo-101x60.jpg 101w, https:\/\/www.cortecarezzabella.com\/wp-content\/uploads\/2021\/03\/rovigo-151x90.jpg 151w\" sizes=\"auto, (max-width: 291px) 100vw, 291px\" \/><\/figure><\/li><\/ul><\/figure>\n","protected":false},"excerpt":{"rendered":"<p>-Citt\u00e0 d&#8217;arte- Oltre alla splendida Venezia, dal nostro agriturismo \u00e8 possibile raggiungere altre Citt\u00e0 d&#8217;arte come: CHIOGGIA che \u00e8 l&#8217;isola con uno dei porti pi\u00f9 trafficati della Laguna Veneta. Nel cuore del centro storico c&#8217;\u00e8 una via pedonale sulla quale si affacciano negozi, bar e ristoranti di pesce. Se visitate Chioggia non potete assolutamente perdervi [&hellip;]<\/p>\n","protected":false},"author":1,"featured_media":0,"parent":278,"menu_order":0,"comment_status":"closed","ping_status":"closed","template":"","meta":{"_acf_changed":false,"ngg_post_thumbnail":0,"footnotes":""},"class_list":["post-294","page","type-page","status-publish","hentry"],"acf":[],"yoast_head":"<!-- This site is optimized with the Yoast SEO plugin v27.5 - https:\/\/yoast.com\/product\/yoast-seo-wordpress\/ -->\n<title>Citt\u00e0 d&#039;arte<\/title>\n<meta name=\"robots\" content=\"index, follow, max-snippet:-1, max-image-preview:large, max-video-preview:-1\" \/>\n<link rel=\"canonical\" href=\"https:\/\/www.cortecarezzabella.com\/it\/territorio\/citta-darte\/\" \/>\n<meta property=\"og:locale\" content=\"it_IT\" \/>\n<meta property=\"og:type\" content=\"article\" \/>\n<meta property=\"og:title\" content=\"Citt\u00e0 d&#039;arte\" \/>\n<meta property=\"og:description\" content=\"-Citt\u00e0 d&#8217;arte- Oltre alla splendida Venezia, dal nostro agriturismo \u00e8 possibile raggiungere altre Citt\u00e0 d&#8217;arte come: CHIOGGIA che \u00e8 l&#8217;isola con uno dei porti pi\u00f9 trafficati della Laguna Veneta. Nel cuore del centro storico c&#8217;\u00e8 una via pedonale sulla quale si affacciano negozi, bar e ristoranti di pesce. Se visitate Chioggia non potete assolutamente perdervi [&hellip;]\" \/>\n<meta property=\"og:url\" content=\"https:\/\/www.cortecarezzabella.com\/it\/territorio\/citta-darte\/\" \/>\n<meta property=\"og:site_name\" content=\"Corte Carezzabella\" \/>\n<meta property=\"article:modified_time\" content=\"2021-03-15T10:41:54+00:00\" \/>\n<meta property=\"og:image\" content=\"https:\/\/www.cortecarezzabella.com\/wp-content\/uploads\/2021\/03\/chioggia.jpg\" \/>\n<meta name=\"twitter:card\" content=\"summary_large_image\" \/>\n<meta name=\"twitter:label1\" content=\"Tempo di lettura stimato\" \/>\n\t<meta name=\"twitter:data1\" content=\"3 minuti\" \/>\n<script type=\"application\/ld+json\" class=\"yoast-schema-graph\">{\"@context\":\"https:\\\/\\\/schema.org\",\"@graph\":[{\"@type\":\"WebPage\",\"@id\":\"https:\\\/\\\/www.cortecarezzabella.com\\\/it\\\/territorio\\\/citta-darte\\\/\",\"url\":\"https:\\\/\\\/www.cortecarezzabella.com\\\/it\\\/territorio\\\/citta-darte\\\/\",\"name\":\"Citt\u00e0 d'arte\",\"isPartOf\":{\"@id\":\"https:\\\/\\\/www.cortecarezzabella.com\\\/it\\\/#website\"},\"primaryImageOfPage\":{\"@id\":\"https:\\\/\\\/www.cortecarezzabella.com\\\/it\\\/territorio\\\/citta-darte\\\/#primaryimage\"},\"image\":{\"@id\":\"https:\\\/\\\/www.cortecarezzabella.com\\\/it\\\/territorio\\\/citta-darte\\\/#primaryimage\"},\"thumbnailUrl\":\"https:\\\/\\\/www.cortecarezzabella.com\\\/wp-content\\\/uploads\\\/2021\\\/03\\\/chioggia.jpg\",\"datePublished\":\"2017-05-10T14:53:22+00:00\",\"dateModified\":\"2021-03-15T10:41:54+00:00\",\"breadcrumb\":{\"@id\":\"https:\\\/\\\/www.cortecarezzabella.com\\\/it\\\/territorio\\\/citta-darte\\\/#breadcrumb\"},\"inLanguage\":\"it-IT\",\"potentialAction\":[{\"@type\":\"ReadAction\",\"target\":[\"https:\\\/\\\/www.cortecarezzabella.com\\\/it\\\/territorio\\\/citta-darte\\\/\"]}]},{\"@type\":\"ImageObject\",\"inLanguage\":\"it-IT\",\"@id\":\"https:\\\/\\\/www.cortecarezzabella.com\\\/it\\\/territorio\\\/citta-darte\\\/#primaryimage\",\"url\":\"https:\\\/\\\/www.cortecarezzabella.com\\\/wp-content\\\/uploads\\\/2021\\\/03\\\/chioggia.jpg\",\"contentUrl\":\"https:\\\/\\\/www.cortecarezzabella.com\\\/wp-content\\\/uploads\\\/2021\\\/03\\\/chioggia.jpg\"},{\"@type\":\"BreadcrumbList\",\"@id\":\"https:\\\/\\\/www.cortecarezzabella.com\\\/it\\\/territorio\\\/citta-darte\\\/#breadcrumb\",\"itemListElement\":[{\"@type\":\"ListItem\",\"position\":1,\"name\":\"Home\",\"item\":\"https:\\\/\\\/www.cortecarezzabella.com\\\/it\\\/\"},{\"@type\":\"ListItem\",\"position\":2,\"name\":\"Territorio\",\"item\":\"https:\\\/\\\/www.cortecarezzabella.com\\\/it\\\/territorio\\\/\"},{\"@type\":\"ListItem\",\"position\":3,\"name\":\"Citt\u00e0 d&#8217;arte\"}]},{\"@type\":\"WebSite\",\"@id\":\"https:\\\/\\\/www.cortecarezzabella.com\\\/it\\\/#website\",\"url\":\"https:\\\/\\\/www.cortecarezzabella.com\\\/it\\\/\",\"name\":\"Corte Carezzabella\",\"description\":\"Agriturismo Corte Carezzabella\",\"publisher\":{\"@id\":\"https:\\\/\\\/www.cortecarezzabella.com\\\/it\\\/#organization\"},\"potentialAction\":[{\"@type\":\"SearchAction\",\"target\":{\"@type\":\"EntryPoint\",\"urlTemplate\":\"https:\\\/\\\/www.cortecarezzabella.com\\\/it\\\/?s={search_term_string}\"},\"query-input\":{\"@type\":\"PropertyValueSpecification\",\"valueRequired\":true,\"valueName\":\"search_term_string\"}}],\"inLanguage\":\"it-IT\"},{\"@type\":\"Organization\",\"@id\":\"https:\\\/\\\/www.cortecarezzabella.com\\\/it\\\/#organization\",\"name\":\"IL FRUTTETO DI SAN MARTINO S.S.\",\"url\":\"https:\\\/\\\/www.cortecarezzabella.com\\\/it\\\/\",\"logo\":{\"@type\":\"ImageObject\",\"inLanguage\":\"it-IT\",\"@id\":\"https:\\\/\\\/www.cortecarezzabella.com\\\/it\\\/#\\\/schema\\\/logo\\\/image\\\/\",\"url\":\"https:\\\/\\\/www.cortecarezzabella.com\\\/wp-content\\\/uploads\\\/2020\\\/03\\\/LOGO_laBottega-posta-elttr-piccola.jpg\",\"contentUrl\":\"https:\\\/\\\/www.cortecarezzabella.com\\\/wp-content\\\/uploads\\\/2020\\\/03\\\/LOGO_laBottega-posta-elttr-piccola.jpg\",\"width\":160,\"height\":115,\"caption\":\"IL FRUTTETO DI SAN MARTINO S.S.\"},\"image\":{\"@id\":\"https:\\\/\\\/www.cortecarezzabella.com\\\/it\\\/#\\\/schema\\\/logo\\\/image\\\/\"}}]}<\/script>\n<!-- \/ Yoast SEO plugin. -->","yoast_head_json":{"title":"Citt\u00e0 d'arte","robots":{"index":"index","follow":"follow","max-snippet":"max-snippet:-1","max-image-preview":"max-image-preview:large","max-video-preview":"max-video-preview:-1"},"canonical":"https:\/\/www.cortecarezzabella.com\/it\/territorio\/citta-darte\/","og_locale":"it_IT","og_type":"article","og_title":"Citt\u00e0 d'arte","og_description":"-Citt\u00e0 d&#8217;arte- Oltre alla splendida Venezia, dal nostro agriturismo \u00e8 possibile raggiungere altre Citt\u00e0 d&#8217;arte come: CHIOGGIA che \u00e8 l&#8217;isola con uno dei porti pi\u00f9 trafficati della Laguna Veneta. Nel cuore del centro storico c&#8217;\u00e8 una via pedonale sulla quale si affacciano negozi, bar e ristoranti di pesce. Se visitate Chioggia non potete assolutamente perdervi [&hellip;]","og_url":"https:\/\/www.cortecarezzabella.com\/it\/territorio\/citta-darte\/","og_site_name":"Corte Carezzabella","article_modified_time":"2021-03-15T10:41:54+00:00","og_image":[{"url":"https:\/\/www.cortecarezzabella.com\/wp-content\/uploads\/2021\/03\/chioggia.jpg","type":"","width":"","height":""}],"twitter_card":"summary_large_image","twitter_misc":{"Tempo di lettura stimato":"3 minuti"},"schema":{"@context":"https:\/\/schema.org","@graph":[{"@type":"WebPage","@id":"https:\/\/www.cortecarezzabella.com\/it\/territorio\/citta-darte\/","url":"https:\/\/www.cortecarezzabella.com\/it\/territorio\/citta-darte\/","name":"Citt\u00e0 d'arte","isPartOf":{"@id":"https:\/\/www.cortecarezzabella.com\/it\/#website"},"primaryImageOfPage":{"@id":"https:\/\/www.cortecarezzabella.com\/it\/territorio\/citta-darte\/#primaryimage"},"image":{"@id":"https:\/\/www.cortecarezzabella.com\/it\/territorio\/citta-darte\/#primaryimage"},"thumbnailUrl":"https:\/\/www.cortecarezzabella.com\/wp-content\/uploads\/2021\/03\/chioggia.jpg","datePublished":"2017-05-10T14:53:22+00:00","dateModified":"2021-03-15T10:41:54+00:00","breadcrumb":{"@id":"https:\/\/www.cortecarezzabella.com\/it\/territorio\/citta-darte\/#breadcrumb"},"inLanguage":"it-IT","potentialAction":[{"@type":"ReadAction","target":["https:\/\/www.cortecarezzabella.com\/it\/territorio\/citta-darte\/"]}]},{"@type":"ImageObject","inLanguage":"it-IT","@id":"https:\/\/www.cortecarezzabella.com\/it\/territorio\/citta-darte\/#primaryimage","url":"https:\/\/www.cortecarezzabella.com\/wp-content\/uploads\/2021\/03\/chioggia.jpg","contentUrl":"https:\/\/www.cortecarezzabella.com\/wp-content\/uploads\/2021\/03\/chioggia.jpg"},{"@type":"BreadcrumbList","@id":"https:\/\/www.cortecarezzabella.com\/it\/territorio\/citta-darte\/#breadcrumb","itemListElement":[{"@type":"ListItem","position":1,"name":"Home","item":"https:\/\/www.cortecarezzabella.com\/it\/"},{"@type":"ListItem","position":2,"name":"Territorio","item":"https:\/\/www.cortecarezzabella.com\/it\/territorio\/"},{"@type":"ListItem","position":3,"name":"Citt\u00e0 d&#8217;arte"}]},{"@type":"WebSite","@id":"https:\/\/www.cortecarezzabella.com\/it\/#website","url":"https:\/\/www.cortecarezzabella.com\/it\/","name":"Corte Carezzabella","description":"Agriturismo Corte Carezzabella","publisher":{"@id":"https:\/\/www.cortecarezzabella.com\/it\/#organization"},"potentialAction":[{"@type":"SearchAction","target":{"@type":"EntryPoint","urlTemplate":"https:\/\/www.cortecarezzabella.com\/it\/?s={search_term_string}"},"query-input":{"@type":"PropertyValueSpecification","valueRequired":true,"valueName":"search_term_string"}}],"inLanguage":"it-IT"},{"@type":"Organization","@id":"https:\/\/www.cortecarezzabella.com\/it\/#organization","name":"IL FRUTTETO DI SAN MARTINO S.S.","url":"https:\/\/www.cortecarezzabella.com\/it\/","logo":{"@type":"ImageObject","inLanguage":"it-IT","@id":"https:\/\/www.cortecarezzabella.com\/it\/#\/schema\/logo\/image\/","url":"https:\/\/www.cortecarezzabella.com\/wp-content\/uploads\/2020\/03\/LOGO_laBottega-posta-elttr-piccola.jpg","contentUrl":"https:\/\/www.cortecarezzabella.com\/wp-content\/uploads\/2020\/03\/LOGO_laBottega-posta-elttr-piccola.jpg","width":160,"height":115,"caption":"IL FRUTTETO DI SAN MARTINO S.S."},"image":{"@id":"https:\/\/www.cortecarezzabella.com\/it\/#\/schema\/logo\/image\/"}}]}},"_links":{"self":[{"href":"https:\/\/www.cortecarezzabella.com\/it\/wp-json\/wp\/v2\/pages\/294","targetHints":{"allow":["GET"]}}],"collection":[{"href":"https:\/\/www.cortecarezzabella.com\/it\/wp-json\/wp\/v2\/pages"}],"about":[{"href":"https:\/\/www.cortecarezzabella.com\/it\/wp-json\/wp\/v2\/types\/page"}],"author":[{"embeddable":true,"href":"https:\/\/www.cortecarezzabella.com\/it\/wp-json\/wp\/v2\/users\/1"}],"replies":[{"embeddable":true,"href":"https:\/\/www.cortecarezzabella.com\/it\/wp-json\/wp\/v2\/comments?post=294"}],"version-history":[{"count":3,"href":"https:\/\/www.cortecarezzabella.com\/it\/wp-json\/wp\/v2\/pages\/294\/revisions"}],"predecessor-version":[{"id":10311,"href":"https:\/\/www.cortecarezzabella.com\/it\/wp-json\/wp\/v2\/pages\/294\/revisions\/10311"}],"up":[{"embeddable":true,"href":"https:\/\/www.cortecarezzabella.com\/it\/wp-json\/wp\/v2\/pages\/278"}],"wp:attachment":[{"href":"https:\/\/www.cortecarezzabella.com\/it\/wp-json\/wp\/v2\/media?parent=294"}],"curies":[{"name":"wp","href":"https:\/\/api.w.org\/{rel}","templated":true}]}}