{"id":288,"date":"2017-05-10T16:50:09","date_gmt":"2017-05-10T14:50:09","guid":{"rendered":"https:\/\/www.cortecarezzabella.com\/?page_id=288"},"modified":"2021-03-15T11:58:39","modified_gmt":"2021-03-15T10:58:39","slug":"attivita-nella-natura","status":"publish","type":"page","link":"https:\/\/www.cortecarezzabella.com\/it\/territorio\/attivita-nella-natura\/","title":{"rendered":"Attivit\u00e0 nella natura"},"content":{"rendered":"<h1>-Attivit\u00e0 nella natura-<\/h1>\n\n\n<p>La nostra regione offre tante attivit\u00e0 possibili nella natura e dal nostro agriturismo sono tutte facilmente raggiungibili:<\/p>\n\n\n\n<ul class=\"wp-block-list\"><li>E&#8217; possibile fare diverse attivit\u00e0 come andare a cavallo presso il ranch Arcobaleno;<\/li><li>A Pozzonovo \u00e8 possibile visitare lo Zoo Valcorba, molto divertente anche per i pi\u00f9 piccoli;<\/li><li>A Padova \u00e8 presente la Casa delle Farfalle dove \u00e8 possibile entrare in contatto con tante diverse specie di farfalle;<\/li><li>Nel verde dei colli Euganei si trova il parco avventura &#8220;Le Fiorine&#8221; ;<\/li><li>Infine a Galzignano Terme si trova il Giardino Monumentale di Valsanzibio e il suo labirinto.<\/li><\/ul>\n","protected":false},"excerpt":{"rendered":"<p>-Attivit\u00e0 nella natura- La nostra regione offre tante attivit\u00e0 possibili nella natura e dal nostro agriturismo sono tutte facilmente raggiungibili: E&#8217; possibile fare diverse attivit\u00e0 come andare a cavallo presso il ranch Arcobaleno; A Pozzonovo \u00e8 possibile visitare lo Zoo Valcorba, molto divertente anche per i pi\u00f9 piccoli; A Padova \u00e8 presente la Casa delle [&hellip;]<\/p>\n","protected":false},"author":1,"featured_media":0,"parent":278,"menu_order":0,"comment_status":"closed","ping_status":"closed","template":"","meta":{"_acf_changed":false,"ngg_post_thumbnail":0,"footnotes":""},"class_list":["post-288","page","type-page","status-publish","hentry"],"acf":[],"yoast_head":"<!-- This site is optimized with the Yoast SEO plugin v27.5 - https:\/\/yoast.com\/product\/yoast-seo-wordpress\/ -->\n<title>Attivit\u00e0 nella natura<\/title>\n<meta name=\"robots\" content=\"index, follow, max-snippet:-1, max-image-preview:large, max-video-preview:-1\" \/>\n<link rel=\"canonical\" href=\"https:\/\/www.cortecarezzabella.com\/it\/territorio\/attivita-nella-natura\/\" \/>\n<meta property=\"og:locale\" content=\"it_IT\" \/>\n<meta property=\"og:type\" content=\"article\" \/>\n<meta property=\"og:title\" content=\"Attivit\u00e0 nella natura\" \/>\n<meta property=\"og:description\" content=\"-Attivit\u00e0 nella natura- La nostra regione offre tante attivit\u00e0 possibili nella natura e dal nostro agriturismo sono tutte facilmente raggiungibili: E&#8217; possibile fare diverse attivit\u00e0 come andare a cavallo presso il ranch Arcobaleno; A Pozzonovo \u00e8 possibile visitare lo Zoo Valcorba, molto divertente anche per i pi\u00f9 piccoli; A Padova \u00e8 presente la Casa delle [&hellip;]\" \/>\n<meta property=\"og:url\" content=\"https:\/\/www.cortecarezzabella.com\/it\/territorio\/attivita-nella-natura\/\" \/>\n<meta property=\"og:site_name\" content=\"Corte Carezzabella\" \/>\n<meta property=\"article:modified_time\" content=\"2021-03-15T10:58:39+00:00\" \/>\n<meta name=\"twitter:card\" content=\"summary_large_image\" \/>\n<meta name=\"twitter:label1\" content=\"Tempo di lettura stimato\" \/>\n\t<meta name=\"twitter:data1\" content=\"1 minuto\" \/>\n<script type=\"application\/ld+json\" class=\"yoast-schema-graph\">{\"@context\":\"https:\\\/\\\/schema.org\",\"@graph\":[{\"@type\":\"WebPage\",\"@id\":\"https:\\\/\\\/www.cortecarezzabella.com\\\/it\\\/territorio\\\/attivita-nella-natura\\\/\",\"url\":\"https:\\\/\\\/www.cortecarezzabella.com\\\/it\\\/territorio\\\/attivita-nella-natura\\\/\",\"name\":\"Attivit\u00e0 nella natura\",\"isPartOf\":{\"@id\":\"https:\\\/\\\/www.cortecarezzabella.com\\\/it\\\/#website\"},\"datePublished\":\"2017-05-10T14:50:09+00:00\",\"dateModified\":\"2021-03-15T10:58:39+00:00\",\"breadcrumb\":{\"@id\":\"https:\\\/\\\/www.cortecarezzabella.com\\\/it\\\/territorio\\\/attivita-nella-natura\\\/#breadcrumb\"},\"inLanguage\":\"it-IT\",\"potentialAction\":[{\"@type\":\"ReadAction\",\"target\":[\"https:\\\/\\\/www.cortecarezzabella.com\\\/it\\\/territorio\\\/attivita-nella-natura\\\/\"]}]},{\"@type\":\"BreadcrumbList\",\"@id\":\"https:\\\/\\\/www.cortecarezzabella.com\\\/it\\\/territorio\\\/attivita-nella-natura\\\/#breadcrumb\",\"itemListElement\":[{\"@type\":\"ListItem\",\"position\":1,\"name\":\"Home\",\"item\":\"https:\\\/\\\/www.cortecarezzabella.com\\\/it\\\/\"},{\"@type\":\"ListItem\",\"position\":2,\"name\":\"Territorio\",\"item\":\"https:\\\/\\\/www.cortecarezzabella.com\\\/it\\\/territorio\\\/\"},{\"@type\":\"ListItem\",\"position\":3,\"name\":\"Attivit\u00e0 nella natura\"}]},{\"@type\":\"WebSite\",\"@id\":\"https:\\\/\\\/www.cortecarezzabella.com\\\/it\\\/#website\",\"url\":\"https:\\\/\\\/www.cortecarezzabella.com\\\/it\\\/\",\"name\":\"Corte Carezzabella\",\"description\":\"Agriturismo Corte Carezzabella\",\"publisher\":{\"@id\":\"https:\\\/\\\/www.cortecarezzabella.com\\\/it\\\/#organization\"},\"potentialAction\":[{\"@type\":\"SearchAction\",\"target\":{\"@type\":\"EntryPoint\",\"urlTemplate\":\"https:\\\/\\\/www.cortecarezzabella.com\\\/it\\\/?s={search_term_string}\"},\"query-input\":{\"@type\":\"PropertyValueSpecification\",\"valueRequired\":true,\"valueName\":\"search_term_string\"}}],\"inLanguage\":\"it-IT\"},{\"@type\":\"Organization\",\"@id\":\"https:\\\/\\\/www.cortecarezzabella.com\\\/it\\\/#organization\",\"name\":\"IL FRUTTETO DI SAN MARTINO S.S.\",\"url\":\"https:\\\/\\\/www.cortecarezzabella.com\\\/it\\\/\",\"logo\":{\"@type\":\"ImageObject\",\"inLanguage\":\"it-IT\",\"@id\":\"https:\\\/\\\/www.cortecarezzabella.com\\\/it\\\/#\\\/schema\\\/logo\\\/image\\\/\",\"url\":\"https:\\\/\\\/www.cortecarezzabella.com\\\/wp-content\\\/uploads\\\/2020\\\/03\\\/LOGO_laBottega-posta-elttr-piccola.jpg\",\"contentUrl\":\"https:\\\/\\\/www.cortecarezzabella.com\\\/wp-content\\\/uploads\\\/2020\\\/03\\\/LOGO_laBottega-posta-elttr-piccola.jpg\",\"width\":160,\"height\":115,\"caption\":\"IL FRUTTETO DI SAN MARTINO S.S.\"},\"image\":{\"@id\":\"https:\\\/\\\/www.cortecarezzabella.com\\\/it\\\/#\\\/schema\\\/logo\\\/image\\\/\"}}]}<\/script>\n<!-- \/ Yoast SEO plugin. -->","yoast_head_json":{"title":"Attivit\u00e0 nella natura","robots":{"index":"index","follow":"follow","max-snippet":"max-snippet:-1","max-image-preview":"max-image-preview:large","max-video-preview":"max-video-preview:-1"},"canonical":"https:\/\/www.cortecarezzabella.com\/it\/territorio\/attivita-nella-natura\/","og_locale":"it_IT","og_type":"article","og_title":"Attivit\u00e0 nella natura","og_description":"-Attivit\u00e0 nella natura- La nostra regione offre tante attivit\u00e0 possibili nella natura e dal nostro agriturismo sono tutte facilmente raggiungibili: E&#8217; possibile fare diverse attivit\u00e0 come andare a cavallo presso il ranch Arcobaleno; A Pozzonovo \u00e8 possibile visitare lo Zoo Valcorba, molto divertente anche per i pi\u00f9 piccoli; A Padova \u00e8 presente la Casa delle [&hellip;]","og_url":"https:\/\/www.cortecarezzabella.com\/it\/territorio\/attivita-nella-natura\/","og_site_name":"Corte Carezzabella","article_modified_time":"2021-03-15T10:58:39+00:00","twitter_card":"summary_large_image","twitter_misc":{"Tempo di lettura stimato":"1 minuto"},"schema":{"@context":"https:\/\/schema.org","@graph":[{"@type":"WebPage","@id":"https:\/\/www.cortecarezzabella.com\/it\/territorio\/attivita-nella-natura\/","url":"https:\/\/www.cortecarezzabella.com\/it\/territorio\/attivita-nella-natura\/","name":"Attivit\u00e0 nella natura","isPartOf":{"@id":"https:\/\/www.cortecarezzabella.com\/it\/#website"},"datePublished":"2017-05-10T14:50:09+00:00","dateModified":"2021-03-15T10:58:39+00:00","breadcrumb":{"@id":"https:\/\/www.cortecarezzabella.com\/it\/territorio\/attivita-nella-natura\/#breadcrumb"},"inLanguage":"it-IT","potentialAction":[{"@type":"ReadAction","target":["https:\/\/www.cortecarezzabella.com\/it\/territorio\/attivita-nella-natura\/"]}]},{"@type":"BreadcrumbList","@id":"https:\/\/www.cortecarezzabella.com\/it\/territorio\/attivita-nella-natura\/#breadcrumb","itemListElement":[{"@type":"ListItem","position":1,"name":"Home","item":"https:\/\/www.cortecarezzabella.com\/it\/"},{"@type":"ListItem","position":2,"name":"Territorio","item":"https:\/\/www.cortecarezzabella.com\/it\/territorio\/"},{"@type":"ListItem","position":3,"name":"Attivit\u00e0 nella natura"}]},{"@type":"WebSite","@id":"https:\/\/www.cortecarezzabella.com\/it\/#website","url":"https:\/\/www.cortecarezzabella.com\/it\/","name":"Corte Carezzabella","description":"Agriturismo Corte Carezzabella","publisher":{"@id":"https:\/\/www.cortecarezzabella.com\/it\/#organization"},"potentialAction":[{"@type":"SearchAction","target":{"@type":"EntryPoint","urlTemplate":"https:\/\/www.cortecarezzabella.com\/it\/?s={search_term_string}"},"query-input":{"@type":"PropertyValueSpecification","valueRequired":true,"valueName":"search_term_string"}}],"inLanguage":"it-IT"},{"@type":"Organization","@id":"https:\/\/www.cortecarezzabella.com\/it\/#organization","name":"IL FRUTTETO DI SAN MARTINO S.S.","url":"https:\/\/www.cortecarezzabella.com\/it\/","logo":{"@type":"ImageObject","inLanguage":"it-IT","@id":"https:\/\/www.cortecarezzabella.com\/it\/#\/schema\/logo\/image\/","url":"https:\/\/www.cortecarezzabella.com\/wp-content\/uploads\/2020\/03\/LOGO_laBottega-posta-elttr-piccola.jpg","contentUrl":"https:\/\/www.cortecarezzabella.com\/wp-content\/uploads\/2020\/03\/LOGO_laBottega-posta-elttr-piccola.jpg","width":160,"height":115,"caption":"IL FRUTTETO DI SAN MARTINO S.S."},"image":{"@id":"https:\/\/www.cortecarezzabella.com\/it\/#\/schema\/logo\/image\/"}}]}},"_links":{"self":[{"href":"https:\/\/www.cortecarezzabella.com\/it\/wp-json\/wp\/v2\/pages\/288","targetHints":{"allow":["GET"]}}],"collection":[{"href":"https:\/\/www.cortecarezzabella.com\/it\/wp-json\/wp\/v2\/pages"}],"about":[{"href":"https:\/\/www.cortecarezzabella.com\/it\/wp-json\/wp\/v2\/types\/page"}],"author":[{"embeddable":true,"href":"https:\/\/www.cortecarezzabella.com\/it\/wp-json\/wp\/v2\/users\/1"}],"replies":[{"embeddable":true,"href":"https:\/\/www.cortecarezzabella.com\/it\/wp-json\/wp\/v2\/comments?post=288"}],"version-history":[{"count":3,"href":"https:\/\/www.cortecarezzabella.com\/it\/wp-json\/wp\/v2\/pages\/288\/revisions"}],"predecessor-version":[{"id":10320,"href":"https:\/\/www.cortecarezzabella.com\/it\/wp-json\/wp\/v2\/pages\/288\/revisions\/10320"}],"up":[{"embeddable":true,"href":"https:\/\/www.cortecarezzabella.com\/it\/wp-json\/wp\/v2\/pages\/278"}],"wp:attachment":[{"href":"https:\/\/www.cortecarezzabella.com\/it\/wp-json\/wp\/v2\/media?parent=288"}],"curies":[{"name":"wp","href":"https:\/\/api.w.org\/{rel}","templated":true}]}}