{"id":286,"date":"2017-05-10T16:49:50","date_gmt":"2017-05-10T14:49:50","guid":{"rendered":"https:\/\/www.cortecarezzabella.com\/?page_id=286"},"modified":"2018-01-30T20:38:02","modified_gmt":"2018-01-30T19:38:02","slug":"spiagge-selvagge","status":"publish","type":"page","link":"https:\/\/www.cortecarezzabella.com\/it\/territorio\/spiagge-selvagge\/","title":{"rendered":"Spiagge selvagge"},"content":{"rendered":"<h1 style=\"text-align: center;\">-Spiagge selvagge nel Delta del Po-<\/h1>\n<p>Nel Delta del Po non mancano le spiagge attrezzate con servizi balneari adatti a tutta la famiglia tra cui bar, ristoranti e zone giochi.<\/p>\n<p>La spiaggia pi\u00f9 turistica ed attrezzata \u00e8 sicuramente quella di Rosolina Mare.<\/p>\n<p>Non dimenticate per\u00f2 che siete all\u2019interno di un parco naturale che da il meglio di se quando sono la <strong>pace<\/strong> ed il <strong>silenzio<\/strong> della <strong>natura<\/strong> a prevalere. La maggior parte delle spiagge offre infatti non solo servizi di accoglienza ma anche lunghi tratti di spiaggia libera da percorrere in rilassanti passeggiate, anche fuori stagione.<\/p>\n<p>Alcune si raggiungono soltanto dal mare , per una vera e propria fuga dalla realt\u00e0!<\/p>\n<p>&nbsp;<\/p>\n<p>Spiaggia di Rosolina Mare&nbsp;<\/p>\n<p>Spiaggia di Boccasette&nbsp;<\/p>\n<p>Spiaggia di Porto Caleri &#8211; *partenza escursioni in barca<\/p>\n<p>Spiaggia di Scano Cavallari &#8211; *raggiungibile solo in barca da Porto Levante<\/p>\n<p>Spiaggia di Barricata &#8211;&nbsp;*partenza escursioni in barca<\/p>\n<p>Spiaggia delll\u2019Isola dell\u2019amore &#8211; *raggiungibile solo in barca da S. Giulia<\/p>\n<p>&nbsp;<\/p>\nngg_shortcode_0_placeholder\n","protected":false},"excerpt":{"rendered":"<p>-Spiagge selvagge nel Delta del Po- Nel Delta del Po non mancano le spiagge attrezzate con servizi balneari adatti a tutta la famiglia tra cui bar, ristoranti e zone giochi. La spiaggia pi\u00f9 turistica ed attrezzata \u00e8 sicuramente quella di Rosolina Mare. Non dimenticate per\u00f2 che siete all\u2019interno di un parco naturale che da il [&hellip;]<\/p>\n","protected":false},"author":1,"featured_media":0,"parent":278,"menu_order":0,"comment_status":"closed","ping_status":"closed","template":"","meta":{"_acf_changed":false,"ngg_post_thumbnail":0,"footnotes":""},"class_list":["post-286","page","type-page","status-publish","hentry"],"acf":[],"yoast_head":"<!-- This site is optimized with the Yoast SEO plugin v27.5 - https:\/\/yoast.com\/product\/yoast-seo-wordpress\/ -->\n<title>Spiagge selvagge<\/title>\n<meta name=\"robots\" content=\"index, follow, max-snippet:-1, max-image-preview:large, max-video-preview:-1\" \/>\n<link rel=\"canonical\" href=\"https:\/\/www.cortecarezzabella.com\/it\/territorio\/spiagge-selvagge\/\" \/>\n<meta property=\"og:locale\" content=\"it_IT\" \/>\n<meta property=\"og:type\" content=\"article\" \/>\n<meta property=\"og:title\" content=\"Spiagge selvagge\" \/>\n<meta property=\"og:description\" content=\"-Spiagge selvagge nel Delta del Po- Nel Delta del Po non mancano le spiagge attrezzate con servizi balneari adatti a tutta la famiglia tra cui bar, ristoranti e zone giochi. La spiaggia pi\u00f9 turistica ed attrezzata \u00e8 sicuramente quella di Rosolina Mare. Non dimenticate per\u00f2 che siete all\u2019interno di un parco naturale che da il [&hellip;]\" \/>\n<meta property=\"og:url\" content=\"https:\/\/www.cortecarezzabella.com\/it\/territorio\/spiagge-selvagge\/\" \/>\n<meta property=\"og:site_name\" content=\"Corte Carezzabella\" \/>\n<meta property=\"article:modified_time\" content=\"2018-01-30T19:38:02+00:00\" \/>\n<meta name=\"twitter:card\" content=\"summary_large_image\" \/>\n<meta name=\"twitter:label1\" content=\"Tempo di lettura stimato\" \/>\n\t<meta name=\"twitter:data1\" content=\"1 minuto\" \/>\n<script type=\"application\/ld+json\" class=\"yoast-schema-graph\">{\"@context\":\"https:\\\/\\\/schema.org\",\"@graph\":[{\"@type\":\"WebPage\",\"@id\":\"https:\\\/\\\/www.cortecarezzabella.com\\\/it\\\/territorio\\\/spiagge-selvagge\\\/\",\"url\":\"https:\\\/\\\/www.cortecarezzabella.com\\\/it\\\/territorio\\\/spiagge-selvagge\\\/\",\"name\":\"Spiagge selvagge\",\"isPartOf\":{\"@id\":\"https:\\\/\\\/www.cortecarezzabella.com\\\/it\\\/#website\"},\"datePublished\":\"2017-05-10T14:49:50+00:00\",\"dateModified\":\"2018-01-30T19:38:02+00:00\",\"breadcrumb\":{\"@id\":\"https:\\\/\\\/www.cortecarezzabella.com\\\/it\\\/territorio\\\/spiagge-selvagge\\\/#breadcrumb\"},\"inLanguage\":\"it-IT\",\"potentialAction\":[{\"@type\":\"ReadAction\",\"target\":[\"https:\\\/\\\/www.cortecarezzabella.com\\\/it\\\/territorio\\\/spiagge-selvagge\\\/\"]}]},{\"@type\":\"BreadcrumbList\",\"@id\":\"https:\\\/\\\/www.cortecarezzabella.com\\\/it\\\/territorio\\\/spiagge-selvagge\\\/#breadcrumb\",\"itemListElement\":[{\"@type\":\"ListItem\",\"position\":1,\"name\":\"Home\",\"item\":\"https:\\\/\\\/www.cortecarezzabella.com\\\/it\\\/\"},{\"@type\":\"ListItem\",\"position\":2,\"name\":\"Territorio\",\"item\":\"https:\\\/\\\/www.cortecarezzabella.com\\\/it\\\/territorio\\\/\"},{\"@type\":\"ListItem\",\"position\":3,\"name\":\"Spiagge selvagge\"}]},{\"@type\":\"WebSite\",\"@id\":\"https:\\\/\\\/www.cortecarezzabella.com\\\/it\\\/#website\",\"url\":\"https:\\\/\\\/www.cortecarezzabella.com\\\/it\\\/\",\"name\":\"Corte Carezzabella\",\"description\":\"Agriturismo Corte Carezzabella\",\"publisher\":{\"@id\":\"https:\\\/\\\/www.cortecarezzabella.com\\\/it\\\/#organization\"},\"potentialAction\":[{\"@type\":\"SearchAction\",\"target\":{\"@type\":\"EntryPoint\",\"urlTemplate\":\"https:\\\/\\\/www.cortecarezzabella.com\\\/it\\\/?s={search_term_string}\"},\"query-input\":{\"@type\":\"PropertyValueSpecification\",\"valueRequired\":true,\"valueName\":\"search_term_string\"}}],\"inLanguage\":\"it-IT\"},{\"@type\":\"Organization\",\"@id\":\"https:\\\/\\\/www.cortecarezzabella.com\\\/it\\\/#organization\",\"name\":\"IL FRUTTETO DI SAN MARTINO S.S.\",\"url\":\"https:\\\/\\\/www.cortecarezzabella.com\\\/it\\\/\",\"logo\":{\"@type\":\"ImageObject\",\"inLanguage\":\"it-IT\",\"@id\":\"https:\\\/\\\/www.cortecarezzabella.com\\\/it\\\/#\\\/schema\\\/logo\\\/image\\\/\",\"url\":\"https:\\\/\\\/www.cortecarezzabella.com\\\/wp-content\\\/uploads\\\/2020\\\/03\\\/LOGO_laBottega-posta-elttr-piccola.jpg\",\"contentUrl\":\"https:\\\/\\\/www.cortecarezzabella.com\\\/wp-content\\\/uploads\\\/2020\\\/03\\\/LOGO_laBottega-posta-elttr-piccola.jpg\",\"width\":160,\"height\":115,\"caption\":\"IL FRUTTETO DI SAN MARTINO S.S.\"},\"image\":{\"@id\":\"https:\\\/\\\/www.cortecarezzabella.com\\\/it\\\/#\\\/schema\\\/logo\\\/image\\\/\"}}]}<\/script>\n<!-- \/ Yoast SEO plugin. -->","yoast_head_json":{"title":"Spiagge selvagge","robots":{"index":"index","follow":"follow","max-snippet":"max-snippet:-1","max-image-preview":"max-image-preview:large","max-video-preview":"max-video-preview:-1"},"canonical":"https:\/\/www.cortecarezzabella.com\/it\/territorio\/spiagge-selvagge\/","og_locale":"it_IT","og_type":"article","og_title":"Spiagge selvagge","og_description":"-Spiagge selvagge nel Delta del Po- Nel Delta del Po non mancano le spiagge attrezzate con servizi balneari adatti a tutta la famiglia tra cui bar, ristoranti e zone giochi. La spiaggia pi\u00f9 turistica ed attrezzata \u00e8 sicuramente quella di Rosolina Mare. Non dimenticate per\u00f2 che siete all\u2019interno di un parco naturale che da il [&hellip;]","og_url":"https:\/\/www.cortecarezzabella.com\/it\/territorio\/spiagge-selvagge\/","og_site_name":"Corte Carezzabella","article_modified_time":"2018-01-30T19:38:02+00:00","twitter_card":"summary_large_image","twitter_misc":{"Tempo di lettura stimato":"1 minuto"},"schema":{"@context":"https:\/\/schema.org","@graph":[{"@type":"WebPage","@id":"https:\/\/www.cortecarezzabella.com\/it\/territorio\/spiagge-selvagge\/","url":"https:\/\/www.cortecarezzabella.com\/it\/territorio\/spiagge-selvagge\/","name":"Spiagge selvagge","isPartOf":{"@id":"https:\/\/www.cortecarezzabella.com\/it\/#website"},"datePublished":"2017-05-10T14:49:50+00:00","dateModified":"2018-01-30T19:38:02+00:00","breadcrumb":{"@id":"https:\/\/www.cortecarezzabella.com\/it\/territorio\/spiagge-selvagge\/#breadcrumb"},"inLanguage":"it-IT","potentialAction":[{"@type":"ReadAction","target":["https:\/\/www.cortecarezzabella.com\/it\/territorio\/spiagge-selvagge\/"]}]},{"@type":"BreadcrumbList","@id":"https:\/\/www.cortecarezzabella.com\/it\/territorio\/spiagge-selvagge\/#breadcrumb","itemListElement":[{"@type":"ListItem","position":1,"name":"Home","item":"https:\/\/www.cortecarezzabella.com\/it\/"},{"@type":"ListItem","position":2,"name":"Territorio","item":"https:\/\/www.cortecarezzabella.com\/it\/territorio\/"},{"@type":"ListItem","position":3,"name":"Spiagge selvagge"}]},{"@type":"WebSite","@id":"https:\/\/www.cortecarezzabella.com\/it\/#website","url":"https:\/\/www.cortecarezzabella.com\/it\/","name":"Corte Carezzabella","description":"Agriturismo Corte Carezzabella","publisher":{"@id":"https:\/\/www.cortecarezzabella.com\/it\/#organization"},"potentialAction":[{"@type":"SearchAction","target":{"@type":"EntryPoint","urlTemplate":"https:\/\/www.cortecarezzabella.com\/it\/?s={search_term_string}"},"query-input":{"@type":"PropertyValueSpecification","valueRequired":true,"valueName":"search_term_string"}}],"inLanguage":"it-IT"},{"@type":"Organization","@id":"https:\/\/www.cortecarezzabella.com\/it\/#organization","name":"IL FRUTTETO DI SAN MARTINO S.S.","url":"https:\/\/www.cortecarezzabella.com\/it\/","logo":{"@type":"ImageObject","inLanguage":"it-IT","@id":"https:\/\/www.cortecarezzabella.com\/it\/#\/schema\/logo\/image\/","url":"https:\/\/www.cortecarezzabella.com\/wp-content\/uploads\/2020\/03\/LOGO_laBottega-posta-elttr-piccola.jpg","contentUrl":"https:\/\/www.cortecarezzabella.com\/wp-content\/uploads\/2020\/03\/LOGO_laBottega-posta-elttr-piccola.jpg","width":160,"height":115,"caption":"IL FRUTTETO DI SAN MARTINO S.S."},"image":{"@id":"https:\/\/www.cortecarezzabella.com\/it\/#\/schema\/logo\/image\/"}}]}},"_links":{"self":[{"href":"https:\/\/www.cortecarezzabella.com\/it\/wp-json\/wp\/v2\/pages\/286","targetHints":{"allow":["GET"]}}],"collection":[{"href":"https:\/\/www.cortecarezzabella.com\/it\/wp-json\/wp\/v2\/pages"}],"about":[{"href":"https:\/\/www.cortecarezzabella.com\/it\/wp-json\/wp\/v2\/types\/page"}],"author":[{"embeddable":true,"href":"https:\/\/www.cortecarezzabella.com\/it\/wp-json\/wp\/v2\/users\/1"}],"replies":[{"embeddable":true,"href":"https:\/\/www.cortecarezzabella.com\/it\/wp-json\/wp\/v2\/comments?post=286"}],"version-history":[{"count":10,"href":"https:\/\/www.cortecarezzabella.com\/it\/wp-json\/wp\/v2\/pages\/286\/revisions"}],"predecessor-version":[{"id":4070,"href":"https:\/\/www.cortecarezzabella.com\/it\/wp-json\/wp\/v2\/pages\/286\/revisions\/4070"}],"up":[{"embeddable":true,"href":"https:\/\/www.cortecarezzabella.com\/it\/wp-json\/wp\/v2\/pages\/278"}],"wp:attachment":[{"href":"https:\/\/www.cortecarezzabella.com\/it\/wp-json\/wp\/v2\/media?parent=286"}],"curies":[{"name":"wp","href":"https:\/\/api.w.org\/{rel}","templated":true}]}}