{"id":167,"date":"2017-05-10T10:55:26","date_gmt":"2017-05-10T08:55:26","guid":{"rendered":"https:\/\/www.cortecarezzabella.com\/?page_id=167"},"modified":"2025-10-09T12:16:12","modified_gmt":"2025-10-09T10:16:12","slug":"attivita-didattiche-per-scuole","status":"publish","type":"page","link":"https:\/\/www.cortecarezzabella.com\/it\/attivita-didattiche-per-scuole\/","title":{"rendered":"Attivit\u00e0 didattiche rivolte alle scuole"},"content":{"rendered":"<h1>&#8211; Attivit\u00e0 didattiche rivolte alle scuole &#8211;<\/h1>\n<p>Accogliamo a Corte Carezzabella molte scuole che ci fanno visita durante l\u2019anno scolastico.<\/p>\n<p>Preferiamo impegnarci nel facilitare l\u2019esplorazione e la scoperta da parte dei bambini piuttosto che provare a trasmettere conoscenze o informazioni relative alla campagna. Non ci piacciono le visite guidate in campagna, non siamo al museo!<\/p>\n<p>La campagna \u00e8 un luogo di attivit\u00e0 e di movimento, dove i pensieri nascono assieme al fare.<\/p>\n<p>Organizziamo visite in giornata, percorsi di pi\u00f9 incontri ed esperienze residenziali.<\/p>\n<p>&nbsp;<\/p>\n<p><strong>Scuole dell<\/strong><strong>\u2019infanzia e primaria.<\/strong><\/p>\n<p>Durante la prima visita a Corte Carezzabella ci piace stimolare soprattutto l\u2019esplorazione di un ambiente nuovo. Quando la visita \u00e8 pi\u00f9 lunga affianchiamo delle proposte di laboratori strutturati, partendo da ci\u00f2 che ci offrono le stagioni.<\/p>\n<p>I nostri laboratori posso essere di tipo artistico-creativo oppure legati all\u2019agricoltura e alle scienze.<\/p>\n<p>Crediamo che la proposta pi\u00f9 significativa per i nostri bambini sia quella di un percorso di pi\u00f9 incontri, magari collocati in stagioni diverse.<\/p>\n<p>Per una vera immersione nella vita dell\u2019azienda agricola proponiamo l\u2019esperienza di un soggiorno didattico di tipo residenziale. La valenza di questo progetto riguarda sia gli apprendimenti didattici che la formazione del gruppo classe.<\/p>\n<p>&nbsp;<\/p>\n<p><strong>Scuola secondaria di primo e secondo grado.<\/strong><\/p>\n<p>I nostri progetti con le ragazze e i ragazzi delle scuole medie e superiori sono caratterizzati soprattutto da obiettivi formativi di tipo socio-relazionale.<\/p>\n<p>Lavoriamo con i gruppi classe seguendo un approccio esperienziale, alternando attivit\u00e0 coinvolgenti e avventurose in natura a momenti di riflessione, personale e in gruppo.<\/p>\n<p>Usiamo l\u2019ambiente outdoor come \u201cstrumento di apprendimento\u201d, capace di facilitare le dinamiche di gruppo e l\u2019emergere dei talenti, coltivando la crescita della classe come gruppo.<\/p>\n<p>Vorremmo proporre soprattutto per-corsi e non semplici esperienze isolate; per questo motivo investiamo molto sulla collaborazione con i docenti.<\/p>\n<p>PER INFO SCRIVERE A : edu.cortecarezzabella@gmail.com<\/p>\nngg_shortcode_0_placeholder\n<p>&nbsp;<\/p>\n<p>&nbsp;<\/p>\n\n<div class=\"wp-block-image\">\n<figure class=\"aligncenter\"><img loading=\"lazy\" decoding=\"async\" width=\"340\" height=\"240\" src=\"https:\/\/www.cortecarezzabella.com\/wp-content\/uploads\/2019\/02\/logo-Fattorie-ALTA-340x240.jpg\" alt=\"\" class=\"wp-image-5115\"\/><figcaption class=\"wp-element-caption\">La nostra azienda \u00e8 regolarmente iscritta al registro regionale delle Fattorie Didattiche<\/figcaption><\/figure>\n<\/div>","protected":false},"excerpt":{"rendered":"<p>&#8211; Attivit\u00e0 didattiche rivolte alle scuole &#8211; Accogliamo a Corte Carezzabella molte scuole che ci fanno visita durante l\u2019anno scolastico. Preferiamo impegnarci nel facilitare l\u2019esplorazione e la scoperta da parte dei bambini piuttosto che provare a trasmettere conoscenze o informazioni relative alla campagna. Non ci piacciono le visite guidate in campagna, non siamo al museo! [&hellip;]<\/p>\n","protected":false},"author":1,"featured_media":0,"parent":0,"menu_order":0,"comment_status":"closed","ping_status":"closed","template":"","meta":{"_acf_changed":false,"ngg_post_thumbnail":0,"footnotes":""},"class_list":["post-167","page","type-page","status-publish","hentry"],"acf":[],"yoast_head":"<!-- This site is optimized with the Yoast SEO plugin v27.3 - https:\/\/yoast.com\/product\/yoast-seo-wordpress\/ -->\n<title>Attivit\u00e0 didattiche rivolte alle scuole<\/title>\n<meta name=\"robots\" content=\"index, follow, max-snippet:-1, max-image-preview:large, max-video-preview:-1\" \/>\n<link rel=\"canonical\" href=\"https:\/\/www.cortecarezzabella.com\/it\/attivita-didattiche-per-scuole\/\" \/>\n<meta property=\"og:locale\" content=\"it_IT\" \/>\n<meta property=\"og:type\" content=\"article\" \/>\n<meta property=\"og:title\" content=\"Attivit\u00e0 didattiche rivolte alle scuole\" \/>\n<meta property=\"og:description\" content=\"&#8211; Attivit\u00e0 didattiche rivolte alle scuole &#8211; Accogliamo a Corte Carezzabella molte scuole che ci fanno visita durante l\u2019anno scolastico. Preferiamo impegnarci nel facilitare l\u2019esplorazione e la scoperta da parte dei bambini piuttosto che provare a trasmettere conoscenze o informazioni relative alla campagna. Non ci piacciono le visite guidate in campagna, non siamo al museo! [&hellip;]\" \/>\n<meta property=\"og:url\" content=\"https:\/\/www.cortecarezzabella.com\/it\/attivita-didattiche-per-scuole\/\" \/>\n<meta property=\"og:site_name\" content=\"Corte Carezzabella\" \/>\n<meta property=\"article:modified_time\" content=\"2025-10-09T10:16:12+00:00\" \/>\n<meta property=\"og:image\" content=\"https:\/\/www.cortecarezzabella.com\/wp-content\/uploads\/2019\/02\/logo-Fattorie-ALTA-340x240.jpg\" \/>\n<meta name=\"twitter:card\" content=\"summary_large_image\" \/>\n<meta name=\"twitter:label1\" content=\"Tempo di lettura stimato\" \/>\n\t<meta name=\"twitter:data1\" content=\"2 minuti\" \/>\n<script type=\"application\/ld+json\" class=\"yoast-schema-graph\">{\"@context\":\"https:\\\/\\\/schema.org\",\"@graph\":[{\"@type\":\"WebPage\",\"@id\":\"https:\\\/\\\/www.cortecarezzabella.com\\\/it\\\/attivita-didattiche-per-scuole\\\/\",\"url\":\"https:\\\/\\\/www.cortecarezzabella.com\\\/it\\\/attivita-didattiche-per-scuole\\\/\",\"name\":\"Attivit\u00e0 didattiche rivolte alle scuole\",\"isPartOf\":{\"@id\":\"https:\\\/\\\/www.cortecarezzabella.com\\\/it\\\/#website\"},\"primaryImageOfPage\":{\"@id\":\"https:\\\/\\\/www.cortecarezzabella.com\\\/it\\\/attivita-didattiche-per-scuole\\\/#primaryimage\"},\"image\":{\"@id\":\"https:\\\/\\\/www.cortecarezzabella.com\\\/it\\\/attivita-didattiche-per-scuole\\\/#primaryimage\"},\"thumbnailUrl\":\"https:\\\/\\\/www.cortecarezzabella.com\\\/wp-content\\\/uploads\\\/2019\\\/02\\\/logo-Fattorie-ALTA-340x240.jpg\",\"datePublished\":\"2017-05-10T08:55:26+00:00\",\"dateModified\":\"2025-10-09T10:16:12+00:00\",\"breadcrumb\":{\"@id\":\"https:\\\/\\\/www.cortecarezzabella.com\\\/it\\\/attivita-didattiche-per-scuole\\\/#breadcrumb\"},\"inLanguage\":\"it-IT\",\"potentialAction\":[{\"@type\":\"ReadAction\",\"target\":[\"https:\\\/\\\/www.cortecarezzabella.com\\\/it\\\/attivita-didattiche-per-scuole\\\/\"]}]},{\"@type\":\"ImageObject\",\"inLanguage\":\"it-IT\",\"@id\":\"https:\\\/\\\/www.cortecarezzabella.com\\\/it\\\/attivita-didattiche-per-scuole\\\/#primaryimage\",\"url\":\"https:\\\/\\\/www.cortecarezzabella.com\\\/wp-content\\\/uploads\\\/2019\\\/02\\\/logo-Fattorie-ALTA-340x240.jpg\",\"contentUrl\":\"https:\\\/\\\/www.cortecarezzabella.com\\\/wp-content\\\/uploads\\\/2019\\\/02\\\/logo-Fattorie-ALTA-340x240.jpg\"},{\"@type\":\"BreadcrumbList\",\"@id\":\"https:\\\/\\\/www.cortecarezzabella.com\\\/it\\\/attivita-didattiche-per-scuole\\\/#breadcrumb\",\"itemListElement\":[{\"@type\":\"ListItem\",\"position\":1,\"name\":\"Home\",\"item\":\"https:\\\/\\\/www.cortecarezzabella.com\\\/it\\\/\"},{\"@type\":\"ListItem\",\"position\":2,\"name\":\"Attivit\u00e0 didattiche rivolte alle scuole\"}]},{\"@type\":\"WebSite\",\"@id\":\"https:\\\/\\\/www.cortecarezzabella.com\\\/it\\\/#website\",\"url\":\"https:\\\/\\\/www.cortecarezzabella.com\\\/it\\\/\",\"name\":\"Corte Carezzabella\",\"description\":\"Agriturismo Corte Carezzabella\",\"publisher\":{\"@id\":\"https:\\\/\\\/www.cortecarezzabella.com\\\/it\\\/#organization\"},\"potentialAction\":[{\"@type\":\"SearchAction\",\"target\":{\"@type\":\"EntryPoint\",\"urlTemplate\":\"https:\\\/\\\/www.cortecarezzabella.com\\\/it\\\/?s={search_term_string}\"},\"query-input\":{\"@type\":\"PropertyValueSpecification\",\"valueRequired\":true,\"valueName\":\"search_term_string\"}}],\"inLanguage\":\"it-IT\"},{\"@type\":\"Organization\",\"@id\":\"https:\\\/\\\/www.cortecarezzabella.com\\\/it\\\/#organization\",\"name\":\"IL FRUTTETO DI SAN MARTINO S.S.\",\"url\":\"https:\\\/\\\/www.cortecarezzabella.com\\\/it\\\/\",\"logo\":{\"@type\":\"ImageObject\",\"inLanguage\":\"it-IT\",\"@id\":\"https:\\\/\\\/www.cortecarezzabella.com\\\/it\\\/#\\\/schema\\\/logo\\\/image\\\/\",\"url\":\"https:\\\/\\\/www.cortecarezzabella.com\\\/wp-content\\\/uploads\\\/2020\\\/03\\\/LOGO_laBottega-posta-elttr-piccola.jpg\",\"contentUrl\":\"https:\\\/\\\/www.cortecarezzabella.com\\\/wp-content\\\/uploads\\\/2020\\\/03\\\/LOGO_laBottega-posta-elttr-piccola.jpg\",\"width\":160,\"height\":115,\"caption\":\"IL FRUTTETO DI SAN MARTINO S.S.\"},\"image\":{\"@id\":\"https:\\\/\\\/www.cortecarezzabella.com\\\/it\\\/#\\\/schema\\\/logo\\\/image\\\/\"}}]}<\/script>\n<!-- \/ Yoast SEO plugin. -->","yoast_head_json":{"title":"Attivit\u00e0 didattiche rivolte alle scuole","robots":{"index":"index","follow":"follow","max-snippet":"max-snippet:-1","max-image-preview":"max-image-preview:large","max-video-preview":"max-video-preview:-1"},"canonical":"https:\/\/www.cortecarezzabella.com\/it\/attivita-didattiche-per-scuole\/","og_locale":"it_IT","og_type":"article","og_title":"Attivit\u00e0 didattiche rivolte alle scuole","og_description":"&#8211; Attivit\u00e0 didattiche rivolte alle scuole &#8211; Accogliamo a Corte Carezzabella molte scuole che ci fanno visita durante l\u2019anno scolastico. Preferiamo impegnarci nel facilitare l\u2019esplorazione e la scoperta da parte dei bambini piuttosto che provare a trasmettere conoscenze o informazioni relative alla campagna. Non ci piacciono le visite guidate in campagna, non siamo al museo! [&hellip;]","og_url":"https:\/\/www.cortecarezzabella.com\/it\/attivita-didattiche-per-scuole\/","og_site_name":"Corte Carezzabella","article_modified_time":"2025-10-09T10:16:12+00:00","og_image":[{"url":"https:\/\/www.cortecarezzabella.com\/wp-content\/uploads\/2019\/02\/logo-Fattorie-ALTA-340x240.jpg","type":"","width":"","height":""}],"twitter_card":"summary_large_image","twitter_misc":{"Tempo di lettura stimato":"2 minuti"},"schema":{"@context":"https:\/\/schema.org","@graph":[{"@type":"WebPage","@id":"https:\/\/www.cortecarezzabella.com\/it\/attivita-didattiche-per-scuole\/","url":"https:\/\/www.cortecarezzabella.com\/it\/attivita-didattiche-per-scuole\/","name":"Attivit\u00e0 didattiche rivolte alle scuole","isPartOf":{"@id":"https:\/\/www.cortecarezzabella.com\/it\/#website"},"primaryImageOfPage":{"@id":"https:\/\/www.cortecarezzabella.com\/it\/attivita-didattiche-per-scuole\/#primaryimage"},"image":{"@id":"https:\/\/www.cortecarezzabella.com\/it\/attivita-didattiche-per-scuole\/#primaryimage"},"thumbnailUrl":"https:\/\/www.cortecarezzabella.com\/wp-content\/uploads\/2019\/02\/logo-Fattorie-ALTA-340x240.jpg","datePublished":"2017-05-10T08:55:26+00:00","dateModified":"2025-10-09T10:16:12+00:00","breadcrumb":{"@id":"https:\/\/www.cortecarezzabella.com\/it\/attivita-didattiche-per-scuole\/#breadcrumb"},"inLanguage":"it-IT","potentialAction":[{"@type":"ReadAction","target":["https:\/\/www.cortecarezzabella.com\/it\/attivita-didattiche-per-scuole\/"]}]},{"@type":"ImageObject","inLanguage":"it-IT","@id":"https:\/\/www.cortecarezzabella.com\/it\/attivita-didattiche-per-scuole\/#primaryimage","url":"https:\/\/www.cortecarezzabella.com\/wp-content\/uploads\/2019\/02\/logo-Fattorie-ALTA-340x240.jpg","contentUrl":"https:\/\/www.cortecarezzabella.com\/wp-content\/uploads\/2019\/02\/logo-Fattorie-ALTA-340x240.jpg"},{"@type":"BreadcrumbList","@id":"https:\/\/www.cortecarezzabella.com\/it\/attivita-didattiche-per-scuole\/#breadcrumb","itemListElement":[{"@type":"ListItem","position":1,"name":"Home","item":"https:\/\/www.cortecarezzabella.com\/it\/"},{"@type":"ListItem","position":2,"name":"Attivit\u00e0 didattiche rivolte alle scuole"}]},{"@type":"WebSite","@id":"https:\/\/www.cortecarezzabella.com\/it\/#website","url":"https:\/\/www.cortecarezzabella.com\/it\/","name":"Corte Carezzabella","description":"Agriturismo Corte Carezzabella","publisher":{"@id":"https:\/\/www.cortecarezzabella.com\/it\/#organization"},"potentialAction":[{"@type":"SearchAction","target":{"@type":"EntryPoint","urlTemplate":"https:\/\/www.cortecarezzabella.com\/it\/?s={search_term_string}"},"query-input":{"@type":"PropertyValueSpecification","valueRequired":true,"valueName":"search_term_string"}}],"inLanguage":"it-IT"},{"@type":"Organization","@id":"https:\/\/www.cortecarezzabella.com\/it\/#organization","name":"IL FRUTTETO DI SAN MARTINO S.S.","url":"https:\/\/www.cortecarezzabella.com\/it\/","logo":{"@type":"ImageObject","inLanguage":"it-IT","@id":"https:\/\/www.cortecarezzabella.com\/it\/#\/schema\/logo\/image\/","url":"https:\/\/www.cortecarezzabella.com\/wp-content\/uploads\/2020\/03\/LOGO_laBottega-posta-elttr-piccola.jpg","contentUrl":"https:\/\/www.cortecarezzabella.com\/wp-content\/uploads\/2020\/03\/LOGO_laBottega-posta-elttr-piccola.jpg","width":160,"height":115,"caption":"IL FRUTTETO DI SAN MARTINO S.S."},"image":{"@id":"https:\/\/www.cortecarezzabella.com\/it\/#\/schema\/logo\/image\/"}}]}},"_links":{"self":[{"href":"https:\/\/www.cortecarezzabella.com\/it\/wp-json\/wp\/v2\/pages\/167","targetHints":{"allow":["GET"]}}],"collection":[{"href":"https:\/\/www.cortecarezzabella.com\/it\/wp-json\/wp\/v2\/pages"}],"about":[{"href":"https:\/\/www.cortecarezzabella.com\/it\/wp-json\/wp\/v2\/types\/page"}],"author":[{"embeddable":true,"href":"https:\/\/www.cortecarezzabella.com\/it\/wp-json\/wp\/v2\/users\/1"}],"replies":[{"embeddable":true,"href":"https:\/\/www.cortecarezzabella.com\/it\/wp-json\/wp\/v2\/comments?post=167"}],"version-history":[{"count":23,"href":"https:\/\/www.cortecarezzabella.com\/it\/wp-json\/wp\/v2\/pages\/167\/revisions"}],"predecessor-version":[{"id":15101,"href":"https:\/\/www.cortecarezzabella.com\/it\/wp-json\/wp\/v2\/pages\/167\/revisions\/15101"}],"wp:attachment":[{"href":"https:\/\/www.cortecarezzabella.com\/it\/wp-json\/wp\/v2\/media?parent=167"}],"curies":[{"name":"wp","href":"https:\/\/api.w.org\/{rel}","templated":true}]}}