{"id":165,"date":"2017-05-10T10:55:15","date_gmt":"2017-05-10T08:55:15","guid":{"rendered":"https:\/\/www.cortecarezzabella.com\/?page_id=165"},"modified":"2026-01-29T12:18:33","modified_gmt":"2026-01-29T11:18:33","slug":"attivita-didattiche-famiglie-e-settimane-verdi","status":"publish","type":"page","link":"https:\/\/www.cortecarezzabella.com\/it\/attivita-didattiche-famiglie-e-settimane-verdi\/","title":{"rendered":"Attivit\u00e0 didattiche per le famiglie e Settimane Verdi"},"content":{"rendered":"<h1>&#8211; Attivit\u00e0 didattiche rivolte alle famiglie &#8211;<\/h1>\n<p>Anche in famiglia \u00e8 possibile visitare la nostra fattoria didattica. Abbiamo in mente di rendere tutta l\u2019azienda agricola visitabile, concependola come un vero e proprio <strong>parco rurale<\/strong>: un ambiente ricco di stimoli, selvatico ma adatto alla visita con percorsi segnalati e semplici attivit\u00e0 a disposizione lungo i percorsi.<\/p>\n<p>Qualche volta organizziamo laboratori, spettacoli, eventi rivolti ai bambini e alle loro famiglie. Tenete d\u2019occhio le news in home page per essere aggiornati.<\/p>\n<ul style=\"list-style-type: circle;\">\n<li>\n<h3>La <a href=\"https:\/\/www.cortecarezzabella.com\/it\/attivita-in-corte\/ludoteca-artigianale\/\">Ludoteca in legno<\/a>, giochi di una volta per bambini moderni<\/h3>\n<\/li>\n<\/ul>\n\n\n<h2 class=\"wp-block-heading has-text-align-center\">-Le Settimane Verdi-<\/h2>\n\n\n\n<p>L\u2019estate \u00e8 il momento migliore dell\u2019anno per regalare ai nostri bambini<strong>&nbsp;un\u2019esperienza di scoperta in natura<\/strong>. La scuola finisce, le giornate sono lunghe e l\u2019azienda agricola \u00e8 nel pieno della sua attivit\u00e0.<\/p>\n\n\n\n<p>Alcuni anni fa sono nate le nostre Settimane Verdi, il progetto di un\u2019esperienza che ci permettesse di vivere assieme ai bambini una vera immersione nella natura. Ogni anno questo progetto si arricchisce di scoperte e di stimoli.<\/p>\n\n\n\n<p>Il nostro approccio, ispirato alla pedagogia delle scuole nel bosco, mette&nbsp;<strong>al centro i bambini<\/strong>&nbsp;e le relazioni che si creano con loro, fra loro e con l\u2019ambiente naturale.<\/p>\n\n\n\n<p>Il tempo che offriamo \u00e8 ricco di spazi vuoti, di silenzi, di osservazione, di giochi, corse e di risate. Non c\u2019\u00e8 bisogno di riempire l\u2019agenda ma piuttosto di accompagnare il gruppo che ogni settimana si forma in un\u2019 esperienza di natura.<\/p>\n\n\n\n<p><strong>PROSSIMAMENTE SARANNO PUBBLICATE LE PROPOSTE PER L&#8217;ESTATE 202<\/strong>6<\/p>\n\n\n\n<p><\/p>\n\n\n\n<h2 class=\"wp-block-heading\"><\/h2>\n\n\n<div class=\"wp-block-image\">\n<figure class=\"aligncenter\"><img loading=\"lazy\" decoding=\"async\" width=\"340\" height=\"240\" src=\"https:\/\/www.cortecarezzabella.com\/wp-content\/uploads\/2019\/02\/logo-Fattorie-ALTA-340x240.jpg\" alt=\"\" class=\"wp-image-5115\"\/><figcaption class=\"wp-element-caption\">La nostra azienda \u00e8 regolarmente iscritta al registro regionale delle Fattorie Didattiche<\/figcaption><\/figure>\n<\/div>","protected":false},"excerpt":{"rendered":"<p>&#8211; Attivit\u00e0 didattiche rivolte alle famiglie &#8211; Anche in famiglia \u00e8 possibile visitare la nostra fattoria didattica. Abbiamo in mente di rendere tutta l\u2019azienda agricola visitabile, concependola come un vero e proprio parco rurale: un ambiente ricco di stimoli, selvatico ma adatto alla visita con percorsi segnalati e semplici attivit\u00e0 a disposizione lungo i percorsi. [&hellip;]<\/p>\n","protected":false},"author":1,"featured_media":0,"parent":0,"menu_order":0,"comment_status":"closed","ping_status":"closed","template":"","meta":{"_acf_changed":false,"ngg_post_thumbnail":0,"footnotes":""},"class_list":["post-165","page","type-page","status-publish","hentry"],"acf":[],"yoast_head":"<!-- This site is optimized with the Yoast SEO plugin v27.4 - https:\/\/yoast.com\/product\/yoast-seo-wordpress\/ -->\n<title>Attivit\u00e0 didattiche per le famiglie e Settimane Verdi<\/title>\n<meta name=\"robots\" content=\"index, follow, max-snippet:-1, max-image-preview:large, max-video-preview:-1\" \/>\n<link rel=\"canonical\" href=\"https:\/\/www.cortecarezzabella.com\/it\/attivita-didattiche-famiglie-e-settimane-verdi\/\" \/>\n<meta property=\"og:locale\" content=\"it_IT\" \/>\n<meta property=\"og:type\" content=\"article\" \/>\n<meta property=\"og:title\" content=\"Attivit\u00e0 didattiche per le famiglie e Settimane Verdi\" \/>\n<meta property=\"og:description\" content=\"&#8211; Attivit\u00e0 didattiche rivolte alle famiglie &#8211; Anche in famiglia \u00e8 possibile visitare la nostra fattoria didattica. Abbiamo in mente di rendere tutta l\u2019azienda agricola visitabile, concependola come un vero e proprio parco rurale: un ambiente ricco di stimoli, selvatico ma adatto alla visita con percorsi segnalati e semplici attivit\u00e0 a disposizione lungo i percorsi. [&hellip;]\" \/>\n<meta property=\"og:url\" content=\"https:\/\/www.cortecarezzabella.com\/it\/attivita-didattiche-famiglie-e-settimane-verdi\/\" \/>\n<meta property=\"og:site_name\" content=\"Corte Carezzabella\" \/>\n<meta property=\"article:modified_time\" content=\"2026-01-29T11:18:33+00:00\" \/>\n<meta property=\"og:image\" content=\"https:\/\/www.cortecarezzabella.com\/wp-content\/uploads\/2019\/02\/logo-Fattorie-ALTA.jpg\" \/>\n\t<meta property=\"og:image:width\" content=\"1181\" \/>\n\t<meta property=\"og:image:height\" content=\"709\" \/>\n\t<meta property=\"og:image:type\" content=\"image\/jpeg\" \/>\n<meta name=\"twitter:card\" content=\"summary_large_image\" \/>\n<meta name=\"twitter:label1\" content=\"Tempo di lettura stimato\" \/>\n\t<meta name=\"twitter:data1\" content=\"2 minuti\" \/>\n<script type=\"application\/ld+json\" class=\"yoast-schema-graph\">{\"@context\":\"https:\\\/\\\/schema.org\",\"@graph\":[{\"@type\":\"WebPage\",\"@id\":\"https:\\\/\\\/www.cortecarezzabella.com\\\/it\\\/attivita-didattiche-famiglie-e-settimane-verdi\\\/\",\"url\":\"https:\\\/\\\/www.cortecarezzabella.com\\\/it\\\/attivita-didattiche-famiglie-e-settimane-verdi\\\/\",\"name\":\"Attivit\u00e0 didattiche per le famiglie e Settimane Verdi\",\"isPartOf\":{\"@id\":\"https:\\\/\\\/www.cortecarezzabella.com\\\/it\\\/#website\"},\"primaryImageOfPage\":{\"@id\":\"https:\\\/\\\/www.cortecarezzabella.com\\\/it\\\/attivita-didattiche-famiglie-e-settimane-verdi\\\/#primaryimage\"},\"image\":{\"@id\":\"https:\\\/\\\/www.cortecarezzabella.com\\\/it\\\/attivita-didattiche-famiglie-e-settimane-verdi\\\/#primaryimage\"},\"thumbnailUrl\":\"https:\\\/\\\/www.cortecarezzabella.com\\\/wp-content\\\/uploads\\\/2019\\\/02\\\/logo-Fattorie-ALTA-340x240.jpg\",\"datePublished\":\"2017-05-10T08:55:15+00:00\",\"dateModified\":\"2026-01-29T11:18:33+00:00\",\"breadcrumb\":{\"@id\":\"https:\\\/\\\/www.cortecarezzabella.com\\\/it\\\/attivita-didattiche-famiglie-e-settimane-verdi\\\/#breadcrumb\"},\"inLanguage\":\"it-IT\",\"potentialAction\":[{\"@type\":\"ReadAction\",\"target\":[\"https:\\\/\\\/www.cortecarezzabella.com\\\/it\\\/attivita-didattiche-famiglie-e-settimane-verdi\\\/\"]}]},{\"@type\":\"ImageObject\",\"inLanguage\":\"it-IT\",\"@id\":\"https:\\\/\\\/www.cortecarezzabella.com\\\/it\\\/attivita-didattiche-famiglie-e-settimane-verdi\\\/#primaryimage\",\"url\":\"https:\\\/\\\/www.cortecarezzabella.com\\\/wp-content\\\/uploads\\\/2019\\\/02\\\/logo-Fattorie-ALTA-340x240.jpg\",\"contentUrl\":\"https:\\\/\\\/www.cortecarezzabella.com\\\/wp-content\\\/uploads\\\/2019\\\/02\\\/logo-Fattorie-ALTA-340x240.jpg\"},{\"@type\":\"BreadcrumbList\",\"@id\":\"https:\\\/\\\/www.cortecarezzabella.com\\\/it\\\/attivita-didattiche-famiglie-e-settimane-verdi\\\/#breadcrumb\",\"itemListElement\":[{\"@type\":\"ListItem\",\"position\":1,\"name\":\"Home\",\"item\":\"https:\\\/\\\/www.cortecarezzabella.com\\\/it\\\/\"},{\"@type\":\"ListItem\",\"position\":2,\"name\":\"Attivit\u00e0 didattiche per le famiglie e Settimane Verdi\"}]},{\"@type\":\"WebSite\",\"@id\":\"https:\\\/\\\/www.cortecarezzabella.com\\\/it\\\/#website\",\"url\":\"https:\\\/\\\/www.cortecarezzabella.com\\\/it\\\/\",\"name\":\"Corte Carezzabella\",\"description\":\"Agriturismo Corte Carezzabella\",\"publisher\":{\"@id\":\"https:\\\/\\\/www.cortecarezzabella.com\\\/it\\\/#organization\"},\"potentialAction\":[{\"@type\":\"SearchAction\",\"target\":{\"@type\":\"EntryPoint\",\"urlTemplate\":\"https:\\\/\\\/www.cortecarezzabella.com\\\/it\\\/?s={search_term_string}\"},\"query-input\":{\"@type\":\"PropertyValueSpecification\",\"valueRequired\":true,\"valueName\":\"search_term_string\"}}],\"inLanguage\":\"it-IT\"},{\"@type\":\"Organization\",\"@id\":\"https:\\\/\\\/www.cortecarezzabella.com\\\/it\\\/#organization\",\"name\":\"IL FRUTTETO DI SAN MARTINO S.S.\",\"url\":\"https:\\\/\\\/www.cortecarezzabella.com\\\/it\\\/\",\"logo\":{\"@type\":\"ImageObject\",\"inLanguage\":\"it-IT\",\"@id\":\"https:\\\/\\\/www.cortecarezzabella.com\\\/it\\\/#\\\/schema\\\/logo\\\/image\\\/\",\"url\":\"https:\\\/\\\/www.cortecarezzabella.com\\\/wp-content\\\/uploads\\\/2020\\\/03\\\/LOGO_laBottega-posta-elttr-piccola.jpg\",\"contentUrl\":\"https:\\\/\\\/www.cortecarezzabella.com\\\/wp-content\\\/uploads\\\/2020\\\/03\\\/LOGO_laBottega-posta-elttr-piccola.jpg\",\"width\":160,\"height\":115,\"caption\":\"IL FRUTTETO DI SAN MARTINO S.S.\"},\"image\":{\"@id\":\"https:\\\/\\\/www.cortecarezzabella.com\\\/it\\\/#\\\/schema\\\/logo\\\/image\\\/\"}}]}<\/script>\n<!-- \/ Yoast SEO plugin. -->","yoast_head_json":{"title":"Attivit\u00e0 didattiche per le famiglie e Settimane Verdi","robots":{"index":"index","follow":"follow","max-snippet":"max-snippet:-1","max-image-preview":"max-image-preview:large","max-video-preview":"max-video-preview:-1"},"canonical":"https:\/\/www.cortecarezzabella.com\/it\/attivita-didattiche-famiglie-e-settimane-verdi\/","og_locale":"it_IT","og_type":"article","og_title":"Attivit\u00e0 didattiche per le famiglie e Settimane Verdi","og_description":"&#8211; Attivit\u00e0 didattiche rivolte alle famiglie &#8211; Anche in famiglia \u00e8 possibile visitare la nostra fattoria didattica. Abbiamo in mente di rendere tutta l\u2019azienda agricola visitabile, concependola come un vero e proprio parco rurale: un ambiente ricco di stimoli, selvatico ma adatto alla visita con percorsi segnalati e semplici attivit\u00e0 a disposizione lungo i percorsi. [&hellip;]","og_url":"https:\/\/www.cortecarezzabella.com\/it\/attivita-didattiche-famiglie-e-settimane-verdi\/","og_site_name":"Corte Carezzabella","article_modified_time":"2026-01-29T11:18:33+00:00","og_image":[{"width":1181,"height":709,"url":"https:\/\/www.cortecarezzabella.com\/wp-content\/uploads\/2019\/02\/logo-Fattorie-ALTA.jpg","type":"image\/jpeg"}],"twitter_card":"summary_large_image","twitter_misc":{"Tempo di lettura stimato":"2 minuti"},"schema":{"@context":"https:\/\/schema.org","@graph":[{"@type":"WebPage","@id":"https:\/\/www.cortecarezzabella.com\/it\/attivita-didattiche-famiglie-e-settimane-verdi\/","url":"https:\/\/www.cortecarezzabella.com\/it\/attivita-didattiche-famiglie-e-settimane-verdi\/","name":"Attivit\u00e0 didattiche per le famiglie e Settimane Verdi","isPartOf":{"@id":"https:\/\/www.cortecarezzabella.com\/it\/#website"},"primaryImageOfPage":{"@id":"https:\/\/www.cortecarezzabella.com\/it\/attivita-didattiche-famiglie-e-settimane-verdi\/#primaryimage"},"image":{"@id":"https:\/\/www.cortecarezzabella.com\/it\/attivita-didattiche-famiglie-e-settimane-verdi\/#primaryimage"},"thumbnailUrl":"https:\/\/www.cortecarezzabella.com\/wp-content\/uploads\/2019\/02\/logo-Fattorie-ALTA-340x240.jpg","datePublished":"2017-05-10T08:55:15+00:00","dateModified":"2026-01-29T11:18:33+00:00","breadcrumb":{"@id":"https:\/\/www.cortecarezzabella.com\/it\/attivita-didattiche-famiglie-e-settimane-verdi\/#breadcrumb"},"inLanguage":"it-IT","potentialAction":[{"@type":"ReadAction","target":["https:\/\/www.cortecarezzabella.com\/it\/attivita-didattiche-famiglie-e-settimane-verdi\/"]}]},{"@type":"ImageObject","inLanguage":"it-IT","@id":"https:\/\/www.cortecarezzabella.com\/it\/attivita-didattiche-famiglie-e-settimane-verdi\/#primaryimage","url":"https:\/\/www.cortecarezzabella.com\/wp-content\/uploads\/2019\/02\/logo-Fattorie-ALTA-340x240.jpg","contentUrl":"https:\/\/www.cortecarezzabella.com\/wp-content\/uploads\/2019\/02\/logo-Fattorie-ALTA-340x240.jpg"},{"@type":"BreadcrumbList","@id":"https:\/\/www.cortecarezzabella.com\/it\/attivita-didattiche-famiglie-e-settimane-verdi\/#breadcrumb","itemListElement":[{"@type":"ListItem","position":1,"name":"Home","item":"https:\/\/www.cortecarezzabella.com\/it\/"},{"@type":"ListItem","position":2,"name":"Attivit\u00e0 didattiche per le famiglie e Settimane Verdi"}]},{"@type":"WebSite","@id":"https:\/\/www.cortecarezzabella.com\/it\/#website","url":"https:\/\/www.cortecarezzabella.com\/it\/","name":"Corte Carezzabella","description":"Agriturismo Corte Carezzabella","publisher":{"@id":"https:\/\/www.cortecarezzabella.com\/it\/#organization"},"potentialAction":[{"@type":"SearchAction","target":{"@type":"EntryPoint","urlTemplate":"https:\/\/www.cortecarezzabella.com\/it\/?s={search_term_string}"},"query-input":{"@type":"PropertyValueSpecification","valueRequired":true,"valueName":"search_term_string"}}],"inLanguage":"it-IT"},{"@type":"Organization","@id":"https:\/\/www.cortecarezzabella.com\/it\/#organization","name":"IL FRUTTETO DI SAN MARTINO S.S.","url":"https:\/\/www.cortecarezzabella.com\/it\/","logo":{"@type":"ImageObject","inLanguage":"it-IT","@id":"https:\/\/www.cortecarezzabella.com\/it\/#\/schema\/logo\/image\/","url":"https:\/\/www.cortecarezzabella.com\/wp-content\/uploads\/2020\/03\/LOGO_laBottega-posta-elttr-piccola.jpg","contentUrl":"https:\/\/www.cortecarezzabella.com\/wp-content\/uploads\/2020\/03\/LOGO_laBottega-posta-elttr-piccola.jpg","width":160,"height":115,"caption":"IL FRUTTETO DI SAN MARTINO S.S."},"image":{"@id":"https:\/\/www.cortecarezzabella.com\/it\/#\/schema\/logo\/image\/"}}]}},"_links":{"self":[{"href":"https:\/\/www.cortecarezzabella.com\/it\/wp-json\/wp\/v2\/pages\/165","targetHints":{"allow":["GET"]}}],"collection":[{"href":"https:\/\/www.cortecarezzabella.com\/it\/wp-json\/wp\/v2\/pages"}],"about":[{"href":"https:\/\/www.cortecarezzabella.com\/it\/wp-json\/wp\/v2\/types\/page"}],"author":[{"embeddable":true,"href":"https:\/\/www.cortecarezzabella.com\/it\/wp-json\/wp\/v2\/users\/1"}],"replies":[{"embeddable":true,"href":"https:\/\/www.cortecarezzabella.com\/it\/wp-json\/wp\/v2\/comments?post=165"}],"version-history":[{"count":48,"href":"https:\/\/www.cortecarezzabella.com\/it\/wp-json\/wp\/v2\/pages\/165\/revisions"}],"predecessor-version":[{"id":15246,"href":"https:\/\/www.cortecarezzabella.com\/it\/wp-json\/wp\/v2\/pages\/165\/revisions\/15246"}],"wp:attachment":[{"href":"https:\/\/www.cortecarezzabella.com\/it\/wp-json\/wp\/v2\/media?parent=165"}],"curies":[{"name":"wp","href":"https:\/\/api.w.org\/{rel}","templated":true}]}}