{"id":9509,"date":"2020-11-19T10:30:27","date_gmt":"2020-11-19T09:30:27","guid":{"rendered":"https:\/\/www.cortecarezzabella.com\/?post_type=product&#038;p=9509"},"modified":"2021-08-05T11:46:51","modified_gmt":"2021-08-05T09:46:51","slug":"succo-uva-e-more","status":"publish","type":"product","link":"https:\/\/www.cortecarezzabella.com\/fr\/shop\/succo-uva-e-more\/","title":{"rendered":"Succo Uva e More"},"content":{"rendered":"<p>Assumi a pieno i nutrimenti dell&#8217;uva e delle more raccolte nella nostra campagna.<\/p>\n<p>succo in bottiglia da 500 ml&nbsp;<\/p>\n<p>senza zuccheri aggiunti<\/p>\n","protected":false},"excerpt":{"rendered":"<p>Il succo di Uva e More \u00e8 ricco di propriet\u00e0 benefiche e protettive per l&#8217;organismo.<\/p>\n<p>Abbiamo scelto di proporvi un succo viola ricco di tutte le propriet\u00e0 che appartengono a questa frutta:<\/p>\n<p><strong>antiossidante<\/strong>, cio\u00e8 previene l&#8217;invecchiamento delle cellule del nostro organismo, <strong>migliorano la memoria<\/strong> e contribuisce al <strong>miglioramento del nostro grado di salute<\/strong>.<\/p>\n<p>Le more, oltre a <strong>vitamine C,K e acido folico, a fibre e minerali<\/strong> per le proprie propriet\u00e0 nutraceutiche&nbsp; \u00e8 considerata un &#8220;<em>super frutto<\/em>&#8220;.<\/p>\n<p>Fai il pieno di natura e di salute, e bevi il succo a colazione, per una merenda sfiziosa o usalo come drink analcolico per un aperitivo.<\/p>\n<p>Scadenza Agosto 2021<\/p>\n","protected":false},"featured_media":9755,"comment_status":"closed","ping_status":"closed","template":"","meta":{"_acf_changed":false,"ngg_post_thumbnail":0},"product_brand":[],"product_cat":[22],"product_tag":[],"class_list":{"0":"post-9509","1":"product","2":"type-product","3":"status-publish","4":"has-post-thumbnail","6":"product_cat-succhi-di-frutta-biologici","8":"first","9":"outofstock","10":"sale","11":"taxable","12":"shipping-taxable","13":"purchasable","14":"product-type-simple"},"acf":[],"yoast_head":"<!-- This site is optimized with the Yoast SEO plugin v27.4 - https:\/\/yoast.com\/product\/yoast-seo-wordpress\/ -->\n<title>Succo Uva e More &#187; Corte Carezzabella<\/title>\n<meta name=\"robots\" content=\"index, follow, max-snippet:-1, max-image-preview:large, max-video-preview:-1\" \/>\n<link rel=\"canonical\" href=\"https:\/\/www.cortecarezzabella.com\/fr\/shop\/succo-uva-e-more\/\" \/>\n<meta property=\"og:locale\" content=\"fr_FR\" \/>\n<meta property=\"og:type\" content=\"article\" \/>\n<meta property=\"og:title\" content=\"Succo Uva e More &#187; Corte Carezzabella\" \/>\n<meta property=\"og:description\" content=\"Il succo di Uva e More \u00e8 ricco di propriet\u00e0 benefiche e protettive per l&#039;organismo.  Abbiamo scelto di proporvi un succo viola ricco di tutte le propriet\u00e0 che appartengono a questa frutta:  antiossidante, cio\u00e8 previene l&#039;invecchiamento delle cellule del nostro organismo, migliorano la memoria e contribuisce al miglioramento del nostro grado di salute.  Le more, oltre a vitamine C,K e acido folico, a fibre e minerali per le proprie propriet\u00e0 nutraceutiche&nbsp; \u00e8 considerata un &quot;super frutto&quot;.  Fai il pieno di natura e di salute, e bevi il succo a colazione, per una merenda sfiziosa o usalo come drink analcolico per un aperitivo.  Scadenza Agosto 2021\" \/>\n<meta property=\"og:url\" content=\"https:\/\/www.cortecarezzabella.com\/fr\/shop\/succo-uva-e-more\/\" \/>\n<meta property=\"og:site_name\" content=\"Corte Carezzabella\" \/>\n<meta property=\"article:modified_time\" content=\"2021-08-05T09:46:51+00:00\" \/>\n<meta property=\"og:image\" content=\"https:\/\/www.cortecarezzabella.com\/wp-content\/uploads\/2020\/12\/750_2661-scaled.jpg\" \/>\n\t<meta property=\"og:image:width\" content=\"1709\" \/>\n\t<meta property=\"og:image:height\" content=\"2560\" \/>\n\t<meta property=\"og:image:type\" content=\"image\/jpeg\" \/>\n<meta name=\"twitter:card\" content=\"summary_large_image\" \/>\n<script type=\"application\/ld+json\" class=\"yoast-schema-graph\">{\"@context\":\"https:\\\/\\\/schema.org\",\"@graph\":[{\"@type\":\"WebPage\",\"@id\":\"https:\\\/\\\/www.cortecarezzabella.com\\\/fr\\\/shop\\\/succo-uva-e-more\\\/\",\"url\":\"https:\\\/\\\/www.cortecarezzabella.com\\\/fr\\\/shop\\\/succo-uva-e-more\\\/\",\"name\":\"Succo Uva e More &#187; Corte Carezzabella\",\"isPartOf\":{\"@id\":\"https:\\\/\\\/www.cortecarezzabella.com\\\/fr\\\/#website\"},\"primaryImageOfPage\":{\"@id\":\"https:\\\/\\\/www.cortecarezzabella.com\\\/fr\\\/shop\\\/succo-uva-e-more\\\/#primaryimage\"},\"image\":{\"@id\":\"https:\\\/\\\/www.cortecarezzabella.com\\\/fr\\\/shop\\\/succo-uva-e-more\\\/#primaryimage\"},\"thumbnailUrl\":\"https:\\\/\\\/www.cortecarezzabella.com\\\/wp-content\\\/uploads\\\/2020\\\/12\\\/750_2661-scaled.jpg\",\"datePublished\":\"2020-11-19T09:30:27+00:00\",\"dateModified\":\"2021-08-05T09:46:51+00:00\",\"breadcrumb\":{\"@id\":\"https:\\\/\\\/www.cortecarezzabella.com\\\/fr\\\/shop\\\/succo-uva-e-more\\\/#breadcrumb\"},\"inLanguage\":\"fr-FR\",\"potentialAction\":[{\"@type\":\"ReadAction\",\"target\":[\"https:\\\/\\\/www.cortecarezzabella.com\\\/fr\\\/shop\\\/succo-uva-e-more\\\/\"]}]},{\"@type\":\"ImageObject\",\"inLanguage\":\"fr-FR\",\"@id\":\"https:\\\/\\\/www.cortecarezzabella.com\\\/fr\\\/shop\\\/succo-uva-e-more\\\/#primaryimage\",\"url\":\"https:\\\/\\\/www.cortecarezzabella.com\\\/wp-content\\\/uploads\\\/2020\\\/12\\\/750_2661-scaled.jpg\",\"contentUrl\":\"https:\\\/\\\/www.cortecarezzabella.com\\\/wp-content\\\/uploads\\\/2020\\\/12\\\/750_2661-scaled.jpg\",\"width\":1709,\"height\":2560},{\"@type\":\"BreadcrumbList\",\"@id\":\"https:\\\/\\\/www.cortecarezzabella.com\\\/fr\\\/shop\\\/succo-uva-e-more\\\/#breadcrumb\",\"itemListElement\":[{\"@type\":\"ListItem\",\"position\":1,\"name\":\"Home\",\"item\":\"https:\\\/\\\/www.cortecarezzabella.com\\\/fr\\\/\"},{\"@type\":\"ListItem\",\"position\":2,\"name\":\"Shop online\",\"item\":\"https:\\\/\\\/www.cortecarezzabella.com\\\/fr\\\/negozio\\\/\"},{\"@type\":\"ListItem\",\"position\":3,\"name\":\"Succhi di frutta\",\"item\":\"https:\\\/\\\/www.cortecarezzabella.com\\\/fr\\\/categoria\\\/succhi-di-frutta-biologici\\\/\"},{\"@type\":\"ListItem\",\"position\":4,\"name\":\"Succo Uva e More\"}]},{\"@type\":\"WebSite\",\"@id\":\"https:\\\/\\\/www.cortecarezzabella.com\\\/fr\\\/#website\",\"url\":\"https:\\\/\\\/www.cortecarezzabella.com\\\/fr\\\/\",\"name\":\"Corte Carezzabella\",\"description\":\"Agriturismo Corte Carezzabella\",\"publisher\":{\"@id\":\"https:\\\/\\\/www.cortecarezzabella.com\\\/fr\\\/#organization\"},\"potentialAction\":[{\"@type\":\"SearchAction\",\"target\":{\"@type\":\"EntryPoint\",\"urlTemplate\":\"https:\\\/\\\/www.cortecarezzabella.com\\\/fr\\\/?s={search_term_string}\"},\"query-input\":{\"@type\":\"PropertyValueSpecification\",\"valueRequired\":true,\"valueName\":\"search_term_string\"}}],\"inLanguage\":\"fr-FR\"},{\"@type\":\"Organization\",\"@id\":\"https:\\\/\\\/www.cortecarezzabella.com\\\/fr\\\/#organization\",\"name\":\"IL FRUTTETO DI SAN MARTINO S.S.\",\"url\":\"https:\\\/\\\/www.cortecarezzabella.com\\\/fr\\\/\",\"logo\":{\"@type\":\"ImageObject\",\"inLanguage\":\"fr-FR\",\"@id\":\"https:\\\/\\\/www.cortecarezzabella.com\\\/fr\\\/#\\\/schema\\\/logo\\\/image\\\/\",\"url\":\"https:\\\/\\\/www.cortecarezzabella.com\\\/wp-content\\\/uploads\\\/2020\\\/03\\\/LOGO_laBottega-posta-elttr-piccola.jpg\",\"contentUrl\":\"https:\\\/\\\/www.cortecarezzabella.com\\\/wp-content\\\/uploads\\\/2020\\\/03\\\/LOGO_laBottega-posta-elttr-piccola.jpg\",\"width\":160,\"height\":115,\"caption\":\"IL FRUTTETO DI SAN MARTINO S.S.\"},\"image\":{\"@id\":\"https:\\\/\\\/www.cortecarezzabella.com\\\/fr\\\/#\\\/schema\\\/logo\\\/image\\\/\"}}]}<\/script>\n<!-- \/ Yoast SEO plugin. -->","yoast_head_json":{"title":"Succo Uva e More &#187; Corte Carezzabella","robots":{"index":"index","follow":"follow","max-snippet":"max-snippet:-1","max-image-preview":"max-image-preview:large","max-video-preview":"max-video-preview:-1"},"canonical":"https:\/\/www.cortecarezzabella.com\/fr\/shop\/succo-uva-e-more\/","og_locale":"fr_FR","og_type":"article","og_title":"Succo Uva e More &#187; Corte Carezzabella","og_description":"Il succo di Uva e More \u00e8 ricco di propriet\u00e0 benefiche e protettive per l'organismo.  Abbiamo scelto di proporvi un succo viola ricco di tutte le propriet\u00e0 che appartengono a questa frutta:  antiossidante, cio\u00e8 previene l'invecchiamento delle cellule del nostro organismo, migliorano la memoria e contribuisce al miglioramento del nostro grado di salute.  Le more, oltre a vitamine C,K e acido folico, a fibre e minerali per le proprie propriet\u00e0 nutraceutiche&nbsp; \u00e8 considerata un \"super frutto\".  Fai il pieno di natura e di salute, e bevi il succo a colazione, per una merenda sfiziosa o usalo come drink analcolico per un aperitivo.  Scadenza Agosto 2021","og_url":"https:\/\/www.cortecarezzabella.com\/fr\/shop\/succo-uva-e-more\/","og_site_name":"Corte Carezzabella","article_modified_time":"2021-08-05T09:46:51+00:00","og_image":[{"width":1709,"height":2560,"url":"https:\/\/www.cortecarezzabella.com\/wp-content\/uploads\/2020\/12\/750_2661-scaled.jpg","type":"image\/jpeg"}],"twitter_card":"summary_large_image","schema":{"@context":"https:\/\/schema.org","@graph":[{"@type":"WebPage","@id":"https:\/\/www.cortecarezzabella.com\/fr\/shop\/succo-uva-e-more\/","url":"https:\/\/www.cortecarezzabella.com\/fr\/shop\/succo-uva-e-more\/","name":"Succo Uva e More &#187; Corte Carezzabella","isPartOf":{"@id":"https:\/\/www.cortecarezzabella.com\/fr\/#website"},"primaryImageOfPage":{"@id":"https:\/\/www.cortecarezzabella.com\/fr\/shop\/succo-uva-e-more\/#primaryimage"},"image":{"@id":"https:\/\/www.cortecarezzabella.com\/fr\/shop\/succo-uva-e-more\/#primaryimage"},"thumbnailUrl":"https:\/\/www.cortecarezzabella.com\/wp-content\/uploads\/2020\/12\/750_2661-scaled.jpg","datePublished":"2020-11-19T09:30:27+00:00","dateModified":"2021-08-05T09:46:51+00:00","breadcrumb":{"@id":"https:\/\/www.cortecarezzabella.com\/fr\/shop\/succo-uva-e-more\/#breadcrumb"},"inLanguage":"fr-FR","potentialAction":[{"@type":"ReadAction","target":["https:\/\/www.cortecarezzabella.com\/fr\/shop\/succo-uva-e-more\/"]}]},{"@type":"ImageObject","inLanguage":"fr-FR","@id":"https:\/\/www.cortecarezzabella.com\/fr\/shop\/succo-uva-e-more\/#primaryimage","url":"https:\/\/www.cortecarezzabella.com\/wp-content\/uploads\/2020\/12\/750_2661-scaled.jpg","contentUrl":"https:\/\/www.cortecarezzabella.com\/wp-content\/uploads\/2020\/12\/750_2661-scaled.jpg","width":1709,"height":2560},{"@type":"BreadcrumbList","@id":"https:\/\/www.cortecarezzabella.com\/fr\/shop\/succo-uva-e-more\/#breadcrumb","itemListElement":[{"@type":"ListItem","position":1,"name":"Home","item":"https:\/\/www.cortecarezzabella.com\/fr\/"},{"@type":"ListItem","position":2,"name":"Shop online","item":"https:\/\/www.cortecarezzabella.com\/fr\/negozio\/"},{"@type":"ListItem","position":3,"name":"Succhi di frutta","item":"https:\/\/www.cortecarezzabella.com\/fr\/categoria\/succhi-di-frutta-biologici\/"},{"@type":"ListItem","position":4,"name":"Succo Uva e More"}]},{"@type":"WebSite","@id":"https:\/\/www.cortecarezzabella.com\/fr\/#website","url":"https:\/\/www.cortecarezzabella.com\/fr\/","name":"Corte Carezzabella","description":"Agriturismo Corte Carezzabella","publisher":{"@id":"https:\/\/www.cortecarezzabella.com\/fr\/#organization"},"potentialAction":[{"@type":"SearchAction","target":{"@type":"EntryPoint","urlTemplate":"https:\/\/www.cortecarezzabella.com\/fr\/?s={search_term_string}"},"query-input":{"@type":"PropertyValueSpecification","valueRequired":true,"valueName":"search_term_string"}}],"inLanguage":"fr-FR"},{"@type":"Organization","@id":"https:\/\/www.cortecarezzabella.com\/fr\/#organization","name":"IL FRUTTETO DI SAN MARTINO S.S.","url":"https:\/\/www.cortecarezzabella.com\/fr\/","logo":{"@type":"ImageObject","inLanguage":"fr-FR","@id":"https:\/\/www.cortecarezzabella.com\/fr\/#\/schema\/logo\/image\/","url":"https:\/\/www.cortecarezzabella.com\/wp-content\/uploads\/2020\/03\/LOGO_laBottega-posta-elttr-piccola.jpg","contentUrl":"https:\/\/www.cortecarezzabella.com\/wp-content\/uploads\/2020\/03\/LOGO_laBottega-posta-elttr-piccola.jpg","width":160,"height":115,"caption":"IL FRUTTETO DI SAN MARTINO S.S."},"image":{"@id":"https:\/\/www.cortecarezzabella.com\/fr\/#\/schema\/logo\/image\/"}}]}},"_links":{"self":[{"href":"https:\/\/www.cortecarezzabella.com\/fr\/wp-json\/wp\/v2\/product\/9509","targetHints":{"allow":["GET"]}}],"collection":[{"href":"https:\/\/www.cortecarezzabella.com\/fr\/wp-json\/wp\/v2\/product"}],"about":[{"href":"https:\/\/www.cortecarezzabella.com\/fr\/wp-json\/wp\/v2\/types\/product"}],"replies":[{"embeddable":true,"href":"https:\/\/www.cortecarezzabella.com\/fr\/wp-json\/wp\/v2\/comments?post=9509"}],"wp:featuredmedia":[{"embeddable":true,"href":"https:\/\/www.cortecarezzabella.com\/fr\/wp-json\/wp\/v2\/media\/9755"}],"wp:attachment":[{"href":"https:\/\/www.cortecarezzabella.com\/fr\/wp-json\/wp\/v2\/media?parent=9509"}],"wp:term":[{"taxonomy":"product_brand","embeddable":true,"href":"https:\/\/www.cortecarezzabella.com\/fr\/wp-json\/wp\/v2\/product_brand?post=9509"},{"taxonomy":"product_cat","embeddable":true,"href":"https:\/\/www.cortecarezzabella.com\/fr\/wp-json\/wp\/v2\/product_cat?post=9509"},{"taxonomy":"product_tag","embeddable":true,"href":"https:\/\/www.cortecarezzabella.com\/fr\/wp-json\/wp\/v2\/product_tag?post=9509"}],"curies":[{"name":"wp","href":"https:\/\/api.w.org\/{rel}","templated":true}]}}