{"id":6890,"date":"2020-01-08T11:08:08","date_gmt":"2020-01-08T10:08:08","guid":{"rendered":"https:\/\/www.cortecarezzabella.com\/?post_type=product&#038;p=6890"},"modified":"2026-03-03T15:42:35","modified_gmt":"2026-03-03T14:42:35","slug":"passata-di-pomodoro-sitomato-pizza-500-gr","status":"publish","type":"product","link":"https:\/\/www.cortecarezzabella.com\/fr\/shop\/passata-di-pomodoro-sitomato-pizza-500-gr\/","title":{"rendered":"Passata di pomodoro Sitomato Pizza &#8211; 500 gr"},"content":{"rendered":"<p>S\u00ectomato Pizza \u00e8 la passata di pomodoro di Corte Carezzabella.<br \/>\nCome la polpa SiTomato al naturale, conserva un gusto incredibilmente ricco e naturale grazie alla tecnica di cottura a bassa temperatura e in condizioni di vuoto statico che preservano il colore rosso brillante e le propriet\u00e0 organolettiche del pomodoro fresco.<\/p>\n<p>Prodotta nel nostro laboratorio aziendale, ti conquister\u00e0 con la sua acidit\u00e0 naturale, la sua rustica dolcezza e gli aromi freschi del pomodoro appena raccolto.<br \/>\nLa nostra passata \u00e8 Ideale per farcire la pizza o arricchire o come base per le cotture lente, ad esempio il rag\u00f9.<\/p>\n<p>&nbsp;<\/p>\n","protected":false},"excerpt":{"rendered":"<p>S\u00ectomato Pizza,&nbsp; la passata di pomodoro rustica e vellutata che ti conquister\u00e0 il palato!<\/p>\n<p>Sitomato Pizza \u00e8 fatta con prodotti freschi coltivati e &nbsp;trasformati artigianalmente all&#8217;interno della nostra azienda agricola biologica.<\/p>\n","protected":false},"featured_media":9780,"comment_status":"closed","ping_status":"closed","template":"","meta":{"_acf_changed":false,"ngg_post_thumbnail":0},"product_brand":[],"product_cat":[24],"product_tag":[61,160,159,82,158],"class_list":{"0":"post-6890","1":"product","2":"type-product","3":"status-publish","4":"has-post-thumbnail","6":"product_cat-sitomato-biologico","7":"product_tag-idea-regalo","8":"product_tag-passata-rustica","9":"product_tag-pizza","10":"product_tag-sitomato","11":"product_tag-sitomato-pizza","13":"first","14":"outofstock","15":"taxable","16":"shipping-taxable","17":"purchasable","18":"product-type-simple"},"acf":[],"yoast_head":"<!-- This site is optimized with the Yoast SEO plugin v27.5 - https:\/\/yoast.com\/product\/yoast-seo-wordpress\/ -->\n<title>Passata di pomodoro Sitomato Pizza - 500 gr &#187; Corte Carezzabella<\/title>\n<meta name=\"robots\" content=\"index, follow, max-snippet:-1, max-image-preview:large, max-video-preview:-1\" \/>\n<link rel=\"canonical\" href=\"https:\/\/www.cortecarezzabella.com\/fr\/shop\/passata-di-pomodoro-sitomato-pizza-500-gr\/\" \/>\n<meta property=\"og:locale\" content=\"fr_FR\" \/>\n<meta property=\"og:type\" content=\"article\" \/>\n<meta property=\"og:title\" content=\"Passata di pomodoro Sitomato Pizza - 500 gr &#187; Corte Carezzabella\" \/>\n<meta property=\"og:description\" content=\"S\u00ectomato Pizza,&nbsp; la passata di pomodoro rustica e vellutata che ti conquister\u00e0 il palato!  Sitomato Pizza \u00e8 fatta con prodotti freschi coltivati e &nbsp;trasformati artigianalmente all&#039;interno della nostra azienda agricola biologica.\" \/>\n<meta property=\"og:url\" content=\"https:\/\/www.cortecarezzabella.com\/fr\/shop\/passata-di-pomodoro-sitomato-pizza-500-gr\/\" \/>\n<meta property=\"og:site_name\" content=\"Corte Carezzabella\" \/>\n<meta property=\"article:modified_time\" content=\"2026-03-03T14:42:35+00:00\" \/>\n<meta property=\"og:image\" content=\"https:\/\/www.cortecarezzabella.com\/wp-content\/uploads\/2020\/11\/750_2653-scaled.jpg\" \/>\n\t<meta property=\"og:image:width\" content=\"1709\" \/>\n\t<meta property=\"og:image:height\" content=\"2560\" \/>\n\t<meta property=\"og:image:type\" content=\"image\/jpeg\" \/>\n<meta name=\"twitter:card\" content=\"summary_large_image\" \/>\n<meta name=\"twitter:label1\" content=\"Est. reading time\" \/>\n\t<meta name=\"twitter:data1\" content=\"1 minute\" \/>\n<script type=\"application\/ld+json\" class=\"yoast-schema-graph\">{\"@context\":\"https:\\\/\\\/schema.org\",\"@graph\":[{\"@type\":\"WebPage\",\"@id\":\"https:\\\/\\\/www.cortecarezzabella.com\\\/fr\\\/shop\\\/passata-di-pomodoro-sitomato-pizza-500-gr\\\/\",\"url\":\"https:\\\/\\\/www.cortecarezzabella.com\\\/fr\\\/shop\\\/passata-di-pomodoro-sitomato-pizza-500-gr\\\/\",\"name\":\"Passata di pomodoro Sitomato Pizza - 500 gr &#187; Corte Carezzabella\",\"isPartOf\":{\"@id\":\"https:\\\/\\\/www.cortecarezzabella.com\\\/fr\\\/#website\"},\"primaryImageOfPage\":{\"@id\":\"https:\\\/\\\/www.cortecarezzabella.com\\\/fr\\\/shop\\\/passata-di-pomodoro-sitomato-pizza-500-gr\\\/#primaryimage\"},\"image\":{\"@id\":\"https:\\\/\\\/www.cortecarezzabella.com\\\/fr\\\/shop\\\/passata-di-pomodoro-sitomato-pizza-500-gr\\\/#primaryimage\"},\"thumbnailUrl\":\"https:\\\/\\\/www.cortecarezzabella.com\\\/wp-content\\\/uploads\\\/2020\\\/11\\\/750_2653-scaled.jpg\",\"datePublished\":\"2020-01-08T10:08:08+00:00\",\"dateModified\":\"2026-03-03T14:42:35+00:00\",\"breadcrumb\":{\"@id\":\"https:\\\/\\\/www.cortecarezzabella.com\\\/fr\\\/shop\\\/passata-di-pomodoro-sitomato-pizza-500-gr\\\/#breadcrumb\"},\"inLanguage\":\"fr-FR\",\"potentialAction\":[{\"@type\":\"ReadAction\",\"target\":[\"https:\\\/\\\/www.cortecarezzabella.com\\\/fr\\\/shop\\\/passata-di-pomodoro-sitomato-pizza-500-gr\\\/\"]}]},{\"@type\":\"ImageObject\",\"inLanguage\":\"fr-FR\",\"@id\":\"https:\\\/\\\/www.cortecarezzabella.com\\\/fr\\\/shop\\\/passata-di-pomodoro-sitomato-pizza-500-gr\\\/#primaryimage\",\"url\":\"https:\\\/\\\/www.cortecarezzabella.com\\\/wp-content\\\/uploads\\\/2020\\\/11\\\/750_2653-scaled.jpg\",\"contentUrl\":\"https:\\\/\\\/www.cortecarezzabella.com\\\/wp-content\\\/uploads\\\/2020\\\/11\\\/750_2653-scaled.jpg\",\"width\":1709,\"height\":2560},{\"@type\":\"BreadcrumbList\",\"@id\":\"https:\\\/\\\/www.cortecarezzabella.com\\\/fr\\\/shop\\\/passata-di-pomodoro-sitomato-pizza-500-gr\\\/#breadcrumb\",\"itemListElement\":[{\"@type\":\"ListItem\",\"position\":1,\"name\":\"Home\",\"item\":\"https:\\\/\\\/www.cortecarezzabella.com\\\/fr\\\/\"},{\"@type\":\"ListItem\",\"position\":2,\"name\":\"Shop online\",\"item\":\"https:\\\/\\\/www.cortecarezzabella.com\\\/fr\\\/negozio\\\/\"},{\"@type\":\"ListItem\",\"position\":3,\"name\":\"\\\"Sitomato\\\"- Sughi di pomodoro BIO\",\"item\":\"https:\\\/\\\/www.cortecarezzabella.com\\\/fr\\\/categoria\\\/sitomato-biologico\\\/\"},{\"@type\":\"ListItem\",\"position\":4,\"name\":\"Passata di pomodoro Sitomato Pizza &#8211; 500 gr\"}]},{\"@type\":\"WebSite\",\"@id\":\"https:\\\/\\\/www.cortecarezzabella.com\\\/fr\\\/#website\",\"url\":\"https:\\\/\\\/www.cortecarezzabella.com\\\/fr\\\/\",\"name\":\"Corte Carezzabella\",\"description\":\"Agriturismo Corte Carezzabella\",\"publisher\":{\"@id\":\"https:\\\/\\\/www.cortecarezzabella.com\\\/fr\\\/#organization\"},\"potentialAction\":[{\"@type\":\"SearchAction\",\"target\":{\"@type\":\"EntryPoint\",\"urlTemplate\":\"https:\\\/\\\/www.cortecarezzabella.com\\\/fr\\\/?s={search_term_string}\"},\"query-input\":{\"@type\":\"PropertyValueSpecification\",\"valueRequired\":true,\"valueName\":\"search_term_string\"}}],\"inLanguage\":\"fr-FR\"},{\"@type\":\"Organization\",\"@id\":\"https:\\\/\\\/www.cortecarezzabella.com\\\/fr\\\/#organization\",\"name\":\"IL FRUTTETO DI SAN MARTINO S.S.\",\"url\":\"https:\\\/\\\/www.cortecarezzabella.com\\\/fr\\\/\",\"logo\":{\"@type\":\"ImageObject\",\"inLanguage\":\"fr-FR\",\"@id\":\"https:\\\/\\\/www.cortecarezzabella.com\\\/fr\\\/#\\\/schema\\\/logo\\\/image\\\/\",\"url\":\"https:\\\/\\\/www.cortecarezzabella.com\\\/wp-content\\\/uploads\\\/2020\\\/03\\\/LOGO_laBottega-posta-elttr-piccola.jpg\",\"contentUrl\":\"https:\\\/\\\/www.cortecarezzabella.com\\\/wp-content\\\/uploads\\\/2020\\\/03\\\/LOGO_laBottega-posta-elttr-piccola.jpg\",\"width\":160,\"height\":115,\"caption\":\"IL FRUTTETO DI SAN MARTINO S.S.\"},\"image\":{\"@id\":\"https:\\\/\\\/www.cortecarezzabella.com\\\/fr\\\/#\\\/schema\\\/logo\\\/image\\\/\"}}]}<\/script>\n<!-- \/ Yoast SEO plugin. -->","yoast_head_json":{"title":"Passata di pomodoro Sitomato Pizza - 500 gr &#187; Corte Carezzabella","robots":{"index":"index","follow":"follow","max-snippet":"max-snippet:-1","max-image-preview":"max-image-preview:large","max-video-preview":"max-video-preview:-1"},"canonical":"https:\/\/www.cortecarezzabella.com\/fr\/shop\/passata-di-pomodoro-sitomato-pizza-500-gr\/","og_locale":"fr_FR","og_type":"article","og_title":"Passata di pomodoro Sitomato Pizza - 500 gr &#187; Corte Carezzabella","og_description":"S\u00ectomato Pizza,&nbsp; la passata di pomodoro rustica e vellutata che ti conquister\u00e0 il palato!  Sitomato Pizza \u00e8 fatta con prodotti freschi coltivati e &nbsp;trasformati artigianalmente all'interno della nostra azienda agricola biologica.","og_url":"https:\/\/www.cortecarezzabella.com\/fr\/shop\/passata-di-pomodoro-sitomato-pizza-500-gr\/","og_site_name":"Corte Carezzabella","article_modified_time":"2026-03-03T14:42:35+00:00","og_image":[{"width":1709,"height":2560,"url":"https:\/\/www.cortecarezzabella.com\/wp-content\/uploads\/2020\/11\/750_2653-scaled.jpg","type":"image\/jpeg"}],"twitter_card":"summary_large_image","twitter_misc":{"Est. reading time":"1 minute"},"schema":{"@context":"https:\/\/schema.org","@graph":[{"@type":"WebPage","@id":"https:\/\/www.cortecarezzabella.com\/fr\/shop\/passata-di-pomodoro-sitomato-pizza-500-gr\/","url":"https:\/\/www.cortecarezzabella.com\/fr\/shop\/passata-di-pomodoro-sitomato-pizza-500-gr\/","name":"Passata di pomodoro Sitomato Pizza - 500 gr &#187; Corte Carezzabella","isPartOf":{"@id":"https:\/\/www.cortecarezzabella.com\/fr\/#website"},"primaryImageOfPage":{"@id":"https:\/\/www.cortecarezzabella.com\/fr\/shop\/passata-di-pomodoro-sitomato-pizza-500-gr\/#primaryimage"},"image":{"@id":"https:\/\/www.cortecarezzabella.com\/fr\/shop\/passata-di-pomodoro-sitomato-pizza-500-gr\/#primaryimage"},"thumbnailUrl":"https:\/\/www.cortecarezzabella.com\/wp-content\/uploads\/2020\/11\/750_2653-scaled.jpg","datePublished":"2020-01-08T10:08:08+00:00","dateModified":"2026-03-03T14:42:35+00:00","breadcrumb":{"@id":"https:\/\/www.cortecarezzabella.com\/fr\/shop\/passata-di-pomodoro-sitomato-pizza-500-gr\/#breadcrumb"},"inLanguage":"fr-FR","potentialAction":[{"@type":"ReadAction","target":["https:\/\/www.cortecarezzabella.com\/fr\/shop\/passata-di-pomodoro-sitomato-pizza-500-gr\/"]}]},{"@type":"ImageObject","inLanguage":"fr-FR","@id":"https:\/\/www.cortecarezzabella.com\/fr\/shop\/passata-di-pomodoro-sitomato-pizza-500-gr\/#primaryimage","url":"https:\/\/www.cortecarezzabella.com\/wp-content\/uploads\/2020\/11\/750_2653-scaled.jpg","contentUrl":"https:\/\/www.cortecarezzabella.com\/wp-content\/uploads\/2020\/11\/750_2653-scaled.jpg","width":1709,"height":2560},{"@type":"BreadcrumbList","@id":"https:\/\/www.cortecarezzabella.com\/fr\/shop\/passata-di-pomodoro-sitomato-pizza-500-gr\/#breadcrumb","itemListElement":[{"@type":"ListItem","position":1,"name":"Home","item":"https:\/\/www.cortecarezzabella.com\/fr\/"},{"@type":"ListItem","position":2,"name":"Shop online","item":"https:\/\/www.cortecarezzabella.com\/fr\/negozio\/"},{"@type":"ListItem","position":3,"name":"\"Sitomato\"- Sughi di pomodoro BIO","item":"https:\/\/www.cortecarezzabella.com\/fr\/categoria\/sitomato-biologico\/"},{"@type":"ListItem","position":4,"name":"Passata di pomodoro Sitomato Pizza &#8211; 500 gr"}]},{"@type":"WebSite","@id":"https:\/\/www.cortecarezzabella.com\/fr\/#website","url":"https:\/\/www.cortecarezzabella.com\/fr\/","name":"Corte Carezzabella","description":"Agriturismo Corte Carezzabella","publisher":{"@id":"https:\/\/www.cortecarezzabella.com\/fr\/#organization"},"potentialAction":[{"@type":"SearchAction","target":{"@type":"EntryPoint","urlTemplate":"https:\/\/www.cortecarezzabella.com\/fr\/?s={search_term_string}"},"query-input":{"@type":"PropertyValueSpecification","valueRequired":true,"valueName":"search_term_string"}}],"inLanguage":"fr-FR"},{"@type":"Organization","@id":"https:\/\/www.cortecarezzabella.com\/fr\/#organization","name":"IL FRUTTETO DI SAN MARTINO S.S.","url":"https:\/\/www.cortecarezzabella.com\/fr\/","logo":{"@type":"ImageObject","inLanguage":"fr-FR","@id":"https:\/\/www.cortecarezzabella.com\/fr\/#\/schema\/logo\/image\/","url":"https:\/\/www.cortecarezzabella.com\/wp-content\/uploads\/2020\/03\/LOGO_laBottega-posta-elttr-piccola.jpg","contentUrl":"https:\/\/www.cortecarezzabella.com\/wp-content\/uploads\/2020\/03\/LOGO_laBottega-posta-elttr-piccola.jpg","width":160,"height":115,"caption":"IL FRUTTETO DI SAN MARTINO S.S."},"image":{"@id":"https:\/\/www.cortecarezzabella.com\/fr\/#\/schema\/logo\/image\/"}}]}},"_links":{"self":[{"href":"https:\/\/www.cortecarezzabella.com\/fr\/wp-json\/wp\/v2\/product\/6890","targetHints":{"allow":["GET"]}}],"collection":[{"href":"https:\/\/www.cortecarezzabella.com\/fr\/wp-json\/wp\/v2\/product"}],"about":[{"href":"https:\/\/www.cortecarezzabella.com\/fr\/wp-json\/wp\/v2\/types\/product"}],"replies":[{"embeddable":true,"href":"https:\/\/www.cortecarezzabella.com\/fr\/wp-json\/wp\/v2\/comments?post=6890"}],"wp:featuredmedia":[{"embeddable":true,"href":"https:\/\/www.cortecarezzabella.com\/fr\/wp-json\/wp\/v2\/media\/9780"}],"wp:attachment":[{"href":"https:\/\/www.cortecarezzabella.com\/fr\/wp-json\/wp\/v2\/media?parent=6890"}],"wp:term":[{"taxonomy":"product_brand","embeddable":true,"href":"https:\/\/www.cortecarezzabella.com\/fr\/wp-json\/wp\/v2\/product_brand?post=6890"},{"taxonomy":"product_cat","embeddable":true,"href":"https:\/\/www.cortecarezzabella.com\/fr\/wp-json\/wp\/v2\/product_cat?post=6890"},{"taxonomy":"product_tag","embeddable":true,"href":"https:\/\/www.cortecarezzabella.com\/fr\/wp-json\/wp\/v2\/product_tag?post=6890"}],"curies":[{"name":"wp","href":"https:\/\/api.w.org\/{rel}","templated":true}]}}