{"id":5513,"date":"2019-02-26T14:17:58","date_gmt":"2019-02-26T13:17:58","guid":{"rendered":"https:\/\/www.cortecarezzabella.com\/?post_type=product&#038;p=5513"},"modified":"2024-11-21T08:48:24","modified_gmt":"2024-11-21T07:48:24","slug":"farina-semola-di-grano-duro-bio-macinata-a-pietra","status":"publish","type":"product","link":"https:\/\/www.cortecarezzabella.com\/fr\/shop\/farina-semola-di-grano-duro-bio-macinata-a-pietra\/","title":{"rendered":"Semolato di grano duro  macinato a pietra &#8211; BIOLOGICA"},"content":{"rendered":"<p>Confezione da 1 kg di farina semolata di grano duro macinata a pietra<\/p>\n<p>Tenere in luogo fresco e asciutto, lontano da fonti di luce e calore.<\/p>\n<p>scadenza gennaio 202<\/p>\n","protected":false},"excerpt":{"rendered":"<p>Il nostro \u00e8 un prodotto &nbsp;<em>trasformato&nbsp;<\/em>cio\u00e8 il grano di nostra produzione viene macinato in farina. Tutte le trasformazioni esterne sono fatte da &nbsp;aziende agricole o artigiane dalle dimensioni piccole e da processi artigianali, per restituirci un prodotto di qualit\u00e0.<\/p>\n<p>La macina a pietra permette di ottenere una farina <strong>pi\u00f9 ricca, saporita e digeribile<\/strong>. Essendo una macinazione lenta il chicco non viene surriscaldato e mantiene le <strong>propriet\u00e0 organolettiche&nbsp;<\/strong>ed il <strong>gusto<\/strong>&nbsp;e l&#8217;impasto resta comunque facilmente lavorabile.<\/p>\n<p>SCADENZA agosto 2024<\/p>\n<p>&nbsp;<\/p>\n","protected":false},"featured_media":13671,"comment_status":"closed","ping_status":"closed","template":"","meta":{"_acf_changed":false,"ngg_post_thumbnail":0},"product_brand":[],"product_cat":[25],"product_tag":[84,94,97,61,96,95],"class_list":{"0":"post-5513","1":"product","2":"type-product","3":"status-publish","4":"has-post-thumbnail","6":"product_cat-farine-macinate-a-pietra","7":"product_tag-aggiungi-un-posto-a-tavola","8":"product_tag-farina-biologica","9":"product_tag-farina-di-grano-duro","10":"product_tag-idea-regalo","11":"product_tag-macinata-a-pietra","12":"product_tag-semolato-di-grano-duro","14":"first","15":"outofstock","16":"taxable","17":"shipping-taxable","18":"purchasable","19":"product-type-simple"},"acf":[],"yoast_head":"<!-- This site is optimized with the Yoast SEO plugin v27.5 - https:\/\/yoast.com\/product\/yoast-seo-wordpress\/ -->\n<title>Semolato di grano duro macinato a pietra - BIOLOGICA &#187; Corte Carezzabella<\/title>\n<meta name=\"robots\" content=\"index, follow, max-snippet:-1, max-image-preview:large, max-video-preview:-1\" \/>\n<link rel=\"canonical\" href=\"https:\/\/www.cortecarezzabella.com\/fr\/shop\/farina-semola-di-grano-duro-bio-macinata-a-pietra\/\" \/>\n<meta property=\"og:locale\" content=\"fr_FR\" \/>\n<meta property=\"og:type\" content=\"article\" \/>\n<meta property=\"og:title\" content=\"Semolato di grano duro macinato a pietra - BIOLOGICA &#187; Corte Carezzabella\" \/>\n<meta property=\"og:description\" content=\"Il nostro \u00e8 un prodotto &nbsp;trasformato&nbsp;cio\u00e8 il grano di nostra produzione viene macinato in farina. Tutte le trasformazioni esterne sono fatte da &nbsp;aziende agricole o artigiane dalle dimensioni piccole e da processi artigianali, per restituirci un prodotto di qualit\u00e0.  La macina a pietra permette di ottenere una farina pi\u00f9 ricca, saporita e digeribile. Essendo una macinazione lenta il chicco non viene surriscaldato e mantiene le propriet\u00e0 organolettiche&nbsp;ed il gusto&nbsp;e l&#039;impasto resta comunque facilmente lavorabile.  SCADENZA agosto 2024  &nbsp;\" \/>\n<meta property=\"og:url\" content=\"https:\/\/www.cortecarezzabella.com\/fr\/shop\/farina-semola-di-grano-duro-bio-macinata-a-pietra\/\" \/>\n<meta property=\"og:site_name\" content=\"Corte Carezzabella\" \/>\n<meta property=\"article:modified_time\" content=\"2024-11-21T07:48:24+00:00\" \/>\n<meta property=\"og:image\" content=\"https:\/\/www.cortecarezzabella.com\/wp-content\/uploads\/2019\/02\/farina-2-scaled.jpg\" \/>\n\t<meta property=\"og:image:width\" content=\"1920\" \/>\n\t<meta property=\"og:image:height\" content=\"2560\" \/>\n\t<meta property=\"og:image:type\" content=\"image\/jpeg\" \/>\n<meta name=\"twitter:card\" content=\"summary_large_image\" \/>\n<meta name=\"twitter:label1\" content=\"Est. reading time\" \/>\n\t<meta name=\"twitter:data1\" content=\"1 minute\" \/>\n<script type=\"application\/ld+json\" class=\"yoast-schema-graph\">{\"@context\":\"https:\\\/\\\/schema.org\",\"@graph\":[{\"@type\":\"WebPage\",\"@id\":\"https:\\\/\\\/www.cortecarezzabella.com\\\/fr\\\/shop\\\/farina-semola-di-grano-duro-bio-macinata-a-pietra\\\/\",\"url\":\"https:\\\/\\\/www.cortecarezzabella.com\\\/fr\\\/shop\\\/farina-semola-di-grano-duro-bio-macinata-a-pietra\\\/\",\"name\":\"Semolato di grano duro macinato a pietra - BIOLOGICA &#187; Corte Carezzabella\",\"isPartOf\":{\"@id\":\"https:\\\/\\\/www.cortecarezzabella.com\\\/fr\\\/#website\"},\"primaryImageOfPage\":{\"@id\":\"https:\\\/\\\/www.cortecarezzabella.com\\\/fr\\\/shop\\\/farina-semola-di-grano-duro-bio-macinata-a-pietra\\\/#primaryimage\"},\"image\":{\"@id\":\"https:\\\/\\\/www.cortecarezzabella.com\\\/fr\\\/shop\\\/farina-semola-di-grano-duro-bio-macinata-a-pietra\\\/#primaryimage\"},\"thumbnailUrl\":\"https:\\\/\\\/www.cortecarezzabella.com\\\/wp-content\\\/uploads\\\/2019\\\/02\\\/farina-2-scaled.jpg\",\"datePublished\":\"2019-02-26T13:17:58+00:00\",\"dateModified\":\"2024-11-21T07:48:24+00:00\",\"breadcrumb\":{\"@id\":\"https:\\\/\\\/www.cortecarezzabella.com\\\/fr\\\/shop\\\/farina-semola-di-grano-duro-bio-macinata-a-pietra\\\/#breadcrumb\"},\"inLanguage\":\"fr-FR\",\"potentialAction\":[{\"@type\":\"ReadAction\",\"target\":[\"https:\\\/\\\/www.cortecarezzabella.com\\\/fr\\\/shop\\\/farina-semola-di-grano-duro-bio-macinata-a-pietra\\\/\"]}]},{\"@type\":\"ImageObject\",\"inLanguage\":\"fr-FR\",\"@id\":\"https:\\\/\\\/www.cortecarezzabella.com\\\/fr\\\/shop\\\/farina-semola-di-grano-duro-bio-macinata-a-pietra\\\/#primaryimage\",\"url\":\"https:\\\/\\\/www.cortecarezzabella.com\\\/wp-content\\\/uploads\\\/2019\\\/02\\\/farina-2-scaled.jpg\",\"contentUrl\":\"https:\\\/\\\/www.cortecarezzabella.com\\\/wp-content\\\/uploads\\\/2019\\\/02\\\/farina-2-scaled.jpg\",\"width\":1920,\"height\":2560},{\"@type\":\"BreadcrumbList\",\"@id\":\"https:\\\/\\\/www.cortecarezzabella.com\\\/fr\\\/shop\\\/farina-semola-di-grano-duro-bio-macinata-a-pietra\\\/#breadcrumb\",\"itemListElement\":[{\"@type\":\"ListItem\",\"position\":1,\"name\":\"Home\",\"item\":\"https:\\\/\\\/www.cortecarezzabella.com\\\/fr\\\/\"},{\"@type\":\"ListItem\",\"position\":2,\"name\":\"Shop online\",\"item\":\"https:\\\/\\\/www.cortecarezzabella.com\\\/fr\\\/negozio\\\/\"},{\"@type\":\"ListItem\",\"position\":3,\"name\":\"Farine macinate a pietra\",\"item\":\"https:\\\/\\\/www.cortecarezzabella.com\\\/fr\\\/categoria\\\/farine-macinate-a-pietra\\\/\"},{\"@type\":\"ListItem\",\"position\":4,\"name\":\"Semolato di grano duro macinato a pietra &#8211; BIOLOGICA\"}]},{\"@type\":\"WebSite\",\"@id\":\"https:\\\/\\\/www.cortecarezzabella.com\\\/fr\\\/#website\",\"url\":\"https:\\\/\\\/www.cortecarezzabella.com\\\/fr\\\/\",\"name\":\"Corte Carezzabella\",\"description\":\"Agriturismo Corte Carezzabella\",\"publisher\":{\"@id\":\"https:\\\/\\\/www.cortecarezzabella.com\\\/fr\\\/#organization\"},\"potentialAction\":[{\"@type\":\"SearchAction\",\"target\":{\"@type\":\"EntryPoint\",\"urlTemplate\":\"https:\\\/\\\/www.cortecarezzabella.com\\\/fr\\\/?s={search_term_string}\"},\"query-input\":{\"@type\":\"PropertyValueSpecification\",\"valueRequired\":true,\"valueName\":\"search_term_string\"}}],\"inLanguage\":\"fr-FR\"},{\"@type\":\"Organization\",\"@id\":\"https:\\\/\\\/www.cortecarezzabella.com\\\/fr\\\/#organization\",\"name\":\"IL FRUTTETO DI SAN MARTINO S.S.\",\"url\":\"https:\\\/\\\/www.cortecarezzabella.com\\\/fr\\\/\",\"logo\":{\"@type\":\"ImageObject\",\"inLanguage\":\"fr-FR\",\"@id\":\"https:\\\/\\\/www.cortecarezzabella.com\\\/fr\\\/#\\\/schema\\\/logo\\\/image\\\/\",\"url\":\"https:\\\/\\\/www.cortecarezzabella.com\\\/wp-content\\\/uploads\\\/2020\\\/03\\\/LOGO_laBottega-posta-elttr-piccola.jpg\",\"contentUrl\":\"https:\\\/\\\/www.cortecarezzabella.com\\\/wp-content\\\/uploads\\\/2020\\\/03\\\/LOGO_laBottega-posta-elttr-piccola.jpg\",\"width\":160,\"height\":115,\"caption\":\"IL FRUTTETO DI SAN MARTINO S.S.\"},\"image\":{\"@id\":\"https:\\\/\\\/www.cortecarezzabella.com\\\/fr\\\/#\\\/schema\\\/logo\\\/image\\\/\"}}]}<\/script>\n<!-- \/ Yoast SEO plugin. -->","yoast_head_json":{"title":"Semolato di grano duro macinato a pietra - BIOLOGICA &#187; Corte Carezzabella","robots":{"index":"index","follow":"follow","max-snippet":"max-snippet:-1","max-image-preview":"max-image-preview:large","max-video-preview":"max-video-preview:-1"},"canonical":"https:\/\/www.cortecarezzabella.com\/fr\/shop\/farina-semola-di-grano-duro-bio-macinata-a-pietra\/","og_locale":"fr_FR","og_type":"article","og_title":"Semolato di grano duro macinato a pietra - BIOLOGICA &#187; Corte Carezzabella","og_description":"Il nostro \u00e8 un prodotto &nbsp;trasformato&nbsp;cio\u00e8 il grano di nostra produzione viene macinato in farina. Tutte le trasformazioni esterne sono fatte da &nbsp;aziende agricole o artigiane dalle dimensioni piccole e da processi artigianali, per restituirci un prodotto di qualit\u00e0.  La macina a pietra permette di ottenere una farina pi\u00f9 ricca, saporita e digeribile. Essendo una macinazione lenta il chicco non viene surriscaldato e mantiene le propriet\u00e0 organolettiche&nbsp;ed il gusto&nbsp;e l'impasto resta comunque facilmente lavorabile.  SCADENZA agosto 2024  &nbsp;","og_url":"https:\/\/www.cortecarezzabella.com\/fr\/shop\/farina-semola-di-grano-duro-bio-macinata-a-pietra\/","og_site_name":"Corte Carezzabella","article_modified_time":"2024-11-21T07:48:24+00:00","og_image":[{"width":1920,"height":2560,"url":"https:\/\/www.cortecarezzabella.com\/wp-content\/uploads\/2019\/02\/farina-2-scaled.jpg","type":"image\/jpeg"}],"twitter_card":"summary_large_image","twitter_misc":{"Est. reading time":"1 minute"},"schema":{"@context":"https:\/\/schema.org","@graph":[{"@type":"WebPage","@id":"https:\/\/www.cortecarezzabella.com\/fr\/shop\/farina-semola-di-grano-duro-bio-macinata-a-pietra\/","url":"https:\/\/www.cortecarezzabella.com\/fr\/shop\/farina-semola-di-grano-duro-bio-macinata-a-pietra\/","name":"Semolato di grano duro macinato a pietra - BIOLOGICA &#187; Corte Carezzabella","isPartOf":{"@id":"https:\/\/www.cortecarezzabella.com\/fr\/#website"},"primaryImageOfPage":{"@id":"https:\/\/www.cortecarezzabella.com\/fr\/shop\/farina-semola-di-grano-duro-bio-macinata-a-pietra\/#primaryimage"},"image":{"@id":"https:\/\/www.cortecarezzabella.com\/fr\/shop\/farina-semola-di-grano-duro-bio-macinata-a-pietra\/#primaryimage"},"thumbnailUrl":"https:\/\/www.cortecarezzabella.com\/wp-content\/uploads\/2019\/02\/farina-2-scaled.jpg","datePublished":"2019-02-26T13:17:58+00:00","dateModified":"2024-11-21T07:48:24+00:00","breadcrumb":{"@id":"https:\/\/www.cortecarezzabella.com\/fr\/shop\/farina-semola-di-grano-duro-bio-macinata-a-pietra\/#breadcrumb"},"inLanguage":"fr-FR","potentialAction":[{"@type":"ReadAction","target":["https:\/\/www.cortecarezzabella.com\/fr\/shop\/farina-semola-di-grano-duro-bio-macinata-a-pietra\/"]}]},{"@type":"ImageObject","inLanguage":"fr-FR","@id":"https:\/\/www.cortecarezzabella.com\/fr\/shop\/farina-semola-di-grano-duro-bio-macinata-a-pietra\/#primaryimage","url":"https:\/\/www.cortecarezzabella.com\/wp-content\/uploads\/2019\/02\/farina-2-scaled.jpg","contentUrl":"https:\/\/www.cortecarezzabella.com\/wp-content\/uploads\/2019\/02\/farina-2-scaled.jpg","width":1920,"height":2560},{"@type":"BreadcrumbList","@id":"https:\/\/www.cortecarezzabella.com\/fr\/shop\/farina-semola-di-grano-duro-bio-macinata-a-pietra\/#breadcrumb","itemListElement":[{"@type":"ListItem","position":1,"name":"Home","item":"https:\/\/www.cortecarezzabella.com\/fr\/"},{"@type":"ListItem","position":2,"name":"Shop online","item":"https:\/\/www.cortecarezzabella.com\/fr\/negozio\/"},{"@type":"ListItem","position":3,"name":"Farine macinate a pietra","item":"https:\/\/www.cortecarezzabella.com\/fr\/categoria\/farine-macinate-a-pietra\/"},{"@type":"ListItem","position":4,"name":"Semolato di grano duro macinato a pietra &#8211; BIOLOGICA"}]},{"@type":"WebSite","@id":"https:\/\/www.cortecarezzabella.com\/fr\/#website","url":"https:\/\/www.cortecarezzabella.com\/fr\/","name":"Corte Carezzabella","description":"Agriturismo Corte Carezzabella","publisher":{"@id":"https:\/\/www.cortecarezzabella.com\/fr\/#organization"},"potentialAction":[{"@type":"SearchAction","target":{"@type":"EntryPoint","urlTemplate":"https:\/\/www.cortecarezzabella.com\/fr\/?s={search_term_string}"},"query-input":{"@type":"PropertyValueSpecification","valueRequired":true,"valueName":"search_term_string"}}],"inLanguage":"fr-FR"},{"@type":"Organization","@id":"https:\/\/www.cortecarezzabella.com\/fr\/#organization","name":"IL FRUTTETO DI SAN MARTINO S.S.","url":"https:\/\/www.cortecarezzabella.com\/fr\/","logo":{"@type":"ImageObject","inLanguage":"fr-FR","@id":"https:\/\/www.cortecarezzabella.com\/fr\/#\/schema\/logo\/image\/","url":"https:\/\/www.cortecarezzabella.com\/wp-content\/uploads\/2020\/03\/LOGO_laBottega-posta-elttr-piccola.jpg","contentUrl":"https:\/\/www.cortecarezzabella.com\/wp-content\/uploads\/2020\/03\/LOGO_laBottega-posta-elttr-piccola.jpg","width":160,"height":115,"caption":"IL FRUTTETO DI SAN MARTINO S.S."},"image":{"@id":"https:\/\/www.cortecarezzabella.com\/fr\/#\/schema\/logo\/image\/"}}]}},"_links":{"self":[{"href":"https:\/\/www.cortecarezzabella.com\/fr\/wp-json\/wp\/v2\/product\/5513","targetHints":{"allow":["GET"]}}],"collection":[{"href":"https:\/\/www.cortecarezzabella.com\/fr\/wp-json\/wp\/v2\/product"}],"about":[{"href":"https:\/\/www.cortecarezzabella.com\/fr\/wp-json\/wp\/v2\/types\/product"}],"replies":[{"embeddable":true,"href":"https:\/\/www.cortecarezzabella.com\/fr\/wp-json\/wp\/v2\/comments?post=5513"}],"wp:featuredmedia":[{"embeddable":true,"href":"https:\/\/www.cortecarezzabella.com\/fr\/wp-json\/wp\/v2\/media\/13671"}],"wp:attachment":[{"href":"https:\/\/www.cortecarezzabella.com\/fr\/wp-json\/wp\/v2\/media?parent=5513"}],"wp:term":[{"taxonomy":"product_brand","embeddable":true,"href":"https:\/\/www.cortecarezzabella.com\/fr\/wp-json\/wp\/v2\/product_brand?post=5513"},{"taxonomy":"product_cat","embeddable":true,"href":"https:\/\/www.cortecarezzabella.com\/fr\/wp-json\/wp\/v2\/product_cat?post=5513"},{"taxonomy":"product_tag","embeddable":true,"href":"https:\/\/www.cortecarezzabella.com\/fr\/wp-json\/wp\/v2\/product_tag?post=5513"}],"curies":[{"name":"wp","href":"https:\/\/api.w.org\/{rel}","templated":true}]}}