{"id":5472,"date":"2019-02-21T14:10:12","date_gmt":"2019-02-21T13:10:12","guid":{"rendered":"https:\/\/www.cortecarezzabella.com\/?post_type=product&#038;p=5472"},"modified":"2025-11-12T11:37:04","modified_gmt":"2025-11-12T10:37:04","slug":"torta-sbrisolona","status":"publish","type":"product","link":"https:\/\/www.cortecarezzabella.com\/fr\/shop\/torta-sbrisolona\/","title":{"rendered":"Torta Sbrisolona &#8211; 250 g"},"content":{"rendered":"<p>Torta legata alla tradizione contadina &nbsp;a base di mandorle&nbsp; 250 g di bont\u00e0!<\/p>\n","protected":false},"excerpt":{"rendered":"<p>La Torta Sbrisolona si chiama cos\u00ec per l&#8217;inconfondibile friabilit\u00e0 che la porta a sbriciolarsi con estrema facilit\u00e0. E&#8217; un dolce che va spezzato con le mani, di povere origini, perch\u00e9 all&#8217;inizio gli ingredienti erano quelli tipici della tradizione contadina.<\/p>\n<p>I prodotti da forno dolci vengono realizzati con l\u2019utilizzo esclusivamente di farine macinate a pietra di nostra produzione oltre a burro di prima qualit\u00e0 e uova fresche. Privilegiamo ricette semplici in cui si esprimono al meglio le materie prime e attraverso cui assaporare i gusti della pasticceria casalinga ed artigianale.<\/p>\n<p>A noi di Corte Carezzabella piace accompagnarla con Brillo, il nostro bianco naturalmente frizzante.<\/p>\n<p>Confezione da 250g<\/p>\n","protected":false},"featured_media":14761,"comment_status":"closed","ping_status":"closed","template":"","meta":{"_acf_changed":false,"ngg_post_thumbnail":0},"product_brand":[],"product_cat":[43],"product_tag":[],"class_list":{"0":"post-5472","1":"product","2":"type-product","3":"status-publish","4":"has-post-thumbnail","6":"product_cat-prodotti_da_forno","8":"first","9":"instock","10":"taxable","11":"shipping-taxable","12":"purchasable","13":"product-type-simple"},"acf":[],"yoast_head":"<!-- This site is optimized with the Yoast SEO plugin v27.4 - https:\/\/yoast.com\/product\/yoast-seo-wordpress\/ -->\n<title>Torta Sbrisolona - 250 g &#187; Corte Carezzabella<\/title>\n<meta name=\"robots\" content=\"index, follow, max-snippet:-1, max-image-preview:large, max-video-preview:-1\" \/>\n<link rel=\"canonical\" href=\"https:\/\/www.cortecarezzabella.com\/fr\/shop\/torta-sbrisolona\/\" \/>\n<meta property=\"og:locale\" content=\"fr_FR\" \/>\n<meta property=\"og:type\" content=\"article\" \/>\n<meta property=\"og:title\" content=\"Torta Sbrisolona - 250 g &#187; Corte Carezzabella\" \/>\n<meta property=\"og:description\" content=\"La Torta Sbrisolona si chiama cos\u00ec per l&#039;inconfondibile friabilit\u00e0 che la porta a sbriciolarsi con estrema facilit\u00e0. E&#039; un dolce che va spezzato con le mani, di povere origini, perch\u00e9 all&#039;inizio gli ingredienti erano quelli tipici della tradizione contadina.  I prodotti da forno dolci vengono realizzati con l\u2019utilizzo esclusivamente di farine macinate a pietra di nostra produzione oltre a burro di prima qualit\u00e0 e uova fresche. Privilegiamo ricette semplici in cui si esprimono al meglio le materie prime e attraverso cui assaporare i gusti della pasticceria casalinga ed artigianale.  A noi di Corte Carezzabella piace accompagnarla con Brillo, il nostro bianco naturalmente frizzante.  Confezione da 250g\" \/>\n<meta property=\"og:url\" content=\"https:\/\/www.cortecarezzabella.com\/fr\/shop\/torta-sbrisolona\/\" \/>\n<meta property=\"og:site_name\" content=\"Corte Carezzabella\" \/>\n<meta property=\"article:modified_time\" content=\"2025-11-12T10:37:04+00:00\" \/>\n<meta property=\"og:image\" content=\"https:\/\/www.cortecarezzabella.com\/wp-content\/uploads\/2019\/02\/750_4255-1-scaled.jpg\" \/>\n\t<meta property=\"og:image:width\" content=\"1709\" \/>\n\t<meta property=\"og:image:height\" content=\"2560\" \/>\n\t<meta property=\"og:image:type\" content=\"image\/jpeg\" \/>\n<meta name=\"twitter:card\" content=\"summary_large_image\" \/>\n<meta name=\"twitter:label1\" content=\"Est. reading time\" \/>\n\t<meta name=\"twitter:data1\" content=\"1 minute\" \/>\n<script type=\"application\/ld+json\" class=\"yoast-schema-graph\">{\"@context\":\"https:\\\/\\\/schema.org\",\"@graph\":[{\"@type\":\"WebPage\",\"@id\":\"https:\\\/\\\/www.cortecarezzabella.com\\\/fr\\\/shop\\\/torta-sbrisolona\\\/\",\"url\":\"https:\\\/\\\/www.cortecarezzabella.com\\\/fr\\\/shop\\\/torta-sbrisolona\\\/\",\"name\":\"Torta Sbrisolona - 250 g &#187; Corte Carezzabella\",\"isPartOf\":{\"@id\":\"https:\\\/\\\/www.cortecarezzabella.com\\\/fr\\\/#website\"},\"primaryImageOfPage\":{\"@id\":\"https:\\\/\\\/www.cortecarezzabella.com\\\/fr\\\/shop\\\/torta-sbrisolona\\\/#primaryimage\"},\"image\":{\"@id\":\"https:\\\/\\\/www.cortecarezzabella.com\\\/fr\\\/shop\\\/torta-sbrisolona\\\/#primaryimage\"},\"thumbnailUrl\":\"https:\\\/\\\/www.cortecarezzabella.com\\\/wp-content\\\/uploads\\\/2019\\\/02\\\/750_4255-1-scaled.jpg\",\"datePublished\":\"2019-02-21T13:10:12+00:00\",\"dateModified\":\"2025-11-12T10:37:04+00:00\",\"breadcrumb\":{\"@id\":\"https:\\\/\\\/www.cortecarezzabella.com\\\/fr\\\/shop\\\/torta-sbrisolona\\\/#breadcrumb\"},\"inLanguage\":\"fr-FR\",\"potentialAction\":[{\"@type\":\"ReadAction\",\"target\":[\"https:\\\/\\\/www.cortecarezzabella.com\\\/fr\\\/shop\\\/torta-sbrisolona\\\/\"]}]},{\"@type\":\"ImageObject\",\"inLanguage\":\"fr-FR\",\"@id\":\"https:\\\/\\\/www.cortecarezzabella.com\\\/fr\\\/shop\\\/torta-sbrisolona\\\/#primaryimage\",\"url\":\"https:\\\/\\\/www.cortecarezzabella.com\\\/wp-content\\\/uploads\\\/2019\\\/02\\\/750_4255-1-scaled.jpg\",\"contentUrl\":\"https:\\\/\\\/www.cortecarezzabella.com\\\/wp-content\\\/uploads\\\/2019\\\/02\\\/750_4255-1-scaled.jpg\",\"width\":1709,\"height\":2560},{\"@type\":\"BreadcrumbList\",\"@id\":\"https:\\\/\\\/www.cortecarezzabella.com\\\/fr\\\/shop\\\/torta-sbrisolona\\\/#breadcrumb\",\"itemListElement\":[{\"@type\":\"ListItem\",\"position\":1,\"name\":\"Home\",\"item\":\"https:\\\/\\\/www.cortecarezzabella.com\\\/fr\\\/\"},{\"@type\":\"ListItem\",\"position\":2,\"name\":\"Shop online\",\"item\":\"https:\\\/\\\/www.cortecarezzabella.com\\\/fr\\\/negozio\\\/\"},{\"@type\":\"ListItem\",\"position\":3,\"name\":\"Prodotti da forno\",\"item\":\"https:\\\/\\\/www.cortecarezzabella.com\\\/fr\\\/categoria\\\/prodotti_da_forno\\\/\"},{\"@type\":\"ListItem\",\"position\":4,\"name\":\"Torta Sbrisolona &#8211; 250 g\"}]},{\"@type\":\"WebSite\",\"@id\":\"https:\\\/\\\/www.cortecarezzabella.com\\\/fr\\\/#website\",\"url\":\"https:\\\/\\\/www.cortecarezzabella.com\\\/fr\\\/\",\"name\":\"Corte Carezzabella\",\"description\":\"Agriturismo Corte Carezzabella\",\"publisher\":{\"@id\":\"https:\\\/\\\/www.cortecarezzabella.com\\\/fr\\\/#organization\"},\"potentialAction\":[{\"@type\":\"SearchAction\",\"target\":{\"@type\":\"EntryPoint\",\"urlTemplate\":\"https:\\\/\\\/www.cortecarezzabella.com\\\/fr\\\/?s={search_term_string}\"},\"query-input\":{\"@type\":\"PropertyValueSpecification\",\"valueRequired\":true,\"valueName\":\"search_term_string\"}}],\"inLanguage\":\"fr-FR\"},{\"@type\":\"Organization\",\"@id\":\"https:\\\/\\\/www.cortecarezzabella.com\\\/fr\\\/#organization\",\"name\":\"IL FRUTTETO DI SAN MARTINO S.S.\",\"url\":\"https:\\\/\\\/www.cortecarezzabella.com\\\/fr\\\/\",\"logo\":{\"@type\":\"ImageObject\",\"inLanguage\":\"fr-FR\",\"@id\":\"https:\\\/\\\/www.cortecarezzabella.com\\\/fr\\\/#\\\/schema\\\/logo\\\/image\\\/\",\"url\":\"https:\\\/\\\/www.cortecarezzabella.com\\\/wp-content\\\/uploads\\\/2020\\\/03\\\/LOGO_laBottega-posta-elttr-piccola.jpg\",\"contentUrl\":\"https:\\\/\\\/www.cortecarezzabella.com\\\/wp-content\\\/uploads\\\/2020\\\/03\\\/LOGO_laBottega-posta-elttr-piccola.jpg\",\"width\":160,\"height\":115,\"caption\":\"IL FRUTTETO DI SAN MARTINO S.S.\"},\"image\":{\"@id\":\"https:\\\/\\\/www.cortecarezzabella.com\\\/fr\\\/#\\\/schema\\\/logo\\\/image\\\/\"}}]}<\/script>\n<!-- \/ Yoast SEO plugin. -->","yoast_head_json":{"title":"Torta Sbrisolona - 250 g &#187; Corte Carezzabella","robots":{"index":"index","follow":"follow","max-snippet":"max-snippet:-1","max-image-preview":"max-image-preview:large","max-video-preview":"max-video-preview:-1"},"canonical":"https:\/\/www.cortecarezzabella.com\/fr\/shop\/torta-sbrisolona\/","og_locale":"fr_FR","og_type":"article","og_title":"Torta Sbrisolona - 250 g &#187; Corte Carezzabella","og_description":"La Torta Sbrisolona si chiama cos\u00ec per l'inconfondibile friabilit\u00e0 che la porta a sbriciolarsi con estrema facilit\u00e0. E' un dolce che va spezzato con le mani, di povere origini, perch\u00e9 all'inizio gli ingredienti erano quelli tipici della tradizione contadina.  I prodotti da forno dolci vengono realizzati con l\u2019utilizzo esclusivamente di farine macinate a pietra di nostra produzione oltre a burro di prima qualit\u00e0 e uova fresche. Privilegiamo ricette semplici in cui si esprimono al meglio le materie prime e attraverso cui assaporare i gusti della pasticceria casalinga ed artigianale.  A noi di Corte Carezzabella piace accompagnarla con Brillo, il nostro bianco naturalmente frizzante.  Confezione da 250g","og_url":"https:\/\/www.cortecarezzabella.com\/fr\/shop\/torta-sbrisolona\/","og_site_name":"Corte Carezzabella","article_modified_time":"2025-11-12T10:37:04+00:00","og_image":[{"width":1709,"height":2560,"url":"https:\/\/www.cortecarezzabella.com\/wp-content\/uploads\/2019\/02\/750_4255-1-scaled.jpg","type":"image\/jpeg"}],"twitter_card":"summary_large_image","twitter_misc":{"Est. reading time":"1 minute"},"schema":{"@context":"https:\/\/schema.org","@graph":[{"@type":"WebPage","@id":"https:\/\/www.cortecarezzabella.com\/fr\/shop\/torta-sbrisolona\/","url":"https:\/\/www.cortecarezzabella.com\/fr\/shop\/torta-sbrisolona\/","name":"Torta Sbrisolona - 250 g &#187; Corte Carezzabella","isPartOf":{"@id":"https:\/\/www.cortecarezzabella.com\/fr\/#website"},"primaryImageOfPage":{"@id":"https:\/\/www.cortecarezzabella.com\/fr\/shop\/torta-sbrisolona\/#primaryimage"},"image":{"@id":"https:\/\/www.cortecarezzabella.com\/fr\/shop\/torta-sbrisolona\/#primaryimage"},"thumbnailUrl":"https:\/\/www.cortecarezzabella.com\/wp-content\/uploads\/2019\/02\/750_4255-1-scaled.jpg","datePublished":"2019-02-21T13:10:12+00:00","dateModified":"2025-11-12T10:37:04+00:00","breadcrumb":{"@id":"https:\/\/www.cortecarezzabella.com\/fr\/shop\/torta-sbrisolona\/#breadcrumb"},"inLanguage":"fr-FR","potentialAction":[{"@type":"ReadAction","target":["https:\/\/www.cortecarezzabella.com\/fr\/shop\/torta-sbrisolona\/"]}]},{"@type":"ImageObject","inLanguage":"fr-FR","@id":"https:\/\/www.cortecarezzabella.com\/fr\/shop\/torta-sbrisolona\/#primaryimage","url":"https:\/\/www.cortecarezzabella.com\/wp-content\/uploads\/2019\/02\/750_4255-1-scaled.jpg","contentUrl":"https:\/\/www.cortecarezzabella.com\/wp-content\/uploads\/2019\/02\/750_4255-1-scaled.jpg","width":1709,"height":2560},{"@type":"BreadcrumbList","@id":"https:\/\/www.cortecarezzabella.com\/fr\/shop\/torta-sbrisolona\/#breadcrumb","itemListElement":[{"@type":"ListItem","position":1,"name":"Home","item":"https:\/\/www.cortecarezzabella.com\/fr\/"},{"@type":"ListItem","position":2,"name":"Shop online","item":"https:\/\/www.cortecarezzabella.com\/fr\/negozio\/"},{"@type":"ListItem","position":3,"name":"Prodotti da forno","item":"https:\/\/www.cortecarezzabella.com\/fr\/categoria\/prodotti_da_forno\/"},{"@type":"ListItem","position":4,"name":"Torta Sbrisolona &#8211; 250 g"}]},{"@type":"WebSite","@id":"https:\/\/www.cortecarezzabella.com\/fr\/#website","url":"https:\/\/www.cortecarezzabella.com\/fr\/","name":"Corte Carezzabella","description":"Agriturismo Corte Carezzabella","publisher":{"@id":"https:\/\/www.cortecarezzabella.com\/fr\/#organization"},"potentialAction":[{"@type":"SearchAction","target":{"@type":"EntryPoint","urlTemplate":"https:\/\/www.cortecarezzabella.com\/fr\/?s={search_term_string}"},"query-input":{"@type":"PropertyValueSpecification","valueRequired":true,"valueName":"search_term_string"}}],"inLanguage":"fr-FR"},{"@type":"Organization","@id":"https:\/\/www.cortecarezzabella.com\/fr\/#organization","name":"IL FRUTTETO DI SAN MARTINO S.S.","url":"https:\/\/www.cortecarezzabella.com\/fr\/","logo":{"@type":"ImageObject","inLanguage":"fr-FR","@id":"https:\/\/www.cortecarezzabella.com\/fr\/#\/schema\/logo\/image\/","url":"https:\/\/www.cortecarezzabella.com\/wp-content\/uploads\/2020\/03\/LOGO_laBottega-posta-elttr-piccola.jpg","contentUrl":"https:\/\/www.cortecarezzabella.com\/wp-content\/uploads\/2020\/03\/LOGO_laBottega-posta-elttr-piccola.jpg","width":160,"height":115,"caption":"IL FRUTTETO DI SAN MARTINO S.S."},"image":{"@id":"https:\/\/www.cortecarezzabella.com\/fr\/#\/schema\/logo\/image\/"}}]}},"_links":{"self":[{"href":"https:\/\/www.cortecarezzabella.com\/fr\/wp-json\/wp\/v2\/product\/5472","targetHints":{"allow":["GET"]}}],"collection":[{"href":"https:\/\/www.cortecarezzabella.com\/fr\/wp-json\/wp\/v2\/product"}],"about":[{"href":"https:\/\/www.cortecarezzabella.com\/fr\/wp-json\/wp\/v2\/types\/product"}],"replies":[{"embeddable":true,"href":"https:\/\/www.cortecarezzabella.com\/fr\/wp-json\/wp\/v2\/comments?post=5472"}],"wp:featuredmedia":[{"embeddable":true,"href":"https:\/\/www.cortecarezzabella.com\/fr\/wp-json\/wp\/v2\/media\/14761"}],"wp:attachment":[{"href":"https:\/\/www.cortecarezzabella.com\/fr\/wp-json\/wp\/v2\/media?parent=5472"}],"wp:term":[{"taxonomy":"product_brand","embeddable":true,"href":"https:\/\/www.cortecarezzabella.com\/fr\/wp-json\/wp\/v2\/product_brand?post=5472"},{"taxonomy":"product_cat","embeddable":true,"href":"https:\/\/www.cortecarezzabella.com\/fr\/wp-json\/wp\/v2\/product_cat?post=5472"},{"taxonomy":"product_tag","embeddable":true,"href":"https:\/\/www.cortecarezzabella.com\/fr\/wp-json\/wp\/v2\/product_tag?post=5472"}],"curies":[{"name":"wp","href":"https:\/\/api.w.org\/{rel}","templated":true}]}}