{"id":540,"date":"2017-05-18T11:26:09","date_gmt":"2017-05-18T09:26:09","guid":{"rendered":"https:\/\/www.cortecarezzabella.com\/?page_id=540\/"},"modified":"2017-05-24T18:03:17","modified_gmt":"2017-05-24T16:03:17","slug":"prix","status":"publish","type":"page","link":"https:\/\/www.cortecarezzabella.com\/fr\/prix\/","title":{"rendered":"Prix"},"content":{"rendered":"<h1>&#8211; Prix et R\u00e9servations &#8211;<\/h1>\n<table style=\"width: 672px; height: 341px;\">\n<tbody>\n<tr style=\"height: 48px;\">\n<td style=\"width: 252.91px; height: 48px;\"><\/td>\n<td style=\"width: 197.12px; height: 48px; text-align: center;\"><span style=\"font-size: 12px;\"><strong>Basse Saison<\/strong><\/span><\/td>\n<td style=\"width: 199.97px; height: 48px; text-align: center;\"><span style=\"font-size: 12px;\"><strong>Haute Saison<\/strong><\/span><\/td>\n<\/tr>\n<tr style=\"height: 48px;\">\n<td style=\"width: 252.91px; height: 48px;\"><span style=\"font-size: 12px;\">Chambre Single<\/span><\/td>\n<td style=\"width: 197.12px; height: 48px; text-align: center;\"><span style=\"font-size: 12px;\">\u20ac 60,00<\/span><\/td>\n<td style=\"width: 199.97px; height: 48px; text-align: center;\"><span style=\"font-size: 12px;\">\u20ac 60,00<\/span><\/td>\n<\/tr>\n<tr style=\"height: 48px;\">\n<td style=\"width: 252.91px; height: 48px;\"><span style=\"font-size: 12px;\">Chambre Double Standard<\/span><\/td>\n<td style=\"width: 197.12px; height: 48px; text-align: center;\"><span style=\"font-size: 12px;\">\u00e0 partir de\u00a0\u20ac 80,00<\/span><\/td>\n<td style=\"width: 199.97px; height: 48px; text-align: center;\"><span style=\"font-size: 12px;\">\u00e0 partir de\u00a0\u20ac 85,00<\/span><\/td>\n<\/tr>\n<tr>\n<td style=\"width: 252.91px;\"><span style=\"font-size: 12px;\">Chambre Double Suite<\/span><\/td>\n<td style=\"width: 197.12px; text-align: center;\"><span style=\"font-size: 12px;\">\u00e0 partir de\u00a0\u20ac 85,00<\/span><\/td>\n<td style=\"width: 199.97px; text-align: center;\"><span style=\"font-size: 12px;\">\u00e0 partir de\u00a0\u20ac 90,00<\/span><\/td>\n<\/tr>\n<tr>\n<td style=\"width: 252.91px;\"><span style=\"font-size: 12px;\">Lits joint: Petits Enfants 0-3<\/span><\/td>\n<td style=\"width: 197.12px; text-align: center;\"><span style=\"font-size: 12px;\">Gratis<\/span><\/td>\n<td style=\"width: 199.97px; text-align: center;\"><span style=\"font-size: 12px;\">Gratis<\/span><\/td>\n<\/tr>\n<tr>\n<td style=\"width: 252.91px;\"><span style=\"font-size: 12px;\">Enfants\u00a04-10<\/span><\/td>\n<td style=\"width: 197.12px; text-align: center;\"><span style=\"font-size: 12px;\">\u20ac 15,00<\/span><\/td>\n<td style=\"width: 199.97px; text-align: center;\"><span style=\"font-size: 12px;\">\u20ac 20,00<\/span><\/td>\n<\/tr>\n<tr>\n<td style=\"width: 252.91px;\"><span style=\"font-size: 12px;\">Adultes<\/span><\/td>\n<td style=\"width: 197.12px; text-align: center;\"><span style=\"font-size: 12px;\">\u20ac 25,00<\/span><\/td>\n<td style=\"width: 199.97px; text-align: center;\"><span style=\"font-size: 12px;\">\u20ac 25,00<\/span><\/td>\n<\/tr>\n<tr>\n<td style=\"width: 252.91px;\"><span style=\"font-size: 12px;\">Animaux domestiques<\/span><\/td>\n<td style=\"width: 197.12px; text-align: center;\"><span style=\"font-size: 12px;\">\u20ac 5,00<\/span><\/td>\n<td style=\"width: 199.97px; text-align: center;\"><span style=\"font-size: 12px;\">\u20ac 5,00<\/span><\/td>\n<\/tr>\n<\/tbody>\n<\/table>\n<p><span style=\"font-size: 14px;\">Les prix indiqu\u00e9s sont par nuit, avec petit d\u00e9jeuner.<\/span><\/p>\n<p>&nbsp;<\/p>\n<table style=\"width: 679px; height: 512px;\">\n<tbody>\n<tr>\n<td style=\"width: 238.73px;\"><span style=\"font-size: 12px;\">\u00a0<\/span><\/td>\n<td style=\"width: 211.55px; text-align: center;\"><span style=\"font-size: 12px;\"><strong>Basse Sasion<\/strong><\/span><\/td>\n<td style=\"width: 206.72px; text-align: center;\"><span style=\"font-size: 12px;\"><strong>Haute Saison<\/strong><\/span><\/td>\n<\/tr>\n<tr>\n<td style=\"width: 238.73px;\"><span style=\"font-size: 12px;\">Appartement Studio<\/span><\/td>\n<td style=\"width: 211.55px; text-align: center;\"><span style=\"font-size: 12px;\">\u20ac 550,00 self-catering<\/span><\/p>\n<p><span style=\"font-size: 12px;\">\u20ac 600,00 avec petit d\u00e9jeuner<\/span><\/td>\n<td style=\"width: 206.72px; text-align: center;\"><span style=\"font-size: 12px;\">\u20ac 600,00 self-catering<\/span><\/p>\n<p><span style=\"font-size: 12px;\">\u20ac 700,00 avec petit d\u00e9jeuner<\/span><\/td>\n<\/tr>\n<tr>\n<td style=\"width: 238.73px;\"><span style=\"font-size: 12px;\">Appartement pour 4 Personnes<\/span><\/td>\n<td style=\"width: 211.55px; text-align: center;\"><span style=\"font-size: 12px;\">\u20ac 780,00 self-catering<\/span><\/p>\n<p><span style=\"font-size: 12px;\">\u20ac 880,00 avec petit d\u00e9jeuner<\/span><\/td>\n<td style=\"width: 206.72px; text-align: center;\"><span style=\"font-size: 12px;\">\u20ac 880,00 self-catering<\/span><\/p>\n<p><span style=\"font-size: 12px;\">\u20ac 980,00 avec petit d\u00e9jeuner<\/span><\/td>\n<\/tr>\n<tr>\n<td style=\"width: 238.73px;\"><span style=\"font-size: 12px;\">Lits joint: Petits Enfants 0-3<\/span><\/td>\n<td style=\"width: 211.55px; text-align: center;\"><span style=\"font-size: 12px;\">Gratis<\/span><\/td>\n<td style=\"width: 206.72px; text-align: center;\"><span style=\"font-size: 12px;\">Gratis<\/span><\/td>\n<\/tr>\n<tr>\n<td style=\"width: 238.73px;\"><span style=\"font-size: 12px;\">Enfants\u00a04-12<\/span><\/td>\n<td style=\"width: 211.55px; text-align: center;\"><span style=\"font-size: 12px;\">\u20ac 60,00 self-catering<\/span><\/p>\n<p><span style=\"font-size: 12px;\">\u20ac 80,00 avec petit d\u00e9jeuner<\/span><\/td>\n<td style=\"width: 206.72px; text-align: center;\"><span style=\"font-size: 12px;\">\u20ac 60,00 self-catering<\/span><\/p>\n<p><span style=\"font-size: 12px;\">\u20ac 80,00 avec petit d\u00e9jeuner<\/span><\/td>\n<\/tr>\n<tr>\n<td style=\"width: 238.73px;\"><span style=\"font-size: 12px;\">Adultes<\/span><\/td>\n<td style=\"width: 211.55px; text-align: center;\"><span style=\"font-size: 12px;\">\u20ac 80,00 self-catering<\/span><\/p>\n<p><span style=\"font-size: 12px;\">\u20ac 100,00 avec petit d\u00e9jeuner<\/span><\/td>\n<td style=\"width: 206.72px; text-align: center;\"><span style=\"font-size: 12px;\">\u20ac 80,00 self-catering<\/span><\/p>\n<p><span style=\"font-size: 12px;\">\u20ac 100,00 avec petit d\u00e9jeuner<\/span><\/td>\n<\/tr>\n<\/tbody>\n<\/table>\n<p><span style=\"font-size: 14px;\">Les\u00a0prix indiqu\u00e9s\u00a0sont par semaine, avec nettoyage final.<\/span><\/p>\n<p><strong>R\u00e9servations:<\/strong><br \/>\n<span style=\"font-size: 14px;\"><span style=\"font-size: medium;\">Pour confirmer la r\u00e9servation, on Vou demandera un acompte du 30% par virement ou carte de cr\u00e9dit. Solde \u00e0 la fin du s\u00e9jour.<\/span>\u00a0 <\/span><\/p>\n","protected":false},"excerpt":{"rendered":"<p>&#8211; Prix et R\u00e9servations &#8211; Basse Saison Haute Saison Chambre Single \u20ac 60,00 \u20ac 60,00 Chambre Double Standard \u00e0 partir de\u00a0\u20ac 80,00 \u00e0 partir de\u00a0\u20ac 85,00 Chambre Double Suite \u00e0 partir de\u00a0\u20ac 85,00 \u00e0 partir de\u00a0\u20ac 90,00 Lits joint: Petits Enfants 0-3 Gratis Gratis Enfants\u00a04-10 \u20ac 15,00 \u20ac 20,00 Adultes \u20ac 25,00 \u20ac 25,00 Animaux [&hellip;]<\/p>\n","protected":false},"author":1,"featured_media":0,"parent":0,"menu_order":0,"comment_status":"closed","ping_status":"closed","template":"","meta":{"_acf_changed":false,"ngg_post_thumbnail":0,"footnotes":""},"class_list":["post-540","page","type-page","status-publish","hentry"],"acf":[],"yoast_head":"<!-- This site is optimized with the Yoast SEO plugin v27.3 - https:\/\/yoast.com\/product\/yoast-seo-wordpress\/ -->\n<title>Prix et R\u00e9servations<\/title>\n<meta name=\"description\" content=\"Chambres et Appartements avec piscine en agritourisme pr\u00e8s de Venise\" \/>\n<meta name=\"robots\" content=\"index, follow, max-snippet:-1, max-image-preview:large, max-video-preview:-1\" \/>\n<link rel=\"canonical\" href=\"https:\/\/www.cortecarezzabella.com\/fr\/prix\/\" \/>\n<meta property=\"og:locale\" content=\"fr_FR\" \/>\n<meta property=\"og:type\" content=\"article\" \/>\n<meta property=\"og:title\" content=\"Prix et R\u00e9servations\" \/>\n<meta property=\"og:description\" content=\"Chambres et Appartements avec piscine en agritourisme pr\u00e8s de Venise\" \/>\n<meta property=\"og:url\" content=\"https:\/\/www.cortecarezzabella.com\/fr\/prix\/\" \/>\n<meta property=\"og:site_name\" content=\"Corte Carezzabella\" \/>\n<meta property=\"article:modified_time\" content=\"2017-05-24T16:03:17+00:00\" \/>\n<meta name=\"twitter:card\" content=\"summary_large_image\" \/>\n<meta name=\"twitter:label1\" content=\"Est. reading time\" \/>\n\t<meta name=\"twitter:data1\" content=\"1 minute\" \/>\n<script type=\"application\/ld+json\" class=\"yoast-schema-graph\">{\"@context\":\"https:\\\/\\\/schema.org\",\"@graph\":[{\"@type\":\"WebPage\",\"@id\":\"https:\\\/\\\/www.cortecarezzabella.com\\\/fr\\\/prix\\\/\",\"url\":\"https:\\\/\\\/www.cortecarezzabella.com\\\/fr\\\/prix\\\/\",\"name\":\"Prix et R\u00e9servations\",\"isPartOf\":{\"@id\":\"https:\\\/\\\/www.cortecarezzabella.com\\\/fr\\\/#website\"},\"datePublished\":\"2017-05-18T09:26:09+00:00\",\"dateModified\":\"2017-05-24T16:03:17+00:00\",\"description\":\"Chambres et Appartements avec piscine en agritourisme pr\u00e8s de Venise\",\"breadcrumb\":{\"@id\":\"https:\\\/\\\/www.cortecarezzabella.com\\\/fr\\\/prix\\\/#breadcrumb\"},\"inLanguage\":\"fr-FR\",\"potentialAction\":[{\"@type\":\"ReadAction\",\"target\":[\"https:\\\/\\\/www.cortecarezzabella.com\\\/fr\\\/prix\\\/\"]}]},{\"@type\":\"BreadcrumbList\",\"@id\":\"https:\\\/\\\/www.cortecarezzabella.com\\\/fr\\\/prix\\\/#breadcrumb\",\"itemListElement\":[{\"@type\":\"ListItem\",\"position\":1,\"name\":\"Home\",\"item\":\"https:\\\/\\\/www.cortecarezzabella.com\\\/fr\\\/\"},{\"@type\":\"ListItem\",\"position\":2,\"name\":\"Prix\"}]},{\"@type\":\"WebSite\",\"@id\":\"https:\\\/\\\/www.cortecarezzabella.com\\\/fr\\\/#website\",\"url\":\"https:\\\/\\\/www.cortecarezzabella.com\\\/fr\\\/\",\"name\":\"Corte Carezzabella\",\"description\":\"Agriturismo Corte Carezzabella\",\"publisher\":{\"@id\":\"https:\\\/\\\/www.cortecarezzabella.com\\\/fr\\\/#organization\"},\"potentialAction\":[{\"@type\":\"SearchAction\",\"target\":{\"@type\":\"EntryPoint\",\"urlTemplate\":\"https:\\\/\\\/www.cortecarezzabella.com\\\/fr\\\/?s={search_term_string}\"},\"query-input\":{\"@type\":\"PropertyValueSpecification\",\"valueRequired\":true,\"valueName\":\"search_term_string\"}}],\"inLanguage\":\"fr-FR\"},{\"@type\":\"Organization\",\"@id\":\"https:\\\/\\\/www.cortecarezzabella.com\\\/fr\\\/#organization\",\"name\":\"IL FRUTTETO DI SAN MARTINO S.S.\",\"url\":\"https:\\\/\\\/www.cortecarezzabella.com\\\/fr\\\/\",\"logo\":{\"@type\":\"ImageObject\",\"inLanguage\":\"fr-FR\",\"@id\":\"https:\\\/\\\/www.cortecarezzabella.com\\\/fr\\\/#\\\/schema\\\/logo\\\/image\\\/\",\"url\":\"https:\\\/\\\/www.cortecarezzabella.com\\\/wp-content\\\/uploads\\\/2020\\\/03\\\/LOGO_laBottega-posta-elttr-piccola.jpg\",\"contentUrl\":\"https:\\\/\\\/www.cortecarezzabella.com\\\/wp-content\\\/uploads\\\/2020\\\/03\\\/LOGO_laBottega-posta-elttr-piccola.jpg\",\"width\":160,\"height\":115,\"caption\":\"IL FRUTTETO DI SAN MARTINO S.S.\"},\"image\":{\"@id\":\"https:\\\/\\\/www.cortecarezzabella.com\\\/fr\\\/#\\\/schema\\\/logo\\\/image\\\/\"}}]}<\/script>\n<!-- \/ Yoast SEO plugin. -->","yoast_head_json":{"title":"Prix et R\u00e9servations","description":"Chambres et Appartements avec piscine en agritourisme pr\u00e8s de Venise","robots":{"index":"index","follow":"follow","max-snippet":"max-snippet:-1","max-image-preview":"max-image-preview:large","max-video-preview":"max-video-preview:-1"},"canonical":"https:\/\/www.cortecarezzabella.com\/fr\/prix\/","og_locale":"fr_FR","og_type":"article","og_title":"Prix et R\u00e9servations","og_description":"Chambres et Appartements avec piscine en agritourisme pr\u00e8s de Venise","og_url":"https:\/\/www.cortecarezzabella.com\/fr\/prix\/","og_site_name":"Corte Carezzabella","article_modified_time":"2017-05-24T16:03:17+00:00","twitter_card":"summary_large_image","twitter_misc":{"Est. reading time":"1 minute"},"schema":{"@context":"https:\/\/schema.org","@graph":[{"@type":"WebPage","@id":"https:\/\/www.cortecarezzabella.com\/fr\/prix\/","url":"https:\/\/www.cortecarezzabella.com\/fr\/prix\/","name":"Prix et R\u00e9servations","isPartOf":{"@id":"https:\/\/www.cortecarezzabella.com\/fr\/#website"},"datePublished":"2017-05-18T09:26:09+00:00","dateModified":"2017-05-24T16:03:17+00:00","description":"Chambres et Appartements avec piscine en agritourisme pr\u00e8s de Venise","breadcrumb":{"@id":"https:\/\/www.cortecarezzabella.com\/fr\/prix\/#breadcrumb"},"inLanguage":"fr-FR","potentialAction":[{"@type":"ReadAction","target":["https:\/\/www.cortecarezzabella.com\/fr\/prix\/"]}]},{"@type":"BreadcrumbList","@id":"https:\/\/www.cortecarezzabella.com\/fr\/prix\/#breadcrumb","itemListElement":[{"@type":"ListItem","position":1,"name":"Home","item":"https:\/\/www.cortecarezzabella.com\/fr\/"},{"@type":"ListItem","position":2,"name":"Prix"}]},{"@type":"WebSite","@id":"https:\/\/www.cortecarezzabella.com\/fr\/#website","url":"https:\/\/www.cortecarezzabella.com\/fr\/","name":"Corte Carezzabella","description":"Agriturismo Corte Carezzabella","publisher":{"@id":"https:\/\/www.cortecarezzabella.com\/fr\/#organization"},"potentialAction":[{"@type":"SearchAction","target":{"@type":"EntryPoint","urlTemplate":"https:\/\/www.cortecarezzabella.com\/fr\/?s={search_term_string}"},"query-input":{"@type":"PropertyValueSpecification","valueRequired":true,"valueName":"search_term_string"}}],"inLanguage":"fr-FR"},{"@type":"Organization","@id":"https:\/\/www.cortecarezzabella.com\/fr\/#organization","name":"IL FRUTTETO DI SAN MARTINO S.S.","url":"https:\/\/www.cortecarezzabella.com\/fr\/","logo":{"@type":"ImageObject","inLanguage":"fr-FR","@id":"https:\/\/www.cortecarezzabella.com\/fr\/#\/schema\/logo\/image\/","url":"https:\/\/www.cortecarezzabella.com\/wp-content\/uploads\/2020\/03\/LOGO_laBottega-posta-elttr-piccola.jpg","contentUrl":"https:\/\/www.cortecarezzabella.com\/wp-content\/uploads\/2020\/03\/LOGO_laBottega-posta-elttr-piccola.jpg","width":160,"height":115,"caption":"IL FRUTTETO DI SAN MARTINO S.S."},"image":{"@id":"https:\/\/www.cortecarezzabella.com\/fr\/#\/schema\/logo\/image\/"}}]}},"_links":{"self":[{"href":"https:\/\/www.cortecarezzabella.com\/fr\/wp-json\/wp\/v2\/pages\/540","targetHints":{"allow":["GET"]}}],"collection":[{"href":"https:\/\/www.cortecarezzabella.com\/fr\/wp-json\/wp\/v2\/pages"}],"about":[{"href":"https:\/\/www.cortecarezzabella.com\/fr\/wp-json\/wp\/v2\/types\/page"}],"author":[{"embeddable":true,"href":"https:\/\/www.cortecarezzabella.com\/fr\/wp-json\/wp\/v2\/users\/1"}],"replies":[{"embeddable":true,"href":"https:\/\/www.cortecarezzabella.com\/fr\/wp-json\/wp\/v2\/comments?post=540"}],"version-history":[{"count":4,"href":"https:\/\/www.cortecarezzabella.com\/fr\/wp-json\/wp\/v2\/pages\/540\/revisions"}],"predecessor-version":[{"id":697,"href":"https:\/\/www.cortecarezzabella.com\/fr\/wp-json\/wp\/v2\/pages\/540\/revisions\/697"}],"wp:attachment":[{"href":"https:\/\/www.cortecarezzabella.com\/fr\/wp-json\/wp\/v2\/media?parent=540"}],"curies":[{"name":"wp","href":"https:\/\/api.w.org\/{rel}","templated":true}]}}