{"id":3895,"date":"2018-01-15T11:42:10","date_gmt":"2018-01-15T10:42:10","guid":{"rendered":"https:\/\/www.cortecarezzabella.com\/?page_id=3895\/"},"modified":"2021-03-05T12:56:52","modified_gmt":"2021-03-05T11:56:52","slug":"chambres","status":"publish","type":"page","link":"https:\/\/www.cortecarezzabella.com\/fr\/chambres\/","title":{"rendered":"Chambres Standard"},"content":{"rendered":"<h1 style=\"text-align: center;\">&#8211;&nbsp;Nos Chambres &#8211;<\/h1>\n<p>Les chambres de Corte Carezzabella occupent la place des anciens greniers et sont tous bien meubl\u00e9 et d\u00e9cor\u00e9.&nbsp;&nbsp;<span class=\"Apple-style-span\" style=\"font-family: 'Times New Roman'; font-size: medium;\">&nbsp;<\/span><\/p>\n<p>Nous disposons aussi de deux chambres Standard sur le premier \u00e9tage, i\u00e7i la salle de bain est sp\u00e9cialement am\u00e9nag\u00e9e pour personnes ayant une mobilit\u00e9 r\u00e9duite.<\/p>\n<p>Les chambres sont double mais aussi \u00e0 usage unique, et on peut ajouter un troisi\u00e8me lit si possible.&nbsp;<\/p>\n<p><span style=\"text-decoration: underline;\">Services:<\/span><\/p>\n<p>Ensuite salle de bain avec la duche et le s\u00e8che- cheveux<br \/>\nClimatisation et chauffage<br \/>\nWi-Fi<br \/>\nLcd TV<br \/>\nT\u00e9l\u00e9phone pour appeler \u00e0 l&#8217;int\u00e9rieur du l&#8217;Agritourisme&nbsp;<br \/>\nPetit frigo et bouilloire \u00e9lectrique.<\/p>\n<p>&nbsp;<\/p>\n<p><span style=\"font-size: 24px;\"><strong>Prix&nbsp;&nbsp;<\/strong><\/span><strong>&nbsp;<\/strong><\/p>\n<p>Si vous voulez connaitre les<strong>&nbsp;prix<\/strong>&nbsp;vous pouvez cliquer sur ce lien et r\u00e9server directement une chambre:&nbsp;<strong>&nbsp;<\/strong><a href=\"https:\/\/wubook.net\/wbkd\/wbk\/ddbook\/?wbSessionId=602120c6cb382c8ea3c790f1821bedbc_5e301562\"><strong>https:\/\/wubook.net\/wbkd\/wbk\/ddbook\/?<\/strong>wbSessionId=602120c6cb382c8ea3c790f1821bedbc_5e301562<\/a><\/p>\n<hr>\n<p><span style=\"font-size: 14px;\">Please refer to our&nbsp; <a href=\"https:\/\/www.cortecarezzabella.com\/wp-content\/uploads\/2017\/12\/TERMS-AND-CONDITIONS.pdf\">TERMS AND CONDITIONS<\/a> and to our <a href=\"https:\/\/www.cortecarezzabella.com\/wp-content\/uploads\/2017\/05\/POLITICA-DI-CANCELLAZIONE.pdf\">CANCELLATION POLICY<\/a>.&nbsp;&nbsp;<\/span><\/p>\nngg_shortcode_0_placeholder\n<p>&nbsp;<\/p>\n","protected":false},"excerpt":{"rendered":"<p>&#8211;&nbsp;Nos Chambres &#8211; Les chambres de Corte Carezzabella occupent la place des anciens greniers et sont tous bien meubl\u00e9 et d\u00e9cor\u00e9.&nbsp;&nbsp;&nbsp; Nous disposons aussi de deux chambres Standard sur le premier \u00e9tage, i\u00e7i la salle de bain est sp\u00e9cialement am\u00e9nag\u00e9e pour personnes ayant une mobilit\u00e9 r\u00e9duite. Les chambres sont double mais aussi \u00e0 usage unique, [&hellip;]<\/p>\n","protected":false},"author":2,"featured_media":0,"parent":0,"menu_order":0,"comment_status":"closed","ping_status":"closed","template":"page-ospitalita.php","meta":{"_acf_changed":false,"ngg_post_thumbnail":0,"footnotes":""},"class_list":["post-3895","page","type-page","status-publish","hentry"],"acf":[],"yoast_head":"<!-- This site is optimized with the Yoast SEO plugin v27.5 - https:\/\/yoast.com\/product\/yoast-seo-wordpress\/ -->\n<title>Chambres en Agritourisme pr\u00e8s de Venise<\/title>\n<meta name=\"description\" content=\"Chambres doubles et suites avec air conditionn\u00e9, piscine, petit d\u00e9jeuner B&amp;B\" \/>\n<meta name=\"robots\" content=\"index, follow, max-snippet:-1, max-image-preview:large, max-video-preview:-1\" \/>\n<link rel=\"canonical\" href=\"https:\/\/www.cortecarezzabella.com\/fr\/chambres\/\" \/>\n<meta property=\"og:locale\" content=\"fr_FR\" \/>\n<meta property=\"og:type\" content=\"article\" \/>\n<meta property=\"og:title\" content=\"Chambres en Agritourisme pr\u00e8s de Venise\" \/>\n<meta property=\"og:description\" content=\"Chambres doubles et suites avec air conditionn\u00e9, piscine, petit d\u00e9jeuner B&amp;B\" \/>\n<meta property=\"og:url\" content=\"https:\/\/www.cortecarezzabella.com\/fr\/chambres\/\" \/>\n<meta property=\"og:site_name\" content=\"Corte Carezzabella\" \/>\n<meta property=\"article:modified_time\" content=\"2021-03-05T11:56:52+00:00\" \/>\n<meta name=\"twitter:card\" content=\"summary_large_image\" \/>\n<meta name=\"twitter:label1\" content=\"Est. reading time\" \/>\n\t<meta name=\"twitter:data1\" content=\"1 minute\" \/>\n<script type=\"application\/ld+json\" class=\"yoast-schema-graph\">{\"@context\":\"https:\\\/\\\/schema.org\",\"@graph\":[{\"@type\":\"WebPage\",\"@id\":\"https:\\\/\\\/www.cortecarezzabella.com\\\/fr\\\/chambres\\\/\",\"url\":\"https:\\\/\\\/www.cortecarezzabella.com\\\/fr\\\/chambres\\\/\",\"name\":\"Chambres en Agritourisme pr\u00e8s de Venise\",\"isPartOf\":{\"@id\":\"https:\\\/\\\/www.cortecarezzabella.com\\\/fr\\\/#website\"},\"datePublished\":\"2018-01-15T10:42:10+00:00\",\"dateModified\":\"2021-03-05T11:56:52+00:00\",\"description\":\"Chambres doubles et suites avec air conditionn\u00e9, piscine, petit d\u00e9jeuner B&B\",\"breadcrumb\":{\"@id\":\"https:\\\/\\\/www.cortecarezzabella.com\\\/fr\\\/chambres\\\/#breadcrumb\"},\"inLanguage\":\"fr-FR\",\"potentialAction\":[{\"@type\":\"ReadAction\",\"target\":[\"https:\\\/\\\/www.cortecarezzabella.com\\\/fr\\\/chambres\\\/\"]}]},{\"@type\":\"BreadcrumbList\",\"@id\":\"https:\\\/\\\/www.cortecarezzabella.com\\\/fr\\\/chambres\\\/#breadcrumb\",\"itemListElement\":[{\"@type\":\"ListItem\",\"position\":1,\"name\":\"Home\",\"item\":\"https:\\\/\\\/www.cortecarezzabella.com\\\/fr\\\/\"},{\"@type\":\"ListItem\",\"position\":2,\"name\":\"Chambres Standard\"}]},{\"@type\":\"WebSite\",\"@id\":\"https:\\\/\\\/www.cortecarezzabella.com\\\/fr\\\/#website\",\"url\":\"https:\\\/\\\/www.cortecarezzabella.com\\\/fr\\\/\",\"name\":\"Corte Carezzabella\",\"description\":\"Agriturismo Corte Carezzabella\",\"publisher\":{\"@id\":\"https:\\\/\\\/www.cortecarezzabella.com\\\/fr\\\/#organization\"},\"potentialAction\":[{\"@type\":\"SearchAction\",\"target\":{\"@type\":\"EntryPoint\",\"urlTemplate\":\"https:\\\/\\\/www.cortecarezzabella.com\\\/fr\\\/?s={search_term_string}\"},\"query-input\":{\"@type\":\"PropertyValueSpecification\",\"valueRequired\":true,\"valueName\":\"search_term_string\"}}],\"inLanguage\":\"fr-FR\"},{\"@type\":\"Organization\",\"@id\":\"https:\\\/\\\/www.cortecarezzabella.com\\\/fr\\\/#organization\",\"name\":\"IL FRUTTETO DI SAN MARTINO S.S.\",\"url\":\"https:\\\/\\\/www.cortecarezzabella.com\\\/fr\\\/\",\"logo\":{\"@type\":\"ImageObject\",\"inLanguage\":\"fr-FR\",\"@id\":\"https:\\\/\\\/www.cortecarezzabella.com\\\/fr\\\/#\\\/schema\\\/logo\\\/image\\\/\",\"url\":\"https:\\\/\\\/www.cortecarezzabella.com\\\/wp-content\\\/uploads\\\/2020\\\/03\\\/LOGO_laBottega-posta-elttr-piccola.jpg\",\"contentUrl\":\"https:\\\/\\\/www.cortecarezzabella.com\\\/wp-content\\\/uploads\\\/2020\\\/03\\\/LOGO_laBottega-posta-elttr-piccola.jpg\",\"width\":160,\"height\":115,\"caption\":\"IL FRUTTETO DI SAN MARTINO S.S.\"},\"image\":{\"@id\":\"https:\\\/\\\/www.cortecarezzabella.com\\\/fr\\\/#\\\/schema\\\/logo\\\/image\\\/\"}}]}<\/script>\n<!-- \/ Yoast SEO plugin. -->","yoast_head_json":{"title":"Chambres en Agritourisme pr\u00e8s de Venise","description":"Chambres doubles et suites avec air conditionn\u00e9, piscine, petit d\u00e9jeuner B&B","robots":{"index":"index","follow":"follow","max-snippet":"max-snippet:-1","max-image-preview":"max-image-preview:large","max-video-preview":"max-video-preview:-1"},"canonical":"https:\/\/www.cortecarezzabella.com\/fr\/chambres\/","og_locale":"fr_FR","og_type":"article","og_title":"Chambres en Agritourisme pr\u00e8s de Venise","og_description":"Chambres doubles et suites avec air conditionn\u00e9, piscine, petit d\u00e9jeuner B&B","og_url":"https:\/\/www.cortecarezzabella.com\/fr\/chambres\/","og_site_name":"Corte Carezzabella","article_modified_time":"2021-03-05T11:56:52+00:00","twitter_card":"summary_large_image","twitter_misc":{"Est. reading time":"1 minute"},"schema":{"@context":"https:\/\/schema.org","@graph":[{"@type":"WebPage","@id":"https:\/\/www.cortecarezzabella.com\/fr\/chambres\/","url":"https:\/\/www.cortecarezzabella.com\/fr\/chambres\/","name":"Chambres en Agritourisme pr\u00e8s de Venise","isPartOf":{"@id":"https:\/\/www.cortecarezzabella.com\/fr\/#website"},"datePublished":"2018-01-15T10:42:10+00:00","dateModified":"2021-03-05T11:56:52+00:00","description":"Chambres doubles et suites avec air conditionn\u00e9, piscine, petit d\u00e9jeuner B&B","breadcrumb":{"@id":"https:\/\/www.cortecarezzabella.com\/fr\/chambres\/#breadcrumb"},"inLanguage":"fr-FR","potentialAction":[{"@type":"ReadAction","target":["https:\/\/www.cortecarezzabella.com\/fr\/chambres\/"]}]},{"@type":"BreadcrumbList","@id":"https:\/\/www.cortecarezzabella.com\/fr\/chambres\/#breadcrumb","itemListElement":[{"@type":"ListItem","position":1,"name":"Home","item":"https:\/\/www.cortecarezzabella.com\/fr\/"},{"@type":"ListItem","position":2,"name":"Chambres Standard"}]},{"@type":"WebSite","@id":"https:\/\/www.cortecarezzabella.com\/fr\/#website","url":"https:\/\/www.cortecarezzabella.com\/fr\/","name":"Corte Carezzabella","description":"Agriturismo Corte Carezzabella","publisher":{"@id":"https:\/\/www.cortecarezzabella.com\/fr\/#organization"},"potentialAction":[{"@type":"SearchAction","target":{"@type":"EntryPoint","urlTemplate":"https:\/\/www.cortecarezzabella.com\/fr\/?s={search_term_string}"},"query-input":{"@type":"PropertyValueSpecification","valueRequired":true,"valueName":"search_term_string"}}],"inLanguage":"fr-FR"},{"@type":"Organization","@id":"https:\/\/www.cortecarezzabella.com\/fr\/#organization","name":"IL FRUTTETO DI SAN MARTINO S.S.","url":"https:\/\/www.cortecarezzabella.com\/fr\/","logo":{"@type":"ImageObject","inLanguage":"fr-FR","@id":"https:\/\/www.cortecarezzabella.com\/fr\/#\/schema\/logo\/image\/","url":"https:\/\/www.cortecarezzabella.com\/wp-content\/uploads\/2020\/03\/LOGO_laBottega-posta-elttr-piccola.jpg","contentUrl":"https:\/\/www.cortecarezzabella.com\/wp-content\/uploads\/2020\/03\/LOGO_laBottega-posta-elttr-piccola.jpg","width":160,"height":115,"caption":"IL FRUTTETO DI SAN MARTINO S.S."},"image":{"@id":"https:\/\/www.cortecarezzabella.com\/fr\/#\/schema\/logo\/image\/"}}]}},"_links":{"self":[{"href":"https:\/\/www.cortecarezzabella.com\/fr\/wp-json\/wp\/v2\/pages\/3895","targetHints":{"allow":["GET"]}}],"collection":[{"href":"https:\/\/www.cortecarezzabella.com\/fr\/wp-json\/wp\/v2\/pages"}],"about":[{"href":"https:\/\/www.cortecarezzabella.com\/fr\/wp-json\/wp\/v2\/types\/page"}],"author":[{"embeddable":true,"href":"https:\/\/www.cortecarezzabella.com\/fr\/wp-json\/wp\/v2\/users\/2"}],"replies":[{"embeddable":true,"href":"https:\/\/www.cortecarezzabella.com\/fr\/wp-json\/wp\/v2\/comments?post=3895"}],"version-history":[{"count":12,"href":"https:\/\/www.cortecarezzabella.com\/fr\/wp-json\/wp\/v2\/pages\/3895\/revisions"}],"predecessor-version":[{"id":10251,"href":"https:\/\/www.cortecarezzabella.com\/fr\/wp-json\/wp\/v2\/pages\/3895\/revisions\/10251"}],"wp:attachment":[{"href":"https:\/\/www.cortecarezzabella.com\/fr\/wp-json\/wp\/v2\/media?parent=3895"}],"curies":[{"name":"wp","href":"https:\/\/api.w.org\/{rel}","templated":true}]}}