{"id":3811,"date":"2018-01-15T11:44:17","date_gmt":"2018-01-15T10:44:17","guid":{"rendered":"https:\/\/www.cortecarezzabella.com\/?page_id=3811\/"},"modified":"2021-03-05T12:57:49","modified_gmt":"2021-03-05T11:57:49","slug":"appartements-2","status":"publish","type":"page","link":"https:\/\/www.cortecarezzabella.com\/fr\/appartements-2\/","title":{"rendered":"Appartements studio"},"content":{"rendered":"<h1 style=\"text-align: center;\">-Nos Appartements-<\/h1>\n<p><strong><span style=\"font-size: 24px;\">Appartement Studio&nbsp;<\/span><\/strong><br \/>\n<span style=\"font-size: 20px;\">avec mezzanine et coin- cuisine pour deux personnes&nbsp;<\/span><\/p>\n<p><span lang=\"fr\">La structure interne avec mezzanine et les \u00e9quipements sont les m\u00eames que dans les chambres &nbsp;&#8220;suites&#8221;, mais&nbsp;l&#8217;appartement&nbsp;\u00e0 aussi une petite cuisine avec deux plaques \u00e9lectriques, le four, le r\u00e9frig\u00e9rateur, l&#8217;\u00e9vier&nbsp;et toutes les&nbsp;ustensiles n\u00e9cessaires. <\/span><\/p>\n<p>O\u00f9 possible, on peut ajouter un berceau ou un petit lit pour les enfants.&nbsp;<\/p>\n<p><span style=\"text-decoration: underline;\">Services:<\/span><\/p>\n<p>Ensuite salle de bain avec la duche et s\u00e8che- cheveux<br \/>\nClimatisation et chauffage<br \/>\nWi-Fi<br \/>\nLcd TV<br \/>\nT\u00e9l\u00e9phone pour appeler \u00e0 l&#8217;int\u00e9rieur du l&#8217;Agritourisme&nbsp;<br \/>\nPetit frigo et bouilloire \u00e9lectrique.&nbsp;&nbsp;<\/p>\n<p><span style=\"font-size: 24px;\"><strong>Prix&nbsp;&nbsp;<\/strong><\/span><\/p>\n<p>Si vous voulez connaitre les<strong>&nbsp;prix<\/strong>&nbsp;vous pouvez cliquer sur ce lien et r\u00e9server directement une chambre:&nbsp;<strong>&nbsp;<\/strong><a href=\"https:\/\/wubook.net\/wbkd\/wbk\/ddbook\/?wbSessionId=602120c6cb382c8ea3c790f1821bedbc_5e301562\"><strong>https:\/\/wubook.net\/wbkd\/wbk\/ddbook\/?<\/strong>wbSessionId=602120c6cb382c8ea3c790f1821bedbc_5e301562<\/a><\/p>\n<hr>\n<p><span style=\"font-size: 14px;\">Please refer to our&nbsp; <a href=\"https:\/\/www.cortecarezzabella.com\/wp-content\/uploads\/2017\/12\/TERMS-AND-CONDITIONS.pdf\">TERMS AND CONDITIONS<\/a> and to our <a href=\"https:\/\/www.cortecarezzabella.com\/wp-content\/uploads\/2017\/05\/POLITICA-DI-CANCELLAZIONE.pdf\">CANCELLATION POLICY<\/a>.&nbsp;<\/span><\/p>\nngg_shortcode_0_placeholder\n","protected":false},"excerpt":{"rendered":"<p>-Nos Appartements- Appartement Studio&nbsp; avec mezzanine et coin- cuisine pour deux personnes&nbsp; La structure interne avec mezzanine et les \u00e9quipements sont les m\u00eames que dans les chambres &nbsp;&#8220;suites&#8221;, mais&nbsp;l&#8217;appartement&nbsp;\u00e0 aussi une petite cuisine avec deux plaques \u00e9lectriques, le four, le r\u00e9frig\u00e9rateur, l&#8217;\u00e9vier&nbsp;et toutes les&nbsp;ustensiles n\u00e9cessaires. O\u00f9 possible, on peut ajouter un berceau ou un petit [&hellip;]<\/p>\n","protected":false},"author":2,"featured_media":0,"parent":0,"menu_order":0,"comment_status":"closed","ping_status":"closed","template":"page-ospitalita.php","meta":{"_acf_changed":false,"ngg_post_thumbnail":0,"footnotes":""},"class_list":["post-3811","page","type-page","status-publish","hentry"],"acf":[],"yoast_head":"<!-- This site is optimized with the Yoast SEO plugin v27.5 - https:\/\/yoast.com\/product\/yoast-seo-wordpress\/ -->\n<title>Appartements studio<\/title>\n<meta name=\"robots\" content=\"index, follow, max-snippet:-1, max-image-preview:large, max-video-preview:-1\" \/>\n<link rel=\"canonical\" href=\"https:\/\/www.cortecarezzabella.com\/fr\/appartements-2\/\" \/>\n<meta property=\"og:locale\" content=\"fr_FR\" \/>\n<meta property=\"og:type\" content=\"article\" \/>\n<meta property=\"og:title\" content=\"Appartements studio\" \/>\n<meta property=\"og:description\" content=\"-Nos Appartements- Appartement Studio&nbsp; avec mezzanine et coin- cuisine pour deux personnes&nbsp; La structure interne avec mezzanine et les \u00e9quipements sont les m\u00eames que dans les chambres &nbsp;&#8220;suites&#8221;, mais&nbsp;l&#8217;appartement&nbsp;\u00e0 aussi une petite cuisine avec deux plaques \u00e9lectriques, le four, le r\u00e9frig\u00e9rateur, l&#8217;\u00e9vier&nbsp;et toutes les&nbsp;ustensiles n\u00e9cessaires. O\u00f9 possible, on peut ajouter un berceau ou un petit [&hellip;]\" \/>\n<meta property=\"og:url\" content=\"https:\/\/www.cortecarezzabella.com\/fr\/appartements-2\/\" \/>\n<meta property=\"og:site_name\" content=\"Corte Carezzabella\" \/>\n<meta property=\"article:modified_time\" content=\"2021-03-05T11:57:49+00:00\" \/>\n<meta name=\"twitter:card\" content=\"summary_large_image\" \/>\n<meta name=\"twitter:label1\" content=\"Est. reading time\" \/>\n\t<meta name=\"twitter:data1\" content=\"1 minute\" \/>\n<script type=\"application\/ld+json\" class=\"yoast-schema-graph\">{\"@context\":\"https:\\\/\\\/schema.org\",\"@graph\":[{\"@type\":\"WebPage\",\"@id\":\"https:\\\/\\\/www.cortecarezzabella.com\\\/fr\\\/appartements-2\\\/\",\"url\":\"https:\\\/\\\/www.cortecarezzabella.com\\\/fr\\\/appartements-2\\\/\",\"name\":\"Appartements studio\",\"isPartOf\":{\"@id\":\"https:\\\/\\\/www.cortecarezzabella.com\\\/fr\\\/#website\"},\"datePublished\":\"2018-01-15T10:44:17+00:00\",\"dateModified\":\"2021-03-05T11:57:49+00:00\",\"breadcrumb\":{\"@id\":\"https:\\\/\\\/www.cortecarezzabella.com\\\/fr\\\/appartements-2\\\/#breadcrumb\"},\"inLanguage\":\"fr-FR\",\"potentialAction\":[{\"@type\":\"ReadAction\",\"target\":[\"https:\\\/\\\/www.cortecarezzabella.com\\\/fr\\\/appartements-2\\\/\"]}]},{\"@type\":\"BreadcrumbList\",\"@id\":\"https:\\\/\\\/www.cortecarezzabella.com\\\/fr\\\/appartements-2\\\/#breadcrumb\",\"itemListElement\":[{\"@type\":\"ListItem\",\"position\":1,\"name\":\"Home\",\"item\":\"https:\\\/\\\/www.cortecarezzabella.com\\\/fr\\\/\"},{\"@type\":\"ListItem\",\"position\":2,\"name\":\"Appartements studio\"}]},{\"@type\":\"WebSite\",\"@id\":\"https:\\\/\\\/www.cortecarezzabella.com\\\/fr\\\/#website\",\"url\":\"https:\\\/\\\/www.cortecarezzabella.com\\\/fr\\\/\",\"name\":\"Corte Carezzabella\",\"description\":\"Agriturismo Corte Carezzabella\",\"publisher\":{\"@id\":\"https:\\\/\\\/www.cortecarezzabella.com\\\/fr\\\/#organization\"},\"potentialAction\":[{\"@type\":\"SearchAction\",\"target\":{\"@type\":\"EntryPoint\",\"urlTemplate\":\"https:\\\/\\\/www.cortecarezzabella.com\\\/fr\\\/?s={search_term_string}\"},\"query-input\":{\"@type\":\"PropertyValueSpecification\",\"valueRequired\":true,\"valueName\":\"search_term_string\"}}],\"inLanguage\":\"fr-FR\"},{\"@type\":\"Organization\",\"@id\":\"https:\\\/\\\/www.cortecarezzabella.com\\\/fr\\\/#organization\",\"name\":\"IL FRUTTETO DI SAN MARTINO S.S.\",\"url\":\"https:\\\/\\\/www.cortecarezzabella.com\\\/fr\\\/\",\"logo\":{\"@type\":\"ImageObject\",\"inLanguage\":\"fr-FR\",\"@id\":\"https:\\\/\\\/www.cortecarezzabella.com\\\/fr\\\/#\\\/schema\\\/logo\\\/image\\\/\",\"url\":\"https:\\\/\\\/www.cortecarezzabella.com\\\/wp-content\\\/uploads\\\/2020\\\/03\\\/LOGO_laBottega-posta-elttr-piccola.jpg\",\"contentUrl\":\"https:\\\/\\\/www.cortecarezzabella.com\\\/wp-content\\\/uploads\\\/2020\\\/03\\\/LOGO_laBottega-posta-elttr-piccola.jpg\",\"width\":160,\"height\":115,\"caption\":\"IL FRUTTETO DI SAN MARTINO S.S.\"},\"image\":{\"@id\":\"https:\\\/\\\/www.cortecarezzabella.com\\\/fr\\\/#\\\/schema\\\/logo\\\/image\\\/\"}}]}<\/script>\n<!-- \/ Yoast SEO plugin. -->","yoast_head_json":{"title":"Appartements studio","robots":{"index":"index","follow":"follow","max-snippet":"max-snippet:-1","max-image-preview":"max-image-preview:large","max-video-preview":"max-video-preview:-1"},"canonical":"https:\/\/www.cortecarezzabella.com\/fr\/appartements-2\/","og_locale":"fr_FR","og_type":"article","og_title":"Appartements studio","og_description":"-Nos Appartements- Appartement Studio&nbsp; avec mezzanine et coin- cuisine pour deux personnes&nbsp; La structure interne avec mezzanine et les \u00e9quipements sont les m\u00eames que dans les chambres &nbsp;&#8220;suites&#8221;, mais&nbsp;l&#8217;appartement&nbsp;\u00e0 aussi une petite cuisine avec deux plaques \u00e9lectriques, le four, le r\u00e9frig\u00e9rateur, l&#8217;\u00e9vier&nbsp;et toutes les&nbsp;ustensiles n\u00e9cessaires. O\u00f9 possible, on peut ajouter un berceau ou un petit [&hellip;]","og_url":"https:\/\/www.cortecarezzabella.com\/fr\/appartements-2\/","og_site_name":"Corte Carezzabella","article_modified_time":"2021-03-05T11:57:49+00:00","twitter_card":"summary_large_image","twitter_misc":{"Est. reading time":"1 minute"},"schema":{"@context":"https:\/\/schema.org","@graph":[{"@type":"WebPage","@id":"https:\/\/www.cortecarezzabella.com\/fr\/appartements-2\/","url":"https:\/\/www.cortecarezzabella.com\/fr\/appartements-2\/","name":"Appartements studio","isPartOf":{"@id":"https:\/\/www.cortecarezzabella.com\/fr\/#website"},"datePublished":"2018-01-15T10:44:17+00:00","dateModified":"2021-03-05T11:57:49+00:00","breadcrumb":{"@id":"https:\/\/www.cortecarezzabella.com\/fr\/appartements-2\/#breadcrumb"},"inLanguage":"fr-FR","potentialAction":[{"@type":"ReadAction","target":["https:\/\/www.cortecarezzabella.com\/fr\/appartements-2\/"]}]},{"@type":"BreadcrumbList","@id":"https:\/\/www.cortecarezzabella.com\/fr\/appartements-2\/#breadcrumb","itemListElement":[{"@type":"ListItem","position":1,"name":"Home","item":"https:\/\/www.cortecarezzabella.com\/fr\/"},{"@type":"ListItem","position":2,"name":"Appartements studio"}]},{"@type":"WebSite","@id":"https:\/\/www.cortecarezzabella.com\/fr\/#website","url":"https:\/\/www.cortecarezzabella.com\/fr\/","name":"Corte Carezzabella","description":"Agriturismo Corte Carezzabella","publisher":{"@id":"https:\/\/www.cortecarezzabella.com\/fr\/#organization"},"potentialAction":[{"@type":"SearchAction","target":{"@type":"EntryPoint","urlTemplate":"https:\/\/www.cortecarezzabella.com\/fr\/?s={search_term_string}"},"query-input":{"@type":"PropertyValueSpecification","valueRequired":true,"valueName":"search_term_string"}}],"inLanguage":"fr-FR"},{"@type":"Organization","@id":"https:\/\/www.cortecarezzabella.com\/fr\/#organization","name":"IL FRUTTETO DI SAN MARTINO S.S.","url":"https:\/\/www.cortecarezzabella.com\/fr\/","logo":{"@type":"ImageObject","inLanguage":"fr-FR","@id":"https:\/\/www.cortecarezzabella.com\/fr\/#\/schema\/logo\/image\/","url":"https:\/\/www.cortecarezzabella.com\/wp-content\/uploads\/2020\/03\/LOGO_laBottega-posta-elttr-piccola.jpg","contentUrl":"https:\/\/www.cortecarezzabella.com\/wp-content\/uploads\/2020\/03\/LOGO_laBottega-posta-elttr-piccola.jpg","width":160,"height":115,"caption":"IL FRUTTETO DI SAN MARTINO S.S."},"image":{"@id":"https:\/\/www.cortecarezzabella.com\/fr\/#\/schema\/logo\/image\/"}}]}},"_links":{"self":[{"href":"https:\/\/www.cortecarezzabella.com\/fr\/wp-json\/wp\/v2\/pages\/3811","targetHints":{"allow":["GET"]}}],"collection":[{"href":"https:\/\/www.cortecarezzabella.com\/fr\/wp-json\/wp\/v2\/pages"}],"about":[{"href":"https:\/\/www.cortecarezzabella.com\/fr\/wp-json\/wp\/v2\/types\/page"}],"author":[{"embeddable":true,"href":"https:\/\/www.cortecarezzabella.com\/fr\/wp-json\/wp\/v2\/users\/2"}],"replies":[{"embeddable":true,"href":"https:\/\/www.cortecarezzabella.com\/fr\/wp-json\/wp\/v2\/comments?post=3811"}],"version-history":[{"count":8,"href":"https:\/\/www.cortecarezzabella.com\/fr\/wp-json\/wp\/v2\/pages\/3811\/revisions"}],"predecessor-version":[{"id":10252,"href":"https:\/\/www.cortecarezzabella.com\/fr\/wp-json\/wp\/v2\/pages\/3811\/revisions\/10252"}],"wp:attachment":[{"href":"https:\/\/www.cortecarezzabella.com\/fr\/wp-json\/wp\/v2\/media?parent=3811"}],"curies":[{"name":"wp","href":"https:\/\/api.w.org\/{rel}","templated":true}]}}