{"id":1163,"date":"2017-06-23T16:59:27","date_gmt":"2017-06-23T14:59:27","guid":{"rendered":"https:\/\/www.cortecarezzabella.com\/?page_id=1163\/"},"modified":"2017-06-23T17:00:48","modified_gmt":"2017-06-23T15:00:48","slug":"venise","status":"publish","type":"page","link":"https:\/\/www.cortecarezzabella.com\/fr\/venise\/","title":{"rendered":"Venise"},"content":{"rendered":"<h2 style=\"text-align: center;\">&#8211; Venise &#8211;<\/h2>\n<p style=\"text-align: justify;\"><span style=\"font-family: comic sans ms,sans-serif; font-size: 20px;\">Pendant votre s\u00e9jour \u00e0 Corte Carezzabella, vous pouvez rejoindre la S\u00e9r\u00e9nissime confortablement de trois fa\u00e7ons:<\/span><\/p>\n<p><span style=\"font-family: comic sans ms,sans-serif; font-size: 20px;\">\u2022 <strong>En voiture:<\/strong> de l&#8217;entr\u00e9e de l&#8217;autoroute&nbsp;Rovigo Nord, Vous&nbsp;en environ 50 minutes Vous arriverez au&nbsp;parking Tronchetto, \u00e0 quelques&nbsp;du coeur de la ville. Reinsegnements complets&nbsp;<a href=\"http:\/\/www.veniceparking.it\/it-IT\/find-parking\/Venezia%20Tronchetto\/\">ici<\/a>.<\/span><br \/>\n<span style=\"font-family: comic sans ms,sans-serif; font-size: 20px;\"><strong>\u2022 En train:<\/strong> depuis la gare de Rovigo (\u00e0 10 km), il y a un train direct qui&nbsp;quitte toutes les heures&nbsp;pour Venise. Informations et horaires <a href=\"http:\/\/www.trenitalia.com\/tcom-fr\">ici<\/a>.<\/span><br \/>\n<span style=\"font-family: comic sans ms,sans-serif; font-size: 20px;\"><strong>\u2022&nbsp;Auto + bateau:<\/strong> c&#8217;est certainement le moyen le plus charmant et romantique pour aller&nbsp;\u00e0 Venise, \u00e0 travers la lagune. Vous pouvez garer votre voiture au Terminal Fusina, \u00e0 une heure de chez nous, et prendre un&nbsp;bateau qui quitte&nbsp;toutes les heures et qui vous emm\u00e8nera&nbsp;\u00e0 quelques minutes \u00e0 pied de la place Saint-Marc. R\u00e9servations et horaires&nbsp;<a href=\"http:\/\/www.terminalfusina.it\/en\/navigation\/lines\">ici<\/a>.<\/span><\/p>\n","protected":false},"excerpt":{"rendered":"<p>&#8211; Venise &#8211; Pendant votre s\u00e9jour \u00e0 Corte Carezzabella, vous pouvez rejoindre la S\u00e9r\u00e9nissime confortablement de trois fa\u00e7ons: \u2022 En voiture: de l&#8217;entr\u00e9e de l&#8217;autoroute&nbsp;Rovigo Nord, Vous&nbsp;en environ 50 minutes Vous arriverez au&nbsp;parking Tronchetto, \u00e0 quelques&nbsp;du coeur de la ville. Reinsegnements complets&nbsp;ici. \u2022 En train: depuis la gare de Rovigo (\u00e0 10 km), il y [&hellip;]<\/p>\n","protected":false},"author":2,"featured_media":0,"parent":0,"menu_order":0,"comment_status":"closed","ping_status":"closed","template":"","meta":{"_acf_changed":false,"ngg_post_thumbnail":0,"footnotes":""},"class_list":["post-1163","page","type-page","status-publish","hentry"],"acf":[],"yoast_head":"<!-- This site is optimized with the Yoast SEO plugin v27.3 - https:\/\/yoast.com\/product\/yoast-seo-wordpress\/ -->\n<title>Venise<\/title>\n<meta name=\"robots\" content=\"index, follow, max-snippet:-1, max-image-preview:large, max-video-preview:-1\" \/>\n<link rel=\"canonical\" href=\"https:\/\/www.cortecarezzabella.com\/fr\/venise\/\" \/>\n<meta property=\"og:locale\" content=\"fr_FR\" \/>\n<meta property=\"og:type\" content=\"article\" \/>\n<meta property=\"og:title\" content=\"Venise\" \/>\n<meta property=\"og:description\" content=\"&#8211; Venise &#8211; Pendant votre s\u00e9jour \u00e0 Corte Carezzabella, vous pouvez rejoindre la S\u00e9r\u00e9nissime confortablement de trois fa\u00e7ons: \u2022 En voiture: de l&#8217;entr\u00e9e de l&#8217;autoroute&nbsp;Rovigo Nord, Vous&nbsp;en environ 50 minutes Vous arriverez au&nbsp;parking Tronchetto, \u00e0 quelques&nbsp;du coeur de la ville. Reinsegnements complets&nbsp;ici. \u2022 En train: depuis la gare de Rovigo (\u00e0 10 km), il y [&hellip;]\" \/>\n<meta property=\"og:url\" content=\"https:\/\/www.cortecarezzabella.com\/fr\/venise\/\" \/>\n<meta property=\"og:site_name\" content=\"Corte Carezzabella\" \/>\n<meta property=\"article:modified_time\" content=\"2017-06-23T15:00:48+00:00\" \/>\n<meta name=\"twitter:card\" content=\"summary_large_image\" \/>\n<meta name=\"twitter:label1\" content=\"Est. reading time\" \/>\n\t<meta name=\"twitter:data1\" content=\"1 minute\" \/>\n<script type=\"application\/ld+json\" class=\"yoast-schema-graph\">{\"@context\":\"https:\\\/\\\/schema.org\",\"@graph\":[{\"@type\":\"WebPage\",\"@id\":\"https:\\\/\\\/www.cortecarezzabella.com\\\/fr\\\/venise\\\/\",\"url\":\"https:\\\/\\\/www.cortecarezzabella.com\\\/fr\\\/venise\\\/\",\"name\":\"Venise\",\"isPartOf\":{\"@id\":\"https:\\\/\\\/www.cortecarezzabella.com\\\/fr\\\/#website\"},\"datePublished\":\"2017-06-23T14:59:27+00:00\",\"dateModified\":\"2017-06-23T15:00:48+00:00\",\"breadcrumb\":{\"@id\":\"https:\\\/\\\/www.cortecarezzabella.com\\\/fr\\\/venise\\\/#breadcrumb\"},\"inLanguage\":\"fr-FR\",\"potentialAction\":[{\"@type\":\"ReadAction\",\"target\":[\"https:\\\/\\\/www.cortecarezzabella.com\\\/fr\\\/venise\\\/\"]}]},{\"@type\":\"BreadcrumbList\",\"@id\":\"https:\\\/\\\/www.cortecarezzabella.com\\\/fr\\\/venise\\\/#breadcrumb\",\"itemListElement\":[{\"@type\":\"ListItem\",\"position\":1,\"name\":\"Home\",\"item\":\"https:\\\/\\\/www.cortecarezzabella.com\\\/fr\\\/\"},{\"@type\":\"ListItem\",\"position\":2,\"name\":\"Venise\"}]},{\"@type\":\"WebSite\",\"@id\":\"https:\\\/\\\/www.cortecarezzabella.com\\\/fr\\\/#website\",\"url\":\"https:\\\/\\\/www.cortecarezzabella.com\\\/fr\\\/\",\"name\":\"Corte Carezzabella\",\"description\":\"Agriturismo Corte Carezzabella\",\"publisher\":{\"@id\":\"https:\\\/\\\/www.cortecarezzabella.com\\\/fr\\\/#organization\"},\"potentialAction\":[{\"@type\":\"SearchAction\",\"target\":{\"@type\":\"EntryPoint\",\"urlTemplate\":\"https:\\\/\\\/www.cortecarezzabella.com\\\/fr\\\/?s={search_term_string}\"},\"query-input\":{\"@type\":\"PropertyValueSpecification\",\"valueRequired\":true,\"valueName\":\"search_term_string\"}}],\"inLanguage\":\"fr-FR\"},{\"@type\":\"Organization\",\"@id\":\"https:\\\/\\\/www.cortecarezzabella.com\\\/fr\\\/#organization\",\"name\":\"IL FRUTTETO DI SAN MARTINO S.S.\",\"url\":\"https:\\\/\\\/www.cortecarezzabella.com\\\/fr\\\/\",\"logo\":{\"@type\":\"ImageObject\",\"inLanguage\":\"fr-FR\",\"@id\":\"https:\\\/\\\/www.cortecarezzabella.com\\\/fr\\\/#\\\/schema\\\/logo\\\/image\\\/\",\"url\":\"https:\\\/\\\/www.cortecarezzabella.com\\\/wp-content\\\/uploads\\\/2020\\\/03\\\/LOGO_laBottega-posta-elttr-piccola.jpg\",\"contentUrl\":\"https:\\\/\\\/www.cortecarezzabella.com\\\/wp-content\\\/uploads\\\/2020\\\/03\\\/LOGO_laBottega-posta-elttr-piccola.jpg\",\"width\":160,\"height\":115,\"caption\":\"IL FRUTTETO DI SAN MARTINO S.S.\"},\"image\":{\"@id\":\"https:\\\/\\\/www.cortecarezzabella.com\\\/fr\\\/#\\\/schema\\\/logo\\\/image\\\/\"}}]}<\/script>\n<!-- \/ Yoast SEO plugin. -->","yoast_head_json":{"title":"Venise","robots":{"index":"index","follow":"follow","max-snippet":"max-snippet:-1","max-image-preview":"max-image-preview:large","max-video-preview":"max-video-preview:-1"},"canonical":"https:\/\/www.cortecarezzabella.com\/fr\/venise\/","og_locale":"fr_FR","og_type":"article","og_title":"Venise","og_description":"&#8211; Venise &#8211; Pendant votre s\u00e9jour \u00e0 Corte Carezzabella, vous pouvez rejoindre la S\u00e9r\u00e9nissime confortablement de trois fa\u00e7ons: \u2022 En voiture: de l&#8217;entr\u00e9e de l&#8217;autoroute&nbsp;Rovigo Nord, Vous&nbsp;en environ 50 minutes Vous arriverez au&nbsp;parking Tronchetto, \u00e0 quelques&nbsp;du coeur de la ville. Reinsegnements complets&nbsp;ici. \u2022 En train: depuis la gare de Rovigo (\u00e0 10 km), il y [&hellip;]","og_url":"https:\/\/www.cortecarezzabella.com\/fr\/venise\/","og_site_name":"Corte Carezzabella","article_modified_time":"2017-06-23T15:00:48+00:00","twitter_card":"summary_large_image","twitter_misc":{"Est. reading time":"1 minute"},"schema":{"@context":"https:\/\/schema.org","@graph":[{"@type":"WebPage","@id":"https:\/\/www.cortecarezzabella.com\/fr\/venise\/","url":"https:\/\/www.cortecarezzabella.com\/fr\/venise\/","name":"Venise","isPartOf":{"@id":"https:\/\/www.cortecarezzabella.com\/fr\/#website"},"datePublished":"2017-06-23T14:59:27+00:00","dateModified":"2017-06-23T15:00:48+00:00","breadcrumb":{"@id":"https:\/\/www.cortecarezzabella.com\/fr\/venise\/#breadcrumb"},"inLanguage":"fr-FR","potentialAction":[{"@type":"ReadAction","target":["https:\/\/www.cortecarezzabella.com\/fr\/venise\/"]}]},{"@type":"BreadcrumbList","@id":"https:\/\/www.cortecarezzabella.com\/fr\/venise\/#breadcrumb","itemListElement":[{"@type":"ListItem","position":1,"name":"Home","item":"https:\/\/www.cortecarezzabella.com\/fr\/"},{"@type":"ListItem","position":2,"name":"Venise"}]},{"@type":"WebSite","@id":"https:\/\/www.cortecarezzabella.com\/fr\/#website","url":"https:\/\/www.cortecarezzabella.com\/fr\/","name":"Corte Carezzabella","description":"Agriturismo Corte Carezzabella","publisher":{"@id":"https:\/\/www.cortecarezzabella.com\/fr\/#organization"},"potentialAction":[{"@type":"SearchAction","target":{"@type":"EntryPoint","urlTemplate":"https:\/\/www.cortecarezzabella.com\/fr\/?s={search_term_string}"},"query-input":{"@type":"PropertyValueSpecification","valueRequired":true,"valueName":"search_term_string"}}],"inLanguage":"fr-FR"},{"@type":"Organization","@id":"https:\/\/www.cortecarezzabella.com\/fr\/#organization","name":"IL FRUTTETO DI SAN MARTINO S.S.","url":"https:\/\/www.cortecarezzabella.com\/fr\/","logo":{"@type":"ImageObject","inLanguage":"fr-FR","@id":"https:\/\/www.cortecarezzabella.com\/fr\/#\/schema\/logo\/image\/","url":"https:\/\/www.cortecarezzabella.com\/wp-content\/uploads\/2020\/03\/LOGO_laBottega-posta-elttr-piccola.jpg","contentUrl":"https:\/\/www.cortecarezzabella.com\/wp-content\/uploads\/2020\/03\/LOGO_laBottega-posta-elttr-piccola.jpg","width":160,"height":115,"caption":"IL FRUTTETO DI SAN MARTINO S.S."},"image":{"@id":"https:\/\/www.cortecarezzabella.com\/fr\/#\/schema\/logo\/image\/"}}]}},"_links":{"self":[{"href":"https:\/\/www.cortecarezzabella.com\/fr\/wp-json\/wp\/v2\/pages\/1163","targetHints":{"allow":["GET"]}}],"collection":[{"href":"https:\/\/www.cortecarezzabella.com\/fr\/wp-json\/wp\/v2\/pages"}],"about":[{"href":"https:\/\/www.cortecarezzabella.com\/fr\/wp-json\/wp\/v2\/types\/page"}],"author":[{"embeddable":true,"href":"https:\/\/www.cortecarezzabella.com\/fr\/wp-json\/wp\/v2\/users\/2"}],"replies":[{"embeddable":true,"href":"https:\/\/www.cortecarezzabella.com\/fr\/wp-json\/wp\/v2\/comments?post=1163"}],"version-history":[{"count":2,"href":"https:\/\/www.cortecarezzabella.com\/fr\/wp-json\/wp\/v2\/pages\/1163\/revisions"}],"predecessor-version":[{"id":1165,"href":"https:\/\/www.cortecarezzabella.com\/fr\/wp-json\/wp\/v2\/pages\/1163\/revisions\/1165"}],"wp:attachment":[{"href":"https:\/\/www.cortecarezzabella.com\/fr\/wp-json\/wp\/v2\/media?parent=1163"}],"curies":[{"name":"wp","href":"https:\/\/api.w.org\/{rel}","templated":true}]}}