{"id":110,"date":"2017-05-04T11:05:30","date_gmt":"2017-05-04T09:05:30","guid":{"rendered":"https:\/\/www.cortecarezzabella.com\/?page_id=110"},"modified":"2021-03-15T12:25:04","modified_gmt":"2021-03-15T11:25:04","slug":"agritourisme","status":"publish","type":"page","link":"https:\/\/www.cortecarezzabella.com\/fr\/agritourisme\/","title":{"rendered":"L&#8217;Agritourisme"},"content":{"rendered":"<h1>Bienvenus \u00e0 Corte Carezzabella<\/h1>\n<p>Sur la rive droite de l\u2019Adige, dans le&nbsp; Polesine moyen, voil\u00e0 l\u2019Agriturismo Corte Carezzabella, plong\u00e9 dans la tranquille campagne de la V\u00e9n\u00e9tie, dans la route qui de Ferrara m\u00e8ne \u00e0 Venise.<\/p>\n<p>Le b\u00e2timent occupe une partie de la vieille cour, \u00e9lev\u00e9e dans les premi\u00e8res ann\u00e9es du \u2018900 comme centre d\u2019une entreprise agricole&nbsp; s\u2019occupant, alors comme aujourd\u2019hui, de la culture de fruits, de l\u00e9gumes et de raisin.<\/p>\n<p>Dans les anciens greniers il y a maintenant les chambres et les appartements; l\u2019atelier du menuisier abrite la biblioth\u00e8que, celui du forgeron la cuisine. L\u00e0 o\u00f9 l\u2019on gardait les chars et les tracteurs, il y a aujourd\u2019hui la salle \u00e0 manger et le salon.<\/p>\n<p>L\u2019Agriturismo vous propose une restauration typique et familiale, avec des plats de&nbsp; tradition pr\u00e9par\u00e9s avec les produits cultiv\u00e9s sur place.<\/p>\n<p>Vous serez comme chez vous pour vivre une p\u00e9riode de repos et de tranquillit\u00e9, et vous pourrez organiser vos excursions \u00e0 la d\u00e9couverte du Polesine, du Veneto, de l\u2019Emilia Romagna.<\/p>\n<p>&nbsp;<\/p>\n<p>&nbsp;<\/p>\n\n\n<figure class=\"wp-block-gallery columns-3 is-cropped wp-block-gallery-1 is-layout-flex wp-block-gallery-is-layout-flex\"><ul class=\"blocks-gallery-grid\"><li class=\"blocks-gallery-item\"><figure><img loading=\"lazy\" decoding=\"async\" width=\"934\" height=\"700\" src=\"https:\/\/www.cortecarezzabella.com\/wp-content\/uploads\/2021\/03\/Dji-0007-2-1-934x700.jpg\" alt=\"\" data-id=\"10358\" data-full-url=\"https:\/\/www.cortecarezzabella.com\/wp-content\/uploads\/2021\/03\/Dji-0007-2-1-scaled.jpg\" data-link=\"https:\/\/www.cortecarezzabella.com\/fr\/agritourisme\/dji-0007-2-1-2\/\" class=\"wp-image-10358\" srcset=\"https:\/\/www.cortecarezzabella.com\/wp-content\/uploads\/2021\/03\/Dji-0007-2-1-934x700.jpg 934w, https:\/\/www.cortecarezzabella.com\/wp-content\/uploads\/2021\/03\/Dji-0007-2-1-641x480.jpg 641w, https:\/\/www.cortecarezzabella.com\/wp-content\/uploads\/2021\/03\/Dji-0007-2-1-768x575.jpg 768w, https:\/\/www.cortecarezzabella.com\/wp-content\/uploads\/2021\/03\/Dji-0007-2-1-1536x1151.jpg 1536w, https:\/\/www.cortecarezzabella.com\/wp-content\/uploads\/2021\/03\/Dji-0007-2-1-2048x1535.jpg 2048w, https:\/\/www.cortecarezzabella.com\/wp-content\/uploads\/2021\/03\/Dji-0007-2-1-300x225.jpg 300w, https:\/\/www.cortecarezzabella.com\/wp-content\/uploads\/2021\/03\/Dji-0007-2-1-450x337.jpg 450w, https:\/\/www.cortecarezzabella.com\/wp-content\/uploads\/2021\/03\/Dji-0007-2-1-500x375.jpg 500w, https:\/\/www.cortecarezzabella.com\/wp-content\/uploads\/2021\/03\/Dji-0007-2-1-80x60.jpg 80w, https:\/\/www.cortecarezzabella.com\/wp-content\/uploads\/2021\/03\/Dji-0007-2-1-120x90.jpg 120w\" sizes=\"auto, (max-width: 934px) 100vw, 934px\" \/><\/figure><\/li><li class=\"blocks-gallery-item\"><figure><img loading=\"lazy\" decoding=\"async\" width=\"1024\" height=\"575\" src=\"https:\/\/www.cortecarezzabella.com\/wp-content\/uploads\/2021\/03\/DJI_0776-1-1024x575.jpg\" alt=\"\" data-id=\"10352\" data-full-url=\"https:\/\/www.cortecarezzabella.com\/wp-content\/uploads\/2021\/03\/DJI_0776-1-scaled.jpg\" data-link=\"https:\/\/www.cortecarezzabella.com\/fr\/agritourisme\/dji_0776-1-2\/\" class=\"wp-image-10352\" srcset=\"https:\/\/www.cortecarezzabella.com\/wp-content\/uploads\/2021\/03\/DJI_0776-1-1024x575.jpg 1024w, https:\/\/www.cortecarezzabella.com\/wp-content\/uploads\/2021\/03\/DJI_0776-1-700x393.jpg 700w, https:\/\/www.cortecarezzabella.com\/wp-content\/uploads\/2021\/03\/DJI_0776-1-768x432.jpg 768w, https:\/\/www.cortecarezzabella.com\/wp-content\/uploads\/2021\/03\/DJI_0776-1-1536x863.jpg 1536w, https:\/\/www.cortecarezzabella.com\/wp-content\/uploads\/2021\/03\/DJI_0776-1-2048x1151.jpg 2048w, https:\/\/www.cortecarezzabella.com\/wp-content\/uploads\/2021\/03\/DJI_0776-1-300x169.jpg 300w, https:\/\/www.cortecarezzabella.com\/wp-content\/uploads\/2021\/03\/DJI_0776-1-450x253.jpg 450w, https:\/\/www.cortecarezzabella.com\/wp-content\/uploads\/2021\/03\/DJI_0776-1-500x281.jpg 500w, https:\/\/www.cortecarezzabella.com\/wp-content\/uploads\/2021\/03\/DJI_0776-1-107x60.jpg 107w, https:\/\/www.cortecarezzabella.com\/wp-content\/uploads\/2021\/03\/DJI_0776-1-160x90.jpg 160w\" sizes=\"auto, (max-width: 1024px) 100vw, 1024px\" \/><\/figure><\/li><li class=\"blocks-gallery-item\"><figure><img loading=\"lazy\" decoding=\"async\" width=\"934\" height=\"700\" src=\"https:\/\/www.cortecarezzabella.com\/wp-content\/uploads\/2021\/03\/Dji-00013-934x700.jpg\" alt=\"\" data-id=\"10347\" data-full-url=\"https:\/\/www.cortecarezzabella.com\/wp-content\/uploads\/2021\/03\/Dji-00013-scaled.jpg\" data-link=\"https:\/\/www.cortecarezzabella.com\/fr\/agritourisme\/dji-00013-3\/\" class=\"wp-image-10347\" srcset=\"https:\/\/www.cortecarezzabella.com\/wp-content\/uploads\/2021\/03\/Dji-00013-934x700.jpg 934w, https:\/\/www.cortecarezzabella.com\/wp-content\/uploads\/2021\/03\/Dji-00013-640x480.jpg 640w, https:\/\/www.cortecarezzabella.com\/wp-content\/uploads\/2021\/03\/Dji-00013-768x576.jpg 768w, https:\/\/www.cortecarezzabella.com\/wp-content\/uploads\/2021\/03\/Dji-00013-1536x1151.jpg 1536w, https:\/\/www.cortecarezzabella.com\/wp-content\/uploads\/2021\/03\/Dji-00013-2048x1535.jpg 2048w, https:\/\/www.cortecarezzabella.com\/wp-content\/uploads\/2021\/03\/Dji-00013-300x225.jpg 300w, https:\/\/www.cortecarezzabella.com\/wp-content\/uploads\/2021\/03\/Dji-00013-450x337.jpg 450w, https:\/\/www.cortecarezzabella.com\/wp-content\/uploads\/2021\/03\/Dji-00013-500x375.jpg 500w, https:\/\/www.cortecarezzabella.com\/wp-content\/uploads\/2021\/03\/Dji-00013-80x60.jpg 80w, https:\/\/www.cortecarezzabella.com\/wp-content\/uploads\/2021\/03\/Dji-00013-120x90.jpg 120w\" sizes=\"auto, (max-width: 934px) 100vw, 934px\" \/><\/figure><\/li><\/ul><\/figure>\n","protected":false},"excerpt":{"rendered":"<p>Bienvenus \u00e0 Corte Carezzabella Sur la rive droite de l\u2019Adige, dans le&nbsp; Polesine moyen, voil\u00e0 l\u2019Agriturismo Corte Carezzabella, plong\u00e9 dans la tranquille campagne de la V\u00e9n\u00e9tie, dans la route qui de Ferrara m\u00e8ne \u00e0 Venise. Le b\u00e2timent occupe une partie de la vieille cour, \u00e9lev\u00e9e dans les premi\u00e8res ann\u00e9es du \u2018900 comme centre d\u2019une entreprise [&hellip;]<\/p>\n","protected":false},"author":1,"featured_media":0,"parent":0,"menu_order":0,"comment_status":"closed","ping_status":"closed","template":"","meta":{"_acf_changed":false,"ngg_post_thumbnail":0,"footnotes":""},"class_list":["post-110","page","type-page","status-publish","hentry"],"acf":[],"yoast_head":"<!-- This site is optimized with the Yoast SEO plugin v27.3 - https:\/\/yoast.com\/product\/yoast-seo-wordpress\/ -->\n<title>L&#039;Agritourisme<\/title>\n<meta name=\"robots\" content=\"index, follow, max-snippet:-1, max-image-preview:large, max-video-preview:-1\" \/>\n<link rel=\"canonical\" href=\"https:\/\/www.cortecarezzabella.com\/fr\/agritourisme\/\" \/>\n<meta property=\"og:locale\" content=\"fr_FR\" \/>\n<meta property=\"og:type\" content=\"article\" \/>\n<meta property=\"og:title\" content=\"L&#039;Agritourisme\" \/>\n<meta property=\"og:description\" content=\"Bienvenus \u00e0 Corte Carezzabella Sur la rive droite de l\u2019Adige, dans le&nbsp; Polesine moyen, voil\u00e0 l\u2019Agriturismo Corte Carezzabella, plong\u00e9 dans la tranquille campagne de la V\u00e9n\u00e9tie, dans la route qui de Ferrara m\u00e8ne \u00e0 Venise. Le b\u00e2timent occupe une partie de la vieille cour, \u00e9lev\u00e9e dans les premi\u00e8res ann\u00e9es du \u2018900 comme centre d\u2019une entreprise [&hellip;]\" \/>\n<meta property=\"og:url\" content=\"https:\/\/www.cortecarezzabella.com\/fr\/agritourisme\/\" \/>\n<meta property=\"og:site_name\" content=\"Corte Carezzabella\" \/>\n<meta property=\"article:modified_time\" content=\"2021-03-15T11:25:04+00:00\" \/>\n<meta property=\"og:image\" content=\"https:\/\/www.cortecarezzabella.com\/wp-content\/uploads\/2021\/03\/Dji-0007-2-1-934x700.jpg\" \/>\n<meta name=\"twitter:card\" content=\"summary_large_image\" \/>\n<meta name=\"twitter:label1\" content=\"Est. reading time\" \/>\n\t<meta name=\"twitter:data1\" content=\"2 minutes\" \/>\n<script type=\"application\/ld+json\" class=\"yoast-schema-graph\">{\"@context\":\"https:\\\/\\\/schema.org\",\"@graph\":[{\"@type\":\"WebPage\",\"@id\":\"https:\\\/\\\/www.cortecarezzabella.com\\\/fr\\\/agritourisme\\\/\",\"url\":\"https:\\\/\\\/www.cortecarezzabella.com\\\/fr\\\/agritourisme\\\/\",\"name\":\"L'Agritourisme\",\"isPartOf\":{\"@id\":\"https:\\\/\\\/www.cortecarezzabella.com\\\/fr\\\/#website\"},\"primaryImageOfPage\":{\"@id\":\"https:\\\/\\\/www.cortecarezzabella.com\\\/fr\\\/agritourisme\\\/#primaryimage\"},\"image\":{\"@id\":\"https:\\\/\\\/www.cortecarezzabella.com\\\/fr\\\/agritourisme\\\/#primaryimage\"},\"thumbnailUrl\":\"https:\\\/\\\/www.cortecarezzabella.com\\\/wp-content\\\/uploads\\\/2021\\\/03\\\/Dji-0007-2-1-934x700.jpg\",\"datePublished\":\"2017-05-04T09:05:30+00:00\",\"dateModified\":\"2021-03-15T11:25:04+00:00\",\"breadcrumb\":{\"@id\":\"https:\\\/\\\/www.cortecarezzabella.com\\\/fr\\\/agritourisme\\\/#breadcrumb\"},\"inLanguage\":\"fr-FR\",\"potentialAction\":[{\"@type\":\"ReadAction\",\"target\":[\"https:\\\/\\\/www.cortecarezzabella.com\\\/fr\\\/agritourisme\\\/\"]}]},{\"@type\":\"ImageObject\",\"inLanguage\":\"fr-FR\",\"@id\":\"https:\\\/\\\/www.cortecarezzabella.com\\\/fr\\\/agritourisme\\\/#primaryimage\",\"url\":\"https:\\\/\\\/www.cortecarezzabella.com\\\/wp-content\\\/uploads\\\/2021\\\/03\\\/Dji-0007-2-1-934x700.jpg\",\"contentUrl\":\"https:\\\/\\\/www.cortecarezzabella.com\\\/wp-content\\\/uploads\\\/2021\\\/03\\\/Dji-0007-2-1-934x700.jpg\"},{\"@type\":\"BreadcrumbList\",\"@id\":\"https:\\\/\\\/www.cortecarezzabella.com\\\/fr\\\/agritourisme\\\/#breadcrumb\",\"itemListElement\":[{\"@type\":\"ListItem\",\"position\":1,\"name\":\"Home\",\"item\":\"https:\\\/\\\/www.cortecarezzabella.com\\\/fr\\\/\"},{\"@type\":\"ListItem\",\"position\":2,\"name\":\"L&#8217;Agritourisme\"}]},{\"@type\":\"WebSite\",\"@id\":\"https:\\\/\\\/www.cortecarezzabella.com\\\/fr\\\/#website\",\"url\":\"https:\\\/\\\/www.cortecarezzabella.com\\\/fr\\\/\",\"name\":\"Corte Carezzabella\",\"description\":\"Agriturismo Corte Carezzabella\",\"publisher\":{\"@id\":\"https:\\\/\\\/www.cortecarezzabella.com\\\/fr\\\/#organization\"},\"potentialAction\":[{\"@type\":\"SearchAction\",\"target\":{\"@type\":\"EntryPoint\",\"urlTemplate\":\"https:\\\/\\\/www.cortecarezzabella.com\\\/fr\\\/?s={search_term_string}\"},\"query-input\":{\"@type\":\"PropertyValueSpecification\",\"valueRequired\":true,\"valueName\":\"search_term_string\"}}],\"inLanguage\":\"fr-FR\"},{\"@type\":\"Organization\",\"@id\":\"https:\\\/\\\/www.cortecarezzabella.com\\\/fr\\\/#organization\",\"name\":\"IL FRUTTETO DI SAN MARTINO S.S.\",\"url\":\"https:\\\/\\\/www.cortecarezzabella.com\\\/fr\\\/\",\"logo\":{\"@type\":\"ImageObject\",\"inLanguage\":\"fr-FR\",\"@id\":\"https:\\\/\\\/www.cortecarezzabella.com\\\/fr\\\/#\\\/schema\\\/logo\\\/image\\\/\",\"url\":\"https:\\\/\\\/www.cortecarezzabella.com\\\/wp-content\\\/uploads\\\/2020\\\/03\\\/LOGO_laBottega-posta-elttr-piccola.jpg\",\"contentUrl\":\"https:\\\/\\\/www.cortecarezzabella.com\\\/wp-content\\\/uploads\\\/2020\\\/03\\\/LOGO_laBottega-posta-elttr-piccola.jpg\",\"width\":160,\"height\":115,\"caption\":\"IL FRUTTETO DI SAN MARTINO S.S.\"},\"image\":{\"@id\":\"https:\\\/\\\/www.cortecarezzabella.com\\\/fr\\\/#\\\/schema\\\/logo\\\/image\\\/\"}}]}<\/script>\n<!-- \/ Yoast SEO plugin. -->","yoast_head_json":{"title":"L'Agritourisme","robots":{"index":"index","follow":"follow","max-snippet":"max-snippet:-1","max-image-preview":"max-image-preview:large","max-video-preview":"max-video-preview:-1"},"canonical":"https:\/\/www.cortecarezzabella.com\/fr\/agritourisme\/","og_locale":"fr_FR","og_type":"article","og_title":"L'Agritourisme","og_description":"Bienvenus \u00e0 Corte Carezzabella Sur la rive droite de l\u2019Adige, dans le&nbsp; Polesine moyen, voil\u00e0 l\u2019Agriturismo Corte Carezzabella, plong\u00e9 dans la tranquille campagne de la V\u00e9n\u00e9tie, dans la route qui de Ferrara m\u00e8ne \u00e0 Venise. Le b\u00e2timent occupe une partie de la vieille cour, \u00e9lev\u00e9e dans les premi\u00e8res ann\u00e9es du \u2018900 comme centre d\u2019une entreprise [&hellip;]","og_url":"https:\/\/www.cortecarezzabella.com\/fr\/agritourisme\/","og_site_name":"Corte Carezzabella","article_modified_time":"2021-03-15T11:25:04+00:00","og_image":[{"url":"https:\/\/www.cortecarezzabella.com\/wp-content\/uploads\/2021\/03\/Dji-0007-2-1-934x700.jpg","type":"","width":"","height":""}],"twitter_card":"summary_large_image","twitter_misc":{"Est. reading time":"2 minutes"},"schema":{"@context":"https:\/\/schema.org","@graph":[{"@type":"WebPage","@id":"https:\/\/www.cortecarezzabella.com\/fr\/agritourisme\/","url":"https:\/\/www.cortecarezzabella.com\/fr\/agritourisme\/","name":"L'Agritourisme","isPartOf":{"@id":"https:\/\/www.cortecarezzabella.com\/fr\/#website"},"primaryImageOfPage":{"@id":"https:\/\/www.cortecarezzabella.com\/fr\/agritourisme\/#primaryimage"},"image":{"@id":"https:\/\/www.cortecarezzabella.com\/fr\/agritourisme\/#primaryimage"},"thumbnailUrl":"https:\/\/www.cortecarezzabella.com\/wp-content\/uploads\/2021\/03\/Dji-0007-2-1-934x700.jpg","datePublished":"2017-05-04T09:05:30+00:00","dateModified":"2021-03-15T11:25:04+00:00","breadcrumb":{"@id":"https:\/\/www.cortecarezzabella.com\/fr\/agritourisme\/#breadcrumb"},"inLanguage":"fr-FR","potentialAction":[{"@type":"ReadAction","target":["https:\/\/www.cortecarezzabella.com\/fr\/agritourisme\/"]}]},{"@type":"ImageObject","inLanguage":"fr-FR","@id":"https:\/\/www.cortecarezzabella.com\/fr\/agritourisme\/#primaryimage","url":"https:\/\/www.cortecarezzabella.com\/wp-content\/uploads\/2021\/03\/Dji-0007-2-1-934x700.jpg","contentUrl":"https:\/\/www.cortecarezzabella.com\/wp-content\/uploads\/2021\/03\/Dji-0007-2-1-934x700.jpg"},{"@type":"BreadcrumbList","@id":"https:\/\/www.cortecarezzabella.com\/fr\/agritourisme\/#breadcrumb","itemListElement":[{"@type":"ListItem","position":1,"name":"Home","item":"https:\/\/www.cortecarezzabella.com\/fr\/"},{"@type":"ListItem","position":2,"name":"L&#8217;Agritourisme"}]},{"@type":"WebSite","@id":"https:\/\/www.cortecarezzabella.com\/fr\/#website","url":"https:\/\/www.cortecarezzabella.com\/fr\/","name":"Corte Carezzabella","description":"Agriturismo Corte Carezzabella","publisher":{"@id":"https:\/\/www.cortecarezzabella.com\/fr\/#organization"},"potentialAction":[{"@type":"SearchAction","target":{"@type":"EntryPoint","urlTemplate":"https:\/\/www.cortecarezzabella.com\/fr\/?s={search_term_string}"},"query-input":{"@type":"PropertyValueSpecification","valueRequired":true,"valueName":"search_term_string"}}],"inLanguage":"fr-FR"},{"@type":"Organization","@id":"https:\/\/www.cortecarezzabella.com\/fr\/#organization","name":"IL FRUTTETO DI SAN MARTINO S.S.","url":"https:\/\/www.cortecarezzabella.com\/fr\/","logo":{"@type":"ImageObject","inLanguage":"fr-FR","@id":"https:\/\/www.cortecarezzabella.com\/fr\/#\/schema\/logo\/image\/","url":"https:\/\/www.cortecarezzabella.com\/wp-content\/uploads\/2020\/03\/LOGO_laBottega-posta-elttr-piccola.jpg","contentUrl":"https:\/\/www.cortecarezzabella.com\/wp-content\/uploads\/2020\/03\/LOGO_laBottega-posta-elttr-piccola.jpg","width":160,"height":115,"caption":"IL FRUTTETO DI SAN MARTINO S.S."},"image":{"@id":"https:\/\/www.cortecarezzabella.com\/fr\/#\/schema\/logo\/image\/"}}]}},"_links":{"self":[{"href":"https:\/\/www.cortecarezzabella.com\/fr\/wp-json\/wp\/v2\/pages\/110","targetHints":{"allow":["GET"]}}],"collection":[{"href":"https:\/\/www.cortecarezzabella.com\/fr\/wp-json\/wp\/v2\/pages"}],"about":[{"href":"https:\/\/www.cortecarezzabella.com\/fr\/wp-json\/wp\/v2\/types\/page"}],"author":[{"embeddable":true,"href":"https:\/\/www.cortecarezzabella.com\/fr\/wp-json\/wp\/v2\/users\/1"}],"replies":[{"embeddable":true,"href":"https:\/\/www.cortecarezzabella.com\/fr\/wp-json\/wp\/v2\/comments?post=110"}],"version-history":[{"count":9,"href":"https:\/\/www.cortecarezzabella.com\/fr\/wp-json\/wp\/v2\/pages\/110\/revisions"}],"predecessor-version":[{"id":10380,"href":"https:\/\/www.cortecarezzabella.com\/fr\/wp-json\/wp\/v2\/pages\/110\/revisions\/10380"}],"wp:attachment":[{"href":"https:\/\/www.cortecarezzabella.com\/fr\/wp-json\/wp\/v2\/media?parent=110"}],"curies":[{"name":"wp","href":"https:\/\/api.w.org\/{rel}","templated":true}]}}