{"id":10541,"date":"2021-03-25T16:39:46","date_gmt":"2021-03-25T15:39:46","guid":{"rendered":"https:\/\/www.cortecarezzabella.com\/villes-dart\/"},"modified":"2021-03-25T16:39:46","modified_gmt":"2021-03-25T15:39:46","slug":"villes-dart","status":"publish","type":"page","link":"https:\/\/www.cortecarezzabella.com\/fr\/villes-dart\/","title":{"rendered":"Villes d&#8217;art"},"content":{"rendered":"<h1>-Villes d&#8217;art-<\/h1>\n\n<p>Les villes d&#8217;art que vous pouvez visiter, au-del\u00e0 de Venise, sont:<\/p>\n\n<ul class=\"wp-block-list\"><li>CHIOGGIA qui est l&#8217;isle avec un port tr\u00e9s fr\u00e9quent\u00e9. ici vous pouvez visiter le centre de la ville, qui est consid\u00e9r\u00e9e comme une petite Venise, les plages et le marc\u00e8 aux poissons.<\/li><li>FERRARA o\u00f9 vous pouvez visiter le Palazzo dei Diamanti qui organise des expositions, le Castello Estense et le mus\u00e9e arch\u00e9ologique.<\/li><li>VERONA qui est la ville de l&#8217;amour. ici vous pouvez visiter le Balcone de Rom\u00e9o et Juliette et l&#8217;Arena di Verona.<\/li><li>PADOVA\u00a0 o\u00f9 vous pouvez visiter le Prato della Valle qui est\u00a0 l&#8217;une des plus grandes places d&#8217;Europe. Apr\u00e8s vous pouvez visiter la Basilica di sant&#8217;Antonio et la chapelle des Scrovegni r\u00e9alis\u00e9e par Giotto.<\/li><li>Enfin il y a ROVIGO o\u00f9 vous pouvez vous promener au centre ville et visiter le Palazzo Roverella qui organise des expositions.<\/li><\/ul>\n<figure class=\"wp-block-gallery columns-3 is-cropped wp-block-gallery-1 is-layout-flex wp-block-gallery-is-layout-flex\"><ul class=\"blocks-gallery-grid\"><li class=\"blocks-gallery-item\"><figure><img loading=\"lazy\" decoding=\"async\" width=\"279\" height=\"181\" src=\"https:\/\/www.cortecarezzabella.com\/wp-content\/uploads\/2021\/03\/chioggia.jpg\" alt=\"\" data-id=\"10286\" data-link=\"https:\/\/www.cortecarezzabella.com\/territorio\/citta-darte\/chioggia\/\" class=\"wp-image-10286\" srcset=\"https:\/\/www.cortecarezzabella.com\/wp-content\/uploads\/2021\/03\/chioggia.jpg 279w, https:\/\/www.cortecarezzabella.com\/wp-content\/uploads\/2021\/03\/chioggia-92x60.jpg 92w, https:\/\/www.cortecarezzabella.com\/wp-content\/uploads\/2021\/03\/chioggia-139x90.jpg 139w\" sizes=\"auto, (max-width: 279px) 100vw, 279px\" \/><\/figure><\/li><li class=\"blocks-gallery-item\"><figure><img loading=\"lazy\" decoding=\"async\" width=\"1024\" height=\"682\" src=\"https:\/\/www.cortecarezzabella.com\/wp-content\/uploads\/2021\/03\/ferrara-1-1024x682.jpg\" alt=\"\" data-id=\"10291\" data-link=\"https:\/\/www.cortecarezzabella.com\/territorio\/citta-darte\/ferrara-1\/\" class=\"wp-image-10291\" srcset=\"https:\/\/www.cortecarezzabella.com\/wp-content\/uploads\/2021\/03\/ferrara-1-1024x682.jpg 1024w, https:\/\/www.cortecarezzabella.com\/wp-content\/uploads\/2021\/03\/ferrara-1-700x466.jpg 700w, https:\/\/www.cortecarezzabella.com\/wp-content\/uploads\/2021\/03\/ferrara-1-768x512.jpg 768w, https:\/\/www.cortecarezzabella.com\/wp-content\/uploads\/2021\/03\/ferrara-1-1536x1023.jpg 1536w, https:\/\/www.cortecarezzabella.com\/wp-content\/uploads\/2021\/03\/ferrara-1-300x200.jpg 300w, https:\/\/www.cortecarezzabella.com\/wp-content\/uploads\/2021\/03\/ferrara-1-450x300.jpg 450w, https:\/\/www.cortecarezzabella.com\/wp-content\/uploads\/2021\/03\/ferrara-1-500x333.jpg 500w, https:\/\/www.cortecarezzabella.com\/wp-content\/uploads\/2021\/03\/ferrara-1-90x60.jpg 90w, https:\/\/www.cortecarezzabella.com\/wp-content\/uploads\/2021\/03\/ferrara-1-135x90.jpg 135w, https:\/\/www.cortecarezzabella.com\/wp-content\/uploads\/2021\/03\/ferrara-1.jpg 1600w\" sizes=\"auto, (max-width: 1024px) 100vw, 1024px\" \/><\/figure><\/li><li class=\"blocks-gallery-item\"><figure><img loading=\"lazy\" decoding=\"async\" width=\"327\" height=\"154\" src=\"https:\/\/www.cortecarezzabella.com\/wp-content\/uploads\/2021\/03\/verona.jpg\" alt=\"\" data-id=\"10296\" data-link=\"https:\/\/www.cortecarezzabella.com\/territorio\/citta-darte\/verona\/\" class=\"wp-image-10296\" srcset=\"https:\/\/www.cortecarezzabella.com\/wp-content\/uploads\/2021\/03\/verona.jpg 327w, https:\/\/www.cortecarezzabella.com\/wp-content\/uploads\/2021\/03\/verona-300x141.jpg 300w, https:\/\/www.cortecarezzabella.com\/wp-content\/uploads\/2021\/03\/verona-127x60.jpg 127w, https:\/\/www.cortecarezzabella.com\/wp-content\/uploads\/2021\/03\/verona-191x90.jpg 191w\" sizes=\"auto, (max-width: 327px) 100vw, 327px\" \/><\/figure><\/li><li class=\"blocks-gallery-item\"><figure><img loading=\"lazy\" decoding=\"async\" width=\"300\" height=\"168\" src=\"https:\/\/www.cortecarezzabella.com\/wp-content\/uploads\/2021\/03\/padova.jpg\" alt=\"\" data-id=\"10301\" data-link=\"https:\/\/www.cortecarezzabella.com\/territorio\/citta-darte\/padova\/\" class=\"wp-image-10301\" srcset=\"https:\/\/www.cortecarezzabella.com\/wp-content\/uploads\/2021\/03\/padova.jpg 300w, https:\/\/www.cortecarezzabella.com\/wp-content\/uploads\/2021\/03\/padova-107x60.jpg 107w, https:\/\/www.cortecarezzabella.com\/wp-content\/uploads\/2021\/03\/padova-161x90.jpg 161w\" sizes=\"auto, (max-width: 300px) 100vw, 300px\" \/><\/figure><\/li><li class=\"blocks-gallery-item\"><figure><img loading=\"lazy\" decoding=\"async\" width=\"291\" height=\"173\" src=\"https:\/\/www.cortecarezzabella.com\/wp-content\/uploads\/2021\/03\/rovigo.jpg\" alt=\"\" data-id=\"10306\" data-full-url=\"https:\/\/www.cortecarezzabella.com\/wp-content\/uploads\/2021\/03\/rovigo.jpg\" data-link=\"https:\/\/www.cortecarezzabella.com\/territorio\/citta-darte\/rovigo\/\" class=\"wp-image-10306\" srcset=\"https:\/\/www.cortecarezzabella.com\/wp-content\/uploads\/2021\/03\/rovigo.jpg 291w, https:\/\/www.cortecarezzabella.com\/wp-content\/uploads\/2021\/03\/rovigo-101x60.jpg 101w, https:\/\/www.cortecarezzabella.com\/wp-content\/uploads\/2021\/03\/rovigo-151x90.jpg 151w\" sizes=\"auto, (max-width: 291px) 100vw, 291px\" \/><\/figure><\/li><\/ul><\/figure>","protected":false},"excerpt":{"rendered":"<p>-Villes d&#8217;art- Les villes d&#8217;art que vous pouvez visiter, au-del\u00e0 de Venise, sont: CHIOGGIA qui est l&#8217;isle avec un port tr\u00e9s fr\u00e9quent\u00e9. ici vous pouvez visiter le centre de la ville, qui est consid\u00e9r\u00e9e comme une petite Venise, les plages et le marc\u00e8 aux poissons. FERRARA o\u00f9 vous pouvez visiter le Palazzo dei Diamanti qui [&hellip;]<\/p>\n","protected":false},"author":1,"featured_media":0,"parent":0,"menu_order":0,"comment_status":"closed","ping_status":"closed","template":"","meta":{"_acf_changed":false,"ngg_post_thumbnail":0,"footnotes":""},"class_list":["post-10541","page","type-page","status-publish","hentry"],"acf":[],"yoast_head":"<!-- This site is optimized with the Yoast SEO plugin v27.5 - https:\/\/yoast.com\/product\/yoast-seo-wordpress\/ -->\n<title>Villes d&#039;art<\/title>\n<meta name=\"robots\" content=\"index, follow, max-snippet:-1, max-image-preview:large, max-video-preview:-1\" \/>\n<link rel=\"canonical\" href=\"https:\/\/www.cortecarezzabella.com\/fr\/villes-dart\/\" \/>\n<meta property=\"og:locale\" content=\"fr_FR\" \/>\n<meta property=\"og:type\" content=\"article\" \/>\n<meta property=\"og:title\" content=\"Villes d&#039;art\" \/>\n<meta property=\"og:description\" content=\"-Villes d&#8217;art- Les villes d&#8217;art que vous pouvez visiter, au-del\u00e0 de Venise, sont: CHIOGGIA qui est l&#8217;isle avec un port tr\u00e9s fr\u00e9quent\u00e9. ici vous pouvez visiter le centre de la ville, qui est consid\u00e9r\u00e9e comme une petite Venise, les plages et le marc\u00e8 aux poissons. FERRARA o\u00f9 vous pouvez visiter le Palazzo dei Diamanti qui [&hellip;]\" \/>\n<meta property=\"og:url\" content=\"https:\/\/www.cortecarezzabella.com\/fr\/villes-dart\/\" \/>\n<meta property=\"og:site_name\" content=\"Corte Carezzabella\" \/>\n<meta property=\"og:image\" content=\"https:\/\/www.cortecarezzabella.com\/wp-content\/uploads\/2021\/03\/chioggia.jpg\" \/>\n<meta name=\"twitter:card\" content=\"summary_large_image\" \/>\n<meta name=\"twitter:label1\" content=\"Est. reading time\" \/>\n\t<meta name=\"twitter:data1\" content=\"3 minutes\" \/>\n<script type=\"application\/ld+json\" class=\"yoast-schema-graph\">{\"@context\":\"https:\\\/\\\/schema.org\",\"@graph\":[{\"@type\":\"WebPage\",\"@id\":\"https:\\\/\\\/www.cortecarezzabella.com\\\/fr\\\/villes-dart\\\/\",\"url\":\"https:\\\/\\\/www.cortecarezzabella.com\\\/fr\\\/villes-dart\\\/\",\"name\":\"Villes d'art\",\"isPartOf\":{\"@id\":\"https:\\\/\\\/www.cortecarezzabella.com\\\/fr\\\/#website\"},\"primaryImageOfPage\":{\"@id\":\"https:\\\/\\\/www.cortecarezzabella.com\\\/fr\\\/villes-dart\\\/#primaryimage\"},\"image\":{\"@id\":\"https:\\\/\\\/www.cortecarezzabella.com\\\/fr\\\/villes-dart\\\/#primaryimage\"},\"thumbnailUrl\":\"https:\\\/\\\/www.cortecarezzabella.com\\\/wp-content\\\/uploads\\\/2021\\\/03\\\/chioggia.jpg\",\"datePublished\":\"2021-03-25T15:39:46+00:00\",\"breadcrumb\":{\"@id\":\"https:\\\/\\\/www.cortecarezzabella.com\\\/fr\\\/villes-dart\\\/#breadcrumb\"},\"inLanguage\":\"fr-FR\",\"potentialAction\":[{\"@type\":\"ReadAction\",\"target\":[\"https:\\\/\\\/www.cortecarezzabella.com\\\/fr\\\/villes-dart\\\/\"]}]},{\"@type\":\"ImageObject\",\"inLanguage\":\"fr-FR\",\"@id\":\"https:\\\/\\\/www.cortecarezzabella.com\\\/fr\\\/villes-dart\\\/#primaryimage\",\"url\":\"https:\\\/\\\/www.cortecarezzabella.com\\\/wp-content\\\/uploads\\\/2021\\\/03\\\/chioggia.jpg\",\"contentUrl\":\"https:\\\/\\\/www.cortecarezzabella.com\\\/wp-content\\\/uploads\\\/2021\\\/03\\\/chioggia.jpg\"},{\"@type\":\"BreadcrumbList\",\"@id\":\"https:\\\/\\\/www.cortecarezzabella.com\\\/fr\\\/villes-dart\\\/#breadcrumb\",\"itemListElement\":[{\"@type\":\"ListItem\",\"position\":1,\"name\":\"Home\",\"item\":\"https:\\\/\\\/www.cortecarezzabella.com\\\/fr\\\/\"},{\"@type\":\"ListItem\",\"position\":2,\"name\":\"Villes d&#8217;art\"}]},{\"@type\":\"WebSite\",\"@id\":\"https:\\\/\\\/www.cortecarezzabella.com\\\/fr\\\/#website\",\"url\":\"https:\\\/\\\/www.cortecarezzabella.com\\\/fr\\\/\",\"name\":\"Corte Carezzabella\",\"description\":\"Agriturismo Corte Carezzabella\",\"publisher\":{\"@id\":\"https:\\\/\\\/www.cortecarezzabella.com\\\/fr\\\/#organization\"},\"potentialAction\":[{\"@type\":\"SearchAction\",\"target\":{\"@type\":\"EntryPoint\",\"urlTemplate\":\"https:\\\/\\\/www.cortecarezzabella.com\\\/fr\\\/?s={search_term_string}\"},\"query-input\":{\"@type\":\"PropertyValueSpecification\",\"valueRequired\":true,\"valueName\":\"search_term_string\"}}],\"inLanguage\":\"fr-FR\"},{\"@type\":\"Organization\",\"@id\":\"https:\\\/\\\/www.cortecarezzabella.com\\\/fr\\\/#organization\",\"name\":\"IL FRUTTETO DI SAN MARTINO S.S.\",\"url\":\"https:\\\/\\\/www.cortecarezzabella.com\\\/fr\\\/\",\"logo\":{\"@type\":\"ImageObject\",\"inLanguage\":\"fr-FR\",\"@id\":\"https:\\\/\\\/www.cortecarezzabella.com\\\/fr\\\/#\\\/schema\\\/logo\\\/image\\\/\",\"url\":\"https:\\\/\\\/www.cortecarezzabella.com\\\/wp-content\\\/uploads\\\/2020\\\/03\\\/LOGO_laBottega-posta-elttr-piccola.jpg\",\"contentUrl\":\"https:\\\/\\\/www.cortecarezzabella.com\\\/wp-content\\\/uploads\\\/2020\\\/03\\\/LOGO_laBottega-posta-elttr-piccola.jpg\",\"width\":160,\"height\":115,\"caption\":\"IL FRUTTETO DI SAN MARTINO S.S.\"},\"image\":{\"@id\":\"https:\\\/\\\/www.cortecarezzabella.com\\\/fr\\\/#\\\/schema\\\/logo\\\/image\\\/\"}}]}<\/script>\n<!-- \/ Yoast SEO plugin. -->","yoast_head_json":{"title":"Villes d'art","robots":{"index":"index","follow":"follow","max-snippet":"max-snippet:-1","max-image-preview":"max-image-preview:large","max-video-preview":"max-video-preview:-1"},"canonical":"https:\/\/www.cortecarezzabella.com\/fr\/villes-dart\/","og_locale":"fr_FR","og_type":"article","og_title":"Villes d'art","og_description":"-Villes d&#8217;art- Les villes d&#8217;art que vous pouvez visiter, au-del\u00e0 de Venise, sont: CHIOGGIA qui est l&#8217;isle avec un port tr\u00e9s fr\u00e9quent\u00e9. ici vous pouvez visiter le centre de la ville, qui est consid\u00e9r\u00e9e comme une petite Venise, les plages et le marc\u00e8 aux poissons. FERRARA o\u00f9 vous pouvez visiter le Palazzo dei Diamanti qui [&hellip;]","og_url":"https:\/\/www.cortecarezzabella.com\/fr\/villes-dart\/","og_site_name":"Corte Carezzabella","og_image":[{"url":"https:\/\/www.cortecarezzabella.com\/wp-content\/uploads\/2021\/03\/chioggia.jpg","type":"","width":"","height":""}],"twitter_card":"summary_large_image","twitter_misc":{"Est. reading time":"3 minutes"},"schema":{"@context":"https:\/\/schema.org","@graph":[{"@type":"WebPage","@id":"https:\/\/www.cortecarezzabella.com\/fr\/villes-dart\/","url":"https:\/\/www.cortecarezzabella.com\/fr\/villes-dart\/","name":"Villes d'art","isPartOf":{"@id":"https:\/\/www.cortecarezzabella.com\/fr\/#website"},"primaryImageOfPage":{"@id":"https:\/\/www.cortecarezzabella.com\/fr\/villes-dart\/#primaryimage"},"image":{"@id":"https:\/\/www.cortecarezzabella.com\/fr\/villes-dart\/#primaryimage"},"thumbnailUrl":"https:\/\/www.cortecarezzabella.com\/wp-content\/uploads\/2021\/03\/chioggia.jpg","datePublished":"2021-03-25T15:39:46+00:00","breadcrumb":{"@id":"https:\/\/www.cortecarezzabella.com\/fr\/villes-dart\/#breadcrumb"},"inLanguage":"fr-FR","potentialAction":[{"@type":"ReadAction","target":["https:\/\/www.cortecarezzabella.com\/fr\/villes-dart\/"]}]},{"@type":"ImageObject","inLanguage":"fr-FR","@id":"https:\/\/www.cortecarezzabella.com\/fr\/villes-dart\/#primaryimage","url":"https:\/\/www.cortecarezzabella.com\/wp-content\/uploads\/2021\/03\/chioggia.jpg","contentUrl":"https:\/\/www.cortecarezzabella.com\/wp-content\/uploads\/2021\/03\/chioggia.jpg"},{"@type":"BreadcrumbList","@id":"https:\/\/www.cortecarezzabella.com\/fr\/villes-dart\/#breadcrumb","itemListElement":[{"@type":"ListItem","position":1,"name":"Home","item":"https:\/\/www.cortecarezzabella.com\/fr\/"},{"@type":"ListItem","position":2,"name":"Villes d&#8217;art"}]},{"@type":"WebSite","@id":"https:\/\/www.cortecarezzabella.com\/fr\/#website","url":"https:\/\/www.cortecarezzabella.com\/fr\/","name":"Corte Carezzabella","description":"Agriturismo Corte Carezzabella","publisher":{"@id":"https:\/\/www.cortecarezzabella.com\/fr\/#organization"},"potentialAction":[{"@type":"SearchAction","target":{"@type":"EntryPoint","urlTemplate":"https:\/\/www.cortecarezzabella.com\/fr\/?s={search_term_string}"},"query-input":{"@type":"PropertyValueSpecification","valueRequired":true,"valueName":"search_term_string"}}],"inLanguage":"fr-FR"},{"@type":"Organization","@id":"https:\/\/www.cortecarezzabella.com\/fr\/#organization","name":"IL FRUTTETO DI SAN MARTINO S.S.","url":"https:\/\/www.cortecarezzabella.com\/fr\/","logo":{"@type":"ImageObject","inLanguage":"fr-FR","@id":"https:\/\/www.cortecarezzabella.com\/fr\/#\/schema\/logo\/image\/","url":"https:\/\/www.cortecarezzabella.com\/wp-content\/uploads\/2020\/03\/LOGO_laBottega-posta-elttr-piccola.jpg","contentUrl":"https:\/\/www.cortecarezzabella.com\/wp-content\/uploads\/2020\/03\/LOGO_laBottega-posta-elttr-piccola.jpg","width":160,"height":115,"caption":"IL FRUTTETO DI SAN MARTINO S.S."},"image":{"@id":"https:\/\/www.cortecarezzabella.com\/fr\/#\/schema\/logo\/image\/"}}]}},"_links":{"self":[{"href":"https:\/\/www.cortecarezzabella.com\/fr\/wp-json\/wp\/v2\/pages\/10541","targetHints":{"allow":["GET"]}}],"collection":[{"href":"https:\/\/www.cortecarezzabella.com\/fr\/wp-json\/wp\/v2\/pages"}],"about":[{"href":"https:\/\/www.cortecarezzabella.com\/fr\/wp-json\/wp\/v2\/types\/page"}],"author":[{"embeddable":true,"href":"https:\/\/www.cortecarezzabella.com\/fr\/wp-json\/wp\/v2\/users\/1"}],"replies":[{"embeddable":true,"href":"https:\/\/www.cortecarezzabella.com\/fr\/wp-json\/wp\/v2\/comments?post=10541"}],"version-history":[{"count":1,"href":"https:\/\/www.cortecarezzabella.com\/fr\/wp-json\/wp\/v2\/pages\/10541\/revisions"}],"predecessor-version":[{"id":10542,"href":"https:\/\/www.cortecarezzabella.com\/fr\/wp-json\/wp\/v2\/pages\/10541\/revisions\/10542"}],"wp:attachment":[{"href":"https:\/\/www.cortecarezzabella.com\/fr\/wp-json\/wp\/v2\/media?parent=10541"}],"curies":[{"name":"wp","href":"https:\/\/api.w.org\/{rel}","templated":true}]}}