{"id":10540,"date":"2021-03-25T16:25:32","date_gmt":"2021-03-25T15:25:32","guid":{"rendered":"https:\/\/www.cortecarezzabella.com\/tours-en-velo\/"},"modified":"2021-03-25T16:25:32","modified_gmt":"2021-03-25T15:25:32","slug":"tours-en-velo","status":"publish","type":"page","link":"https:\/\/www.cortecarezzabella.com\/fr\/tours-en-velo\/","title":{"rendered":"Tours en v\u00e9lo"},"content":{"rendered":"<h1>-Tours en v\u00e9lo-<\/h1>\n<h2>Les services<\/h2>\n<p>Corte Carezzabella se trouve dans un territoire tr\u00e8s adapt\u00e9 au cyclotourisme.<\/p>\n<p>Nous pouvons offrir des services sp\u00e9ciales :<\/p>\n<ul>\n<li><strong>endroit s\u00e9curis\u00e9 <\/strong>pour le v\u00e9lo<\/li>\n<li>petit <strong>atelier de v\u00e9los<\/strong><\/li>\n<li><strong>blanchisserie<\/strong><\/li>\n<li><strong>petit d\u00e9jeuner<\/strong><\/li>\n<\/ul>\n<h2>Itin\u00e9raires<\/h2>\n<ul>\n<li><span style=\"text-decoration: underline;\"><strong>Ciclovia dell&#8217;Adige<\/strong><\/span><\/li>\n<\/ul>\n<p><span style=\"text-decoration: underline;\"><strong><a href=\"http:\/\/www.agricycleveneto.net\/agricycleveneto\/download\/Ciclovia%20Adige%20-%20Dati%20e%20descrizione.pdf\">Consultez ici<\/a>\u00a0<\/strong><\/span>les details et t\u00e9l\u00e9chargez <a href=\"http:\/\/www.agricycleveneto.net\/agricycleveneto\/download\/Ciclovia%20Adige%20-%20Scheda%20tecnica.pdf\"><strong>ici<\/strong><\/a> le trajet!<\/p>\n<ul>\n<li>Il y a aussi un itin\u00e9raire pour d\u00e9couvrir Rovigo.\u00a0 D\u00e8couvrez l&#8217;itin\u00e9raire ici <span style=\"text-decoration: underline;\"><strong>&#8220;<a href=\"http:\/\/www.agricycleveneto.net\/agricycleveneto\/download\/Corte%20Carezzabella%20-%20A%20Rovigo%20in%20bicicletta.pdf\">A Rovigo in bicicletta<\/a>&#8220;.<\/strong><\/span><\/li>\n<li><span style=\"text-decoration: underline;\"><strong><a href=\"http:\/\/www.agricycleveneto.net\/agricycleveneto\/download\/Corte%20Carezzabella%20-%20Anello%20delle%20Praterie%20dell'Adige.pdf\">&#8220;Le praterie dell&#8217;Adige&#8221;<\/a><\/strong><\/span> pour d\u00e9couvrire la campagne.<\/li>\n<\/ul>\nngg_shortcode_0_placeholder\n<p>&nbsp;<\/p>\n<p>&nbsp;<\/p>\n<p><a title=\"Albergabici\" href=\"http:\/\/www.albergabici.it\/scheda?token=15711-agriturismo-corte-carezzabella#pk_campaign=banner&amp;pk_kwd=600x100t\"><img decoding=\"async\" src=\"http:\/\/www.albergabici.it\/banners\/87d0d9e9dedc81ea09c881b86b86bc83\/600x100.gif\" alt=\"Albergabici\" \/><\/a><\/p>\n<p><img loading=\"lazy\" decoding=\"async\" class=\"alignnone size-medium wp-image-4005\" src=\"https:\/\/www.cortecarezzabella.com\/wp-content\/uploads\/2018\/01\/logo-agriCycle-700x264.jpg\" alt=\"\" width=\"700\" height=\"264\" srcset=\"https:\/\/www.cortecarezzabella.com\/wp-content\/uploads\/2018\/01\/logo-agriCycle-700x264.jpg 700w, https:\/\/www.cortecarezzabella.com\/wp-content\/uploads\/2018\/01\/logo-agriCycle-500x188.jpg 500w, https:\/\/www.cortecarezzabella.com\/wp-content\/uploads\/2018\/01\/logo-agriCycle-768x289.jpg 768w, https:\/\/www.cortecarezzabella.com\/wp-content\/uploads\/2018\/01\/logo-agriCycle-1024x386.jpg 1024w, https:\/\/www.cortecarezzabella.com\/wp-content\/uploads\/2018\/01\/logo-agriCycle.jpg 1200w\" sizes=\"auto, (max-width: 700px) 100vw, 700px\" \/><\/p>\n","protected":false},"excerpt":{"rendered":"<p>-Tours en v\u00e9lo- Les services Corte Carezzabella se trouve dans un territoire tr\u00e8s adapt\u00e9 au cyclotourisme. Nous pouvons offrir des services sp\u00e9ciales : endroit s\u00e9curis\u00e9 pour le v\u00e9lo petit atelier de v\u00e9los blanchisserie petit d\u00e9jeuner Itin\u00e9raires Ciclovia dell&#8217;Adige Consultez ici\u00a0les details et t\u00e9l\u00e9chargez ici le trajet! Il y a aussi un itin\u00e9raire pour d\u00e9couvrir Rovigo.\u00a0 [&hellip;]<\/p>\n","protected":false},"author":1,"featured_media":0,"parent":0,"menu_order":0,"comment_status":"closed","ping_status":"closed","template":"","meta":{"_acf_changed":false,"ngg_post_thumbnail":0,"footnotes":""},"class_list":["post-10540","page","type-page","status-publish","hentry"],"acf":[],"yoast_head":"<!-- This site is optimized with the Yoast SEO plugin v27.5 - https:\/\/yoast.com\/product\/yoast-seo-wordpress\/ -->\n<title>Tours en v\u00e9lo<\/title>\n<meta name=\"robots\" content=\"index, follow, max-snippet:-1, max-image-preview:large, max-video-preview:-1\" \/>\n<link rel=\"canonical\" href=\"https:\/\/www.cortecarezzabella.com\/fr\/tours-en-velo\/\" \/>\n<meta property=\"og:locale\" content=\"fr_FR\" \/>\n<meta property=\"og:type\" content=\"article\" \/>\n<meta property=\"og:title\" content=\"Tours en v\u00e9lo\" \/>\n<meta property=\"og:description\" content=\"-Tours en v\u00e9lo- Les services Corte Carezzabella se trouve dans un territoire tr\u00e8s adapt\u00e9 au cyclotourisme. Nous pouvons offrir des services sp\u00e9ciales : endroit s\u00e9curis\u00e9 pour le v\u00e9lo petit atelier de v\u00e9los blanchisserie petit d\u00e9jeuner Itin\u00e9raires Ciclovia dell&#8217;Adige Consultez ici\u00a0les details et t\u00e9l\u00e9chargez ici le trajet! Il y a aussi un itin\u00e9raire pour d\u00e9couvrir Rovigo.\u00a0 [&hellip;]\" \/>\n<meta property=\"og:url\" content=\"https:\/\/www.cortecarezzabella.com\/fr\/tours-en-velo\/\" \/>\n<meta property=\"og:site_name\" content=\"Corte Carezzabella\" \/>\n<meta property=\"og:image\" content=\"http:\/\/www.albergabici.it\/banners\/87d0d9e9dedc81ea09c881b86b86bc83\/600x100.gif\" \/>\n<meta name=\"twitter:card\" content=\"summary_large_image\" \/>\n<meta name=\"twitter:label1\" content=\"Est. reading time\" \/>\n\t<meta name=\"twitter:data1\" content=\"1 minute\" \/>\n<script type=\"application\/ld+json\" class=\"yoast-schema-graph\">{\"@context\":\"https:\\\/\\\/schema.org\",\"@graph\":[{\"@type\":\"WebPage\",\"@id\":\"https:\\\/\\\/www.cortecarezzabella.com\\\/fr\\\/tours-en-velo\\\/\",\"url\":\"https:\\\/\\\/www.cortecarezzabella.com\\\/fr\\\/tours-en-velo\\\/\",\"name\":\"Tours en v\u00e9lo\",\"isPartOf\":{\"@id\":\"https:\\\/\\\/www.cortecarezzabella.com\\\/fr\\\/#website\"},\"primaryImageOfPage\":{\"@id\":\"https:\\\/\\\/www.cortecarezzabella.com\\\/fr\\\/tours-en-velo\\\/#primaryimage\"},\"image\":{\"@id\":\"https:\\\/\\\/www.cortecarezzabella.com\\\/fr\\\/tours-en-velo\\\/#primaryimage\"},\"thumbnailUrl\":\"http:\\\/\\\/www.albergabici.it\\\/banners\\\/87d0d9e9dedc81ea09c881b86b86bc83\\\/600x100.gif\",\"datePublished\":\"2021-03-25T15:25:32+00:00\",\"breadcrumb\":{\"@id\":\"https:\\\/\\\/www.cortecarezzabella.com\\\/fr\\\/tours-en-velo\\\/#breadcrumb\"},\"inLanguage\":\"fr-FR\",\"potentialAction\":[{\"@type\":\"ReadAction\",\"target\":[\"https:\\\/\\\/www.cortecarezzabella.com\\\/fr\\\/tours-en-velo\\\/\"]}]},{\"@type\":\"ImageObject\",\"inLanguage\":\"fr-FR\",\"@id\":\"https:\\\/\\\/www.cortecarezzabella.com\\\/fr\\\/tours-en-velo\\\/#primaryimage\",\"url\":\"http:\\\/\\\/www.albergabici.it\\\/banners\\\/87d0d9e9dedc81ea09c881b86b86bc83\\\/600x100.gif\",\"contentUrl\":\"http:\\\/\\\/www.albergabici.it\\\/banners\\\/87d0d9e9dedc81ea09c881b86b86bc83\\\/600x100.gif\"},{\"@type\":\"BreadcrumbList\",\"@id\":\"https:\\\/\\\/www.cortecarezzabella.com\\\/fr\\\/tours-en-velo\\\/#breadcrumb\",\"itemListElement\":[{\"@type\":\"ListItem\",\"position\":1,\"name\":\"Home\",\"item\":\"https:\\\/\\\/www.cortecarezzabella.com\\\/fr\\\/\"},{\"@type\":\"ListItem\",\"position\":2,\"name\":\"Tours en v\u00e9lo\"}]},{\"@type\":\"WebSite\",\"@id\":\"https:\\\/\\\/www.cortecarezzabella.com\\\/fr\\\/#website\",\"url\":\"https:\\\/\\\/www.cortecarezzabella.com\\\/fr\\\/\",\"name\":\"Corte Carezzabella\",\"description\":\"Agriturismo Corte Carezzabella\",\"publisher\":{\"@id\":\"https:\\\/\\\/www.cortecarezzabella.com\\\/fr\\\/#organization\"},\"potentialAction\":[{\"@type\":\"SearchAction\",\"target\":{\"@type\":\"EntryPoint\",\"urlTemplate\":\"https:\\\/\\\/www.cortecarezzabella.com\\\/fr\\\/?s={search_term_string}\"},\"query-input\":{\"@type\":\"PropertyValueSpecification\",\"valueRequired\":true,\"valueName\":\"search_term_string\"}}],\"inLanguage\":\"fr-FR\"},{\"@type\":\"Organization\",\"@id\":\"https:\\\/\\\/www.cortecarezzabella.com\\\/fr\\\/#organization\",\"name\":\"IL FRUTTETO DI SAN MARTINO S.S.\",\"url\":\"https:\\\/\\\/www.cortecarezzabella.com\\\/fr\\\/\",\"logo\":{\"@type\":\"ImageObject\",\"inLanguage\":\"fr-FR\",\"@id\":\"https:\\\/\\\/www.cortecarezzabella.com\\\/fr\\\/#\\\/schema\\\/logo\\\/image\\\/\",\"url\":\"https:\\\/\\\/www.cortecarezzabella.com\\\/wp-content\\\/uploads\\\/2020\\\/03\\\/LOGO_laBottega-posta-elttr-piccola.jpg\",\"contentUrl\":\"https:\\\/\\\/www.cortecarezzabella.com\\\/wp-content\\\/uploads\\\/2020\\\/03\\\/LOGO_laBottega-posta-elttr-piccola.jpg\",\"width\":160,\"height\":115,\"caption\":\"IL FRUTTETO DI SAN MARTINO S.S.\"},\"image\":{\"@id\":\"https:\\\/\\\/www.cortecarezzabella.com\\\/fr\\\/#\\\/schema\\\/logo\\\/image\\\/\"}}]}<\/script>\n<!-- \/ Yoast SEO plugin. -->","yoast_head_json":{"title":"Tours en v\u00e9lo","robots":{"index":"index","follow":"follow","max-snippet":"max-snippet:-1","max-image-preview":"max-image-preview:large","max-video-preview":"max-video-preview:-1"},"canonical":"https:\/\/www.cortecarezzabella.com\/fr\/tours-en-velo\/","og_locale":"fr_FR","og_type":"article","og_title":"Tours en v\u00e9lo","og_description":"-Tours en v\u00e9lo- Les services Corte Carezzabella se trouve dans un territoire tr\u00e8s adapt\u00e9 au cyclotourisme. Nous pouvons offrir des services sp\u00e9ciales : endroit s\u00e9curis\u00e9 pour le v\u00e9lo petit atelier de v\u00e9los blanchisserie petit d\u00e9jeuner Itin\u00e9raires Ciclovia dell&#8217;Adige Consultez ici\u00a0les details et t\u00e9l\u00e9chargez ici le trajet! Il y a aussi un itin\u00e9raire pour d\u00e9couvrir Rovigo.\u00a0 [&hellip;]","og_url":"https:\/\/www.cortecarezzabella.com\/fr\/tours-en-velo\/","og_site_name":"Corte Carezzabella","og_image":[{"url":"http:\/\/www.albergabici.it\/banners\/87d0d9e9dedc81ea09c881b86b86bc83\/600x100.gif","type":"","width":"","height":""}],"twitter_card":"summary_large_image","twitter_misc":{"Est. reading time":"1 minute"},"schema":{"@context":"https:\/\/schema.org","@graph":[{"@type":"WebPage","@id":"https:\/\/www.cortecarezzabella.com\/fr\/tours-en-velo\/","url":"https:\/\/www.cortecarezzabella.com\/fr\/tours-en-velo\/","name":"Tours en v\u00e9lo","isPartOf":{"@id":"https:\/\/www.cortecarezzabella.com\/fr\/#website"},"primaryImageOfPage":{"@id":"https:\/\/www.cortecarezzabella.com\/fr\/tours-en-velo\/#primaryimage"},"image":{"@id":"https:\/\/www.cortecarezzabella.com\/fr\/tours-en-velo\/#primaryimage"},"thumbnailUrl":"http:\/\/www.albergabici.it\/banners\/87d0d9e9dedc81ea09c881b86b86bc83\/600x100.gif","datePublished":"2021-03-25T15:25:32+00:00","breadcrumb":{"@id":"https:\/\/www.cortecarezzabella.com\/fr\/tours-en-velo\/#breadcrumb"},"inLanguage":"fr-FR","potentialAction":[{"@type":"ReadAction","target":["https:\/\/www.cortecarezzabella.com\/fr\/tours-en-velo\/"]}]},{"@type":"ImageObject","inLanguage":"fr-FR","@id":"https:\/\/www.cortecarezzabella.com\/fr\/tours-en-velo\/#primaryimage","url":"http:\/\/www.albergabici.it\/banners\/87d0d9e9dedc81ea09c881b86b86bc83\/600x100.gif","contentUrl":"http:\/\/www.albergabici.it\/banners\/87d0d9e9dedc81ea09c881b86b86bc83\/600x100.gif"},{"@type":"BreadcrumbList","@id":"https:\/\/www.cortecarezzabella.com\/fr\/tours-en-velo\/#breadcrumb","itemListElement":[{"@type":"ListItem","position":1,"name":"Home","item":"https:\/\/www.cortecarezzabella.com\/fr\/"},{"@type":"ListItem","position":2,"name":"Tours en v\u00e9lo"}]},{"@type":"WebSite","@id":"https:\/\/www.cortecarezzabella.com\/fr\/#website","url":"https:\/\/www.cortecarezzabella.com\/fr\/","name":"Corte Carezzabella","description":"Agriturismo Corte Carezzabella","publisher":{"@id":"https:\/\/www.cortecarezzabella.com\/fr\/#organization"},"potentialAction":[{"@type":"SearchAction","target":{"@type":"EntryPoint","urlTemplate":"https:\/\/www.cortecarezzabella.com\/fr\/?s={search_term_string}"},"query-input":{"@type":"PropertyValueSpecification","valueRequired":true,"valueName":"search_term_string"}}],"inLanguage":"fr-FR"},{"@type":"Organization","@id":"https:\/\/www.cortecarezzabella.com\/fr\/#organization","name":"IL FRUTTETO DI SAN MARTINO S.S.","url":"https:\/\/www.cortecarezzabella.com\/fr\/","logo":{"@type":"ImageObject","inLanguage":"fr-FR","@id":"https:\/\/www.cortecarezzabella.com\/fr\/#\/schema\/logo\/image\/","url":"https:\/\/www.cortecarezzabella.com\/wp-content\/uploads\/2020\/03\/LOGO_laBottega-posta-elttr-piccola.jpg","contentUrl":"https:\/\/www.cortecarezzabella.com\/wp-content\/uploads\/2020\/03\/LOGO_laBottega-posta-elttr-piccola.jpg","width":160,"height":115,"caption":"IL FRUTTETO DI SAN MARTINO S.S."},"image":{"@id":"https:\/\/www.cortecarezzabella.com\/fr\/#\/schema\/logo\/image\/"}}]}},"_links":{"self":[{"href":"https:\/\/www.cortecarezzabella.com\/fr\/wp-json\/wp\/v2\/pages\/10540","targetHints":{"allow":["GET"]}}],"collection":[{"href":"https:\/\/www.cortecarezzabella.com\/fr\/wp-json\/wp\/v2\/pages"}],"about":[{"href":"https:\/\/www.cortecarezzabella.com\/fr\/wp-json\/wp\/v2\/types\/page"}],"author":[{"embeddable":true,"href":"https:\/\/www.cortecarezzabella.com\/fr\/wp-json\/wp\/v2\/users\/1"}],"replies":[{"embeddable":true,"href":"https:\/\/www.cortecarezzabella.com\/fr\/wp-json\/wp\/v2\/comments?post=10540"}],"version-history":[{"count":0,"href":"https:\/\/www.cortecarezzabella.com\/fr\/wp-json\/wp\/v2\/pages\/10540\/revisions"}],"wp:attachment":[{"href":"https:\/\/www.cortecarezzabella.com\/fr\/wp-json\/wp\/v2\/media?parent=10540"}],"curies":[{"name":"wp","href":"https:\/\/api.w.org\/{rel}","templated":true}]}}