{"id":10519,"date":"2021-03-23T11:04:26","date_gmt":"2021-03-23T10:04:26","guid":{"rendered":"https:\/\/www.cortecarezzabella.com\/nos-aperitifs\/"},"modified":"2021-03-23T11:04:26","modified_gmt":"2021-03-23T10:04:26","slug":"nos-aperitifs","status":"publish","type":"page","link":"https:\/\/www.cortecarezzabella.com\/fr\/nos-aperitifs\/","title":{"rendered":"Nos aperitifs"},"content":{"rendered":"<h1 style=\"text-align: center;\">&#8211; Nos aperitifs &#8211;<\/h1>\n<p><strong>L&#8217;ap\u00e9ritif <\/strong>est un \u00e9v\u00e9nement que nous organisons pour faire d\u00e9couvrir notre r\u00e9alit\u00e9 \u00e0 tous.<\/p>\n<p>Pendant l&#8217;ap\u00e9ritif vous pouvez d\u00e9gouster nos produits et profiter de la tranquillit\u00e9 de la campagne.<\/p>\n<p>Les ap\u00e9ritifs de Corte Carezzabella sont id\u00e9aux aussi pour les enfants qui peuvent jouer en plein air.<\/p>\nngg_shortcode_0_placeholder\n<p>&nbsp;<\/p>\n<p>&nbsp;<\/p>\n","protected":false},"excerpt":{"rendered":"<p>&#8211; Nos aperitifs &#8211; L&#8217;ap\u00e9ritif est un \u00e9v\u00e9nement que nous organisons pour faire d\u00e9couvrir notre r\u00e9alit\u00e9 \u00e0 tous. Pendant l&#8217;ap\u00e9ritif vous pouvez d\u00e9gouster nos produits et profiter de la tranquillit\u00e9 de la campagne. Les ap\u00e9ritifs de Corte Carezzabella sont id\u00e9aux aussi pour les enfants qui peuvent jouer en plein air. &nbsp; &nbsp;<\/p>\n","protected":false},"author":1,"featured_media":0,"parent":0,"menu_order":0,"comment_status":"closed","ping_status":"closed","template":"","meta":{"_acf_changed":false,"ngg_post_thumbnail":0,"footnotes":""},"class_list":["post-10519","page","type-page","status-publish","hentry"],"acf":[],"yoast_head":"<!-- This site is optimized with the Yoast SEO plugin v27.5 - https:\/\/yoast.com\/product\/yoast-seo-wordpress\/ -->\n<title>Nos aperitifs<\/title>\n<meta name=\"robots\" content=\"index, follow, max-snippet:-1, max-image-preview:large, max-video-preview:-1\" \/>\n<link rel=\"canonical\" href=\"https:\/\/www.cortecarezzabella.com\/fr\/nos-aperitifs\/\" \/>\n<meta property=\"og:locale\" content=\"fr_FR\" \/>\n<meta property=\"og:type\" content=\"article\" \/>\n<meta property=\"og:title\" content=\"Nos aperitifs\" \/>\n<meta property=\"og:description\" content=\"&#8211; Nos aperitifs &#8211; L&#8217;ap\u00e9ritif est un \u00e9v\u00e9nement que nous organisons pour faire d\u00e9couvrir notre r\u00e9alit\u00e9 \u00e0 tous. Pendant l&#8217;ap\u00e9ritif vous pouvez d\u00e9gouster nos produits et profiter de la tranquillit\u00e9 de la campagne. Les ap\u00e9ritifs de Corte Carezzabella sont id\u00e9aux aussi pour les enfants qui peuvent jouer en plein air. &nbsp; &nbsp;\" \/>\n<meta property=\"og:url\" content=\"https:\/\/www.cortecarezzabella.com\/fr\/nos-aperitifs\/\" \/>\n<meta property=\"og:site_name\" content=\"Corte Carezzabella\" \/>\n<meta name=\"twitter:card\" content=\"summary_large_image\" \/>\n<meta name=\"twitter:label1\" content=\"Est. reading time\" \/>\n\t<meta name=\"twitter:data1\" content=\"1 minute\" \/>\n<script type=\"application\/ld+json\" class=\"yoast-schema-graph\">{\"@context\":\"https:\\\/\\\/schema.org\",\"@graph\":[{\"@type\":\"WebPage\",\"@id\":\"https:\\\/\\\/www.cortecarezzabella.com\\\/fr\\\/nos-aperitifs\\\/\",\"url\":\"https:\\\/\\\/www.cortecarezzabella.com\\\/fr\\\/nos-aperitifs\\\/\",\"name\":\"Nos aperitifs\",\"isPartOf\":{\"@id\":\"https:\\\/\\\/www.cortecarezzabella.com\\\/fr\\\/#website\"},\"datePublished\":\"2021-03-23T10:04:26+00:00\",\"breadcrumb\":{\"@id\":\"https:\\\/\\\/www.cortecarezzabella.com\\\/fr\\\/nos-aperitifs\\\/#breadcrumb\"},\"inLanguage\":\"fr-FR\",\"potentialAction\":[{\"@type\":\"ReadAction\",\"target\":[\"https:\\\/\\\/www.cortecarezzabella.com\\\/fr\\\/nos-aperitifs\\\/\"]}]},{\"@type\":\"BreadcrumbList\",\"@id\":\"https:\\\/\\\/www.cortecarezzabella.com\\\/fr\\\/nos-aperitifs\\\/#breadcrumb\",\"itemListElement\":[{\"@type\":\"ListItem\",\"position\":1,\"name\":\"Home\",\"item\":\"https:\\\/\\\/www.cortecarezzabella.com\\\/fr\\\/\"},{\"@type\":\"ListItem\",\"position\":2,\"name\":\"Nos aperitifs\"}]},{\"@type\":\"WebSite\",\"@id\":\"https:\\\/\\\/www.cortecarezzabella.com\\\/fr\\\/#website\",\"url\":\"https:\\\/\\\/www.cortecarezzabella.com\\\/fr\\\/\",\"name\":\"Corte Carezzabella\",\"description\":\"Agriturismo Corte Carezzabella\",\"publisher\":{\"@id\":\"https:\\\/\\\/www.cortecarezzabella.com\\\/fr\\\/#organization\"},\"potentialAction\":[{\"@type\":\"SearchAction\",\"target\":{\"@type\":\"EntryPoint\",\"urlTemplate\":\"https:\\\/\\\/www.cortecarezzabella.com\\\/fr\\\/?s={search_term_string}\"},\"query-input\":{\"@type\":\"PropertyValueSpecification\",\"valueRequired\":true,\"valueName\":\"search_term_string\"}}],\"inLanguage\":\"fr-FR\"},{\"@type\":\"Organization\",\"@id\":\"https:\\\/\\\/www.cortecarezzabella.com\\\/fr\\\/#organization\",\"name\":\"IL FRUTTETO DI SAN MARTINO S.S.\",\"url\":\"https:\\\/\\\/www.cortecarezzabella.com\\\/fr\\\/\",\"logo\":{\"@type\":\"ImageObject\",\"inLanguage\":\"fr-FR\",\"@id\":\"https:\\\/\\\/www.cortecarezzabella.com\\\/fr\\\/#\\\/schema\\\/logo\\\/image\\\/\",\"url\":\"https:\\\/\\\/www.cortecarezzabella.com\\\/wp-content\\\/uploads\\\/2020\\\/03\\\/LOGO_laBottega-posta-elttr-piccola.jpg\",\"contentUrl\":\"https:\\\/\\\/www.cortecarezzabella.com\\\/wp-content\\\/uploads\\\/2020\\\/03\\\/LOGO_laBottega-posta-elttr-piccola.jpg\",\"width\":160,\"height\":115,\"caption\":\"IL FRUTTETO DI SAN MARTINO S.S.\"},\"image\":{\"@id\":\"https:\\\/\\\/www.cortecarezzabella.com\\\/fr\\\/#\\\/schema\\\/logo\\\/image\\\/\"}}]}<\/script>\n<!-- \/ Yoast SEO plugin. -->","yoast_head_json":{"title":"Nos aperitifs","robots":{"index":"index","follow":"follow","max-snippet":"max-snippet:-1","max-image-preview":"max-image-preview:large","max-video-preview":"max-video-preview:-1"},"canonical":"https:\/\/www.cortecarezzabella.com\/fr\/nos-aperitifs\/","og_locale":"fr_FR","og_type":"article","og_title":"Nos aperitifs","og_description":"&#8211; Nos aperitifs &#8211; L&#8217;ap\u00e9ritif est un \u00e9v\u00e9nement que nous organisons pour faire d\u00e9couvrir notre r\u00e9alit\u00e9 \u00e0 tous. Pendant l&#8217;ap\u00e9ritif vous pouvez d\u00e9gouster nos produits et profiter de la tranquillit\u00e9 de la campagne. Les ap\u00e9ritifs de Corte Carezzabella sont id\u00e9aux aussi pour les enfants qui peuvent jouer en plein air. &nbsp; &nbsp;","og_url":"https:\/\/www.cortecarezzabella.com\/fr\/nos-aperitifs\/","og_site_name":"Corte Carezzabella","twitter_card":"summary_large_image","twitter_misc":{"Est. reading time":"1 minute"},"schema":{"@context":"https:\/\/schema.org","@graph":[{"@type":"WebPage","@id":"https:\/\/www.cortecarezzabella.com\/fr\/nos-aperitifs\/","url":"https:\/\/www.cortecarezzabella.com\/fr\/nos-aperitifs\/","name":"Nos aperitifs","isPartOf":{"@id":"https:\/\/www.cortecarezzabella.com\/fr\/#website"},"datePublished":"2021-03-23T10:04:26+00:00","breadcrumb":{"@id":"https:\/\/www.cortecarezzabella.com\/fr\/nos-aperitifs\/#breadcrumb"},"inLanguage":"fr-FR","potentialAction":[{"@type":"ReadAction","target":["https:\/\/www.cortecarezzabella.com\/fr\/nos-aperitifs\/"]}]},{"@type":"BreadcrumbList","@id":"https:\/\/www.cortecarezzabella.com\/fr\/nos-aperitifs\/#breadcrumb","itemListElement":[{"@type":"ListItem","position":1,"name":"Home","item":"https:\/\/www.cortecarezzabella.com\/fr\/"},{"@type":"ListItem","position":2,"name":"Nos aperitifs"}]},{"@type":"WebSite","@id":"https:\/\/www.cortecarezzabella.com\/fr\/#website","url":"https:\/\/www.cortecarezzabella.com\/fr\/","name":"Corte Carezzabella","description":"Agriturismo Corte Carezzabella","publisher":{"@id":"https:\/\/www.cortecarezzabella.com\/fr\/#organization"},"potentialAction":[{"@type":"SearchAction","target":{"@type":"EntryPoint","urlTemplate":"https:\/\/www.cortecarezzabella.com\/fr\/?s={search_term_string}"},"query-input":{"@type":"PropertyValueSpecification","valueRequired":true,"valueName":"search_term_string"}}],"inLanguage":"fr-FR"},{"@type":"Organization","@id":"https:\/\/www.cortecarezzabella.com\/fr\/#organization","name":"IL FRUTTETO DI SAN MARTINO S.S.","url":"https:\/\/www.cortecarezzabella.com\/fr\/","logo":{"@type":"ImageObject","inLanguage":"fr-FR","@id":"https:\/\/www.cortecarezzabella.com\/fr\/#\/schema\/logo\/image\/","url":"https:\/\/www.cortecarezzabella.com\/wp-content\/uploads\/2020\/03\/LOGO_laBottega-posta-elttr-piccola.jpg","contentUrl":"https:\/\/www.cortecarezzabella.com\/wp-content\/uploads\/2020\/03\/LOGO_laBottega-posta-elttr-piccola.jpg","width":160,"height":115,"caption":"IL FRUTTETO DI SAN MARTINO S.S."},"image":{"@id":"https:\/\/www.cortecarezzabella.com\/fr\/#\/schema\/logo\/image\/"}}]}},"_links":{"self":[{"href":"https:\/\/www.cortecarezzabella.com\/fr\/wp-json\/wp\/v2\/pages\/10519","targetHints":{"allow":["GET"]}}],"collection":[{"href":"https:\/\/www.cortecarezzabella.com\/fr\/wp-json\/wp\/v2\/pages"}],"about":[{"href":"https:\/\/www.cortecarezzabella.com\/fr\/wp-json\/wp\/v2\/types\/page"}],"author":[{"embeddable":true,"href":"https:\/\/www.cortecarezzabella.com\/fr\/wp-json\/wp\/v2\/users\/1"}],"replies":[{"embeddable":true,"href":"https:\/\/www.cortecarezzabella.com\/fr\/wp-json\/wp\/v2\/comments?post=10519"}],"version-history":[{"count":0,"href":"https:\/\/www.cortecarezzabella.com\/fr\/wp-json\/wp\/v2\/pages\/10519\/revisions"}],"wp:attachment":[{"href":"https:\/\/www.cortecarezzabella.com\/fr\/wp-json\/wp\/v2\/media?parent=10519"}],"curies":[{"name":"wp","href":"https:\/\/api.w.org\/{rel}","templated":true}]}}