{"id":10954,"date":"2021-06-30T12:25:32","date_gmt":"2021-06-30T10:25:32","guid":{"rendered":"https:\/\/www.cortecarezzabella.com\/?post_type=product&#038;p=10954"},"modified":"2026-01-13T20:08:20","modified_gmt":"2026-01-13T19:08:20","slug":"turchetta-2021","status":"publish","type":"product","link":"https:\/\/www.cortecarezzabella.com\/en\/shop\/turchetta-2021\/","title":{"rendered":"Turchetta Veneto Igt &#8211; Biologico 21"},"content":{"rendered":"<p>Prova il vino veneto pi\u00f9 autentico.<\/p>\n<p>Turchetta Biologico in una versione gustosa e ben bilanciata.<\/p>\n","protected":false},"excerpt":{"rendered":"<p>La turchetta \u00e8 una variet\u00e0 di uva locale che abbiamo molto a cuore.<\/p>\n<p>Questo vino \u00e8 una versione gustosa e ben bilanciata, dagli aromi fruttati di mora di rovo con cenni di fogliame.<\/p>\n<p>Al naso sono frutti a bacca scura con una leggera nota di spezie e cacao.<\/p>\n<p>In bocca persiste e avvolge, il corpo intrigante e la buona tannicit\u00e0 ne fanno un vino adatto all\u2019invecchiamento.<\/p>\n<p>Siamo i primi produttori di vini del Polesine dopo anni, ad essere presenti nella prestigiosa guida&nbsp;<strong>Vinetia<\/strong>, il portale web seguito dall\u2019associazione Italiana sommelier Veneto, dove prende forma la comunicazione enogastronomica del territorio regionale secondo l\u2019interpretazione della Sommelerie veneta.<\/p>\n<p>Alla degustazione il nostro Turchetta Bio ha ricevuto 3 rosoni su 4.<\/p>\n<p>Siamo molto orgogliosi di questo riconoscimento, certi di aver intrapreso il giusto percorso.<\/p>\n<p>Qualche Idea sull&#8217;abbinamento?<\/p>\n<p>soppressa e salumi nostrani, sottaceti e salame, brasati, tagliata, filetto di carne.<\/p>\n<p>13,5 % VOL<\/p>\n<p>SOLFOROSA TOTALE&nbsp; 63mg\/lt<\/p>\n","protected":false},"featured_media":11582,"comment_status":"closed","ping_status":"closed","template":"","meta":{"_acf_changed":false,"ngg_post_thumbnail":0},"product_brand":[],"product_cat":[26],"product_tag":[],"class_list":{"0":"post-10954","1":"product","2":"type-product","3":"status-publish","4":"has-post-thumbnail","6":"product_cat-vino-del-polesine","8":"first","9":"instock","10":"taxable","11":"shipping-taxable","12":"purchasable","13":"product-type-simple"},"acf":[],"yoast_head":"<!-- This site is optimized with the Yoast SEO plugin v27.4 - https:\/\/yoast.com\/product\/yoast-seo-wordpress\/ -->\n<title>Turchetta Veneto Igt - Biologico 21 &#187; Corte Carezzabella<\/title>\n<meta name=\"robots\" content=\"index, follow, max-snippet:-1, max-image-preview:large, max-video-preview:-1\" \/>\n<link rel=\"canonical\" href=\"https:\/\/www.cortecarezzabella.com\/en\/shop\/turchetta-2021\/\" \/>\n<meta property=\"og:locale\" content=\"en_US\" \/>\n<meta property=\"og:type\" content=\"article\" \/>\n<meta property=\"og:title\" content=\"Turchetta Veneto Igt - Biologico 21 &#187; Corte Carezzabella\" \/>\n<meta property=\"og:description\" content=\"La turchetta \u00e8 una variet\u00e0 di uva locale che abbiamo molto a cuore.  Questo vino \u00e8 una versione gustosa e ben bilanciata, dagli aromi fruttati di mora di rovo con cenni di fogliame.  Al naso sono frutti a bacca scura con una leggera nota di spezie e cacao.  In bocca persiste e avvolge, il corpo intrigante e la buona tannicit\u00e0 ne fanno un vino adatto all\u2019invecchiamento.  Siamo i primi produttori di vini del Polesine dopo anni, ad essere presenti nella prestigiosa guida&nbsp;Vinetia, il portale web seguito dall\u2019associazione Italiana sommelier Veneto, dove prende forma la comunicazione enogastronomica del territorio regionale secondo l\u2019interpretazione della Sommelerie veneta.  Alla degustazione il nostro Turchetta Bio ha ricevuto 3 rosoni su 4.  Siamo molto orgogliosi di questo riconoscimento, certi di aver intrapreso il giusto percorso.  Qualche Idea sull&#039;abbinamento?  soppressa e salumi nostrani, sottaceti e salame, brasati, tagliata, filetto di carne.  13,5 % VOL  SOLFOROSA TOTALE&nbsp; 63mg\/lt\" \/>\n<meta property=\"og:url\" content=\"https:\/\/www.cortecarezzabella.com\/en\/shop\/turchetta-2021\/\" \/>\n<meta property=\"og:site_name\" content=\"Corte Carezzabella\" \/>\n<meta property=\"article:modified_time\" content=\"2026-01-13T19:08:20+00:00\" \/>\n<meta property=\"og:image\" content=\"https:\/\/www.cortecarezzabella.com\/wp-content\/uploads\/2021\/06\/DSC_0019-scaled.jpg\" \/>\n\t<meta property=\"og:image:width\" content=\"2560\" \/>\n\t<meta property=\"og:image:height\" content=\"2560\" \/>\n\t<meta property=\"og:image:type\" content=\"image\/jpeg\" \/>\n<meta name=\"twitter:card\" content=\"summary_large_image\" \/>\n<meta name=\"twitter:label1\" content=\"Est. reading time\" \/>\n\t<meta name=\"twitter:data1\" content=\"1 minute\" \/>\n<script type=\"application\/ld+json\" class=\"yoast-schema-graph\">{\"@context\":\"https:\\\/\\\/schema.org\",\"@graph\":[{\"@type\":\"WebPage\",\"@id\":\"https:\\\/\\\/www.cortecarezzabella.com\\\/en\\\/shop\\\/turchetta-2021\\\/\",\"url\":\"https:\\\/\\\/www.cortecarezzabella.com\\\/en\\\/shop\\\/turchetta-2021\\\/\",\"name\":\"Turchetta Veneto Igt - Biologico 21 &#187; Corte Carezzabella\",\"isPartOf\":{\"@id\":\"https:\\\/\\\/www.cortecarezzabella.com\\\/en\\\/#website\"},\"primaryImageOfPage\":{\"@id\":\"https:\\\/\\\/www.cortecarezzabella.com\\\/en\\\/shop\\\/turchetta-2021\\\/#primaryimage\"},\"image\":{\"@id\":\"https:\\\/\\\/www.cortecarezzabella.com\\\/en\\\/shop\\\/turchetta-2021\\\/#primaryimage\"},\"thumbnailUrl\":\"https:\\\/\\\/www.cortecarezzabella.com\\\/wp-content\\\/uploads\\\/2021\\\/06\\\/DSC_0019-scaled.jpg\",\"datePublished\":\"2021-06-30T10:25:32+00:00\",\"dateModified\":\"2026-01-13T19:08:20+00:00\",\"breadcrumb\":{\"@id\":\"https:\\\/\\\/www.cortecarezzabella.com\\\/en\\\/shop\\\/turchetta-2021\\\/#breadcrumb\"},\"inLanguage\":\"en-US\",\"potentialAction\":[{\"@type\":\"ReadAction\",\"target\":[\"https:\\\/\\\/www.cortecarezzabella.com\\\/en\\\/shop\\\/turchetta-2021\\\/\"]}]},{\"@type\":\"ImageObject\",\"inLanguage\":\"en-US\",\"@id\":\"https:\\\/\\\/www.cortecarezzabella.com\\\/en\\\/shop\\\/turchetta-2021\\\/#primaryimage\",\"url\":\"https:\\\/\\\/www.cortecarezzabella.com\\\/wp-content\\\/uploads\\\/2021\\\/06\\\/DSC_0019-scaled.jpg\",\"contentUrl\":\"https:\\\/\\\/www.cortecarezzabella.com\\\/wp-content\\\/uploads\\\/2021\\\/06\\\/DSC_0019-scaled.jpg\",\"width\":2560,\"height\":2560},{\"@type\":\"BreadcrumbList\",\"@id\":\"https:\\\/\\\/www.cortecarezzabella.com\\\/en\\\/shop\\\/turchetta-2021\\\/#breadcrumb\",\"itemListElement\":[{\"@type\":\"ListItem\",\"position\":1,\"name\":\"Home\",\"item\":\"https:\\\/\\\/www.cortecarezzabella.com\\\/en\\\/\"},{\"@type\":\"ListItem\",\"position\":2,\"name\":\"Shop online\",\"item\":\"https:\\\/\\\/www.cortecarezzabella.com\\\/en\\\/negozio\\\/\"},{\"@type\":\"ListItem\",\"position\":3,\"name\":\"Corte Carezzabella Wines\",\"item\":\"https:\\\/\\\/www.cortecarezzabella.com\\\/en\\\/categoria\\\/wines-corte-carezzabella\\\/\"},{\"@type\":\"ListItem\",\"position\":4,\"name\":\"Turchetta Veneto Igt &#8211; Biologico 21\"}]},{\"@type\":\"WebSite\",\"@id\":\"https:\\\/\\\/www.cortecarezzabella.com\\\/en\\\/#website\",\"url\":\"https:\\\/\\\/www.cortecarezzabella.com\\\/en\\\/\",\"name\":\"Corte Carezzabella\",\"description\":\"Agriturismo Corte Carezzabella\",\"publisher\":{\"@id\":\"https:\\\/\\\/www.cortecarezzabella.com\\\/en\\\/#organization\"},\"potentialAction\":[{\"@type\":\"SearchAction\",\"target\":{\"@type\":\"EntryPoint\",\"urlTemplate\":\"https:\\\/\\\/www.cortecarezzabella.com\\\/en\\\/?s={search_term_string}\"},\"query-input\":{\"@type\":\"PropertyValueSpecification\",\"valueRequired\":true,\"valueName\":\"search_term_string\"}}],\"inLanguage\":\"en-US\"},{\"@type\":\"Organization\",\"@id\":\"https:\\\/\\\/www.cortecarezzabella.com\\\/en\\\/#organization\",\"name\":\"IL FRUTTETO DI SAN MARTINO S.S.\",\"url\":\"https:\\\/\\\/www.cortecarezzabella.com\\\/en\\\/\",\"logo\":{\"@type\":\"ImageObject\",\"inLanguage\":\"en-US\",\"@id\":\"https:\\\/\\\/www.cortecarezzabella.com\\\/en\\\/#\\\/schema\\\/logo\\\/image\\\/\",\"url\":\"https:\\\/\\\/www.cortecarezzabella.com\\\/wp-content\\\/uploads\\\/2020\\\/03\\\/LOGO_laBottega-posta-elttr-piccola.jpg\",\"contentUrl\":\"https:\\\/\\\/www.cortecarezzabella.com\\\/wp-content\\\/uploads\\\/2020\\\/03\\\/LOGO_laBottega-posta-elttr-piccola.jpg\",\"width\":160,\"height\":115,\"caption\":\"IL FRUTTETO DI SAN MARTINO S.S.\"},\"image\":{\"@id\":\"https:\\\/\\\/www.cortecarezzabella.com\\\/en\\\/#\\\/schema\\\/logo\\\/image\\\/\"}}]}<\/script>\n<!-- \/ Yoast SEO plugin. -->","yoast_head_json":{"title":"Turchetta Veneto Igt - Biologico 21 &#187; Corte Carezzabella","robots":{"index":"index","follow":"follow","max-snippet":"max-snippet:-1","max-image-preview":"max-image-preview:large","max-video-preview":"max-video-preview:-1"},"canonical":"https:\/\/www.cortecarezzabella.com\/en\/shop\/turchetta-2021\/","og_locale":"en_US","og_type":"article","og_title":"Turchetta Veneto Igt - Biologico 21 &#187; Corte Carezzabella","og_description":"La turchetta \u00e8 una variet\u00e0 di uva locale che abbiamo molto a cuore.  Questo vino \u00e8 una versione gustosa e ben bilanciata, dagli aromi fruttati di mora di rovo con cenni di fogliame.  Al naso sono frutti a bacca scura con una leggera nota di spezie e cacao.  In bocca persiste e avvolge, il corpo intrigante e la buona tannicit\u00e0 ne fanno un vino adatto all\u2019invecchiamento.  Siamo i primi produttori di vini del Polesine dopo anni, ad essere presenti nella prestigiosa guida&nbsp;Vinetia, il portale web seguito dall\u2019associazione Italiana sommelier Veneto, dove prende forma la comunicazione enogastronomica del territorio regionale secondo l\u2019interpretazione della Sommelerie veneta.  Alla degustazione il nostro Turchetta Bio ha ricevuto 3 rosoni su 4.  Siamo molto orgogliosi di questo riconoscimento, certi di aver intrapreso il giusto percorso.  Qualche Idea sull'abbinamento?  soppressa e salumi nostrani, sottaceti e salame, brasati, tagliata, filetto di carne.  13,5 % VOL  SOLFOROSA TOTALE&nbsp; 63mg\/lt","og_url":"https:\/\/www.cortecarezzabella.com\/en\/shop\/turchetta-2021\/","og_site_name":"Corte Carezzabella","article_modified_time":"2026-01-13T19:08:20+00:00","og_image":[{"width":2560,"height":2560,"url":"https:\/\/www.cortecarezzabella.com\/wp-content\/uploads\/2021\/06\/DSC_0019-scaled.jpg","type":"image\/jpeg"}],"twitter_card":"summary_large_image","twitter_misc":{"Est. reading time":"1 minute"},"schema":{"@context":"https:\/\/schema.org","@graph":[{"@type":"WebPage","@id":"https:\/\/www.cortecarezzabella.com\/en\/shop\/turchetta-2021\/","url":"https:\/\/www.cortecarezzabella.com\/en\/shop\/turchetta-2021\/","name":"Turchetta Veneto Igt - Biologico 21 &#187; Corte Carezzabella","isPartOf":{"@id":"https:\/\/www.cortecarezzabella.com\/en\/#website"},"primaryImageOfPage":{"@id":"https:\/\/www.cortecarezzabella.com\/en\/shop\/turchetta-2021\/#primaryimage"},"image":{"@id":"https:\/\/www.cortecarezzabella.com\/en\/shop\/turchetta-2021\/#primaryimage"},"thumbnailUrl":"https:\/\/www.cortecarezzabella.com\/wp-content\/uploads\/2021\/06\/DSC_0019-scaled.jpg","datePublished":"2021-06-30T10:25:32+00:00","dateModified":"2026-01-13T19:08:20+00:00","breadcrumb":{"@id":"https:\/\/www.cortecarezzabella.com\/en\/shop\/turchetta-2021\/#breadcrumb"},"inLanguage":"en-US","potentialAction":[{"@type":"ReadAction","target":["https:\/\/www.cortecarezzabella.com\/en\/shop\/turchetta-2021\/"]}]},{"@type":"ImageObject","inLanguage":"en-US","@id":"https:\/\/www.cortecarezzabella.com\/en\/shop\/turchetta-2021\/#primaryimage","url":"https:\/\/www.cortecarezzabella.com\/wp-content\/uploads\/2021\/06\/DSC_0019-scaled.jpg","contentUrl":"https:\/\/www.cortecarezzabella.com\/wp-content\/uploads\/2021\/06\/DSC_0019-scaled.jpg","width":2560,"height":2560},{"@type":"BreadcrumbList","@id":"https:\/\/www.cortecarezzabella.com\/en\/shop\/turchetta-2021\/#breadcrumb","itemListElement":[{"@type":"ListItem","position":1,"name":"Home","item":"https:\/\/www.cortecarezzabella.com\/en\/"},{"@type":"ListItem","position":2,"name":"Shop online","item":"https:\/\/www.cortecarezzabella.com\/en\/negozio\/"},{"@type":"ListItem","position":3,"name":"Corte Carezzabella Wines","item":"https:\/\/www.cortecarezzabella.com\/en\/categoria\/wines-corte-carezzabella\/"},{"@type":"ListItem","position":4,"name":"Turchetta Veneto Igt &#8211; Biologico 21"}]},{"@type":"WebSite","@id":"https:\/\/www.cortecarezzabella.com\/en\/#website","url":"https:\/\/www.cortecarezzabella.com\/en\/","name":"Corte Carezzabella","description":"Agriturismo Corte Carezzabella","publisher":{"@id":"https:\/\/www.cortecarezzabella.com\/en\/#organization"},"potentialAction":[{"@type":"SearchAction","target":{"@type":"EntryPoint","urlTemplate":"https:\/\/www.cortecarezzabella.com\/en\/?s={search_term_string}"},"query-input":{"@type":"PropertyValueSpecification","valueRequired":true,"valueName":"search_term_string"}}],"inLanguage":"en-US"},{"@type":"Organization","@id":"https:\/\/www.cortecarezzabella.com\/en\/#organization","name":"IL FRUTTETO DI SAN MARTINO S.S.","url":"https:\/\/www.cortecarezzabella.com\/en\/","logo":{"@type":"ImageObject","inLanguage":"en-US","@id":"https:\/\/www.cortecarezzabella.com\/en\/#\/schema\/logo\/image\/","url":"https:\/\/www.cortecarezzabella.com\/wp-content\/uploads\/2020\/03\/LOGO_laBottega-posta-elttr-piccola.jpg","contentUrl":"https:\/\/www.cortecarezzabella.com\/wp-content\/uploads\/2020\/03\/LOGO_laBottega-posta-elttr-piccola.jpg","width":160,"height":115,"caption":"IL FRUTTETO DI SAN MARTINO S.S."},"image":{"@id":"https:\/\/www.cortecarezzabella.com\/en\/#\/schema\/logo\/image\/"}}]}},"_links":{"self":[{"href":"https:\/\/www.cortecarezzabella.com\/en\/wp-json\/wp\/v2\/product\/10954","targetHints":{"allow":["GET"]}}],"collection":[{"href":"https:\/\/www.cortecarezzabella.com\/en\/wp-json\/wp\/v2\/product"}],"about":[{"href":"https:\/\/www.cortecarezzabella.com\/en\/wp-json\/wp\/v2\/types\/product"}],"replies":[{"embeddable":true,"href":"https:\/\/www.cortecarezzabella.com\/en\/wp-json\/wp\/v2\/comments?post=10954"}],"wp:featuredmedia":[{"embeddable":true,"href":"https:\/\/www.cortecarezzabella.com\/en\/wp-json\/wp\/v2\/media\/11582"}],"wp:attachment":[{"href":"https:\/\/www.cortecarezzabella.com\/en\/wp-json\/wp\/v2\/media?parent=10954"}],"wp:term":[{"taxonomy":"product_brand","embeddable":true,"href":"https:\/\/www.cortecarezzabella.com\/en\/wp-json\/wp\/v2\/product_brand?post=10954"},{"taxonomy":"product_cat","embeddable":true,"href":"https:\/\/www.cortecarezzabella.com\/en\/wp-json\/wp\/v2\/product_cat?post=10954"},{"taxonomy":"product_tag","embeddable":true,"href":"https:\/\/www.cortecarezzabella.com\/en\/wp-json\/wp\/v2\/product_tag?post=10954"}],"curies":[{"name":"wp","href":"https:\/\/api.w.org\/{rel}","templated":true}]}}