{"id":2994,"date":"2017-09-14T16:08:30","date_gmt":"2017-09-14T14:08:30","guid":{"rendered":"https:\/\/www.cortecarezzabella.com\/?post_type=product&#038;p=2994\/"},"modified":"2026-04-26T15:59:49","modified_gmt":"2026-04-26T13:59:49","slug":"passata-pomodoro-biologico-confezione-10-lt","status":"publish","type":"product","link":"https:\/\/www.cortecarezzabella.com\/de\/shop\/passata-pomodoro-biologico-confezione-10-lt\/","title":{"rendered":"Polpa di Pomodoro SiTomato \u00ae &#8211; 370g"},"content":{"rendered":"<p>Polpa di pomodoro pronta all&#8217;uso.<\/p>\n<p>Assaggia la nostra polpa sia cruda che cotta e gusta la freschezza dei nostri prodotti assaporando gli aromi vegetali della nostra terra<\/p>\n<p>&nbsp;<\/p>\n","protected":false},"excerpt":{"rendered":"<p><strong>S\u00ectomato \u00ae&nbsp;<\/strong> \u00e8 la polpa di pomodoro di Corte Carezzabella.<\/p>\n<p>E&#8217; prodotta all&#8217;interno del laboratorio della nostra azienda agricola a poche ore dalla raccolta dei pomodori.<\/p>\n<p>Conserva un gusto incredibilmente ricco e naturale grazie alla tecnica di<strong> cottura a bassa temperatura<\/strong> e in condizioni di vuoto statico che preservano il <strong>colore rosso brillante<\/strong> e le <strong>propriet\u00e0 organolettiche<\/strong> del pomodoro fresco.<\/p>\n<p>Anche il gusto e la sapidit\u00e0 naturale del pomodoro vengono rispettati e infatti la percentuale di sale aggiunto \u00e8 davvero minima, circa uno 0.03%.<\/p>\n<p>S\u00ectomato \u00e8 quindi considerabile al tempo stesso una <strong>passata naturale<\/strong> ma anche un <strong>sugo pronto<\/strong>, da gustare cos\u00ec com&#8217;\u00e8.<\/p>\n<p>&nbsp;<\/p>\n<p>&#8230; Buona da diventare matti!<\/p>\n<p>&nbsp;<\/p>\n<p>Vaso da 370g<\/p>\n<p>Ingredienti: pomodoro, sale ( 0,03%)<\/p>\n","protected":false},"featured_media":9823,"comment_status":"open","ping_status":"closed","template":"","meta":{"_acf_changed":false,"ngg_post_thumbnail":0},"product_brand":[],"product_cat":[24],"product_tag":[],"class_list":{"0":"post-2994","1":"product","2":"type-product","3":"status-publish","4":"has-post-thumbnail","6":"product_cat-sitomato-biologico","8":"first","9":"instock","10":"taxable","11":"shipping-taxable","12":"purchasable","13":"product-type-simple"},"acf":[],"yoast_head":"<!-- This site is optimized with the Yoast SEO plugin v27.5 - https:\/\/yoast.com\/product\/yoast-seo-wordpress\/ -->\n<title>Polpa di Pomodoro SiTomato \u00ae - 370g &#187; Corte Carezzabella<\/title>\n<meta name=\"robots\" content=\"index, follow, max-snippet:-1, max-image-preview:large, max-video-preview:-1\" \/>\n<link rel=\"canonical\" href=\"https:\/\/www.cortecarezzabella.com\/de\/shop\/passata-pomodoro-biologico-confezione-10-lt\/\" \/>\n<meta property=\"og:locale\" content=\"de_DE\" \/>\n<meta property=\"og:type\" content=\"article\" \/>\n<meta property=\"og:title\" content=\"Polpa di Pomodoro SiTomato \u00ae - 370g &#187; Corte Carezzabella\" \/>\n<meta property=\"og:description\" content=\"S\u00ectomato \u00ae&nbsp; \u00e8 la polpa di pomodoro di Corte Carezzabella.  E&#039; prodotta all&#039;interno del laboratorio della nostra azienda agricola a poche ore dalla raccolta dei pomodori.  Conserva un gusto incredibilmente ricco e naturale grazie alla tecnica di cottura a bassa temperatura e in condizioni di vuoto statico che preservano il colore rosso brillante e le propriet\u00e0 organolettiche del pomodoro fresco.  Anche il gusto e la sapidit\u00e0 naturale del pomodoro vengono rispettati e infatti la percentuale di sale aggiunto \u00e8 davvero minima, circa uno 0.03%.  S\u00ectomato \u00e8 quindi considerabile al tempo stesso una passata naturale ma anche un sugo pronto, da gustare cos\u00ec com&#039;\u00e8.  &nbsp;  ... Buona da diventare matti!  &nbsp;  Vaso da 370g  Ingredienti: pomodoro, sale ( 0,03%)\" \/>\n<meta property=\"og:url\" content=\"https:\/\/www.cortecarezzabella.com\/de\/shop\/passata-pomodoro-biologico-confezione-10-lt\/\" \/>\n<meta property=\"og:site_name\" content=\"Corte Carezzabella\" \/>\n<meta property=\"article:modified_time\" content=\"2026-04-26T13:59:49+00:00\" \/>\n<meta property=\"og:image\" content=\"https:\/\/www.cortecarezzabella.com\/wp-content\/uploads\/2020\/04\/750_2652-scaled.jpg\" \/>\n\t<meta property=\"og:image:width\" content=\"1709\" \/>\n\t<meta property=\"og:image:height\" content=\"2560\" \/>\n\t<meta property=\"og:image:type\" content=\"image\/jpeg\" \/>\n<meta name=\"twitter:card\" content=\"summary_large_image\" \/>\n<meta name=\"twitter:label1\" content=\"Est. reading time\" \/>\n\t<meta name=\"twitter:data1\" content=\"1 minute\" \/>\n<script type=\"application\/ld+json\" class=\"yoast-schema-graph\">{\"@context\":\"https:\\\/\\\/schema.org\",\"@graph\":[{\"@type\":\"WebPage\",\"@id\":\"https:\\\/\\\/www.cortecarezzabella.com\\\/de\\\/shop\\\/passata-pomodoro-biologico-confezione-10-lt\\\/\",\"url\":\"https:\\\/\\\/www.cortecarezzabella.com\\\/de\\\/shop\\\/passata-pomodoro-biologico-confezione-10-lt\\\/\",\"name\":\"Polpa di Pomodoro SiTomato \u00ae - 370g &#187; Corte Carezzabella\",\"isPartOf\":{\"@id\":\"https:\\\/\\\/www.cortecarezzabella.com\\\/de\\\/#website\"},\"primaryImageOfPage\":{\"@id\":\"https:\\\/\\\/www.cortecarezzabella.com\\\/de\\\/shop\\\/passata-pomodoro-biologico-confezione-10-lt\\\/#primaryimage\"},\"image\":{\"@id\":\"https:\\\/\\\/www.cortecarezzabella.com\\\/de\\\/shop\\\/passata-pomodoro-biologico-confezione-10-lt\\\/#primaryimage\"},\"thumbnailUrl\":\"https:\\\/\\\/www.cortecarezzabella.com\\\/wp-content\\\/uploads\\\/2020\\\/04\\\/750_2652-scaled.jpg\",\"datePublished\":\"2017-09-14T14:08:30+00:00\",\"dateModified\":\"2026-04-26T13:59:49+00:00\",\"breadcrumb\":{\"@id\":\"https:\\\/\\\/www.cortecarezzabella.com\\\/de\\\/shop\\\/passata-pomodoro-biologico-confezione-10-lt\\\/#breadcrumb\"},\"inLanguage\":\"de-DE\",\"potentialAction\":[{\"@type\":\"ReadAction\",\"target\":[\"https:\\\/\\\/www.cortecarezzabella.com\\\/de\\\/shop\\\/passata-pomodoro-biologico-confezione-10-lt\\\/\"]}]},{\"@type\":\"ImageObject\",\"inLanguage\":\"de-DE\",\"@id\":\"https:\\\/\\\/www.cortecarezzabella.com\\\/de\\\/shop\\\/passata-pomodoro-biologico-confezione-10-lt\\\/#primaryimage\",\"url\":\"https:\\\/\\\/www.cortecarezzabella.com\\\/wp-content\\\/uploads\\\/2020\\\/04\\\/750_2652-scaled.jpg\",\"contentUrl\":\"https:\\\/\\\/www.cortecarezzabella.com\\\/wp-content\\\/uploads\\\/2020\\\/04\\\/750_2652-scaled.jpg\",\"width\":1709,\"height\":2560},{\"@type\":\"BreadcrumbList\",\"@id\":\"https:\\\/\\\/www.cortecarezzabella.com\\\/de\\\/shop\\\/passata-pomodoro-biologico-confezione-10-lt\\\/#breadcrumb\",\"itemListElement\":[{\"@type\":\"ListItem\",\"position\":1,\"name\":\"Home\",\"item\":\"https:\\\/\\\/www.cortecarezzabella.com\\\/de\\\/\"},{\"@type\":\"ListItem\",\"position\":2,\"name\":\"Shop online\",\"item\":\"https:\\\/\\\/www.cortecarezzabella.com\\\/de\\\/negozio\\\/\"},{\"@type\":\"ListItem\",\"position\":3,\"name\":\"\\\"Sitomato\\\"- Sughi di pomodoro BIO\",\"item\":\"https:\\\/\\\/www.cortecarezzabella.com\\\/de\\\/categoria\\\/sitomato-biologico\\\/\"},{\"@type\":\"ListItem\",\"position\":4,\"name\":\"Polpa di Pomodoro SiTomato \u00ae &#8211; 370g\"}]},{\"@type\":\"WebSite\",\"@id\":\"https:\\\/\\\/www.cortecarezzabella.com\\\/de\\\/#website\",\"url\":\"https:\\\/\\\/www.cortecarezzabella.com\\\/de\\\/\",\"name\":\"Corte Carezzabella\",\"description\":\"Agriturismo Corte Carezzabella\",\"publisher\":{\"@id\":\"https:\\\/\\\/www.cortecarezzabella.com\\\/de\\\/#organization\"},\"potentialAction\":[{\"@type\":\"SearchAction\",\"target\":{\"@type\":\"EntryPoint\",\"urlTemplate\":\"https:\\\/\\\/www.cortecarezzabella.com\\\/de\\\/?s={search_term_string}\"},\"query-input\":{\"@type\":\"PropertyValueSpecification\",\"valueRequired\":true,\"valueName\":\"search_term_string\"}}],\"inLanguage\":\"de-DE\"},{\"@type\":\"Organization\",\"@id\":\"https:\\\/\\\/www.cortecarezzabella.com\\\/de\\\/#organization\",\"name\":\"IL FRUTTETO DI SAN MARTINO S.S.\",\"url\":\"https:\\\/\\\/www.cortecarezzabella.com\\\/de\\\/\",\"logo\":{\"@type\":\"ImageObject\",\"inLanguage\":\"de-DE\",\"@id\":\"https:\\\/\\\/www.cortecarezzabella.com\\\/de\\\/#\\\/schema\\\/logo\\\/image\\\/\",\"url\":\"https:\\\/\\\/www.cortecarezzabella.com\\\/wp-content\\\/uploads\\\/2020\\\/03\\\/LOGO_laBottega-posta-elttr-piccola.jpg\",\"contentUrl\":\"https:\\\/\\\/www.cortecarezzabella.com\\\/wp-content\\\/uploads\\\/2020\\\/03\\\/LOGO_laBottega-posta-elttr-piccola.jpg\",\"width\":160,\"height\":115,\"caption\":\"IL FRUTTETO DI SAN MARTINO S.S.\"},\"image\":{\"@id\":\"https:\\\/\\\/www.cortecarezzabella.com\\\/de\\\/#\\\/schema\\\/logo\\\/image\\\/\"}}]}<\/script>\n<!-- \/ Yoast SEO plugin. -->","yoast_head_json":{"title":"Polpa di Pomodoro SiTomato \u00ae - 370g &#187; Corte Carezzabella","robots":{"index":"index","follow":"follow","max-snippet":"max-snippet:-1","max-image-preview":"max-image-preview:large","max-video-preview":"max-video-preview:-1"},"canonical":"https:\/\/www.cortecarezzabella.com\/de\/shop\/passata-pomodoro-biologico-confezione-10-lt\/","og_locale":"de_DE","og_type":"article","og_title":"Polpa di Pomodoro SiTomato \u00ae - 370g &#187; Corte Carezzabella","og_description":"S\u00ectomato \u00ae&nbsp; \u00e8 la polpa di pomodoro di Corte Carezzabella.  E' prodotta all'interno del laboratorio della nostra azienda agricola a poche ore dalla raccolta dei pomodori.  Conserva un gusto incredibilmente ricco e naturale grazie alla tecnica di cottura a bassa temperatura e in condizioni di vuoto statico che preservano il colore rosso brillante e le propriet\u00e0 organolettiche del pomodoro fresco.  Anche il gusto e la sapidit\u00e0 naturale del pomodoro vengono rispettati e infatti la percentuale di sale aggiunto \u00e8 davvero minima, circa uno 0.03%.  S\u00ectomato \u00e8 quindi considerabile al tempo stesso una passata naturale ma anche un sugo pronto, da gustare cos\u00ec com'\u00e8.  &nbsp;  ... Buona da diventare matti!  &nbsp;  Vaso da 370g  Ingredienti: pomodoro, sale ( 0,03%)","og_url":"https:\/\/www.cortecarezzabella.com\/de\/shop\/passata-pomodoro-biologico-confezione-10-lt\/","og_site_name":"Corte Carezzabella","article_modified_time":"2026-04-26T13:59:49+00:00","og_image":[{"width":1709,"height":2560,"url":"https:\/\/www.cortecarezzabella.com\/wp-content\/uploads\/2020\/04\/750_2652-scaled.jpg","type":"image\/jpeg"}],"twitter_card":"summary_large_image","twitter_misc":{"Est. reading time":"1 minute"},"schema":{"@context":"https:\/\/schema.org","@graph":[{"@type":"WebPage","@id":"https:\/\/www.cortecarezzabella.com\/de\/shop\/passata-pomodoro-biologico-confezione-10-lt\/","url":"https:\/\/www.cortecarezzabella.com\/de\/shop\/passata-pomodoro-biologico-confezione-10-lt\/","name":"Polpa di Pomodoro SiTomato \u00ae - 370g &#187; Corte Carezzabella","isPartOf":{"@id":"https:\/\/www.cortecarezzabella.com\/de\/#website"},"primaryImageOfPage":{"@id":"https:\/\/www.cortecarezzabella.com\/de\/shop\/passata-pomodoro-biologico-confezione-10-lt\/#primaryimage"},"image":{"@id":"https:\/\/www.cortecarezzabella.com\/de\/shop\/passata-pomodoro-biologico-confezione-10-lt\/#primaryimage"},"thumbnailUrl":"https:\/\/www.cortecarezzabella.com\/wp-content\/uploads\/2020\/04\/750_2652-scaled.jpg","datePublished":"2017-09-14T14:08:30+00:00","dateModified":"2026-04-26T13:59:49+00:00","breadcrumb":{"@id":"https:\/\/www.cortecarezzabella.com\/de\/shop\/passata-pomodoro-biologico-confezione-10-lt\/#breadcrumb"},"inLanguage":"de-DE","potentialAction":[{"@type":"ReadAction","target":["https:\/\/www.cortecarezzabella.com\/de\/shop\/passata-pomodoro-biologico-confezione-10-lt\/"]}]},{"@type":"ImageObject","inLanguage":"de-DE","@id":"https:\/\/www.cortecarezzabella.com\/de\/shop\/passata-pomodoro-biologico-confezione-10-lt\/#primaryimage","url":"https:\/\/www.cortecarezzabella.com\/wp-content\/uploads\/2020\/04\/750_2652-scaled.jpg","contentUrl":"https:\/\/www.cortecarezzabella.com\/wp-content\/uploads\/2020\/04\/750_2652-scaled.jpg","width":1709,"height":2560},{"@type":"BreadcrumbList","@id":"https:\/\/www.cortecarezzabella.com\/de\/shop\/passata-pomodoro-biologico-confezione-10-lt\/#breadcrumb","itemListElement":[{"@type":"ListItem","position":1,"name":"Home","item":"https:\/\/www.cortecarezzabella.com\/de\/"},{"@type":"ListItem","position":2,"name":"Shop online","item":"https:\/\/www.cortecarezzabella.com\/de\/negozio\/"},{"@type":"ListItem","position":3,"name":"\"Sitomato\"- Sughi di pomodoro BIO","item":"https:\/\/www.cortecarezzabella.com\/de\/categoria\/sitomato-biologico\/"},{"@type":"ListItem","position":4,"name":"Polpa di Pomodoro SiTomato \u00ae &#8211; 370g"}]},{"@type":"WebSite","@id":"https:\/\/www.cortecarezzabella.com\/de\/#website","url":"https:\/\/www.cortecarezzabella.com\/de\/","name":"Corte Carezzabella","description":"Agriturismo Corte Carezzabella","publisher":{"@id":"https:\/\/www.cortecarezzabella.com\/de\/#organization"},"potentialAction":[{"@type":"SearchAction","target":{"@type":"EntryPoint","urlTemplate":"https:\/\/www.cortecarezzabella.com\/de\/?s={search_term_string}"},"query-input":{"@type":"PropertyValueSpecification","valueRequired":true,"valueName":"search_term_string"}}],"inLanguage":"de-DE"},{"@type":"Organization","@id":"https:\/\/www.cortecarezzabella.com\/de\/#organization","name":"IL FRUTTETO DI SAN MARTINO S.S.","url":"https:\/\/www.cortecarezzabella.com\/de\/","logo":{"@type":"ImageObject","inLanguage":"de-DE","@id":"https:\/\/www.cortecarezzabella.com\/de\/#\/schema\/logo\/image\/","url":"https:\/\/www.cortecarezzabella.com\/wp-content\/uploads\/2020\/03\/LOGO_laBottega-posta-elttr-piccola.jpg","contentUrl":"https:\/\/www.cortecarezzabella.com\/wp-content\/uploads\/2020\/03\/LOGO_laBottega-posta-elttr-piccola.jpg","width":160,"height":115,"caption":"IL FRUTTETO DI SAN MARTINO S.S."},"image":{"@id":"https:\/\/www.cortecarezzabella.com\/de\/#\/schema\/logo\/image\/"}}]}},"_links":{"self":[{"href":"https:\/\/www.cortecarezzabella.com\/de\/wp-json\/wp\/v2\/product\/2994","targetHints":{"allow":["GET"]}}],"collection":[{"href":"https:\/\/www.cortecarezzabella.com\/de\/wp-json\/wp\/v2\/product"}],"about":[{"href":"https:\/\/www.cortecarezzabella.com\/de\/wp-json\/wp\/v2\/types\/product"}],"replies":[{"embeddable":true,"href":"https:\/\/www.cortecarezzabella.com\/de\/wp-json\/wp\/v2\/comments?post=2994"}],"wp:featuredmedia":[{"embeddable":true,"href":"https:\/\/www.cortecarezzabella.com\/de\/wp-json\/wp\/v2\/media\/9823"}],"wp:attachment":[{"href":"https:\/\/www.cortecarezzabella.com\/de\/wp-json\/wp\/v2\/media?parent=2994"}],"wp:term":[{"taxonomy":"product_brand","embeddable":true,"href":"https:\/\/www.cortecarezzabella.com\/de\/wp-json\/wp\/v2\/product_brand?post=2994"},{"taxonomy":"product_cat","embeddable":true,"href":"https:\/\/www.cortecarezzabella.com\/de\/wp-json\/wp\/v2\/product_cat?post=2994"},{"taxonomy":"product_tag","embeddable":true,"href":"https:\/\/www.cortecarezzabella.com\/de\/wp-json\/wp\/v2\/product_tag?post=2994"}],"curies":[{"name":"wp","href":"https:\/\/api.w.org\/{rel}","templated":true}]}}