{"id":10952,"date":"2021-06-30T12:22:26","date_gmt":"2021-06-30T10:22:26","guid":{"rendered":"https:\/\/www.cortecarezzabella.com\/?post_type=product&#038;p=10952"},"modified":"2025-11-10T12:30:06","modified_gmt":"2025-11-10T11:30:06","slug":"pinot-grigio-delle-venezie-doc-2021","status":"publish","type":"product","link":"https:\/\/www.cortecarezzabella.com\/de\/shop\/pinot-grigio-delle-venezie-doc-2021\/","title":{"rendered":"Pinot Grigio delle Venezie doc &#8211; 21 Biologico"},"content":{"rendered":"<p>Pinot Grigio delle Venezie Doc<\/p>\n<p>annata 2021<\/p>\n","protected":false},"excerpt":{"rendered":"<p>&nbsp;<\/p>\n<p>In questo vino si sente il profumo di pera e di frutta a polpa bianca e una spiccata mineralit\u00e0, dovuta ai terreni del nostro fondo, che si riflettono al palato con una persistenza della sapidit\u00e0 e un ritorno retrolfattivo della nota iodata.<\/p>\n<p>Il Pinot grigio delle Venezie \u00e8 un vino di struttura media, diretto e mai inopportuno.<\/p>\n<p>Idee sull&#8217;abbinamento?<\/p>\n<p>carni bianche, tagliolini gamberi e pomodorini, crudo di pesce, formaggi e prosciutti.<\/p>\n<p>12,5 % VOL<\/p>\n<p>SOLFOROSA TOTALE&nbsp; 75 mg\/lt<\/p>\n","protected":false},"featured_media":11614,"comment_status":"closed","ping_status":"closed","template":"","meta":{"_acf_changed":false,"ngg_post_thumbnail":0},"product_brand":[],"product_cat":[26],"product_tag":[],"class_list":{"0":"post-10952","1":"product","2":"type-product","3":"status-publish","4":"has-post-thumbnail","6":"product_cat-vino-del-polesine","8":"first","9":"outofstock","10":"taxable","11":"shipping-taxable","12":"purchasable","13":"product-type-simple"},"acf":[],"yoast_head":"<!-- This site is optimized with the Yoast SEO plugin v27.3 - https:\/\/yoast.com\/product\/yoast-seo-wordpress\/ -->\n<title>Pinot Grigio delle Venezie doc - 21 Biologico &#187; Corte Carezzabella<\/title>\n<meta name=\"robots\" content=\"index, follow, max-snippet:-1, max-image-preview:large, max-video-preview:-1\" \/>\n<link rel=\"canonical\" href=\"https:\/\/www.cortecarezzabella.com\/de\/shop\/pinot-grigio-delle-venezie-doc-2021\/\" \/>\n<meta property=\"og:locale\" content=\"de_DE\" \/>\n<meta property=\"og:type\" content=\"article\" \/>\n<meta property=\"og:title\" content=\"Pinot Grigio delle Venezie doc - 21 Biologico &#187; Corte Carezzabella\" \/>\n<meta property=\"og:description\" content=\"&nbsp;  In questo vino si sente il profumo di pera e di frutta a polpa bianca e una spiccata mineralit\u00e0, dovuta ai terreni del nostro fondo, che si riflettono al palato con una persistenza della sapidit\u00e0 e un ritorno retrolfattivo della nota iodata.  Il Pinot grigio delle Venezie \u00e8 un vino di struttura media, diretto e mai inopportuno.  Idee sull&#039;abbinamento?  carni bianche, tagliolini gamberi e pomodorini, crudo di pesce, formaggi e prosciutti.  12,5 % VOL  SOLFOROSA TOTALE&nbsp; 75 mg\/lt\" \/>\n<meta property=\"og:url\" content=\"https:\/\/www.cortecarezzabella.com\/de\/shop\/pinot-grigio-delle-venezie-doc-2021\/\" \/>\n<meta property=\"og:site_name\" content=\"Corte Carezzabella\" \/>\n<meta property=\"article:modified_time\" content=\"2025-11-10T11:30:06+00:00\" \/>\n<meta property=\"og:image\" content=\"https:\/\/www.cortecarezzabella.com\/wp-content\/uploads\/2021\/06\/DSC_0022-scaled.jpg\" \/>\n\t<meta property=\"og:image:width\" content=\"2560\" \/>\n\t<meta property=\"og:image:height\" content=\"2560\" \/>\n\t<meta property=\"og:image:type\" content=\"image\/jpeg\" \/>\n<meta name=\"twitter:card\" content=\"summary_large_image\" \/>\n<meta name=\"twitter:label1\" content=\"Est. reading time\" \/>\n\t<meta name=\"twitter:data1\" content=\"1 minute\" \/>\n<script type=\"application\/ld+json\" class=\"yoast-schema-graph\">{\"@context\":\"https:\\\/\\\/schema.org\",\"@graph\":[{\"@type\":\"WebPage\",\"@id\":\"https:\\\/\\\/www.cortecarezzabella.com\\\/de\\\/shop\\\/pinot-grigio-delle-venezie-doc-2021\\\/\",\"url\":\"https:\\\/\\\/www.cortecarezzabella.com\\\/de\\\/shop\\\/pinot-grigio-delle-venezie-doc-2021\\\/\",\"name\":\"Pinot Grigio delle Venezie doc - 21 Biologico &#187; Corte Carezzabella\",\"isPartOf\":{\"@id\":\"https:\\\/\\\/www.cortecarezzabella.com\\\/de\\\/#website\"},\"primaryImageOfPage\":{\"@id\":\"https:\\\/\\\/www.cortecarezzabella.com\\\/de\\\/shop\\\/pinot-grigio-delle-venezie-doc-2021\\\/#primaryimage\"},\"image\":{\"@id\":\"https:\\\/\\\/www.cortecarezzabella.com\\\/de\\\/shop\\\/pinot-grigio-delle-venezie-doc-2021\\\/#primaryimage\"},\"thumbnailUrl\":\"https:\\\/\\\/www.cortecarezzabella.com\\\/wp-content\\\/uploads\\\/2021\\\/06\\\/DSC_0022-scaled.jpg\",\"datePublished\":\"2021-06-30T10:22:26+00:00\",\"dateModified\":\"2025-11-10T11:30:06+00:00\",\"breadcrumb\":{\"@id\":\"https:\\\/\\\/www.cortecarezzabella.com\\\/de\\\/shop\\\/pinot-grigio-delle-venezie-doc-2021\\\/#breadcrumb\"},\"inLanguage\":\"de-DE\",\"potentialAction\":[{\"@type\":\"ReadAction\",\"target\":[\"https:\\\/\\\/www.cortecarezzabella.com\\\/de\\\/shop\\\/pinot-grigio-delle-venezie-doc-2021\\\/\"]}]},{\"@type\":\"ImageObject\",\"inLanguage\":\"de-DE\",\"@id\":\"https:\\\/\\\/www.cortecarezzabella.com\\\/de\\\/shop\\\/pinot-grigio-delle-venezie-doc-2021\\\/#primaryimage\",\"url\":\"https:\\\/\\\/www.cortecarezzabella.com\\\/wp-content\\\/uploads\\\/2021\\\/06\\\/DSC_0022-scaled.jpg\",\"contentUrl\":\"https:\\\/\\\/www.cortecarezzabella.com\\\/wp-content\\\/uploads\\\/2021\\\/06\\\/DSC_0022-scaled.jpg\",\"width\":2560,\"height\":2560},{\"@type\":\"BreadcrumbList\",\"@id\":\"https:\\\/\\\/www.cortecarezzabella.com\\\/de\\\/shop\\\/pinot-grigio-delle-venezie-doc-2021\\\/#breadcrumb\",\"itemListElement\":[{\"@type\":\"ListItem\",\"position\":1,\"name\":\"Home\",\"item\":\"https:\\\/\\\/www.cortecarezzabella.com\\\/de\\\/\"},{\"@type\":\"ListItem\",\"position\":2,\"name\":\"Shop online\",\"item\":\"https:\\\/\\\/www.cortecarezzabella.com\\\/de\\\/negozio\\\/\"},{\"@type\":\"ListItem\",\"position\":3,\"name\":\"Vini del Polesine\",\"item\":\"https:\\\/\\\/www.cortecarezzabella.com\\\/de\\\/categoria\\\/vino-del-polesine\\\/\"},{\"@type\":\"ListItem\",\"position\":4,\"name\":\"Pinot Grigio delle Venezie doc &#8211; 21 Biologico\"}]},{\"@type\":\"WebSite\",\"@id\":\"https:\\\/\\\/www.cortecarezzabella.com\\\/de\\\/#website\",\"url\":\"https:\\\/\\\/www.cortecarezzabella.com\\\/de\\\/\",\"name\":\"Corte Carezzabella\",\"description\":\"Agriturismo Corte Carezzabella\",\"publisher\":{\"@id\":\"https:\\\/\\\/www.cortecarezzabella.com\\\/de\\\/#organization\"},\"potentialAction\":[{\"@type\":\"SearchAction\",\"target\":{\"@type\":\"EntryPoint\",\"urlTemplate\":\"https:\\\/\\\/www.cortecarezzabella.com\\\/de\\\/?s={search_term_string}\"},\"query-input\":{\"@type\":\"PropertyValueSpecification\",\"valueRequired\":true,\"valueName\":\"search_term_string\"}}],\"inLanguage\":\"de-DE\"},{\"@type\":\"Organization\",\"@id\":\"https:\\\/\\\/www.cortecarezzabella.com\\\/de\\\/#organization\",\"name\":\"IL FRUTTETO DI SAN MARTINO S.S.\",\"url\":\"https:\\\/\\\/www.cortecarezzabella.com\\\/de\\\/\",\"logo\":{\"@type\":\"ImageObject\",\"inLanguage\":\"de-DE\",\"@id\":\"https:\\\/\\\/www.cortecarezzabella.com\\\/de\\\/#\\\/schema\\\/logo\\\/image\\\/\",\"url\":\"https:\\\/\\\/www.cortecarezzabella.com\\\/wp-content\\\/uploads\\\/2020\\\/03\\\/LOGO_laBottega-posta-elttr-piccola.jpg\",\"contentUrl\":\"https:\\\/\\\/www.cortecarezzabella.com\\\/wp-content\\\/uploads\\\/2020\\\/03\\\/LOGO_laBottega-posta-elttr-piccola.jpg\",\"width\":160,\"height\":115,\"caption\":\"IL FRUTTETO DI SAN MARTINO S.S.\"},\"image\":{\"@id\":\"https:\\\/\\\/www.cortecarezzabella.com\\\/de\\\/#\\\/schema\\\/logo\\\/image\\\/\"}}]}<\/script>\n<!-- \/ Yoast SEO plugin. -->","yoast_head_json":{"title":"Pinot Grigio delle Venezie doc - 21 Biologico &#187; Corte Carezzabella","robots":{"index":"index","follow":"follow","max-snippet":"max-snippet:-1","max-image-preview":"max-image-preview:large","max-video-preview":"max-video-preview:-1"},"canonical":"https:\/\/www.cortecarezzabella.com\/de\/shop\/pinot-grigio-delle-venezie-doc-2021\/","og_locale":"de_DE","og_type":"article","og_title":"Pinot Grigio delle Venezie doc - 21 Biologico &#187; Corte Carezzabella","og_description":"&nbsp;  In questo vino si sente il profumo di pera e di frutta a polpa bianca e una spiccata mineralit\u00e0, dovuta ai terreni del nostro fondo, che si riflettono al palato con una persistenza della sapidit\u00e0 e un ritorno retrolfattivo della nota iodata.  Il Pinot grigio delle Venezie \u00e8 un vino di struttura media, diretto e mai inopportuno.  Idee sull'abbinamento?  carni bianche, tagliolini gamberi e pomodorini, crudo di pesce, formaggi e prosciutti.  12,5 % VOL  SOLFOROSA TOTALE&nbsp; 75 mg\/lt","og_url":"https:\/\/www.cortecarezzabella.com\/de\/shop\/pinot-grigio-delle-venezie-doc-2021\/","og_site_name":"Corte Carezzabella","article_modified_time":"2025-11-10T11:30:06+00:00","og_image":[{"width":2560,"height":2560,"url":"https:\/\/www.cortecarezzabella.com\/wp-content\/uploads\/2021\/06\/DSC_0022-scaled.jpg","type":"image\/jpeg"}],"twitter_card":"summary_large_image","twitter_misc":{"Est. reading time":"1 minute"},"schema":{"@context":"https:\/\/schema.org","@graph":[{"@type":"WebPage","@id":"https:\/\/www.cortecarezzabella.com\/de\/shop\/pinot-grigio-delle-venezie-doc-2021\/","url":"https:\/\/www.cortecarezzabella.com\/de\/shop\/pinot-grigio-delle-venezie-doc-2021\/","name":"Pinot Grigio delle Venezie doc - 21 Biologico &#187; Corte Carezzabella","isPartOf":{"@id":"https:\/\/www.cortecarezzabella.com\/de\/#website"},"primaryImageOfPage":{"@id":"https:\/\/www.cortecarezzabella.com\/de\/shop\/pinot-grigio-delle-venezie-doc-2021\/#primaryimage"},"image":{"@id":"https:\/\/www.cortecarezzabella.com\/de\/shop\/pinot-grigio-delle-venezie-doc-2021\/#primaryimage"},"thumbnailUrl":"https:\/\/www.cortecarezzabella.com\/wp-content\/uploads\/2021\/06\/DSC_0022-scaled.jpg","datePublished":"2021-06-30T10:22:26+00:00","dateModified":"2025-11-10T11:30:06+00:00","breadcrumb":{"@id":"https:\/\/www.cortecarezzabella.com\/de\/shop\/pinot-grigio-delle-venezie-doc-2021\/#breadcrumb"},"inLanguage":"de-DE","potentialAction":[{"@type":"ReadAction","target":["https:\/\/www.cortecarezzabella.com\/de\/shop\/pinot-grigio-delle-venezie-doc-2021\/"]}]},{"@type":"ImageObject","inLanguage":"de-DE","@id":"https:\/\/www.cortecarezzabella.com\/de\/shop\/pinot-grigio-delle-venezie-doc-2021\/#primaryimage","url":"https:\/\/www.cortecarezzabella.com\/wp-content\/uploads\/2021\/06\/DSC_0022-scaled.jpg","contentUrl":"https:\/\/www.cortecarezzabella.com\/wp-content\/uploads\/2021\/06\/DSC_0022-scaled.jpg","width":2560,"height":2560},{"@type":"BreadcrumbList","@id":"https:\/\/www.cortecarezzabella.com\/de\/shop\/pinot-grigio-delle-venezie-doc-2021\/#breadcrumb","itemListElement":[{"@type":"ListItem","position":1,"name":"Home","item":"https:\/\/www.cortecarezzabella.com\/de\/"},{"@type":"ListItem","position":2,"name":"Shop online","item":"https:\/\/www.cortecarezzabella.com\/de\/negozio\/"},{"@type":"ListItem","position":3,"name":"Vini del Polesine","item":"https:\/\/www.cortecarezzabella.com\/de\/categoria\/vino-del-polesine\/"},{"@type":"ListItem","position":4,"name":"Pinot Grigio delle Venezie doc &#8211; 21 Biologico"}]},{"@type":"WebSite","@id":"https:\/\/www.cortecarezzabella.com\/de\/#website","url":"https:\/\/www.cortecarezzabella.com\/de\/","name":"Corte Carezzabella","description":"Agriturismo Corte Carezzabella","publisher":{"@id":"https:\/\/www.cortecarezzabella.com\/de\/#organization"},"potentialAction":[{"@type":"SearchAction","target":{"@type":"EntryPoint","urlTemplate":"https:\/\/www.cortecarezzabella.com\/de\/?s={search_term_string}"},"query-input":{"@type":"PropertyValueSpecification","valueRequired":true,"valueName":"search_term_string"}}],"inLanguage":"de-DE"},{"@type":"Organization","@id":"https:\/\/www.cortecarezzabella.com\/de\/#organization","name":"IL FRUTTETO DI SAN MARTINO S.S.","url":"https:\/\/www.cortecarezzabella.com\/de\/","logo":{"@type":"ImageObject","inLanguage":"de-DE","@id":"https:\/\/www.cortecarezzabella.com\/de\/#\/schema\/logo\/image\/","url":"https:\/\/www.cortecarezzabella.com\/wp-content\/uploads\/2020\/03\/LOGO_laBottega-posta-elttr-piccola.jpg","contentUrl":"https:\/\/www.cortecarezzabella.com\/wp-content\/uploads\/2020\/03\/LOGO_laBottega-posta-elttr-piccola.jpg","width":160,"height":115,"caption":"IL FRUTTETO DI SAN MARTINO S.S."},"image":{"@id":"https:\/\/www.cortecarezzabella.com\/de\/#\/schema\/logo\/image\/"}}]}},"_links":{"self":[{"href":"https:\/\/www.cortecarezzabella.com\/de\/wp-json\/wp\/v2\/product\/10952","targetHints":{"allow":["GET"]}}],"collection":[{"href":"https:\/\/www.cortecarezzabella.com\/de\/wp-json\/wp\/v2\/product"}],"about":[{"href":"https:\/\/www.cortecarezzabella.com\/de\/wp-json\/wp\/v2\/types\/product"}],"replies":[{"embeddable":true,"href":"https:\/\/www.cortecarezzabella.com\/de\/wp-json\/wp\/v2\/comments?post=10952"}],"wp:featuredmedia":[{"embeddable":true,"href":"https:\/\/www.cortecarezzabella.com\/de\/wp-json\/wp\/v2\/media\/11614"}],"wp:attachment":[{"href":"https:\/\/www.cortecarezzabella.com\/de\/wp-json\/wp\/v2\/media?parent=10952"}],"wp:term":[{"taxonomy":"product_brand","embeddable":true,"href":"https:\/\/www.cortecarezzabella.com\/de\/wp-json\/wp\/v2\/product_brand?post=10952"},{"taxonomy":"product_cat","embeddable":true,"href":"https:\/\/www.cortecarezzabella.com\/de\/wp-json\/wp\/v2\/product_cat?post=10952"},{"taxonomy":"product_tag","embeddable":true,"href":"https:\/\/www.cortecarezzabella.com\/de\/wp-json\/wp\/v2\/product_tag?post=10952"}],"curies":[{"name":"wp","href":"https:\/\/api.w.org\/{rel}","templated":true}]}}