{"id":10032,"date":"2021-01-11T09:52:46","date_gmt":"2021-01-11T08:52:46","guid":{"rendered":"https:\/\/www.cortecarezzabella.com\/?post_type=product&#038;p=10032"},"modified":"2024-01-04T09:29:57","modified_gmt":"2024-01-04T08:29:57","slug":"pane-fresco-con-farina-semintegrale-di-grano-duro-e-lievito-madre-alle-noci","status":"publish","type":"product","link":"https:\/\/www.cortecarezzabella.com\/de\/shop\/pane-fresco-con-farina-semintegrale-di-grano-duro-e-lievito-madre-alle-noci\/","title":{"rendered":"Filocino di pane fresco a lunga lievitazione"},"content":{"rendered":"<p>Il pane a lunga lievitazione che serviamo ai nostri ospiti in agriturismo, oggi approda sullo shop!<\/p>\n<p>&nbsp;<\/p>\n<p>Si accettano anche prenotazioni<\/p>\n","protected":false},"excerpt":{"rendered":"<p>Abbiamo pensato di darvi la possibilit\u00e0 di acquistare il pane fresco che serviamo solitamente agli ospiti che alloggiano nel nostro agriturismo e che tanto apprezzano.<\/p>\n<p>La pezzatura sar\u00e0 di circa 600-700g.<\/p>\n<p>Lo potrete congelare anche a fette ma siamo certi che non avrete difficolt\u00e0 a finirne una forma perch\u00e8 \u00e8 squisito.<\/p>\n<p>Lo sforniamo una sola volta alla settimana e sempre il venerd\u00ec. &nbsp;<\/p>\n<p>Lo recapiteremmo insieme alla tua spesa direttamente a casa tua se abiti in un raggio di 20 km dalla nostra azienda.<\/p>\n<p>Il prezzo al kg \u00e8 di 6,00 \u20ac<\/p>\n","protected":false},"featured_media":12536,"comment_status":"closed","ping_status":"closed","template":"","meta":{"_acf_changed":false,"ngg_post_thumbnail":0},"product_brand":[],"product_cat":[171],"product_tag":[],"class_list":{"0":"post-10032","1":"product","2":"type-product","3":"status-publish","4":"has-post-thumbnail","6":"product_cat-prodotti-freschi","8":"first","9":"outofstock","10":"taxable","11":"shipping-taxable","12":"purchasable","13":"product-type-simple"},"acf":[],"yoast_head":"<!-- This site is optimized with the Yoast SEO plugin v27.6 - https:\/\/yoast.com\/product\/yoast-seo-wordpress\/ -->\n<title>Filocino di pane fresco a lunga lievitazione &#187; Corte Carezzabella<\/title>\n<meta name=\"robots\" content=\"index, follow, max-snippet:-1, max-image-preview:large, max-video-preview:-1\" \/>\n<link rel=\"canonical\" href=\"https:\/\/www.cortecarezzabella.com\/de\/shop\/pane-fresco-con-farina-semintegrale-di-grano-duro-e-lievito-madre-alle-noci\/\" \/>\n<meta property=\"og:locale\" content=\"de_DE\" \/>\n<meta property=\"og:type\" content=\"article\" \/>\n<meta property=\"og:title\" content=\"Filocino di pane fresco a lunga lievitazione &#187; Corte Carezzabella\" \/>\n<meta property=\"og:description\" content=\"Abbiamo pensato di darvi la possibilit\u00e0 di acquistare il pane fresco che serviamo solitamente agli ospiti che alloggiano nel nostro agriturismo e che tanto apprezzano.  La pezzatura sar\u00e0 di circa 600-700g.  Lo potrete congelare anche a fette ma siamo certi che non avrete difficolt\u00e0 a finirne una forma perch\u00e8 \u00e8 squisito.  Lo sforniamo una sola volta alla settimana e sempre il venerd\u00ec. &nbsp;  Lo recapiteremmo insieme alla tua spesa direttamente a casa tua se abiti in un raggio di 20 km dalla nostra azienda.  Il prezzo al kg \u00e8 di 6,00 \u20ac\" \/>\n<meta property=\"og:url\" content=\"https:\/\/www.cortecarezzabella.com\/de\/shop\/pane-fresco-con-farina-semintegrale-di-grano-duro-e-lievito-madre-alle-noci\/\" \/>\n<meta property=\"og:site_name\" content=\"Corte Carezzabella\" \/>\n<meta property=\"article:modified_time\" content=\"2024-01-04T08:29:57+00:00\" \/>\n<meta property=\"og:image\" content=\"https:\/\/www.cortecarezzabella.com\/wp-content\/uploads\/2021\/01\/filoncini-di-pane-con-lievito-madre-o-di-birra-ricetta-anche-bimby.jpg\" \/>\n\t<meta property=\"og:image:width\" content=\"1200\" \/>\n\t<meta property=\"og:image:height\" content=\"827\" \/>\n\t<meta property=\"og:image:type\" content=\"image\/jpeg\" \/>\n<meta name=\"twitter:card\" content=\"summary_large_image\" \/>\n<meta name=\"twitter:label1\" content=\"Est. reading time\" \/>\n\t<meta name=\"twitter:data1\" content=\"1 minute\" \/>\n<script type=\"application\/ld+json\" class=\"yoast-schema-graph\">{\"@context\":\"https:\\\/\\\/schema.org\",\"@graph\":[{\"@type\":\"WebPage\",\"@id\":\"https:\\\/\\\/www.cortecarezzabella.com\\\/de\\\/shop\\\/pane-fresco-con-farina-semintegrale-di-grano-duro-e-lievito-madre-alle-noci\\\/\",\"url\":\"https:\\\/\\\/www.cortecarezzabella.com\\\/de\\\/shop\\\/pane-fresco-con-farina-semintegrale-di-grano-duro-e-lievito-madre-alle-noci\\\/\",\"name\":\"Filocino di pane fresco a lunga lievitazione &#187; Corte Carezzabella\",\"isPartOf\":{\"@id\":\"https:\\\/\\\/www.cortecarezzabella.com\\\/de\\\/#website\"},\"primaryImageOfPage\":{\"@id\":\"https:\\\/\\\/www.cortecarezzabella.com\\\/de\\\/shop\\\/pane-fresco-con-farina-semintegrale-di-grano-duro-e-lievito-madre-alle-noci\\\/#primaryimage\"},\"image\":{\"@id\":\"https:\\\/\\\/www.cortecarezzabella.com\\\/de\\\/shop\\\/pane-fresco-con-farina-semintegrale-di-grano-duro-e-lievito-madre-alle-noci\\\/#primaryimage\"},\"thumbnailUrl\":\"https:\\\/\\\/www.cortecarezzabella.com\\\/wp-content\\\/uploads\\\/2021\\\/01\\\/filoncini-di-pane-con-lievito-madre-o-di-birra-ricetta-anche-bimby.jpg\",\"datePublished\":\"2021-01-11T08:52:46+00:00\",\"dateModified\":\"2024-01-04T08:29:57+00:00\",\"breadcrumb\":{\"@id\":\"https:\\\/\\\/www.cortecarezzabella.com\\\/de\\\/shop\\\/pane-fresco-con-farina-semintegrale-di-grano-duro-e-lievito-madre-alle-noci\\\/#breadcrumb\"},\"inLanguage\":\"de-DE\",\"potentialAction\":[{\"@type\":\"ReadAction\",\"target\":[\"https:\\\/\\\/www.cortecarezzabella.com\\\/de\\\/shop\\\/pane-fresco-con-farina-semintegrale-di-grano-duro-e-lievito-madre-alle-noci\\\/\"]}]},{\"@type\":\"ImageObject\",\"inLanguage\":\"de-DE\",\"@id\":\"https:\\\/\\\/www.cortecarezzabella.com\\\/de\\\/shop\\\/pane-fresco-con-farina-semintegrale-di-grano-duro-e-lievito-madre-alle-noci\\\/#primaryimage\",\"url\":\"https:\\\/\\\/www.cortecarezzabella.com\\\/wp-content\\\/uploads\\\/2021\\\/01\\\/filoncini-di-pane-con-lievito-madre-o-di-birra-ricetta-anche-bimby.jpg\",\"contentUrl\":\"https:\\\/\\\/www.cortecarezzabella.com\\\/wp-content\\\/uploads\\\/2021\\\/01\\\/filoncini-di-pane-con-lievito-madre-o-di-birra-ricetta-anche-bimby.jpg\",\"width\":1200,\"height\":827},{\"@type\":\"BreadcrumbList\",\"@id\":\"https:\\\/\\\/www.cortecarezzabella.com\\\/de\\\/shop\\\/pane-fresco-con-farina-semintegrale-di-grano-duro-e-lievito-madre-alle-noci\\\/#breadcrumb\",\"itemListElement\":[{\"@type\":\"ListItem\",\"position\":1,\"name\":\"Home\",\"item\":\"https:\\\/\\\/www.cortecarezzabella.com\\\/de\\\/\"},{\"@type\":\"ListItem\",\"position\":2,\"name\":\"Shop online\",\"item\":\"https:\\\/\\\/www.cortecarezzabella.com\\\/de\\\/negozio\\\/\"},{\"@type\":\"ListItem\",\"position\":3,\"name\":\"Prodotti freschi\",\"item\":\"https:\\\/\\\/www.cortecarezzabella.com\\\/de\\\/categoria\\\/prodotti-freschi\\\/\"},{\"@type\":\"ListItem\",\"position\":4,\"name\":\"Filocino di pane fresco a lunga lievitazione\"}]},{\"@type\":\"WebSite\",\"@id\":\"https:\\\/\\\/www.cortecarezzabella.com\\\/de\\\/#website\",\"url\":\"https:\\\/\\\/www.cortecarezzabella.com\\\/de\\\/\",\"name\":\"Corte Carezzabella\",\"description\":\"Agriturismo Corte Carezzabella\",\"publisher\":{\"@id\":\"https:\\\/\\\/www.cortecarezzabella.com\\\/de\\\/#organization\"},\"potentialAction\":[{\"@type\":\"SearchAction\",\"target\":{\"@type\":\"EntryPoint\",\"urlTemplate\":\"https:\\\/\\\/www.cortecarezzabella.com\\\/de\\\/?s={search_term_string}\"},\"query-input\":{\"@type\":\"PropertyValueSpecification\",\"valueRequired\":true,\"valueName\":\"search_term_string\"}}],\"inLanguage\":\"de-DE\"},{\"@type\":\"Organization\",\"@id\":\"https:\\\/\\\/www.cortecarezzabella.com\\\/de\\\/#organization\",\"name\":\"IL FRUTTETO DI SAN MARTINO S.S.\",\"url\":\"https:\\\/\\\/www.cortecarezzabella.com\\\/de\\\/\",\"logo\":{\"@type\":\"ImageObject\",\"inLanguage\":\"de-DE\",\"@id\":\"https:\\\/\\\/www.cortecarezzabella.com\\\/de\\\/#\\\/schema\\\/logo\\\/image\\\/\",\"url\":\"https:\\\/\\\/www.cortecarezzabella.com\\\/wp-content\\\/uploads\\\/2020\\\/03\\\/LOGO_laBottega-posta-elttr-piccola.jpg\",\"contentUrl\":\"https:\\\/\\\/www.cortecarezzabella.com\\\/wp-content\\\/uploads\\\/2020\\\/03\\\/LOGO_laBottega-posta-elttr-piccola.jpg\",\"width\":160,\"height\":115,\"caption\":\"IL FRUTTETO DI SAN MARTINO S.S.\"},\"image\":{\"@id\":\"https:\\\/\\\/www.cortecarezzabella.com\\\/de\\\/#\\\/schema\\\/logo\\\/image\\\/\"}}]}<\/script>\n<!-- \/ Yoast SEO plugin. -->","yoast_head_json":{"title":"Filocino di pane fresco a lunga lievitazione &#187; Corte Carezzabella","robots":{"index":"index","follow":"follow","max-snippet":"max-snippet:-1","max-image-preview":"max-image-preview:large","max-video-preview":"max-video-preview:-1"},"canonical":"https:\/\/www.cortecarezzabella.com\/de\/shop\/pane-fresco-con-farina-semintegrale-di-grano-duro-e-lievito-madre-alle-noci\/","og_locale":"de_DE","og_type":"article","og_title":"Filocino di pane fresco a lunga lievitazione &#187; Corte Carezzabella","og_description":"Abbiamo pensato di darvi la possibilit\u00e0 di acquistare il pane fresco che serviamo solitamente agli ospiti che alloggiano nel nostro agriturismo e che tanto apprezzano.  La pezzatura sar\u00e0 di circa 600-700g.  Lo potrete congelare anche a fette ma siamo certi che non avrete difficolt\u00e0 a finirne una forma perch\u00e8 \u00e8 squisito.  Lo sforniamo una sola volta alla settimana e sempre il venerd\u00ec. &nbsp;  Lo recapiteremmo insieme alla tua spesa direttamente a casa tua se abiti in un raggio di 20 km dalla nostra azienda.  Il prezzo al kg \u00e8 di 6,00 \u20ac","og_url":"https:\/\/www.cortecarezzabella.com\/de\/shop\/pane-fresco-con-farina-semintegrale-di-grano-duro-e-lievito-madre-alle-noci\/","og_site_name":"Corte Carezzabella","article_modified_time":"2024-01-04T08:29:57+00:00","og_image":[{"width":1200,"height":827,"url":"https:\/\/www.cortecarezzabella.com\/wp-content\/uploads\/2021\/01\/filoncini-di-pane-con-lievito-madre-o-di-birra-ricetta-anche-bimby.jpg","type":"image\/jpeg"}],"twitter_card":"summary_large_image","twitter_misc":{"Est. reading time":"1 minute"},"schema":{"@context":"https:\/\/schema.org","@graph":[{"@type":"WebPage","@id":"https:\/\/www.cortecarezzabella.com\/de\/shop\/pane-fresco-con-farina-semintegrale-di-grano-duro-e-lievito-madre-alle-noci\/","url":"https:\/\/www.cortecarezzabella.com\/de\/shop\/pane-fresco-con-farina-semintegrale-di-grano-duro-e-lievito-madre-alle-noci\/","name":"Filocino di pane fresco a lunga lievitazione &#187; Corte Carezzabella","isPartOf":{"@id":"https:\/\/www.cortecarezzabella.com\/de\/#website"},"primaryImageOfPage":{"@id":"https:\/\/www.cortecarezzabella.com\/de\/shop\/pane-fresco-con-farina-semintegrale-di-grano-duro-e-lievito-madre-alle-noci\/#primaryimage"},"image":{"@id":"https:\/\/www.cortecarezzabella.com\/de\/shop\/pane-fresco-con-farina-semintegrale-di-grano-duro-e-lievito-madre-alle-noci\/#primaryimage"},"thumbnailUrl":"https:\/\/www.cortecarezzabella.com\/wp-content\/uploads\/2021\/01\/filoncini-di-pane-con-lievito-madre-o-di-birra-ricetta-anche-bimby.jpg","datePublished":"2021-01-11T08:52:46+00:00","dateModified":"2024-01-04T08:29:57+00:00","breadcrumb":{"@id":"https:\/\/www.cortecarezzabella.com\/de\/shop\/pane-fresco-con-farina-semintegrale-di-grano-duro-e-lievito-madre-alle-noci\/#breadcrumb"},"inLanguage":"de-DE","potentialAction":[{"@type":"ReadAction","target":["https:\/\/www.cortecarezzabella.com\/de\/shop\/pane-fresco-con-farina-semintegrale-di-grano-duro-e-lievito-madre-alle-noci\/"]}]},{"@type":"ImageObject","inLanguage":"de-DE","@id":"https:\/\/www.cortecarezzabella.com\/de\/shop\/pane-fresco-con-farina-semintegrale-di-grano-duro-e-lievito-madre-alle-noci\/#primaryimage","url":"https:\/\/www.cortecarezzabella.com\/wp-content\/uploads\/2021\/01\/filoncini-di-pane-con-lievito-madre-o-di-birra-ricetta-anche-bimby.jpg","contentUrl":"https:\/\/www.cortecarezzabella.com\/wp-content\/uploads\/2021\/01\/filoncini-di-pane-con-lievito-madre-o-di-birra-ricetta-anche-bimby.jpg","width":1200,"height":827},{"@type":"BreadcrumbList","@id":"https:\/\/www.cortecarezzabella.com\/de\/shop\/pane-fresco-con-farina-semintegrale-di-grano-duro-e-lievito-madre-alle-noci\/#breadcrumb","itemListElement":[{"@type":"ListItem","position":1,"name":"Home","item":"https:\/\/www.cortecarezzabella.com\/de\/"},{"@type":"ListItem","position":2,"name":"Shop online","item":"https:\/\/www.cortecarezzabella.com\/de\/negozio\/"},{"@type":"ListItem","position":3,"name":"Prodotti freschi","item":"https:\/\/www.cortecarezzabella.com\/de\/categoria\/prodotti-freschi\/"},{"@type":"ListItem","position":4,"name":"Filocino di pane fresco a lunga lievitazione"}]},{"@type":"WebSite","@id":"https:\/\/www.cortecarezzabella.com\/de\/#website","url":"https:\/\/www.cortecarezzabella.com\/de\/","name":"Corte Carezzabella","description":"Agriturismo Corte Carezzabella","publisher":{"@id":"https:\/\/www.cortecarezzabella.com\/de\/#organization"},"potentialAction":[{"@type":"SearchAction","target":{"@type":"EntryPoint","urlTemplate":"https:\/\/www.cortecarezzabella.com\/de\/?s={search_term_string}"},"query-input":{"@type":"PropertyValueSpecification","valueRequired":true,"valueName":"search_term_string"}}],"inLanguage":"de-DE"},{"@type":"Organization","@id":"https:\/\/www.cortecarezzabella.com\/de\/#organization","name":"IL FRUTTETO DI SAN MARTINO S.S.","url":"https:\/\/www.cortecarezzabella.com\/de\/","logo":{"@type":"ImageObject","inLanguage":"de-DE","@id":"https:\/\/www.cortecarezzabella.com\/de\/#\/schema\/logo\/image\/","url":"https:\/\/www.cortecarezzabella.com\/wp-content\/uploads\/2020\/03\/LOGO_laBottega-posta-elttr-piccola.jpg","contentUrl":"https:\/\/www.cortecarezzabella.com\/wp-content\/uploads\/2020\/03\/LOGO_laBottega-posta-elttr-piccola.jpg","width":160,"height":115,"caption":"IL FRUTTETO DI SAN MARTINO S.S."},"image":{"@id":"https:\/\/www.cortecarezzabella.com\/de\/#\/schema\/logo\/image\/"}}]}},"_links":{"self":[{"href":"https:\/\/www.cortecarezzabella.com\/de\/wp-json\/wp\/v2\/product\/10032","targetHints":{"allow":["GET"]}}],"collection":[{"href":"https:\/\/www.cortecarezzabella.com\/de\/wp-json\/wp\/v2\/product"}],"about":[{"href":"https:\/\/www.cortecarezzabella.com\/de\/wp-json\/wp\/v2\/types\/product"}],"replies":[{"embeddable":true,"href":"https:\/\/www.cortecarezzabella.com\/de\/wp-json\/wp\/v2\/comments?post=10032"}],"wp:featuredmedia":[{"embeddable":true,"href":"https:\/\/www.cortecarezzabella.com\/de\/wp-json\/wp\/v2\/media\/12536"}],"wp:attachment":[{"href":"https:\/\/www.cortecarezzabella.com\/de\/wp-json\/wp\/v2\/media?parent=10032"}],"wp:term":[{"taxonomy":"product_brand","embeddable":true,"href":"https:\/\/www.cortecarezzabella.com\/de\/wp-json\/wp\/v2\/product_brand?post=10032"},{"taxonomy":"product_cat","embeddable":true,"href":"https:\/\/www.cortecarezzabella.com\/de\/wp-json\/wp\/v2\/product_cat?post=10032"},{"taxonomy":"product_tag","embeddable":true,"href":"https:\/\/www.cortecarezzabella.com\/de\/wp-json\/wp\/v2\/product_tag?post=10032"}],"curies":[{"name":"wp","href":"https:\/\/api.w.org\/{rel}","templated":true}]}}