{"id":493,"date":"2017-05-18T11:26:09","date_gmt":"2017-05-18T09:26:09","guid":{"rendered":"https:\/\/www.cortecarezzabella.com\/?page_id=493\/"},"modified":"2017-12-18T17:43:33","modified_gmt":"2017-12-18T16:43:33","slug":"preise-und-reservierungen-2","status":"publish","type":"page","link":"https:\/\/www.cortecarezzabella.com\/de\/preise-und-reservierungen-2\/","title":{"rendered":"Suite und Standard Zimmer"},"content":{"rendered":"<h1>&#8211; Preise und Reservierungen-<\/h1>\n<h2 class=\"text-center\">Suite und Standard Zimmer<\/h2>\n<h4><strong>Nebensaison &#8211; Ab dem 14.Oktober bis zum&nbsp;<\/strong><strong>23. M\u00e4rz 2018<\/strong><\/h4>\n<h4>Doppelzimmer Suite oder Standard&nbsp;<\/h4>\n<ul>\n<li>Fr\u00fchst\u00fcck inklusive<\/li>\n<li>Vom Montag bis Donnerstag&nbsp;<strong>\u20ac68,00&nbsp;<\/strong>pro Nacht<\/li>\n<li>Vom Freitag bis Sonntag, ab&nbsp;<strong>\u20ac85,00&nbsp;<\/strong>pro Nacht<\/li>\n<\/ul>\n<h4>Doppelzimmer zur Einzelbenutzung Suite oder Standard&nbsp;<\/h4>\n<ul>\n<li>Fr\u00fchst\u00fcck inklusive<\/li>\n<li>Vom Montag bis Donnerstag<strong>&nbsp;\u20ac48,00&nbsp;<\/strong>pro Nacht<\/li>\n<li>Vom Freitag bis Sonntag, ab&nbsp;<strong>\u20ac60,00&nbsp;<\/strong>pro Nacht&nbsp;<\/li>\n<\/ul>\n<h4><strong>Vorsaison &#8211; Ab dem 24.M\u00e4rz bis zum 29. Juni 2018 und vom 5. September bis zum 13. Oktober 2018&nbsp;<\/strong><\/h4>\n<h4>Doppelzimmer Suite oder Standard&nbsp;<\/h4>\n<ul>\n<li>Fr\u00fchst\u00fcck und t\u00e4glich Reinigung inklusive<\/li>\n<li>Ab&nbsp;<strong>\u20ac85,00&nbsp;<\/strong>pro Nacht<\/li>\n<\/ul>\n<h4>Doppelzimmer zur Einzelbenutzung Suite oder Standard&nbsp;<\/h4>\n<ul>\n<li>Fr\u00fchst\u00fcck und t\u00e4glich Reinigung inklusive<\/li>\n<li>Ab&nbsp;<strong>\u20ac60,00&nbsp;<\/strong>pro Nacht<\/li>\n<\/ul>\n<h4><strong>Hauptsaison &#8211; Ab dem 30. Juni bis zum 4. September 2018&nbsp;<\/strong><\/h4>\n<h4>Doppelzimmer Suite oder Standard&nbsp;<\/h4>\n<ul>\n<li>Fr\u00fchst\u00fcck und t\u00e4glich Reinigung inklusive<\/li>\n<li>Ab&nbsp;<strong>\u20ac90,00&nbsp;<\/strong>pro Nacht<\/li>\n<\/ul>\n<h4>Doppelzimmer zur Einzelbenutzung Suite oder Standard&nbsp;<\/h4>\n<ul>\n<li>Fr\u00fchst\u00fcck und t\u00e4glich Reinigung inklusive<\/li>\n<li>Ab&nbsp;<strong>\u20ac65,00&nbsp;<\/strong>pro Nacht<\/li>\n<\/ul>\n<h2>Allgemeine Bedingungen<\/h2>\n<ul>\n<li>Extra Kinderbett 0-3 Jahre: <b>Gratis<\/b><\/li>\n<li>Extra Kinderbett 4-12 Jahre: <strong>\u20ac15,00 pro Nacht<\/strong><\/li>\n<li>Extra Bett Ab 12 Jahren\/ f\u00fcr Erwachsene: <strong>\u20ac25,00 pro Nacht<\/strong><\/li>\n<\/ul>\n<hr>\n<p><small>Die angegebenen Preise k\u00f6nnen sich jederzeit ohne vorank\u00fcndigung \u00e4ndern.&nbsp; &nbsp;Please check the newsfeed in the homepage to find special offers during different times of the year.<\/small><\/p>\n<p>Zimmer mit Fr\u00fchst\u00fcck inklusive:&nbsp;<br \/>\n&#8211; Herzhaftes, reichhaltiges Fr\u00fchst\u00fccksbuffet mit hausgemachten Produkten aus unserem Bio-Bauernhof&nbsp;zubereitet.&nbsp;<\/p>\n<p>Zimmer mit Fr\u00fchst\u00fcck inklusive:&nbsp;<br \/>\n&#8211; Der Preis f\u00fcr das Fr\u00fchst\u00fccksbuffet betr\u00e4gt \u20ac8,00 pro Person.&nbsp;<\/p>\n<p>Zimmer mit Reinigung exklusive:<br \/>\n&#8211; T\u00e4gliche Reinigung, Wechsel von Handt\u00fccher nach 3\/4 Tagen, Wechsel von Bettw\u00e4sche nach 7 Tagen, sofern nicht anders\/abweichend vereinbart.<\/p>\n<div class=\"shortened_end2\">&nbsp;<\/div>\n<p>Die Preise enthalten:&nbsp;<\/p>\n<ul>\n<li style=\"list-style-type: none;\">\n<ul>\n<li>Kostenloses WLAN&nbsp;<\/li>\n<li>Das Schwimmbad im Garten (Es hat vom Mai bis September geoffnet)<\/li>\n<li>Die Inner-Aussenr\u00e4ume und das Gartenraum mit Grill ausgestattet&nbsp;<\/li>\n<\/ul>\n<\/li>\n<\/ul>\n<hr>\n<p style=\"text-align: left;\"><span style=\"font-size: 14px;\"><strong>Unterkunft f\u00fcr Gr\u00fcppen:<\/strong><\/span><\/p>\n<p style=\"text-align: left;\"><span style=\"font-size: 12px;\">Wir bieten Unterk\u00fcnfte f\u00fcr Einzelpersonen sowie f\u00fcr Gruppen zu den gleichen Konditionen (kurzfristig Aufenthalt, Fr\u00fchst\u00fcck und Reinigung inkl.).&nbsp; Die von uns vermieteten Familienwohnungen bestehen sie sich in zwei getrennten Zimmer mit einer Verbidungst\u00fcr. Sollten Sie ein Angebot w\u00fcnschen&nbsp;dann z\u00f6gern Sie&nbsp;bitte&nbsp;nicht,&nbsp;uns per E-Mail oder telefonisch zu kontaktieren. &nbsp;<\/span><\/p>\n<p style=\"text-align: left;\"><span style=\"font-size: 14px;\"><strong>Haustiere:<\/strong><\/span><\/p>\n<p style=\"text-align: left;\"><span style=\"font-size: 12px;\">Haustiere sind am Corte Carezzabella wilkommen.&nbsp; Wir bitten unsere G\u00e4ste um eine Hundehutte oder ein Kissen und die Haustiere und zu beachten, dass die Hausetiere nicht mit in den Speisesaal genommen werden kann. &nbsp;Die extra Reinung pro Zimmer ist in Hohe von \u20ac5,00 und von \u20ac10,00 pro Familienwohnung.&nbsp;<\/span><span style=\"font-size: 12px;\">&nbsp;Der Eigent\u00fcmer beh\u00e4lt sich das Recht vor, um&nbsp; die Tiere willk\u00fcrlich zu akzeptieren.&nbsp;&nbsp;<\/span><\/p>\n<p style=\"text-align: left;\"><span style=\"font-size: 14px;\"><strong>Buchungsbediengungen:<\/strong><\/span><br \/>\n<span style=\"font-size: 12px;\">Um die Buchung zu best\u00e4tigen wird eine Anzahlung in Hohe von 30% des Gesamtbetrages nachgefragt. Sie k\u00f6nnen Ihre Anzahlung mit Kreditkarte (wir nehmen alle Kreditkarte au\u00dfer American Express), internationaler \u00dcberweisung begleichen. Die Saldierung kann am Ende des Aufenthaltes, beim check out gemacht werden.&nbsp;<\/span><\/p>\n<p style=\"text-align: left;\">&nbsp;<\/p>\n","protected":false},"excerpt":{"rendered":"<p>&#8211; Preise und Reservierungen- Suite und Standard Zimmer Nebensaison &#8211; Ab dem 14.Oktober bis zum&nbsp;23. M\u00e4rz 2018 Doppelzimmer Suite oder Standard&nbsp; Fr\u00fchst\u00fcck inklusive Vom Montag bis Donnerstag&nbsp;\u20ac68,00&nbsp;pro Nacht Vom Freitag bis Sonntag, ab&nbsp;\u20ac85,00&nbsp;pro Nacht Doppelzimmer zur Einzelbenutzung Suite oder Standard&nbsp; Fr\u00fchst\u00fcck inklusive Vom Montag bis Donnerstag&nbsp;\u20ac48,00&nbsp;pro Nacht Vom Freitag bis Sonntag, ab&nbsp;\u20ac60,00&nbsp;pro Nacht&nbsp; Vorsaison &#8211; [&hellip;]<\/p>\n","protected":false},"author":1,"featured_media":0,"parent":0,"menu_order":0,"comment_status":"closed","ping_status":"closed","template":"","meta":{"_acf_changed":false,"ngg_post_thumbnail":0,"footnotes":""},"class_list":["post-493","page","type-page","status-publish","hentry"],"acf":[],"yoast_head":"<!-- This site is optimized with the Yoast SEO plugin v27.4 - https:\/\/yoast.com\/product\/yoast-seo-wordpress\/ -->\n<title>Suite und Standard Zimmer<\/title>\n<meta name=\"robots\" content=\"index, follow, max-snippet:-1, max-image-preview:large, max-video-preview:-1\" \/>\n<link rel=\"canonical\" href=\"https:\/\/www.cortecarezzabella.com\/de\/preise-und-reservierungen-2\/\" \/>\n<meta property=\"og:locale\" content=\"de_DE\" \/>\n<meta property=\"og:type\" content=\"article\" \/>\n<meta property=\"og:title\" content=\"Suite und Standard Zimmer\" \/>\n<meta property=\"og:description\" content=\"&#8211; Preise und Reservierungen- Suite und Standard Zimmer Nebensaison &#8211; Ab dem 14.Oktober bis zum&nbsp;23. M\u00e4rz 2018 Doppelzimmer Suite oder Standard&nbsp; Fr\u00fchst\u00fcck inklusive Vom Montag bis Donnerstag&nbsp;\u20ac68,00&nbsp;pro Nacht Vom Freitag bis Sonntag, ab&nbsp;\u20ac85,00&nbsp;pro Nacht Doppelzimmer zur Einzelbenutzung Suite oder Standard&nbsp; Fr\u00fchst\u00fcck inklusive Vom Montag bis Donnerstag&nbsp;\u20ac48,00&nbsp;pro Nacht Vom Freitag bis Sonntag, ab&nbsp;\u20ac60,00&nbsp;pro Nacht&nbsp; Vorsaison &#8211; [&hellip;]\" \/>\n<meta property=\"og:url\" content=\"https:\/\/www.cortecarezzabella.com\/de\/preise-und-reservierungen-2\/\" \/>\n<meta property=\"og:site_name\" content=\"Corte Carezzabella\" \/>\n<meta property=\"article:modified_time\" content=\"2017-12-18T16:43:33+00:00\" \/>\n<meta name=\"twitter:card\" content=\"summary_large_image\" \/>\n<meta name=\"twitter:label1\" content=\"Est. reading time\" \/>\n\t<meta name=\"twitter:data1\" content=\"3 minutes\" \/>\n<script type=\"application\/ld+json\" class=\"yoast-schema-graph\">{\"@context\":\"https:\\\/\\\/schema.org\",\"@graph\":[{\"@type\":\"WebPage\",\"@id\":\"https:\\\/\\\/www.cortecarezzabella.com\\\/de\\\/preise-und-reservierungen-2\\\/\",\"url\":\"https:\\\/\\\/www.cortecarezzabella.com\\\/de\\\/preise-und-reservierungen-2\\\/\",\"name\":\"Suite und Standard Zimmer\",\"isPartOf\":{\"@id\":\"https:\\\/\\\/www.cortecarezzabella.com\\\/de\\\/#website\"},\"datePublished\":\"2017-05-18T09:26:09+00:00\",\"dateModified\":\"2017-12-18T16:43:33+00:00\",\"breadcrumb\":{\"@id\":\"https:\\\/\\\/www.cortecarezzabella.com\\\/de\\\/preise-und-reservierungen-2\\\/#breadcrumb\"},\"inLanguage\":\"de-DE\",\"potentialAction\":[{\"@type\":\"ReadAction\",\"target\":[\"https:\\\/\\\/www.cortecarezzabella.com\\\/de\\\/preise-und-reservierungen-2\\\/\"]}]},{\"@type\":\"BreadcrumbList\",\"@id\":\"https:\\\/\\\/www.cortecarezzabella.com\\\/de\\\/preise-und-reservierungen-2\\\/#breadcrumb\",\"itemListElement\":[{\"@type\":\"ListItem\",\"position\":1,\"name\":\"Home\",\"item\":\"https:\\\/\\\/www.cortecarezzabella.com\\\/de\\\/\"},{\"@type\":\"ListItem\",\"position\":2,\"name\":\"Suite und Standard Zimmer\"}]},{\"@type\":\"WebSite\",\"@id\":\"https:\\\/\\\/www.cortecarezzabella.com\\\/de\\\/#website\",\"url\":\"https:\\\/\\\/www.cortecarezzabella.com\\\/de\\\/\",\"name\":\"Corte Carezzabella\",\"description\":\"Agriturismo Corte Carezzabella\",\"publisher\":{\"@id\":\"https:\\\/\\\/www.cortecarezzabella.com\\\/de\\\/#organization\"},\"potentialAction\":[{\"@type\":\"SearchAction\",\"target\":{\"@type\":\"EntryPoint\",\"urlTemplate\":\"https:\\\/\\\/www.cortecarezzabella.com\\\/de\\\/?s={search_term_string}\"},\"query-input\":{\"@type\":\"PropertyValueSpecification\",\"valueRequired\":true,\"valueName\":\"search_term_string\"}}],\"inLanguage\":\"de-DE\"},{\"@type\":\"Organization\",\"@id\":\"https:\\\/\\\/www.cortecarezzabella.com\\\/de\\\/#organization\",\"name\":\"IL FRUTTETO DI SAN MARTINO S.S.\",\"url\":\"https:\\\/\\\/www.cortecarezzabella.com\\\/de\\\/\",\"logo\":{\"@type\":\"ImageObject\",\"inLanguage\":\"de-DE\",\"@id\":\"https:\\\/\\\/www.cortecarezzabella.com\\\/de\\\/#\\\/schema\\\/logo\\\/image\\\/\",\"url\":\"https:\\\/\\\/www.cortecarezzabella.com\\\/wp-content\\\/uploads\\\/2020\\\/03\\\/LOGO_laBottega-posta-elttr-piccola.jpg\",\"contentUrl\":\"https:\\\/\\\/www.cortecarezzabella.com\\\/wp-content\\\/uploads\\\/2020\\\/03\\\/LOGO_laBottega-posta-elttr-piccola.jpg\",\"width\":160,\"height\":115,\"caption\":\"IL FRUTTETO DI SAN MARTINO S.S.\"},\"image\":{\"@id\":\"https:\\\/\\\/www.cortecarezzabella.com\\\/de\\\/#\\\/schema\\\/logo\\\/image\\\/\"}}]}<\/script>\n<!-- \/ Yoast SEO plugin. -->","yoast_head_json":{"title":"Suite und Standard Zimmer","robots":{"index":"index","follow":"follow","max-snippet":"max-snippet:-1","max-image-preview":"max-image-preview:large","max-video-preview":"max-video-preview:-1"},"canonical":"https:\/\/www.cortecarezzabella.com\/de\/preise-und-reservierungen-2\/","og_locale":"de_DE","og_type":"article","og_title":"Suite und Standard Zimmer","og_description":"&#8211; Preise und Reservierungen- Suite und Standard Zimmer Nebensaison &#8211; Ab dem 14.Oktober bis zum&nbsp;23. M\u00e4rz 2018 Doppelzimmer Suite oder Standard&nbsp; Fr\u00fchst\u00fcck inklusive Vom Montag bis Donnerstag&nbsp;\u20ac68,00&nbsp;pro Nacht Vom Freitag bis Sonntag, ab&nbsp;\u20ac85,00&nbsp;pro Nacht Doppelzimmer zur Einzelbenutzung Suite oder Standard&nbsp; Fr\u00fchst\u00fcck inklusive Vom Montag bis Donnerstag&nbsp;\u20ac48,00&nbsp;pro Nacht Vom Freitag bis Sonntag, ab&nbsp;\u20ac60,00&nbsp;pro Nacht&nbsp; Vorsaison &#8211; [&hellip;]","og_url":"https:\/\/www.cortecarezzabella.com\/de\/preise-und-reservierungen-2\/","og_site_name":"Corte Carezzabella","article_modified_time":"2017-12-18T16:43:33+00:00","twitter_card":"summary_large_image","twitter_misc":{"Est. reading time":"3 minutes"},"schema":{"@context":"https:\/\/schema.org","@graph":[{"@type":"WebPage","@id":"https:\/\/www.cortecarezzabella.com\/de\/preise-und-reservierungen-2\/","url":"https:\/\/www.cortecarezzabella.com\/de\/preise-und-reservierungen-2\/","name":"Suite und Standard Zimmer","isPartOf":{"@id":"https:\/\/www.cortecarezzabella.com\/de\/#website"},"datePublished":"2017-05-18T09:26:09+00:00","dateModified":"2017-12-18T16:43:33+00:00","breadcrumb":{"@id":"https:\/\/www.cortecarezzabella.com\/de\/preise-und-reservierungen-2\/#breadcrumb"},"inLanguage":"de-DE","potentialAction":[{"@type":"ReadAction","target":["https:\/\/www.cortecarezzabella.com\/de\/preise-und-reservierungen-2\/"]}]},{"@type":"BreadcrumbList","@id":"https:\/\/www.cortecarezzabella.com\/de\/preise-und-reservierungen-2\/#breadcrumb","itemListElement":[{"@type":"ListItem","position":1,"name":"Home","item":"https:\/\/www.cortecarezzabella.com\/de\/"},{"@type":"ListItem","position":2,"name":"Suite und Standard Zimmer"}]},{"@type":"WebSite","@id":"https:\/\/www.cortecarezzabella.com\/de\/#website","url":"https:\/\/www.cortecarezzabella.com\/de\/","name":"Corte Carezzabella","description":"Agriturismo Corte Carezzabella","publisher":{"@id":"https:\/\/www.cortecarezzabella.com\/de\/#organization"},"potentialAction":[{"@type":"SearchAction","target":{"@type":"EntryPoint","urlTemplate":"https:\/\/www.cortecarezzabella.com\/de\/?s={search_term_string}"},"query-input":{"@type":"PropertyValueSpecification","valueRequired":true,"valueName":"search_term_string"}}],"inLanguage":"de-DE"},{"@type":"Organization","@id":"https:\/\/www.cortecarezzabella.com\/de\/#organization","name":"IL FRUTTETO DI SAN MARTINO S.S.","url":"https:\/\/www.cortecarezzabella.com\/de\/","logo":{"@type":"ImageObject","inLanguage":"de-DE","@id":"https:\/\/www.cortecarezzabella.com\/de\/#\/schema\/logo\/image\/","url":"https:\/\/www.cortecarezzabella.com\/wp-content\/uploads\/2020\/03\/LOGO_laBottega-posta-elttr-piccola.jpg","contentUrl":"https:\/\/www.cortecarezzabella.com\/wp-content\/uploads\/2020\/03\/LOGO_laBottega-posta-elttr-piccola.jpg","width":160,"height":115,"caption":"IL FRUTTETO DI SAN MARTINO S.S."},"image":{"@id":"https:\/\/www.cortecarezzabella.com\/de\/#\/schema\/logo\/image\/"}}]}},"_links":{"self":[{"href":"https:\/\/www.cortecarezzabella.com\/de\/wp-json\/wp\/v2\/pages\/493","targetHints":{"allow":["GET"]}}],"collection":[{"href":"https:\/\/www.cortecarezzabella.com\/de\/wp-json\/wp\/v2\/pages"}],"about":[{"href":"https:\/\/www.cortecarezzabella.com\/de\/wp-json\/wp\/v2\/types\/page"}],"author":[{"embeddable":true,"href":"https:\/\/www.cortecarezzabella.com\/de\/wp-json\/wp\/v2\/users\/1"}],"replies":[{"embeddable":true,"href":"https:\/\/www.cortecarezzabella.com\/de\/wp-json\/wp\/v2\/comments?post=493"}],"version-history":[{"count":11,"href":"https:\/\/www.cortecarezzabella.com\/de\/wp-json\/wp\/v2\/pages\/493\/revisions"}],"predecessor-version":[{"id":3347,"href":"https:\/\/www.cortecarezzabella.com\/de\/wp-json\/wp\/v2\/pages\/493\/revisions\/3347"}],"wp:attachment":[{"href":"https:\/\/www.cortecarezzabella.com\/de\/wp-json\/wp\/v2\/media?parent=493"}],"curies":[{"name":"wp","href":"https:\/\/api.w.org\/{rel}","templated":true}]}}