{"id":3563,"date":"2017-12-22T18:52:35","date_gmt":"2017-12-22T17:52:35","guid":{"rendered":"https:\/\/www.cortecarezzabella.com\/?page_id=3563\/"},"modified":"2021-03-05T13:01:32","modified_gmt":"2021-03-05T12:01:32","slug":"standard-zimmer","status":"publish","type":"page","link":"https:\/\/www.cortecarezzabella.com\/de\/standard-zimmer\/","title":{"rendered":"Standard Zimmer"},"content":{"rendered":"<h1 style=\"text-align: center;\">&#8211; Unsere Zimmer &#8211;<\/h1>\n<p style=\"text-align: left;\"><span style=\"font-size: 24px;\"><strong>Standard Zimmer&nbsp;<\/strong><\/span><\/p>\n<p><span lang=\"DE\">Die Standard Doppelzimmer sind gem\u00fctlich eingerichtet und ein drittes Bett kann eventuell zu Verf\u00fcgung gestellt werden. Die Einrichtung des Zimmer und des Badezimmer sind auch&nbsp;f\u00fcr Menschen mit Behinderungen zug\u00e4nglich.&nbsp;<\/span><\/p>\n<p><span style=\"text-decoration: underline;\">Gemeinsame Einrichtungen:<\/span><\/p>\n<p>Ensuite Badezimmer mit Dusche, WC und Haartrockner<br \/>\nKlimaanlage und Heizung<br \/>\nWi-Fi<br \/>\nLCD Fernseher<br \/>\nTelefon f\u00fcr interne Telefongespr\u00e4che<br \/>\nKleines K\u00fchlschrank und Wasserkocher<\/p>\n<p>&nbsp;<br \/>\n<span style=\"font-size: 24px;\"><strong>Preise<\/strong><\/span><\/p>\n<p>Wenn Sie die Preise wissen m\u00f6chten, k\u00f6nnen Sie auf diesen Link klicken und direkt reservieren:&nbsp;<a href=\"https:\/\/wubook.net\/wbkd\/wbk\/ddbook\/?wbSessionId=602120c6cb382c8ea3c790f1821bedbc_5e301562\">https:\/\/wubook.net\/wbkd\/wbk\/ddbook\/?wbSessionId=602120c6cb382c8ea3c790f1821bedbc_5e301562<\/a><\/p>\n<hr>\n<p><span style=\"font-size: 14px;\">Bitte entnehmen Sie unsere <a href=\"https:\/\/www.cortecarezzabella.com\/wp-content\/uploads\/2017\/12\/ALLGEMEINE-BEDINGUNGEN.pdf\">ALLGEMEINEN BEDINGUNGEN<\/a> und <a href=\"https:\/\/www.cortecarezzabella.com\/wp-content\/uploads\/2017\/05\/POLITICA-DI-CANCELLAZIONE.pdf\">STORNIERUNGSBEDINGUNGEN<\/a>.&nbsp;<\/span><\/p>\nngg_shortcode_0_placeholder\n","protected":false},"excerpt":{"rendered":"<p>&#8211; Unsere Zimmer &#8211; Standard Zimmer&nbsp; Die Standard Doppelzimmer sind gem\u00fctlich eingerichtet und ein drittes Bett kann eventuell zu Verf\u00fcgung gestellt werden. Die Einrichtung des Zimmer und des Badezimmer sind auch&nbsp;f\u00fcr Menschen mit Behinderungen zug\u00e4nglich.&nbsp; Gemeinsame Einrichtungen: Ensuite Badezimmer mit Dusche, WC und Haartrockner Klimaanlage und Heizung Wi-Fi LCD Fernseher Telefon f\u00fcr interne Telefongespr\u00e4che Kleines [&hellip;]<\/p>\n","protected":false},"author":2,"featured_media":0,"parent":0,"menu_order":0,"comment_status":"closed","ping_status":"closed","template":"","meta":{"_acf_changed":false,"ngg_post_thumbnail":0,"footnotes":""},"class_list":["post-3563","page","type-page","status-publish","hentry"],"acf":[],"yoast_head":"<!-- This site is optimized with the Yoast SEO plugin v27.3 - https:\/\/yoast.com\/product\/yoast-seo-wordpress\/ -->\n<title>Standard Zimmer<\/title>\n<meta name=\"robots\" content=\"index, follow, max-snippet:-1, max-image-preview:large, max-video-preview:-1\" \/>\n<link rel=\"canonical\" href=\"https:\/\/www.cortecarezzabella.com\/de\/standard-zimmer\/\" \/>\n<meta property=\"og:locale\" content=\"de_DE\" \/>\n<meta property=\"og:type\" content=\"article\" \/>\n<meta property=\"og:title\" content=\"Standard Zimmer\" \/>\n<meta property=\"og:description\" content=\"&#8211; Unsere Zimmer &#8211; Standard Zimmer&nbsp; Die Standard Doppelzimmer sind gem\u00fctlich eingerichtet und ein drittes Bett kann eventuell zu Verf\u00fcgung gestellt werden. Die Einrichtung des Zimmer und des Badezimmer sind auch&nbsp;f\u00fcr Menschen mit Behinderungen zug\u00e4nglich.&nbsp; Gemeinsame Einrichtungen: Ensuite Badezimmer mit Dusche, WC und Haartrockner Klimaanlage und Heizung Wi-Fi LCD Fernseher Telefon f\u00fcr interne Telefongespr\u00e4che Kleines [&hellip;]\" \/>\n<meta property=\"og:url\" content=\"https:\/\/www.cortecarezzabella.com\/de\/standard-zimmer\/\" \/>\n<meta property=\"og:site_name\" content=\"Corte Carezzabella\" \/>\n<meta property=\"article:modified_time\" content=\"2021-03-05T12:01:32+00:00\" \/>\n<meta name=\"twitter:card\" content=\"summary_large_image\" \/>\n<meta name=\"twitter:label1\" content=\"Est. reading time\" \/>\n\t<meta name=\"twitter:data1\" content=\"1 minute\" \/>\n<script type=\"application\/ld+json\" class=\"yoast-schema-graph\">{\"@context\":\"https:\\\/\\\/schema.org\",\"@graph\":[{\"@type\":\"WebPage\",\"@id\":\"https:\\\/\\\/www.cortecarezzabella.com\\\/de\\\/standard-zimmer\\\/\",\"url\":\"https:\\\/\\\/www.cortecarezzabella.com\\\/de\\\/standard-zimmer\\\/\",\"name\":\"Standard Zimmer\",\"isPartOf\":{\"@id\":\"https:\\\/\\\/www.cortecarezzabella.com\\\/de\\\/#website\"},\"datePublished\":\"2017-12-22T17:52:35+00:00\",\"dateModified\":\"2021-03-05T12:01:32+00:00\",\"breadcrumb\":{\"@id\":\"https:\\\/\\\/www.cortecarezzabella.com\\\/de\\\/standard-zimmer\\\/#breadcrumb\"},\"inLanguage\":\"de-DE\",\"potentialAction\":[{\"@type\":\"ReadAction\",\"target\":[\"https:\\\/\\\/www.cortecarezzabella.com\\\/de\\\/standard-zimmer\\\/\"]}]},{\"@type\":\"BreadcrumbList\",\"@id\":\"https:\\\/\\\/www.cortecarezzabella.com\\\/de\\\/standard-zimmer\\\/#breadcrumb\",\"itemListElement\":[{\"@type\":\"ListItem\",\"position\":1,\"name\":\"Home\",\"item\":\"https:\\\/\\\/www.cortecarezzabella.com\\\/de\\\/\"},{\"@type\":\"ListItem\",\"position\":2,\"name\":\"Standard Zimmer\"}]},{\"@type\":\"WebSite\",\"@id\":\"https:\\\/\\\/www.cortecarezzabella.com\\\/de\\\/#website\",\"url\":\"https:\\\/\\\/www.cortecarezzabella.com\\\/de\\\/\",\"name\":\"Corte Carezzabella\",\"description\":\"Agriturismo Corte Carezzabella\",\"publisher\":{\"@id\":\"https:\\\/\\\/www.cortecarezzabella.com\\\/de\\\/#organization\"},\"potentialAction\":[{\"@type\":\"SearchAction\",\"target\":{\"@type\":\"EntryPoint\",\"urlTemplate\":\"https:\\\/\\\/www.cortecarezzabella.com\\\/de\\\/?s={search_term_string}\"},\"query-input\":{\"@type\":\"PropertyValueSpecification\",\"valueRequired\":true,\"valueName\":\"search_term_string\"}}],\"inLanguage\":\"de-DE\"},{\"@type\":\"Organization\",\"@id\":\"https:\\\/\\\/www.cortecarezzabella.com\\\/de\\\/#organization\",\"name\":\"IL FRUTTETO DI SAN MARTINO S.S.\",\"url\":\"https:\\\/\\\/www.cortecarezzabella.com\\\/de\\\/\",\"logo\":{\"@type\":\"ImageObject\",\"inLanguage\":\"de-DE\",\"@id\":\"https:\\\/\\\/www.cortecarezzabella.com\\\/de\\\/#\\\/schema\\\/logo\\\/image\\\/\",\"url\":\"https:\\\/\\\/www.cortecarezzabella.com\\\/wp-content\\\/uploads\\\/2020\\\/03\\\/LOGO_laBottega-posta-elttr-piccola.jpg\",\"contentUrl\":\"https:\\\/\\\/www.cortecarezzabella.com\\\/wp-content\\\/uploads\\\/2020\\\/03\\\/LOGO_laBottega-posta-elttr-piccola.jpg\",\"width\":160,\"height\":115,\"caption\":\"IL FRUTTETO DI SAN MARTINO S.S.\"},\"image\":{\"@id\":\"https:\\\/\\\/www.cortecarezzabella.com\\\/de\\\/#\\\/schema\\\/logo\\\/image\\\/\"}}]}<\/script>\n<!-- \/ Yoast SEO plugin. -->","yoast_head_json":{"title":"Standard Zimmer","robots":{"index":"index","follow":"follow","max-snippet":"max-snippet:-1","max-image-preview":"max-image-preview:large","max-video-preview":"max-video-preview:-1"},"canonical":"https:\/\/www.cortecarezzabella.com\/de\/standard-zimmer\/","og_locale":"de_DE","og_type":"article","og_title":"Standard Zimmer","og_description":"&#8211; Unsere Zimmer &#8211; Standard Zimmer&nbsp; Die Standard Doppelzimmer sind gem\u00fctlich eingerichtet und ein drittes Bett kann eventuell zu Verf\u00fcgung gestellt werden. Die Einrichtung des Zimmer und des Badezimmer sind auch&nbsp;f\u00fcr Menschen mit Behinderungen zug\u00e4nglich.&nbsp; Gemeinsame Einrichtungen: Ensuite Badezimmer mit Dusche, WC und Haartrockner Klimaanlage und Heizung Wi-Fi LCD Fernseher Telefon f\u00fcr interne Telefongespr\u00e4che Kleines [&hellip;]","og_url":"https:\/\/www.cortecarezzabella.com\/de\/standard-zimmer\/","og_site_name":"Corte Carezzabella","article_modified_time":"2021-03-05T12:01:32+00:00","twitter_card":"summary_large_image","twitter_misc":{"Est. reading time":"1 minute"},"schema":{"@context":"https:\/\/schema.org","@graph":[{"@type":"WebPage","@id":"https:\/\/www.cortecarezzabella.com\/de\/standard-zimmer\/","url":"https:\/\/www.cortecarezzabella.com\/de\/standard-zimmer\/","name":"Standard Zimmer","isPartOf":{"@id":"https:\/\/www.cortecarezzabella.com\/de\/#website"},"datePublished":"2017-12-22T17:52:35+00:00","dateModified":"2021-03-05T12:01:32+00:00","breadcrumb":{"@id":"https:\/\/www.cortecarezzabella.com\/de\/standard-zimmer\/#breadcrumb"},"inLanguage":"de-DE","potentialAction":[{"@type":"ReadAction","target":["https:\/\/www.cortecarezzabella.com\/de\/standard-zimmer\/"]}]},{"@type":"BreadcrumbList","@id":"https:\/\/www.cortecarezzabella.com\/de\/standard-zimmer\/#breadcrumb","itemListElement":[{"@type":"ListItem","position":1,"name":"Home","item":"https:\/\/www.cortecarezzabella.com\/de\/"},{"@type":"ListItem","position":2,"name":"Standard Zimmer"}]},{"@type":"WebSite","@id":"https:\/\/www.cortecarezzabella.com\/de\/#website","url":"https:\/\/www.cortecarezzabella.com\/de\/","name":"Corte Carezzabella","description":"Agriturismo Corte Carezzabella","publisher":{"@id":"https:\/\/www.cortecarezzabella.com\/de\/#organization"},"potentialAction":[{"@type":"SearchAction","target":{"@type":"EntryPoint","urlTemplate":"https:\/\/www.cortecarezzabella.com\/de\/?s={search_term_string}"},"query-input":{"@type":"PropertyValueSpecification","valueRequired":true,"valueName":"search_term_string"}}],"inLanguage":"de-DE"},{"@type":"Organization","@id":"https:\/\/www.cortecarezzabella.com\/de\/#organization","name":"IL FRUTTETO DI SAN MARTINO S.S.","url":"https:\/\/www.cortecarezzabella.com\/de\/","logo":{"@type":"ImageObject","inLanguage":"de-DE","@id":"https:\/\/www.cortecarezzabella.com\/de\/#\/schema\/logo\/image\/","url":"https:\/\/www.cortecarezzabella.com\/wp-content\/uploads\/2020\/03\/LOGO_laBottega-posta-elttr-piccola.jpg","contentUrl":"https:\/\/www.cortecarezzabella.com\/wp-content\/uploads\/2020\/03\/LOGO_laBottega-posta-elttr-piccola.jpg","width":160,"height":115,"caption":"IL FRUTTETO DI SAN MARTINO S.S."},"image":{"@id":"https:\/\/www.cortecarezzabella.com\/de\/#\/schema\/logo\/image\/"}}]}},"_links":{"self":[{"href":"https:\/\/www.cortecarezzabella.com\/de\/wp-json\/wp\/v2\/pages\/3563","targetHints":{"allow":["GET"]}}],"collection":[{"href":"https:\/\/www.cortecarezzabella.com\/de\/wp-json\/wp\/v2\/pages"}],"about":[{"href":"https:\/\/www.cortecarezzabella.com\/de\/wp-json\/wp\/v2\/types\/page"}],"author":[{"embeddable":true,"href":"https:\/\/www.cortecarezzabella.com\/de\/wp-json\/wp\/v2\/users\/2"}],"replies":[{"embeddable":true,"href":"https:\/\/www.cortecarezzabella.com\/de\/wp-json\/wp\/v2\/comments?post=3563"}],"version-history":[{"count":13,"href":"https:\/\/www.cortecarezzabella.com\/de\/wp-json\/wp\/v2\/pages\/3563\/revisions"}],"predecessor-version":[{"id":10256,"href":"https:\/\/www.cortecarezzabella.com\/de\/wp-json\/wp\/v2\/pages\/3563\/revisions\/10256"}],"wp:attachment":[{"href":"https:\/\/www.cortecarezzabella.com\/de\/wp-json\/wp\/v2\/media?parent=3563"}],"curies":[{"name":"wp","href":"https:\/\/api.w.org\/{rel}","templated":true}]}}