{"id":339,"date":"2017-05-12T17:48:55","date_gmt":"2017-05-12T15:48:55","guid":{"rendered":"https:\/\/www.cortecarezzabella.com\/?page_id=339\/"},"modified":"2021-03-15T12:28:49","modified_gmt":"2021-03-15T11:28:49","slug":"urlaub-am-bauernhof","status":"publish","type":"page","link":"https:\/\/www.cortecarezzabella.com\/de\/urlaub-am-bauernhof\/","title":{"rendered":"Urlaub am Bauernhof"},"content":{"rendered":"<h1>Willkommen in unserem Agriturismo<\/h1>\n<p>Am Fu\u00dfe des Gebirges liegt das ruhige Agriturismo Corte Carezzabella in der Venetien, inmitten der ruhigen Landschaft zwischen Venedig, Padua, Verona, Ferrara und Rovigo. Der Tourismusbereich ist nur eine Facette des alten Hofes, der in den fr\u00fchen Jahren des 19. Jahrhunderts gegr\u00fcndet wurde.<\/p>\n<p>Auch heute werden noch Fr\u00fcchte und Gem\u00fcse produziert sowie Viehzucht betrieben. In den einstigen Scheunen befinden sich heute die Zimmer und Ferienwohnungen, das ehemalige Tischlerzimmer wurde zur Bibliothek und die Schmiedewerkstatt zur K\u00fcche umgebaut. In den gro\u00dfz\u00fcgigen R\u00e4umlichkeiten, in denen einst die Arbeitskarren und Traktoren untergestellt waren, befinden sich heute der Speisesaal und ein gem\u00fctlicher Aufenthaltsraum.<\/p>\n<p>Das Landhaus bietet zudem eine hauseigene Verk\u00f6stigung mit hausgemachten traditionellen Gerichten und nat\u00fcrlichen Zutaten aus dem eigenen Anbau an.<\/p>\n<p>Das Landhaus Corte Carezzabella ist genau f\u00fcr denjenigen der richtige Ort, der sich Ruhe und Erholung w\u00fcnscht und zugleich ein idealer Ausgangspunkt f\u00fcr Exkursionen nach Venetien, Polesine, Emilia Romagna und Ferrara sowie die Stadt Venedig und das Po-Delta.<\/p>\n<p>Kommen Sie nach Carezzabella, um den Wert der Zeit wieder zu finden. Leben Sie die Sch\u00f6nheit einer jeden Jahreszeit, indem sie festliche und ruhige Momente genie\u00dfen oder auf Entdeckungsreise gehen.<\/p>\n<p>&nbsp;<\/p>\n<p>&nbsp;<\/p>\n\n\n<figure class=\"wp-block-gallery columns-3 is-cropped wp-block-gallery-1 is-layout-flex wp-block-gallery-is-layout-flex\"><ul class=\"blocks-gallery-grid\"><li class=\"blocks-gallery-item\"><figure><img loading=\"lazy\" decoding=\"async\" width=\"934\" height=\"700\" src=\"https:\/\/www.cortecarezzabella.com\/wp-content\/uploads\/2021\/03\/Dji-0007-2-1-934x700.jpg\" alt=\"\" data-id=\"10359\" data-full-url=\"https:\/\/www.cortecarezzabella.com\/wp-content\/uploads\/2021\/03\/Dji-0007-2-1-scaled.jpg\" data-link=\"https:\/\/www.cortecarezzabella.com\/de\/urlaub-am-bauernhof\/dji-0007-2-1-2\/\" class=\"wp-image-10359\" srcset=\"https:\/\/www.cortecarezzabella.com\/wp-content\/uploads\/2021\/03\/Dji-0007-2-1-934x700.jpg 934w, https:\/\/www.cortecarezzabella.com\/wp-content\/uploads\/2021\/03\/Dji-0007-2-1-641x480.jpg 641w, https:\/\/www.cortecarezzabella.com\/wp-content\/uploads\/2021\/03\/Dji-0007-2-1-768x575.jpg 768w, https:\/\/www.cortecarezzabella.com\/wp-content\/uploads\/2021\/03\/Dji-0007-2-1-1536x1151.jpg 1536w, https:\/\/www.cortecarezzabella.com\/wp-content\/uploads\/2021\/03\/Dji-0007-2-1-2048x1535.jpg 2048w, https:\/\/www.cortecarezzabella.com\/wp-content\/uploads\/2021\/03\/Dji-0007-2-1-300x225.jpg 300w, https:\/\/www.cortecarezzabella.com\/wp-content\/uploads\/2021\/03\/Dji-0007-2-1-450x337.jpg 450w, https:\/\/www.cortecarezzabella.com\/wp-content\/uploads\/2021\/03\/Dji-0007-2-1-500x375.jpg 500w, https:\/\/www.cortecarezzabella.com\/wp-content\/uploads\/2021\/03\/Dji-0007-2-1-80x60.jpg 80w, https:\/\/www.cortecarezzabella.com\/wp-content\/uploads\/2021\/03\/Dji-0007-2-1-120x90.jpg 120w\" sizes=\"auto, (max-width: 934px) 100vw, 934px\" \/><\/figure><\/li><li class=\"blocks-gallery-item\"><figure><img loading=\"lazy\" decoding=\"async\" width=\"1024\" height=\"575\" src=\"https:\/\/www.cortecarezzabella.com\/wp-content\/uploads\/2021\/03\/DJI_0776-1-1024x575.jpg\" alt=\"\" data-id=\"10353\" data-full-url=\"https:\/\/www.cortecarezzabella.com\/wp-content\/uploads\/2021\/03\/DJI_0776-1-scaled.jpg\" data-link=\"https:\/\/www.cortecarezzabella.com\/de\/urlaub-am-bauernhof\/dji_0776-1-2\/\" class=\"wp-image-10353\" srcset=\"https:\/\/www.cortecarezzabella.com\/wp-content\/uploads\/2021\/03\/DJI_0776-1-1024x575.jpg 1024w, https:\/\/www.cortecarezzabella.com\/wp-content\/uploads\/2021\/03\/DJI_0776-1-700x393.jpg 700w, https:\/\/www.cortecarezzabella.com\/wp-content\/uploads\/2021\/03\/DJI_0776-1-768x432.jpg 768w, https:\/\/www.cortecarezzabella.com\/wp-content\/uploads\/2021\/03\/DJI_0776-1-1536x863.jpg 1536w, https:\/\/www.cortecarezzabella.com\/wp-content\/uploads\/2021\/03\/DJI_0776-1-2048x1151.jpg 2048w, https:\/\/www.cortecarezzabella.com\/wp-content\/uploads\/2021\/03\/DJI_0776-1-300x169.jpg 300w, https:\/\/www.cortecarezzabella.com\/wp-content\/uploads\/2021\/03\/DJI_0776-1-450x253.jpg 450w, https:\/\/www.cortecarezzabella.com\/wp-content\/uploads\/2021\/03\/DJI_0776-1-500x281.jpg 500w, https:\/\/www.cortecarezzabella.com\/wp-content\/uploads\/2021\/03\/DJI_0776-1-107x60.jpg 107w, https:\/\/www.cortecarezzabella.com\/wp-content\/uploads\/2021\/03\/DJI_0776-1-160x90.jpg 160w\" sizes=\"auto, (max-width: 1024px) 100vw, 1024px\" \/><\/figure><\/li><li class=\"blocks-gallery-item\"><figure><img loading=\"lazy\" decoding=\"async\" width=\"934\" height=\"700\" src=\"https:\/\/www.cortecarezzabella.com\/wp-content\/uploads\/2021\/03\/Dji-00013-934x700.jpg\" alt=\"\" data-id=\"10348\" data-full-url=\"https:\/\/www.cortecarezzabella.com\/wp-content\/uploads\/2021\/03\/Dji-00013-scaled.jpg\" data-link=\"https:\/\/www.cortecarezzabella.com\/de\/urlaub-am-bauernhof\/dji-00013-3\/\" class=\"wp-image-10348\" srcset=\"https:\/\/www.cortecarezzabella.com\/wp-content\/uploads\/2021\/03\/Dji-00013-934x700.jpg 934w, https:\/\/www.cortecarezzabella.com\/wp-content\/uploads\/2021\/03\/Dji-00013-640x480.jpg 640w, https:\/\/www.cortecarezzabella.com\/wp-content\/uploads\/2021\/03\/Dji-00013-768x576.jpg 768w, https:\/\/www.cortecarezzabella.com\/wp-content\/uploads\/2021\/03\/Dji-00013-1536x1151.jpg 1536w, https:\/\/www.cortecarezzabella.com\/wp-content\/uploads\/2021\/03\/Dji-00013-2048x1535.jpg 2048w, https:\/\/www.cortecarezzabella.com\/wp-content\/uploads\/2021\/03\/Dji-00013-300x225.jpg 300w, https:\/\/www.cortecarezzabella.com\/wp-content\/uploads\/2021\/03\/Dji-00013-450x337.jpg 450w, https:\/\/www.cortecarezzabella.com\/wp-content\/uploads\/2021\/03\/Dji-00013-500x375.jpg 500w, https:\/\/www.cortecarezzabella.com\/wp-content\/uploads\/2021\/03\/Dji-00013-80x60.jpg 80w, https:\/\/www.cortecarezzabella.com\/wp-content\/uploads\/2021\/03\/Dji-00013-120x90.jpg 120w\" sizes=\"auto, (max-width: 934px) 100vw, 934px\" \/><\/figure><\/li><\/ul><\/figure>\n","protected":false},"excerpt":{"rendered":"<p>Willkommen in unserem Agriturismo Am Fu\u00dfe des Gebirges liegt das ruhige Agriturismo Corte Carezzabella in der Venetien, inmitten der ruhigen Landschaft zwischen Venedig, Padua, Verona, Ferrara und Rovigo. Der Tourismusbereich ist nur eine Facette des alten Hofes, der in den fr\u00fchen Jahren des 19. Jahrhunderts gegr\u00fcndet wurde. Auch heute werden noch Fr\u00fcchte und Gem\u00fcse produziert [&hellip;]<\/p>\n","protected":false},"author":2,"featured_media":0,"parent":0,"menu_order":0,"comment_status":"closed","ping_status":"closed","template":"","meta":{"_acf_changed":false,"ngg_post_thumbnail":0,"footnotes":""},"class_list":["post-339","page","type-page","status-publish","hentry"],"acf":[],"yoast_head":"<!-- This site is optimized with the Yoast SEO plugin v27.3 - https:\/\/yoast.com\/product\/yoast-seo-wordpress\/ -->\n<title>Urlaub am Bauernhof in Italien<\/title>\n<meta name=\"robots\" content=\"index, follow, max-snippet:-1, max-image-preview:large, max-video-preview:-1\" \/>\n<link rel=\"canonical\" href=\"https:\/\/www.cortecarezzabella.com\/de\/urlaub-am-bauernhof\/\" \/>\n<meta property=\"og:locale\" content=\"de_DE\" \/>\n<meta property=\"og:type\" content=\"article\" \/>\n<meta property=\"og:title\" content=\"Urlaub am Bauernhof in Italien\" \/>\n<meta property=\"og:description\" content=\"Willkommen in unserem Agriturismo Am Fu\u00dfe des Gebirges liegt das ruhige Agriturismo Corte Carezzabella in der Venetien, inmitten der ruhigen Landschaft zwischen Venedig, Padua, Verona, Ferrara und Rovigo. Der Tourismusbereich ist nur eine Facette des alten Hofes, der in den fr\u00fchen Jahren des 19. Jahrhunderts gegr\u00fcndet wurde. Auch heute werden noch Fr\u00fcchte und Gem\u00fcse produziert [&hellip;]\" \/>\n<meta property=\"og:url\" content=\"https:\/\/www.cortecarezzabella.com\/de\/urlaub-am-bauernhof\/\" \/>\n<meta property=\"og:site_name\" content=\"Corte Carezzabella\" \/>\n<meta property=\"article:modified_time\" content=\"2021-03-15T11:28:49+00:00\" \/>\n<meta property=\"og:image\" content=\"https:\/\/www.cortecarezzabella.com\/wp-content\/uploads\/2021\/03\/Dji-0007-2-1-934x700.jpg\" \/>\n<meta name=\"twitter:card\" content=\"summary_large_image\" \/>\n<meta name=\"twitter:label1\" content=\"Est. reading time\" \/>\n\t<meta name=\"twitter:data1\" content=\"2 minutes\" \/>\n<script type=\"application\/ld+json\" class=\"yoast-schema-graph\">{\"@context\":\"https:\\\/\\\/schema.org\",\"@graph\":[{\"@type\":\"WebPage\",\"@id\":\"https:\\\/\\\/www.cortecarezzabella.com\\\/de\\\/urlaub-am-bauernhof\\\/\",\"url\":\"https:\\\/\\\/www.cortecarezzabella.com\\\/de\\\/urlaub-am-bauernhof\\\/\",\"name\":\"Urlaub am Bauernhof in Italien\",\"isPartOf\":{\"@id\":\"https:\\\/\\\/www.cortecarezzabella.com\\\/de\\\/#website\"},\"primaryImageOfPage\":{\"@id\":\"https:\\\/\\\/www.cortecarezzabella.com\\\/de\\\/urlaub-am-bauernhof\\\/#primaryimage\"},\"image\":{\"@id\":\"https:\\\/\\\/www.cortecarezzabella.com\\\/de\\\/urlaub-am-bauernhof\\\/#primaryimage\"},\"thumbnailUrl\":\"https:\\\/\\\/www.cortecarezzabella.com\\\/wp-content\\\/uploads\\\/2021\\\/03\\\/Dji-0007-2-1-934x700.jpg\",\"datePublished\":\"2017-05-12T15:48:55+00:00\",\"dateModified\":\"2021-03-15T11:28:49+00:00\",\"breadcrumb\":{\"@id\":\"https:\\\/\\\/www.cortecarezzabella.com\\\/de\\\/urlaub-am-bauernhof\\\/#breadcrumb\"},\"inLanguage\":\"de-DE\",\"potentialAction\":[{\"@type\":\"ReadAction\",\"target\":[\"https:\\\/\\\/www.cortecarezzabella.com\\\/de\\\/urlaub-am-bauernhof\\\/\"]}]},{\"@type\":\"ImageObject\",\"inLanguage\":\"de-DE\",\"@id\":\"https:\\\/\\\/www.cortecarezzabella.com\\\/de\\\/urlaub-am-bauernhof\\\/#primaryimage\",\"url\":\"https:\\\/\\\/www.cortecarezzabella.com\\\/wp-content\\\/uploads\\\/2021\\\/03\\\/Dji-0007-2-1-934x700.jpg\",\"contentUrl\":\"https:\\\/\\\/www.cortecarezzabella.com\\\/wp-content\\\/uploads\\\/2021\\\/03\\\/Dji-0007-2-1-934x700.jpg\"},{\"@type\":\"BreadcrumbList\",\"@id\":\"https:\\\/\\\/www.cortecarezzabella.com\\\/de\\\/urlaub-am-bauernhof\\\/#breadcrumb\",\"itemListElement\":[{\"@type\":\"ListItem\",\"position\":1,\"name\":\"Home\",\"item\":\"https:\\\/\\\/www.cortecarezzabella.com\\\/de\\\/\"},{\"@type\":\"ListItem\",\"position\":2,\"name\":\"Urlaub am Bauernhof\"}]},{\"@type\":\"WebSite\",\"@id\":\"https:\\\/\\\/www.cortecarezzabella.com\\\/de\\\/#website\",\"url\":\"https:\\\/\\\/www.cortecarezzabella.com\\\/de\\\/\",\"name\":\"Corte Carezzabella\",\"description\":\"Agriturismo Corte Carezzabella\",\"publisher\":{\"@id\":\"https:\\\/\\\/www.cortecarezzabella.com\\\/de\\\/#organization\"},\"potentialAction\":[{\"@type\":\"SearchAction\",\"target\":{\"@type\":\"EntryPoint\",\"urlTemplate\":\"https:\\\/\\\/www.cortecarezzabella.com\\\/de\\\/?s={search_term_string}\"},\"query-input\":{\"@type\":\"PropertyValueSpecification\",\"valueRequired\":true,\"valueName\":\"search_term_string\"}}],\"inLanguage\":\"de-DE\"},{\"@type\":\"Organization\",\"@id\":\"https:\\\/\\\/www.cortecarezzabella.com\\\/de\\\/#organization\",\"name\":\"IL FRUTTETO DI SAN MARTINO S.S.\",\"url\":\"https:\\\/\\\/www.cortecarezzabella.com\\\/de\\\/\",\"logo\":{\"@type\":\"ImageObject\",\"inLanguage\":\"de-DE\",\"@id\":\"https:\\\/\\\/www.cortecarezzabella.com\\\/de\\\/#\\\/schema\\\/logo\\\/image\\\/\",\"url\":\"https:\\\/\\\/www.cortecarezzabella.com\\\/wp-content\\\/uploads\\\/2020\\\/03\\\/LOGO_laBottega-posta-elttr-piccola.jpg\",\"contentUrl\":\"https:\\\/\\\/www.cortecarezzabella.com\\\/wp-content\\\/uploads\\\/2020\\\/03\\\/LOGO_laBottega-posta-elttr-piccola.jpg\",\"width\":160,\"height\":115,\"caption\":\"IL FRUTTETO DI SAN MARTINO S.S.\"},\"image\":{\"@id\":\"https:\\\/\\\/www.cortecarezzabella.com\\\/de\\\/#\\\/schema\\\/logo\\\/image\\\/\"}}]}<\/script>\n<!-- \/ Yoast SEO plugin. -->","yoast_head_json":{"title":"Urlaub am Bauernhof in Italien","robots":{"index":"index","follow":"follow","max-snippet":"max-snippet:-1","max-image-preview":"max-image-preview:large","max-video-preview":"max-video-preview:-1"},"canonical":"https:\/\/www.cortecarezzabella.com\/de\/urlaub-am-bauernhof\/","og_locale":"de_DE","og_type":"article","og_title":"Urlaub am Bauernhof in Italien","og_description":"Willkommen in unserem Agriturismo Am Fu\u00dfe des Gebirges liegt das ruhige Agriturismo Corte Carezzabella in der Venetien, inmitten der ruhigen Landschaft zwischen Venedig, Padua, Verona, Ferrara und Rovigo. Der Tourismusbereich ist nur eine Facette des alten Hofes, der in den fr\u00fchen Jahren des 19. Jahrhunderts gegr\u00fcndet wurde. Auch heute werden noch Fr\u00fcchte und Gem\u00fcse produziert [&hellip;]","og_url":"https:\/\/www.cortecarezzabella.com\/de\/urlaub-am-bauernhof\/","og_site_name":"Corte Carezzabella","article_modified_time":"2021-03-15T11:28:49+00:00","og_image":[{"url":"https:\/\/www.cortecarezzabella.com\/wp-content\/uploads\/2021\/03\/Dji-0007-2-1-934x700.jpg","type":"","width":"","height":""}],"twitter_card":"summary_large_image","twitter_misc":{"Est. reading time":"2 minutes"},"schema":{"@context":"https:\/\/schema.org","@graph":[{"@type":"WebPage","@id":"https:\/\/www.cortecarezzabella.com\/de\/urlaub-am-bauernhof\/","url":"https:\/\/www.cortecarezzabella.com\/de\/urlaub-am-bauernhof\/","name":"Urlaub am Bauernhof in Italien","isPartOf":{"@id":"https:\/\/www.cortecarezzabella.com\/de\/#website"},"primaryImageOfPage":{"@id":"https:\/\/www.cortecarezzabella.com\/de\/urlaub-am-bauernhof\/#primaryimage"},"image":{"@id":"https:\/\/www.cortecarezzabella.com\/de\/urlaub-am-bauernhof\/#primaryimage"},"thumbnailUrl":"https:\/\/www.cortecarezzabella.com\/wp-content\/uploads\/2021\/03\/Dji-0007-2-1-934x700.jpg","datePublished":"2017-05-12T15:48:55+00:00","dateModified":"2021-03-15T11:28:49+00:00","breadcrumb":{"@id":"https:\/\/www.cortecarezzabella.com\/de\/urlaub-am-bauernhof\/#breadcrumb"},"inLanguage":"de-DE","potentialAction":[{"@type":"ReadAction","target":["https:\/\/www.cortecarezzabella.com\/de\/urlaub-am-bauernhof\/"]}]},{"@type":"ImageObject","inLanguage":"de-DE","@id":"https:\/\/www.cortecarezzabella.com\/de\/urlaub-am-bauernhof\/#primaryimage","url":"https:\/\/www.cortecarezzabella.com\/wp-content\/uploads\/2021\/03\/Dji-0007-2-1-934x700.jpg","contentUrl":"https:\/\/www.cortecarezzabella.com\/wp-content\/uploads\/2021\/03\/Dji-0007-2-1-934x700.jpg"},{"@type":"BreadcrumbList","@id":"https:\/\/www.cortecarezzabella.com\/de\/urlaub-am-bauernhof\/#breadcrumb","itemListElement":[{"@type":"ListItem","position":1,"name":"Home","item":"https:\/\/www.cortecarezzabella.com\/de\/"},{"@type":"ListItem","position":2,"name":"Urlaub am Bauernhof"}]},{"@type":"WebSite","@id":"https:\/\/www.cortecarezzabella.com\/de\/#website","url":"https:\/\/www.cortecarezzabella.com\/de\/","name":"Corte Carezzabella","description":"Agriturismo Corte Carezzabella","publisher":{"@id":"https:\/\/www.cortecarezzabella.com\/de\/#organization"},"potentialAction":[{"@type":"SearchAction","target":{"@type":"EntryPoint","urlTemplate":"https:\/\/www.cortecarezzabella.com\/de\/?s={search_term_string}"},"query-input":{"@type":"PropertyValueSpecification","valueRequired":true,"valueName":"search_term_string"}}],"inLanguage":"de-DE"},{"@type":"Organization","@id":"https:\/\/www.cortecarezzabella.com\/de\/#organization","name":"IL FRUTTETO DI SAN MARTINO S.S.","url":"https:\/\/www.cortecarezzabella.com\/de\/","logo":{"@type":"ImageObject","inLanguage":"de-DE","@id":"https:\/\/www.cortecarezzabella.com\/de\/#\/schema\/logo\/image\/","url":"https:\/\/www.cortecarezzabella.com\/wp-content\/uploads\/2020\/03\/LOGO_laBottega-posta-elttr-piccola.jpg","contentUrl":"https:\/\/www.cortecarezzabella.com\/wp-content\/uploads\/2020\/03\/LOGO_laBottega-posta-elttr-piccola.jpg","width":160,"height":115,"caption":"IL FRUTTETO DI SAN MARTINO S.S."},"image":{"@id":"https:\/\/www.cortecarezzabella.com\/de\/#\/schema\/logo\/image\/"}}]}},"_links":{"self":[{"href":"https:\/\/www.cortecarezzabella.com\/de\/wp-json\/wp\/v2\/pages\/339","targetHints":{"allow":["GET"]}}],"collection":[{"href":"https:\/\/www.cortecarezzabella.com\/de\/wp-json\/wp\/v2\/pages"}],"about":[{"href":"https:\/\/www.cortecarezzabella.com\/de\/wp-json\/wp\/v2\/types\/page"}],"author":[{"embeddable":true,"href":"https:\/\/www.cortecarezzabella.com\/de\/wp-json\/wp\/v2\/users\/2"}],"replies":[{"embeddable":true,"href":"https:\/\/www.cortecarezzabella.com\/de\/wp-json\/wp\/v2\/comments?post=339"}],"version-history":[{"count":3,"href":"https:\/\/www.cortecarezzabella.com\/de\/wp-json\/wp\/v2\/pages\/339\/revisions"}],"predecessor-version":[{"id":10396,"href":"https:\/\/www.cortecarezzabella.com\/de\/wp-json\/wp\/v2\/pages\/339\/revisions\/10396"}],"wp:attachment":[{"href":"https:\/\/www.cortecarezzabella.com\/de\/wp-json\/wp\/v2\/media?parent=339"}],"curies":[{"name":"wp","href":"https:\/\/api.w.org\/{rel}","templated":true}]}}