{"id":326,"date":"2017-05-12T16:55:40","date_gmt":"2017-05-12T14:55:40","guid":{"rendered":"https:\/\/www.cortecarezzabella.com\/?page_id=326\/"},"modified":"2019-02-28T14:47:20","modified_gmt":"2019-02-28T13:47:20","slug":"dettagli-prezzi-appartamenti-2","status":"publish","type":"page","link":"https:\/\/www.cortecarezzabella.com\/de\/dettagli-prezzi-appartamenti-2\/","title":{"rendered":"Ferienwohnungen"},"content":{"rendered":"<h1>-Unsere Ferienwohnungen-<\/h1>\n<p><strong><span lang=\"DE\">Einzimmerwohnung auf zwei Etagen<\/span><\/strong><span lang=\"DE\">\/ 2-3 Personen<\/span><\/p>\n<p><span lang=\"DE\">Die kleine Ferienwohnung erstreckt sich, wie die oben beschriebene Suite, \u00fcber zwei Etagen. Auf der Mansarde unter dem Dach befindet sich der Schlafbereich. Der untere Wohnbereich ist durch eine Kochecke erweitert. In der kleinen K\u00fcche gibt es zwei elektrische Herdplatten, einen kleinen Ofen, einen K\u00fchlschrank und ein Waschbecken. Geschirr und weitere K\u00fcchenutensilien sind vorhanden.<\/span><\/p>\n<p><span style=\"font-family: georgia,palatino,serif; font-size: 16px;\"><strong><span lang=\"DE\" style=\"color: black;\">Familienwohnung auf zwei Etagen\/ <\/span><\/strong><span lang=\"DE\" style=\"color: black;\">bis 5 Personen<\/span><\/span><\/p>\n<p><span lang=\"DE\" style=\"color: black; font-family: georgia,palatino,serif; font-size: 16px;\">Ideal f\u00fcr Familien, die zusammen ein Apartement beziehen m\u00f6chten, jedoch separate Schlafzimmer bevorzugen. Diese Unterbringung besteht aus zwei Zimmern, wobei jedes zus\u00e4tzlich \u00fcber eine kleine Etage auf dem Dachboden verf\u00fcgt. Auf der Mansarde befinden sich die Schlafm\u00f6glichkeiten. Auf der unteren Etage des Eingangsbereichs ist ein kleiner Aufenthaltsraum. Zus\u00e4tzlich gibt es eine Kochnische.<\/span><\/p>\n<p><span lang=\"DE\" style=\"color: black; font-family: georgia,palatino,serif; font-size: 16px;\">Das Apartement ist mit zwei Badezimmern sowie einer unabh\u00e4ngigen Heizung\/Klimaanlage ausgestattet. In einem Zimmer ist es m\u00f6glich ein f\u00fcnftes Bett hinzuzustellen.<\/span><\/p>\n\n\t\t<style type=\"text\/css\">\n\t\t\t#gallery-1 {\n\t\t\t\tmargin: auto;\n\t\t\t}\n\t\t\t#gallery-1 .gallery-item {\n\t\t\t\tfloat: left;\n\t\t\t\tmargin-top: 10px;\n\t\t\t\ttext-align: center;\n\t\t\t\twidth: 33%;\n\t\t\t}\n\t\t\t#gallery-1 img {\n\t\t\t\tborder: 2px solid #cfcfcf;\n\t\t\t}\n\t\t\t#gallery-1 .gallery-caption {\n\t\t\t\tmargin-left: 0;\n\t\t\t}\n\t\t\t\/* see gallery_shortcode() in wp-includes\/media.php *\/\n\t\t<\/style>\n\t\t<div id='gallery-1' class='gallery galleryid-326 gallery-columns-3 gallery-size-medium'><dl class='gallery-item'>\n\t\t\t<dt class='gallery-icon landscape'>\n\t\t\t\t<a href='https:\/\/www.cortecarezzabella.com\/wp-content\/uploads\/2017\/05\/IMG_2044-e1495527749178.jpg' title=\"\" data-rl_title=\"\" class=\"rl-gallery-link\" data-rl_caption=\"\" data-rel=\"lightbox-gallery-1\"><img loading=\"lazy\" decoding=\"async\" width=\"641\" height=\"480\" src=\"https:\/\/www.cortecarezzabella.com\/wp-content\/uploads\/2017\/05\/IMG_2044-641x480.jpg\" class=\"attachment-medium size-medium\" alt=\"\" srcset=\"https:\/\/www.cortecarezzabella.com\/wp-content\/uploads\/2017\/05\/IMG_2044-641x480.jpg 641w, https:\/\/www.cortecarezzabella.com\/wp-content\/uploads\/2017\/05\/IMG_2044-e1495527749178-500x374.jpg 500w, https:\/\/www.cortecarezzabella.com\/wp-content\/uploads\/2017\/05\/IMG_2044-768x575.jpg 768w, https:\/\/www.cortecarezzabella.com\/wp-content\/uploads\/2017\/05\/IMG_2044-935x700.jpg 935w, https:\/\/www.cortecarezzabella.com\/wp-content\/uploads\/2017\/05\/IMG_2044-e1495527749178.jpg 622w\" sizes=\"auto, (max-width: 641px) 100vw, 641px\" \/><\/a>\n\t\t\t<\/dt><\/dl><dl class='gallery-item'>\n\t\t\t<dt class='gallery-icon landscape'>\n\t\t\t\t<a href='https:\/\/www.cortecarezzabella.com\/wp-content\/uploads\/2017\/05\/IMG_2165-scaled.jpg' title=\"\" data-rl_title=\"\" class=\"rl-gallery-link\" data-rl_caption=\"\" data-rel=\"lightbox-gallery-1\"><img loading=\"lazy\" decoding=\"async\" width=\"700\" height=\"467\" src=\"https:\/\/www.cortecarezzabella.com\/wp-content\/uploads\/2017\/05\/IMG_2165-700x467.jpg\" class=\"attachment-medium size-medium\" alt=\"\" srcset=\"https:\/\/www.cortecarezzabella.com\/wp-content\/uploads\/2017\/05\/IMG_2165-700x467.jpg 700w, https:\/\/www.cortecarezzabella.com\/wp-content\/uploads\/2017\/05\/IMG_2165-scaled-500x333.jpg 500w, https:\/\/www.cortecarezzabella.com\/wp-content\/uploads\/2017\/05\/IMG_2165-768x512.jpg 768w, https:\/\/www.cortecarezzabella.com\/wp-content\/uploads\/2017\/05\/IMG_2165-1024x683.jpg 1024w\" sizes=\"auto, (max-width: 700px) 100vw, 700px\" \/><\/a>\n\t\t\t<\/dt><\/dl><dl class='gallery-item'>\n\t\t\t<dt class='gallery-icon landscape'>\n\t\t\t\t<a href='https:\/\/www.cortecarezzabella.com\/wp-content\/uploads\/2017\/05\/IMG_2171-scaled.jpg' title=\"\" data-rl_title=\"\" class=\"rl-gallery-link\" data-rl_caption=\"\" data-rel=\"lightbox-gallery-1\"><img loading=\"lazy\" decoding=\"async\" width=\"700\" height=\"467\" src=\"https:\/\/www.cortecarezzabella.com\/wp-content\/uploads\/2017\/05\/IMG_2171-700x467.jpg\" class=\"attachment-medium size-medium\" alt=\"\" srcset=\"https:\/\/www.cortecarezzabella.com\/wp-content\/uploads\/2017\/05\/IMG_2171-700x467.jpg 700w, https:\/\/www.cortecarezzabella.com\/wp-content\/uploads\/2017\/05\/IMG_2171-scaled-500x333.jpg 500w, https:\/\/www.cortecarezzabella.com\/wp-content\/uploads\/2017\/05\/IMG_2171-768x512.jpg 768w, https:\/\/www.cortecarezzabella.com\/wp-content\/uploads\/2017\/05\/IMG_2171-1024x683.jpg 1024w\" sizes=\"auto, (max-width: 700px) 100vw, 700px\" \/><\/a>\n\t\t\t<\/dt><\/dl><br style=\"clear: both\" \/><dl class='gallery-item'>\n\t\t\t<dt class='gallery-icon landscape'>\n\t\t\t\t<a href='https:\/\/www.cortecarezzabella.com\/wp-content\/uploads\/2017\/05\/appartment-with-kitchenette.jpg' title=\"\" data-rl_title=\"\" class=\"rl-gallery-link\" data-rl_caption=\"\" data-rel=\"lightbox-gallery-1\"><img loading=\"lazy\" decoding=\"async\" width=\"700\" height=\"465\" src=\"https:\/\/www.cortecarezzabella.com\/wp-content\/uploads\/2017\/05\/appartment-with-kitchenette-700x465.jpg\" class=\"attachment-medium size-medium\" alt=\"\" srcset=\"https:\/\/www.cortecarezzabella.com\/wp-content\/uploads\/2017\/05\/appartment-with-kitchenette.jpg 700w, https:\/\/www.cortecarezzabella.com\/wp-content\/uploads\/2017\/05\/appartment-with-kitchenette-500x332.jpg 500w\" sizes=\"auto, (max-width: 700px) 100vw, 700px\" \/><\/a>\n\t\t\t<\/dt><\/dl><dl class='gallery-item'>\n\t\t\t<dt class='gallery-icon landscape'>\n\t\t\t\t<a href='https:\/\/www.cortecarezzabella.com\/wp-content\/uploads\/2017\/05\/bedroom-downstairs.jpg' title=\"\" data-rl_title=\"\" class=\"rl-gallery-link\" data-rl_caption=\"\" data-rel=\"lightbox-gallery-1\"><img loading=\"lazy\" decoding=\"async\" width=\"700\" height=\"465\" src=\"https:\/\/www.cortecarezzabella.com\/wp-content\/uploads\/2017\/05\/bedroom-downstairs-700x465.jpg\" class=\"attachment-medium size-medium\" alt=\"\" srcset=\"https:\/\/www.cortecarezzabella.com\/wp-content\/uploads\/2017\/05\/bedroom-downstairs.jpg 700w, https:\/\/www.cortecarezzabella.com\/wp-content\/uploads\/2017\/05\/bedroom-downstairs-500x332.jpg 500w\" sizes=\"auto, (max-width: 700px) 100vw, 700px\" \/><\/a>\n\t\t\t<\/dt><\/dl><dl class='gallery-item'>\n\t\t\t<dt class='gallery-icon landscape'>\n\t\t\t\t<a href='https:\/\/www.cortecarezzabella.com\/wp-content\/uploads\/2017\/05\/IMG_2114-scaled.jpg' title=\"\" data-rl_title=\"\" class=\"rl-gallery-link\" data-rl_caption=\"\" data-rel=\"lightbox-gallery-1\"><img loading=\"lazy\" decoding=\"async\" width=\"689\" height=\"480\" src=\"https:\/\/www.cortecarezzabella.com\/wp-content\/uploads\/2017\/05\/IMG_2114-689x480.jpg\" class=\"attachment-medium size-medium\" alt=\"\" srcset=\"https:\/\/www.cortecarezzabella.com\/wp-content\/uploads\/2017\/05\/IMG_2114-689x480.jpg 689w, https:\/\/www.cortecarezzabella.com\/wp-content\/uploads\/2017\/05\/IMG_2114-scaled-500x348.jpg 500w, https:\/\/www.cortecarezzabella.com\/wp-content\/uploads\/2017\/05\/IMG_2114-768x535.jpg 768w, https:\/\/www.cortecarezzabella.com\/wp-content\/uploads\/2017\/05\/IMG_2114-1004x700.jpg 1004w\" sizes=\"auto, (max-width: 689px) 100vw, 689px\" \/><\/a>\n\t\t\t<\/dt><\/dl><br style=\"clear: both\" \/><dl class='gallery-item'>\n\t\t\t<dt class='gallery-icon landscape'>\n\t\t\t\t<a href='https:\/\/www.cortecarezzabella.com\/wp-content\/uploads\/2017\/05\/IMG_2101-scaled.jpg' title=\"\" data-rl_title=\"\" class=\"rl-gallery-link\" data-rl_caption=\"\" data-rel=\"lightbox-gallery-1\"><img loading=\"lazy\" decoding=\"async\" width=\"700\" height=\"467\" src=\"https:\/\/www.cortecarezzabella.com\/wp-content\/uploads\/2017\/05\/IMG_2101-700x467.jpg\" class=\"attachment-medium size-medium\" alt=\"\" srcset=\"https:\/\/www.cortecarezzabella.com\/wp-content\/uploads\/2017\/05\/IMG_2101-700x467.jpg 700w, https:\/\/www.cortecarezzabella.com\/wp-content\/uploads\/2017\/05\/IMG_2101-scaled-500x333.jpg 500w, https:\/\/www.cortecarezzabella.com\/wp-content\/uploads\/2017\/05\/IMG_2101-768x512.jpg 768w, https:\/\/www.cortecarezzabella.com\/wp-content\/uploads\/2017\/05\/IMG_2101-1024x683.jpg 1024w\" sizes=\"auto, (max-width: 700px) 100vw, 700px\" \/><\/a>\n\t\t\t<\/dt><\/dl><dl class='gallery-item'>\n\t\t\t<dt class='gallery-icon landscape'>\n\t\t\t\t<a href='https:\/\/www.cortecarezzabella.com\/wp-content\/uploads\/2017\/05\/IMG_2139-scaled.jpg' title=\"\" data-rl_title=\"\" class=\"rl-gallery-link\" data-rl_caption=\"\" data-rel=\"lightbox-gallery-1\"><img loading=\"lazy\" decoding=\"async\" width=\"700\" height=\"467\" src=\"https:\/\/www.cortecarezzabella.com\/wp-content\/uploads\/2017\/05\/IMG_2139-700x467.jpg\" class=\"attachment-medium size-medium\" alt=\"\" srcset=\"https:\/\/www.cortecarezzabella.com\/wp-content\/uploads\/2017\/05\/IMG_2139-700x467.jpg 700w, https:\/\/www.cortecarezzabella.com\/wp-content\/uploads\/2017\/05\/IMG_2139-scaled-500x333.jpg 500w, https:\/\/www.cortecarezzabella.com\/wp-content\/uploads\/2017\/05\/IMG_2139-768x512.jpg 768w, https:\/\/www.cortecarezzabella.com\/wp-content\/uploads\/2017\/05\/IMG_2139-1024x683.jpg 1024w\" sizes=\"auto, (max-width: 700px) 100vw, 700px\" \/><\/a>\n\t\t\t<\/dt><\/dl><dl class='gallery-item'>\n\t\t\t<dt class='gallery-icon landscape'>\n\t\t\t\t<a href='https:\/\/www.cortecarezzabella.com\/wp-content\/uploads\/2017\/05\/bedroom-upstairs.jpg' title=\"\" data-rl_title=\"\" class=\"rl-gallery-link\" data-rl_caption=\"\" data-rel=\"lightbox-gallery-1\"><img loading=\"lazy\" decoding=\"async\" width=\"700\" height=\"465\" src=\"https:\/\/www.cortecarezzabella.com\/wp-content\/uploads\/2017\/05\/bedroom-upstairs-700x465.jpg\" class=\"attachment-medium size-medium\" alt=\"\" aria-describedby=\"gallery-1-5529\" srcset=\"https:\/\/www.cortecarezzabella.com\/wp-content\/uploads\/2017\/05\/bedroom-upstairs.jpg 700w, https:\/\/www.cortecarezzabella.com\/wp-content\/uploads\/2017\/05\/bedroom-upstairs-500x332.jpg 500w\" sizes=\"auto, (max-width: 700px) 100vw, 700px\" \/><\/a>\n\t\t\t<\/dt>\n\t\t\t\t<dd class='wp-caption-text gallery-caption' id='gallery-1-5529'>\n\t\t\t\tSoppalco camera monolocale suite\n\t\t\t\t<\/dd><\/dl><br style=\"clear: both\" \/>\n\t\t<\/div>\n\n","protected":false},"excerpt":{"rendered":"<p>-Unsere Ferienwohnungen- Einzimmerwohnung auf zwei Etagen\/ 2-3 Personen Die kleine Ferienwohnung erstreckt sich, wie die oben beschriebene Suite, \u00fcber zwei Etagen. Auf der Mansarde unter dem Dach befindet sich der Schlafbereich. Der untere Wohnbereich ist durch eine Kochecke erweitert. In der kleinen K\u00fcche gibt es zwei elektrische Herdplatten, einen kleinen Ofen, einen K\u00fchlschrank und ein [&hellip;]<\/p>\n","protected":false},"author":2,"featured_media":0,"parent":0,"menu_order":0,"comment_status":"closed","ping_status":"closed","template":"page-ospitalita.php","meta":{"_acf_changed":false,"ngg_post_thumbnail":0,"footnotes":""},"class_list":["post-326","page","type-page","status-publish","hentry"],"acf":[],"yoast_head":"<!-- This site is optimized with the Yoast SEO plugin v27.5 - https:\/\/yoast.com\/product\/yoast-seo-wordpress\/ -->\n<title>Appartements Agriturismo Corte Carezzabella<\/title>\n<meta name=\"description\" content=\"Appartements voor 2 tot 5 personen met airco en zwembad, in de buurt van Venetie, Verona, Padova en de Zee in het Noord-Oost van Italie\" \/>\n<meta name=\"robots\" content=\"index, follow, max-snippet:-1, max-image-preview:large, max-video-preview:-1\" \/>\n<link rel=\"canonical\" href=\"https:\/\/www.cortecarezzabella.com\/de\/dettagli-prezzi-appartamenti-2\/\" \/>\n<meta property=\"og:locale\" content=\"de_DE\" \/>\n<meta property=\"og:type\" content=\"article\" \/>\n<meta property=\"og:title\" content=\"Appartements Agriturismo Corte Carezzabella\" \/>\n<meta property=\"og:description\" content=\"Appartements voor 2 tot 5 personen met airco en zwembad, in de buurt van Venetie, Verona, Padova en de Zee in het Noord-Oost van Italie\" \/>\n<meta property=\"og:url\" content=\"https:\/\/www.cortecarezzabella.com\/de\/dettagli-prezzi-appartamenti-2\/\" \/>\n<meta property=\"og:site_name\" content=\"Corte Carezzabella\" \/>\n<meta property=\"article:modified_time\" content=\"2019-02-28T13:47:20+00:00\" \/>\n<meta property=\"og:image\" content=\"https:\/\/www.cortecarezzabella.com\/wp-content\/uploads\/2017\/05\/IMG_2044-641x480.jpg\" \/>\n<meta name=\"twitter:card\" content=\"summary_large_image\" \/>\n<meta name=\"twitter:label1\" content=\"Est. reading time\" \/>\n\t<meta name=\"twitter:data1\" content=\"1 minute\" \/>\n<script type=\"application\/ld+json\" class=\"yoast-schema-graph\">{\"@context\":\"https:\\\/\\\/schema.org\",\"@graph\":[{\"@type\":\"WebPage\",\"@id\":\"https:\\\/\\\/www.cortecarezzabella.com\\\/de\\\/dettagli-prezzi-appartamenti-2\\\/\",\"url\":\"https:\\\/\\\/www.cortecarezzabella.com\\\/de\\\/dettagli-prezzi-appartamenti-2\\\/\",\"name\":\"Appartements Agriturismo Corte Carezzabella\",\"isPartOf\":{\"@id\":\"https:\\\/\\\/www.cortecarezzabella.com\\\/de\\\/#website\"},\"datePublished\":\"2017-05-12T14:55:40+00:00\",\"dateModified\":\"2019-02-28T13:47:20+00:00\",\"description\":\"Appartements voor 2 tot 5 personen met airco en zwembad, in de buurt van Venetie, Verona, Padova en de Zee in het Noord-Oost van Italie\",\"breadcrumb\":{\"@id\":\"https:\\\/\\\/www.cortecarezzabella.com\\\/de\\\/dettagli-prezzi-appartamenti-2\\\/#breadcrumb\"},\"inLanguage\":\"de-DE\",\"potentialAction\":[{\"@type\":\"ReadAction\",\"target\":[\"https:\\\/\\\/www.cortecarezzabella.com\\\/de\\\/dettagli-prezzi-appartamenti-2\\\/\"]}]},{\"@type\":\"BreadcrumbList\",\"@id\":\"https:\\\/\\\/www.cortecarezzabella.com\\\/de\\\/dettagli-prezzi-appartamenti-2\\\/#breadcrumb\",\"itemListElement\":[{\"@type\":\"ListItem\",\"position\":1,\"name\":\"Home\",\"item\":\"https:\\\/\\\/www.cortecarezzabella.com\\\/de\\\/\"},{\"@type\":\"ListItem\",\"position\":2,\"name\":\"Ferienwohnungen\"}]},{\"@type\":\"WebSite\",\"@id\":\"https:\\\/\\\/www.cortecarezzabella.com\\\/de\\\/#website\",\"url\":\"https:\\\/\\\/www.cortecarezzabella.com\\\/de\\\/\",\"name\":\"Corte Carezzabella\",\"description\":\"Agriturismo Corte Carezzabella\",\"publisher\":{\"@id\":\"https:\\\/\\\/www.cortecarezzabella.com\\\/de\\\/#organization\"},\"potentialAction\":[{\"@type\":\"SearchAction\",\"target\":{\"@type\":\"EntryPoint\",\"urlTemplate\":\"https:\\\/\\\/www.cortecarezzabella.com\\\/de\\\/?s={search_term_string}\"},\"query-input\":{\"@type\":\"PropertyValueSpecification\",\"valueRequired\":true,\"valueName\":\"search_term_string\"}}],\"inLanguage\":\"de-DE\"},{\"@type\":\"Organization\",\"@id\":\"https:\\\/\\\/www.cortecarezzabella.com\\\/de\\\/#organization\",\"name\":\"IL FRUTTETO DI SAN MARTINO S.S.\",\"url\":\"https:\\\/\\\/www.cortecarezzabella.com\\\/de\\\/\",\"logo\":{\"@type\":\"ImageObject\",\"inLanguage\":\"de-DE\",\"@id\":\"https:\\\/\\\/www.cortecarezzabella.com\\\/de\\\/#\\\/schema\\\/logo\\\/image\\\/\",\"url\":\"https:\\\/\\\/www.cortecarezzabella.com\\\/wp-content\\\/uploads\\\/2020\\\/03\\\/LOGO_laBottega-posta-elttr-piccola.jpg\",\"contentUrl\":\"https:\\\/\\\/www.cortecarezzabella.com\\\/wp-content\\\/uploads\\\/2020\\\/03\\\/LOGO_laBottega-posta-elttr-piccola.jpg\",\"width\":160,\"height\":115,\"caption\":\"IL FRUTTETO DI SAN MARTINO S.S.\"},\"image\":{\"@id\":\"https:\\\/\\\/www.cortecarezzabella.com\\\/de\\\/#\\\/schema\\\/logo\\\/image\\\/\"}}]}<\/script>\n<!-- \/ Yoast SEO plugin. -->","yoast_head_json":{"title":"Appartements Agriturismo Corte Carezzabella","description":"Appartements voor 2 tot 5 personen met airco en zwembad, in de buurt van Venetie, Verona, Padova en de Zee in het Noord-Oost van Italie","robots":{"index":"index","follow":"follow","max-snippet":"max-snippet:-1","max-image-preview":"max-image-preview:large","max-video-preview":"max-video-preview:-1"},"canonical":"https:\/\/www.cortecarezzabella.com\/de\/dettagli-prezzi-appartamenti-2\/","og_locale":"de_DE","og_type":"article","og_title":"Appartements Agriturismo Corte Carezzabella","og_description":"Appartements voor 2 tot 5 personen met airco en zwembad, in de buurt van Venetie, Verona, Padova en de Zee in het Noord-Oost van Italie","og_url":"https:\/\/www.cortecarezzabella.com\/de\/dettagli-prezzi-appartamenti-2\/","og_site_name":"Corte Carezzabella","article_modified_time":"2019-02-28T13:47:20+00:00","og_image":[{"url":"https:\/\/www.cortecarezzabella.com\/wp-content\/uploads\/2017\/05\/IMG_2044-641x480.jpg","type":"","width":"","height":""}],"twitter_card":"summary_large_image","twitter_misc":{"Est. reading time":"1 minute"},"schema":{"@context":"https:\/\/schema.org","@graph":[{"@type":"WebPage","@id":"https:\/\/www.cortecarezzabella.com\/de\/dettagli-prezzi-appartamenti-2\/","url":"https:\/\/www.cortecarezzabella.com\/de\/dettagli-prezzi-appartamenti-2\/","name":"Appartements Agriturismo Corte Carezzabella","isPartOf":{"@id":"https:\/\/www.cortecarezzabella.com\/de\/#website"},"datePublished":"2017-05-12T14:55:40+00:00","dateModified":"2019-02-28T13:47:20+00:00","description":"Appartements voor 2 tot 5 personen met airco en zwembad, in de buurt van Venetie, Verona, Padova en de Zee in het Noord-Oost van Italie","breadcrumb":{"@id":"https:\/\/www.cortecarezzabella.com\/de\/dettagli-prezzi-appartamenti-2\/#breadcrumb"},"inLanguage":"de-DE","potentialAction":[{"@type":"ReadAction","target":["https:\/\/www.cortecarezzabella.com\/de\/dettagli-prezzi-appartamenti-2\/"]}]},{"@type":"BreadcrumbList","@id":"https:\/\/www.cortecarezzabella.com\/de\/dettagli-prezzi-appartamenti-2\/#breadcrumb","itemListElement":[{"@type":"ListItem","position":1,"name":"Home","item":"https:\/\/www.cortecarezzabella.com\/de\/"},{"@type":"ListItem","position":2,"name":"Ferienwohnungen"}]},{"@type":"WebSite","@id":"https:\/\/www.cortecarezzabella.com\/de\/#website","url":"https:\/\/www.cortecarezzabella.com\/de\/","name":"Corte Carezzabella","description":"Agriturismo Corte Carezzabella","publisher":{"@id":"https:\/\/www.cortecarezzabella.com\/de\/#organization"},"potentialAction":[{"@type":"SearchAction","target":{"@type":"EntryPoint","urlTemplate":"https:\/\/www.cortecarezzabella.com\/de\/?s={search_term_string}"},"query-input":{"@type":"PropertyValueSpecification","valueRequired":true,"valueName":"search_term_string"}}],"inLanguage":"de-DE"},{"@type":"Organization","@id":"https:\/\/www.cortecarezzabella.com\/de\/#organization","name":"IL FRUTTETO DI SAN MARTINO S.S.","url":"https:\/\/www.cortecarezzabella.com\/de\/","logo":{"@type":"ImageObject","inLanguage":"de-DE","@id":"https:\/\/www.cortecarezzabella.com\/de\/#\/schema\/logo\/image\/","url":"https:\/\/www.cortecarezzabella.com\/wp-content\/uploads\/2020\/03\/LOGO_laBottega-posta-elttr-piccola.jpg","contentUrl":"https:\/\/www.cortecarezzabella.com\/wp-content\/uploads\/2020\/03\/LOGO_laBottega-posta-elttr-piccola.jpg","width":160,"height":115,"caption":"IL FRUTTETO DI SAN MARTINO S.S."},"image":{"@id":"https:\/\/www.cortecarezzabella.com\/de\/#\/schema\/logo\/image\/"}}]}},"_links":{"self":[{"href":"https:\/\/www.cortecarezzabella.com\/de\/wp-json\/wp\/v2\/pages\/326","targetHints":{"allow":["GET"]}}],"collection":[{"href":"https:\/\/www.cortecarezzabella.com\/de\/wp-json\/wp\/v2\/pages"}],"about":[{"href":"https:\/\/www.cortecarezzabella.com\/de\/wp-json\/wp\/v2\/types\/page"}],"author":[{"embeddable":true,"href":"https:\/\/www.cortecarezzabella.com\/de\/wp-json\/wp\/v2\/users\/2"}],"replies":[{"embeddable":true,"href":"https:\/\/www.cortecarezzabella.com\/de\/wp-json\/wp\/v2\/comments?post=326"}],"version-history":[{"count":7,"href":"https:\/\/www.cortecarezzabella.com\/de\/wp-json\/wp\/v2\/pages\/326\/revisions"}],"predecessor-version":[{"id":3353,"href":"https:\/\/www.cortecarezzabella.com\/de\/wp-json\/wp\/v2\/pages\/326\/revisions\/3353"}],"wp:attachment":[{"href":"https:\/\/www.cortecarezzabella.com\/de\/wp-json\/wp\/v2\/media?parent=326"}],"curies":[{"name":"wp","href":"https:\/\/api.w.org\/{rel}","templated":true}]}}